{"id":61273,"date":"2022-10-09T15:43:40","date_gmt":"2022-10-09T15:43:40","guid":{"rendered":"https:\/\/www.idamargroup.com\/5-raisons-dinvestir-en-republique-dominicaine\/"},"modified":"2024-05-01T22:23:17","modified_gmt":"2024-05-01T22:23:17","slug":"5-raisons-dinvestir-en-republique-dominicaine","status":"publish","type":"page","link":"https:\/\/www.idamargroup.com\/fr\/5-raisons-dinvestir-en-republique-dominicaine\/","title":{"rendered":"5 raisons d&rsquo;investir en R\u00e9publique dominicaine"},"content":{"rendered":"\t\t<div data-elementor-type=\"wp-page\" data-elementor-id=\"61273\" class=\"elementor elementor-61273 elementor-3629\">\n\t\t\t\t\t\t<section class=\"elementor-section elementor-top-section elementor-element elementor-element-c757ede elementor-section-boxed elementor-section-height-default elementor-section-height-default wpr-particle-no wpr-jarallax-no wpr-parallax-no wpr-sticky-section-no\" data-id=\"c757ede\" data-element_type=\"section\">\n\t\t\t\t\t\t<div class=\"elementor-container elementor-column-gap-default\">\n\t\t\t\t\t<div class=\"elementor-column elementor-col-100 elementor-top-column elementor-element elementor-element-e2666f5\" data-id=\"e2666f5\" data-element_type=\"column\">\n\t\t\t<div class=\"elementor-widget-wrap elementor-element-populated\">\n\t\t\t\t\t\t<div class=\"elementor-element elementor-element-88a73ce wpr-main-menu-align-center wpr-pointer-none wpr-main-menu-align--tabletleft wpr-main-menu-align--mobileleft wpr-sub-icon-caret-down wpr-sub-menu-fx-fade wpr-nav-menu-bp-mobile wpr-mobile-menu-full-width wpr-mobile-menu-item-align-center wpr-mobile-toggle-v1 wpr-sub-divider-yes wpr-mobile-divider-yes elementor-widget elementor-widget-wpr-nav-menu\" data-id=\"88a73ce\" data-element_type=\"widget\" data-settings=\"{&quot;menu_layout&quot;:&quot;horizontal&quot;}\" data-widget_type=\"wpr-nav-menu.default\">\n\t\t\t\t<div class=\"elementor-widget-container\">\n\t\t\t\t\t<nav class=\"wpr-nav-menu-container wpr-nav-menu-horizontal\" data-trigger=\"hover\"><ul id=\"menu-1-88a73ce\" class=\"wpr-nav-menu\"><li class=\"menu-item menu-item-type-post_type menu-item-object-page menu-item-4035\"><a href=\"https:\/\/www.idamargroup.com\/5-reasons-investing-in-the-dominican-republic\/\" class=\"wpr-menu-item wpr-pointer-item\">5 raisons d&rsquo;investir en R\u00e9publique dominicaine<\/a><\/li>\n<li class=\"menu-item menu-item-type-post_type menu-item-object-page menu-item-4034\"><a href=\"https:\/\/www.idamargroup.com\/5-reasons-for-living-in-the-dominican-republic\/\" class=\"wpr-menu-item wpr-pointer-item\">5 raisons de vivre en R\u00e9publique dominicaine<\/a><\/li>\n<li class=\"menu-item menu-item-type-post_type menu-item-object-page menu-item-4033\"><a href=\"https:\/\/www.idamargroup.com\/5-reasons-for-collaboration-with-idamar\/\" class=\"wpr-menu-item wpr-pointer-item\">5 raisons de collaborer avec IDAMAR<\/a><\/li>\n<\/ul><\/nav><nav class=\"wpr-mobile-nav-menu-container\"><div class=\"wpr-mobile-toggle-wrap\"><div class=\"wpr-mobile-toggle\"><span class=\"wpr-mobile-toggle-line\"><\/span><span class=\"wpr-mobile-toggle-line\"><\/span><span class=\"wpr-mobile-toggle-line\"><\/span><\/div><\/div><ul id=\"mobile-menu-2-88a73ce\" class=\"wpr-mobile-nav-menu\"><li class=\"menu-item menu-item-type-post_type menu-item-object-page menu-item-4035\"><a href=\"https:\/\/www.idamargroup.com\/5-reasons-investing-in-the-dominican-republic\/\" class=\"wpr-mobile-menu-item\">5 raisons d&rsquo;investir en R\u00e9publique dominicaine<\/a><\/li>\n<li class=\"menu-item menu-item-type-post_type menu-item-object-page menu-item-4034\"><a href=\"https:\/\/www.idamargroup.com\/5-reasons-for-living-in-the-dominican-republic\/\" class=\"wpr-mobile-menu-item\">5 raisons de vivre en R\u00e9publique dominicaine<\/a><\/li>\n<li class=\"menu-item menu-item-type-post_type menu-item-object-page menu-item-4033\"><a href=\"https:\/\/www.idamargroup.com\/5-reasons-for-collaboration-with-idamar\/\" class=\"wpr-mobile-menu-item\">5 raisons de collaborer avec IDAMAR<\/a><\/li>\n<\/ul><\/nav>\t\t\t\t<\/div>\n\t\t\t\t<\/div>\n\t\t\t\t\t<\/div>\n\t\t<\/div>\n\t\t\t\t\t<\/div>\n\t\t<\/section>\n\t\t\t\t<section class=\"elementor-section elementor-top-section elementor-element elementor-element-e83284b elementor-section-content-top elementor-section-boxed elementor-section-height-default elementor-section-height-default wpr-particle-no wpr-jarallax-no wpr-parallax-no wpr-sticky-section-no\" data-id=\"e83284b\" data-element_type=\"section\">\n\t\t\t\t\t\t<div class=\"elementor-container elementor-column-gap-default\">\n\t\t\t\t\t<div class=\"elementor-column elementor-col-50 elementor-top-column elementor-element elementor-element-4f07b32\" data-id=\"4f07b32\" data-element_type=\"column\">\n\t\t\t<div class=\"elementor-widget-wrap elementor-element-populated\">\n\t\t\t\t\t\t<div class=\"elementor-element elementor-element-cc8f535 elementor-widget elementor-widget-heading\" data-id=\"cc8f535\" data-element_type=\"widget\" data-widget_type=\"heading.default\">\n\t\t\t\t<div class=\"elementor-widget-container\">\n\t\t\t\t\t<h4 class=\"elementor-heading-title elementor-size-default\">1. D\u00e9veloppement positif de l'\u00e9conomie dominicaine m\u00eame apr\u00e8s la pand\u00e9mie<\/h4>\t\t\t\t<\/div>\n\t\t\t\t<\/div>\n\t\t\t\t\t<\/div>\n\t\t<\/div>\n\t\t\t\t<div class=\"elementor-column elementor-col-50 elementor-top-column elementor-element elementor-element-9240258\" data-id=\"9240258\" data-element_type=\"column\">\n\t\t\t<div class=\"elementor-widget-wrap elementor-element-populated\">\n\t\t\t\t\t\t<div class=\"elementor-element elementor-element-a1c7198 elementor-widget elementor-widget-text-editor\" data-id=\"a1c7198\" data-element_type=\"widget\" data-widget_type=\"text-editor.default\">\n\t\t\t\t<div class=\"elementor-widget-container\">\n\t\t\t\t\t\t\t\t\t<figure id=\"attachment_3482\" aria-describedby=\"caption-attachment-3482\" style=\"width: 300px\" class=\"wp-caption alignright\"><img fetchpriority=\"high\" decoding=\"async\" class=\"wp-image-3482\" src=\"http:\/\/www.idamargroup.com\/wp-content\/uploads\/2022\/09\/BIP-Dominican-Republic_s-2-300x169.webp\" alt=\"Investir en R\u00e9publique dominicaine\" width=\"300\" height=\"169\" srcset=\"https:\/\/www.idamargroup.com\/wp-content\/uploads\/2022\/09\/BIP-Dominican-Republic_s-2-300x169.webp 300w, https:\/\/www.idamargroup.com\/wp-content\/uploads\/2022\/09\/BIP-Dominican-Republic_s-2-768x432.webp 768w, https:\/\/www.idamargroup.com\/wp-content\/uploads\/2022\/09\/BIP-Dominican-Republic_s-2-470x265.webp 470w, https:\/\/www.idamargroup.com\/wp-content\/uploads\/2022\/09\/BIP-Dominican-Republic_s-2.webp 1000w\" sizes=\"(max-width: 300px) 100vw, 300px\" \/><figcaption id=\"caption-attachment-3482\" class=\"wp-caption-text\">GPD R\u00e9publique dominicaine depuis 2002<\/figcaption><\/figure>\n<p>Investir en R\u00e9publique dominicaine est une id\u00e9e parfaite, car<em>\u00ab\u00a0la R\u00e9publique dominicaine est l&rsquo;une des \u00e9conomies \u00e0 la croissance la plus rapide d&rsquo;Am\u00e9rique latine<\/em>\u00a0\u00bb (source : <a href=\"https:\/\/www.giz.de\/de\/weltweit\/72073.html\" target=\"_blank\" rel=\"noopener\">Soci\u00e9t\u00e9 allemande pour la coop\u00e9ration internationale<\/a>).<span id='easy-footnote-1-61273' class='easy-footnote-margin-adjust'><\/span><span class='easy-footnote'><a href=\"https:\/\/www.idamargroup.com\/fr\/5-raisons-dinvestir-en-republique-dominicaine\/#easy-footnote-bottom-1-61273\" title=\"&lt;br \/&gt;\n  &lt;a href=&quot;https:\/\/www.giz.de\/de\/weltweit\/72073.html&quot; target=&quot;_blank&quot; rel=&quot;noreferrer noopener&quot;&gt;https:\/\/www.giz.de\/de\/weltweit\/72073.htm&lt;\/a&gt;&lt;br \/&gt;\n\"><sup>1<\/sup><\/a><\/span>. Cette situation, qui s&rsquo;explique notamment par une reprise extr\u00eamement rapide du tourisme avec de nouveaux records, offre des perspectives positives, contrairement \u00e0 l&rsquo;\u00e9volution actuelle en Europe. L&rsquo;Europe et surtout l&rsquo;Allemagne sont au centre de l&rsquo;\u00e9volution n\u00e9gative mondiale, ce qui n&rsquo;est pas le cas du DomRep. Cela offre un potentiel, en particulier pour ceux qui se d\u00e9cident rapidement, gr\u00e2ce \u00e0 l&rsquo;augmentation de la s\u00e9curit\u00e9 de planification qui en r\u00e9sulte.<\/p>\n<p>En outre, l&rsquo;\u00e9volution du dollar est plus stable que celle de l&rsquo;euro, qui est incertaine. La situation de l&rsquo;euro offre actuellement peu de perspectives positives. L&rsquo;\u00e9cart entre le dollar et l&rsquo;euro ne cesse de se creuser depuis pr\u00e8s de 15 mois. Dans le m\u00eame temps, le taux d&rsquo;inflation en Europe est actuellement de 9,1% en moyenne (source : Statista\/09.2022), tandis que celui des DomRep est de 8,76%, les pr\u00e9visions \u00e9tant \u00e0 nouveau \u00e0 la baisse. Pour en savoir plus sur l&rsquo;\u00e9conomie <a href=\"http:\/\/www.idamargroup.com\/economy\/\" data-type=\"page\" data-id=\"3478\">, cliquez ici<\/a>.<\/p>\n\t\t\t\t\t\t\t\t<\/div>\n\t\t\t\t<\/div>\n\t\t\t\t\t<\/div>\n\t\t<\/div>\n\t\t\t\t\t<\/div>\n\t\t<\/section>\n\t\t\t\t<section class=\"elementor-section elementor-top-section elementor-element elementor-element-0e700c0 elementor-section-content-top elementor-section-boxed elementor-section-height-default elementor-section-height-default wpr-particle-no wpr-jarallax-no wpr-parallax-no wpr-sticky-section-no\" data-id=\"0e700c0\" data-element_type=\"section\">\n\t\t\t\t\t\t<div class=\"elementor-container elementor-column-gap-default\">\n\t\t\t\t\t<div class=\"elementor-column elementor-col-50 elementor-top-column elementor-element elementor-element-f326f52\" data-id=\"f326f52\" data-element_type=\"column\">\n\t\t\t<div class=\"elementor-widget-wrap elementor-element-populated\">\n\t\t\t\t\t\t<div class=\"elementor-element elementor-element-e4967e6 elementor-widget elementor-widget-heading\" data-id=\"e4967e6\" data-element_type=\"widget\" data-widget_type=\"heading.default\">\n\t\t\t\t<div class=\"elementor-widget-container\">\n\t\t\t\t\t<h4 class=\"elementor-heading-title elementor-size-default\">2. Ind\u00e9pendance par rapport aux d\u00e9cisions europ\u00e9ennes<\/h4>\t\t\t\t<\/div>\n\t\t\t\t<\/div>\n\t\t\t\t\t<\/div>\n\t\t<\/div>\n\t\t\t\t<div class=\"elementor-column elementor-col-50 elementor-top-column elementor-element elementor-element-5fdeb6c\" data-id=\"5fdeb6c\" data-element_type=\"column\">\n\t\t\t<div class=\"elementor-widget-wrap elementor-element-populated\">\n\t\t\t\t\t\t<div class=\"elementor-element elementor-element-efda094 elementor-widget elementor-widget-text-editor\" data-id=\"efda094\" data-element_type=\"widget\" data-widget_type=\"text-editor.default\">\n\t\t\t\t<div class=\"elementor-widget-container\">\n\t\t\t\t\t\t\t\t\t<p><img decoding=\"async\" class=\"alignleft wp-image-3844\" src=\"http:\/\/www.idamargroup.com\/wp-content\/uploads\/2022\/10\/dominican-republic-eu-parliament.webp\" alt=\"Parlement europ\u00e9en  \" width=\"300\" height=\"177\" srcset=\"https:\/\/www.idamargroup.com\/wp-content\/uploads\/2022\/10\/dominican-republic-eu-parliament.webp 1000w, https:\/\/www.idamargroup.com\/wp-content\/uploads\/2022\/10\/dominican-republic-eu-parliament-300x177.webp 300w, https:\/\/www.idamargroup.com\/wp-content\/uploads\/2022\/10\/dominican-republic-eu-parliament-768x453.webp 768w, https:\/\/www.idamargroup.com\/wp-content\/uploads\/2022\/10\/dominican-republic-eu-parliament-470x277.webp 470w, https:\/\/www.idamargroup.com\/wp-content\/uploads\/2022\/10\/dominican-republic-eu-parliament-512x300.webp 512w\" sizes=\"(max-width: 300px) 100vw, 300px\" \/>Les pays de l&rsquo;UE perdront de plus en plus leur ind\u00e9pendance tant qu&rsquo;ils resteront dans l&rsquo;UE. Les d\u00e9veloppements actuels montrent de plus en plus une tendance \u00e0 ce que la l\u00e9gislation au niveau europ\u00e9en sp\u00e9cifie ce qui doit ensuite \u00eatre mis en \u0153uvre dans les pays. Par cons\u00e9quent, il ne s&rsquo;agit plus du bien-\u00eatre d&rsquo;un pays, mais du d\u00e9veloppement strat\u00e9gique de l&rsquo;Europe. On peut \u00e9galement observer que des pays comme l&rsquo;Allemagne, en particulier, souffriront sp\u00e9cifiquement de ces d\u00e9veloppements. Les DomRep offrent une excellente alternative \u00e0 cette ins\u00e9curit\u00e9, car ils affichent un d\u00e9veloppement qui contraste fortement avec l&rsquo;ins\u00e9curit\u00e9 europ\u00e9enne &#8211; baisse de la pauvret\u00e9, baisse de la violence et augmentation du PIB, ainsi que des investissements dans les infrastructures tels que l&rsquo;expansion massive du port de transbordement de Manzanillo. Qu&rsquo;il s&rsquo;agisse d&rsquo;une perspective \u00e0 court, moyen ou long terme, le DomRep obtient partout des r\u00e9sultats sup\u00e9rieurs \u00e0 la moyenne.<\/p>\n\t\t\t\t\t\t\t\t<\/div>\n\t\t\t\t<\/div>\n\t\t\t\t\t<\/div>\n\t\t<\/div>\n\t\t\t\t\t<\/div>\n\t\t<\/section>\n\t\t\t\t<section class=\"elementor-section elementor-top-section elementor-element elementor-element-d2d7922 elementor-section-content-top elementor-section-boxed elementor-section-height-default elementor-section-height-default wpr-particle-no wpr-jarallax-no wpr-parallax-no wpr-sticky-section-no\" data-id=\"d2d7922\" data-element_type=\"section\">\n\t\t\t\t\t\t<div class=\"elementor-container elementor-column-gap-default\">\n\t\t\t\t\t<div class=\"elementor-column elementor-col-50 elementor-top-column elementor-element elementor-element-0d59b25\" data-id=\"0d59b25\" data-element_type=\"column\">\n\t\t\t<div class=\"elementor-widget-wrap elementor-element-populated\">\n\t\t\t\t\t\t<div class=\"elementor-element elementor-element-506fbc1 elementor-widget elementor-widget-heading\" data-id=\"506fbc1\" data-element_type=\"widget\" data-widget_type=\"heading.default\">\n\t\t\t\t<div class=\"elementor-widget-container\">\n\t\t\t\t\t<h4 class=\"elementor-heading-title elementor-size-default\">3. Moins d'impact de la crise \u00e9nerg\u00e9tique europ\u00e9enne<\/h4>\t\t\t\t<\/div>\n\t\t\t\t<\/div>\n\t\t\t\t\t<\/div>\n\t\t<\/div>\n\t\t\t\t<div class=\"elementor-column elementor-col-50 elementor-top-column elementor-element elementor-element-37e7358\" data-id=\"37e7358\" data-element_type=\"column\">\n\t\t\t<div class=\"elementor-widget-wrap elementor-element-populated\">\n\t\t\t\t\t\t<div class=\"elementor-element elementor-element-2859b33 elementor-widget elementor-widget-text-editor\" data-id=\"2859b33\" data-element_type=\"widget\" data-widget_type=\"text-editor.default\">\n\t\t\t\t<div class=\"elementor-widget-container\">\n\t\t\t\t\t\t\t\t\t<p data-wp-editing=\"1\"><img decoding=\"async\" class=\"alignright wp-image-3854\" src=\"http:\/\/www.idamargroup.com\/wp-content\/uploads\/2022\/10\/dominican-republic-european-energy-crisis.webp\" alt=\"Crise \u00e9nerg\u00e9tique europ\u00e9enne R\u00e9publique dominicaine\" width=\"300\" height=\"200\" srcset=\"https:\/\/www.idamargroup.com\/wp-content\/uploads\/2022\/10\/dominican-republic-european-energy-crisis.webp 1000w, https:\/\/www.idamargroup.com\/wp-content\/uploads\/2022\/10\/dominican-republic-european-energy-crisis-300x200.webp 300w, https:\/\/www.idamargroup.com\/wp-content\/uploads\/2022\/10\/dominican-republic-european-energy-crisis-768x512.webp 768w, https:\/\/www.idamargroup.com\/wp-content\/uploads\/2022\/10\/dominican-republic-european-energy-crisis-450x300.webp 450w\" sizes=\"(max-width: 300px) 100vw, 300px\" \/>Le point le plus important est bien s\u00fbr l&rsquo;absence d&rsquo;hiver. M\u00eame en hiver, les temp\u00e9ratures ne descendent pas en dessous de 19 degr\u00e9s, de sorte qu&rsquo;il n&rsquo;y a pas de frais de chauffage sur l&rsquo;\u00eele tout au long de l&rsquo;ann\u00e9e. En outre, les prix de l&rsquo;\u00e9lectricit\u00e9 sont beaucoup plus bas qu&rsquo;en Europe. Le co\u00fbt de l&rsquo;essence (en septembre 2022) est d&rsquo;environ 1,45 USD\/litre. En raison de l&rsquo;approvisionnement traditionnellement pr\u00e9dominant en sources d&rsquo;\u00e9nergie de la r\u00e9gion am\u00e9ricaine, il n&rsquo;y a pas de d\u00e9pendance \u00e0 l&rsquo;\u00e9gard des fournisseurs orientaux ou arabes.<\/p>\n\t\t\t\t\t\t\t\t<\/div>\n\t\t\t\t<\/div>\n\t\t\t\t\t<\/div>\n\t\t<\/div>\n\t\t\t\t\t<\/div>\n\t\t<\/section>\n\t\t\t\t<section class=\"elementor-section elementor-top-section elementor-element elementor-element-4fc82f2 elementor-section-content-top elementor-section-boxed elementor-section-height-default elementor-section-height-default wpr-particle-no wpr-jarallax-no wpr-parallax-no wpr-sticky-section-no\" data-id=\"4fc82f2\" data-element_type=\"section\">\n\t\t\t\t\t\t<div class=\"elementor-container elementor-column-gap-default\">\n\t\t\t\t\t<div class=\"elementor-column elementor-col-50 elementor-top-column elementor-element elementor-element-346177d\" data-id=\"346177d\" data-element_type=\"column\">\n\t\t\t<div class=\"elementor-widget-wrap elementor-element-populated\">\n\t\t\t\t\t\t<div class=\"elementor-element elementor-element-5c843f2 elementor-widget elementor-widget-heading\" data-id=\"5c843f2\" data-element_type=\"widget\" data-widget_type=\"heading.default\">\n\t\t\t\t<div class=\"elementor-widget-container\">\n\t\t\t\t\t<h4 class=\"elementor-heading-title elementor-size-default\">4. Forte appr\u00e9ciation de l'investissement immobilier<\/h4>\t\t\t\t<\/div>\n\t\t\t\t<\/div>\n\t\t\t\t\t<\/div>\n\t\t<\/div>\n\t\t\t\t<div class=\"elementor-column elementor-col-50 elementor-top-column elementor-element elementor-element-f4a67fb\" data-id=\"f4a67fb\" data-element_type=\"column\">\n\t\t\t<div class=\"elementor-widget-wrap elementor-element-populated\">\n\t\t\t\t\t\t<div class=\"elementor-element elementor-element-e30ba68 elementor-widget elementor-widget-text-editor\" data-id=\"e30ba68\" data-element_type=\"widget\" data-widget_type=\"text-editor.default\">\n\t\t\t\t<div class=\"elementor-widget-container\">\n\t\t\t\t\t\t\t\t\t<p data-wp-editing=\"1\"><img loading=\"lazy\" decoding=\"async\" class=\"alignleft wp-image-3442\" src=\"http:\/\/www.idamargroup.com\/wp-content\/uploads\/2022\/09\/IDAMAR-Tourits-DomRep_s.webp\" alt=\"D\u00e9veloppement du tourisme en R\u00e9publique dominicaine\" width=\"300\" height=\"169\" srcset=\"https:\/\/www.idamargroup.com\/wp-content\/uploads\/2022\/09\/IDAMAR-Tourits-DomRep_s.webp 1000w, https:\/\/www.idamargroup.com\/wp-content\/uploads\/2022\/09\/IDAMAR-Tourits-DomRep_s-300x169.webp 300w, https:\/\/www.idamargroup.com\/wp-content\/uploads\/2022\/09\/IDAMAR-Tourits-DomRep_s-768x432.webp 768w, https:\/\/www.idamargroup.com\/wp-content\/uploads\/2022\/09\/IDAMAR-Tourits-DomRep_s-470x265.webp 470w\" sizes=\"(max-width: 300px) 100vw, 300px\" \/>Tous ces param\u00e8tres se traduisent par un pronostic extr\u00eamement positif quant \u00e0 l&rsquo;augmentation de la valeur de vos investissements, en particulier de vos biens immobiliers. Peu importe que vous les utilisiez vous-m\u00eame ou que vous les louiez. Dans ce dernier cas en particulier, le d\u00e9veloppement \u00e9conomique g\u00e9n\u00e9ralement positif, d&rsquo;une part, et l&rsquo;excellent d\u00e9veloppement du tourisme sur l&rsquo;\u00eele, d&rsquo;autre part, jouent un r\u00f4le tr\u00e8s important. Pour pouvoir utiliser ce potentiel, gr\u00e2ce \u00e0 la \u00ab\u00a0Famille IDAMAR\u00a0\u00bb, vous n&rsquo;avez \u00e0 vous soucier de rien sur place.<\/p>\n\t\t\t\t\t\t\t\t<\/div>\n\t\t\t\t<\/div>\n\t\t\t\t\t<\/div>\n\t\t<\/div>\n\t\t\t\t\t<\/div>\n\t\t<\/section>\n\t\t\t\t<section class=\"elementor-section elementor-top-section elementor-element elementor-element-7fdcd0e elementor-section-content-top elementor-section-boxed elementor-section-height-default elementor-section-height-default wpr-particle-no wpr-jarallax-no wpr-parallax-no wpr-sticky-section-no\" data-id=\"7fdcd0e\" data-element_type=\"section\">\n\t\t\t\t\t\t<div class=\"elementor-container elementor-column-gap-default\">\n\t\t\t\t\t<div class=\"elementor-column elementor-col-50 elementor-top-column elementor-element elementor-element-0a6837f\" data-id=\"0a6837f\" data-element_type=\"column\">\n\t\t\t<div class=\"elementor-widget-wrap elementor-element-populated\">\n\t\t\t\t\t\t<div class=\"elementor-element elementor-element-03f78e3 elementor-widget elementor-widget-heading\" data-id=\"03f78e3\" data-element_type=\"widget\" data-widget_type=\"heading.default\">\n\t\t\t\t<div class=\"elementor-widget-container\">\n\t\t\t\t\t<h4 class=\"elementor-heading-title elementor-size-default\">5. Garantie de l'\u00c9tat qu'aucune expropriation n'est possible<\/h4>\t\t\t\t<\/div>\n\t\t\t\t<\/div>\n\t\t\t\t\t<\/div>\n\t\t<\/div>\n\t\t\t\t<div class=\"elementor-column elementor-col-50 elementor-top-column elementor-element elementor-element-f628d62\" data-id=\"f628d62\" data-element_type=\"column\">\n\t\t\t<div class=\"elementor-widget-wrap elementor-element-populated\">\n\t\t\t\t\t\t<div class=\"elementor-element elementor-element-d6902b7 elementor-widget elementor-widget-text-editor\" data-id=\"d6902b7\" data-element_type=\"widget\" data-widget_type=\"text-editor.default\">\n\t\t\t\t<div class=\"elementor-widget-container\">\n\t\t\t\t\t\t\t\t\t<p>Alors qu&rsquo;en Europe, ce que peu de gens savent, la possibilit\u00e9 d&rsquo;expropriation par l&rsquo;\u00c9tat est juridiquement manifeste dans la plupart des paysAllemagne<span id='easy-footnote-2-61273' class='easy-footnote-margin-adjust'><\/span><span class='easy-footnote'><a href=\"https:\/\/www.idamargroup.com\/fr\/5-raisons-dinvestir-en-republique-dominicaine\/#easy-footnote-bottom-2-61273\" title=\": Loi constitutionnelle, Art 14, Abs. 3\"><sup>2<\/sup><\/a><\/span>, les personnes qui investissent dans le DomRep re\u00e7oivent la promesse de l&rsquo;\u00c9tat que leurs terres ne peuvent pas \u00eatre expropri\u00e9es. Vous pouvez donc vous d\u00e9tendre et vous concentrer sur la croissance de votre investissement.<\/p>\n\t\t\t\t\t\t\t\t<\/div>\n\t\t\t\t<\/div>\n\t\t\t\t\t<\/div>\n\t\t<\/div>\n\t\t\t\t\t<\/div>\n\t\t<\/section>\n\t\t\t\t<section class=\"elementor-section elementor-top-section elementor-element elementor-element-c47908e elementor-section-boxed elementor-section-height-default elementor-section-height-default wpr-particle-no wpr-jarallax-no wpr-parallax-no wpr-sticky-section-no\" data-id=\"c47908e\" data-element_type=\"section\">\n\t\t\t\t\t\t<div class=\"elementor-container elementor-column-gap-default\">\n\t\t\t\t\t<div class=\"elementor-column elementor-col-100 elementor-top-column elementor-element elementor-element-a34b0ae\" data-id=\"a34b0ae\" data-element_type=\"column\">\n\t\t\t<div class=\"elementor-widget-wrap elementor-element-populated\">\n\t\t\t\t\t\t<div class=\"elementor-element elementor-element-97f4718 wpr-main-menu-align-center wpr-pointer-none wpr-main-menu-align--tabletleft wpr-main-menu-align--mobileleft wpr-sub-icon-caret-down wpr-sub-menu-fx-fade wpr-nav-menu-bp-mobile wpr-mobile-menu-full-width wpr-mobile-menu-item-align-center wpr-mobile-toggle-v1 wpr-sub-divider-yes wpr-mobile-divider-yes elementor-widget elementor-widget-wpr-nav-menu\" data-id=\"97f4718\" data-element_type=\"widget\" data-settings=\"{&quot;menu_layout&quot;:&quot;horizontal&quot;}\" data-widget_type=\"wpr-nav-menu.default\">\n\t\t\t\t<div class=\"elementor-widget-container\">\n\t\t\t\t\t<nav class=\"wpr-nav-menu-container wpr-nav-menu-horizontal\" data-trigger=\"hover\"><ul id=\"menu-1-97f4718\" class=\"wpr-nav-menu\"><li class=\"menu-item menu-item-type-post_type menu-item-object-page menu-item-4035\"><a href=\"https:\/\/www.idamargroup.com\/5-reasons-investing-in-the-dominican-republic\/\" class=\"wpr-menu-item wpr-pointer-item\">5 raisons d&rsquo;investir en R\u00e9publique dominicaine<\/a><\/li>\n<li class=\"menu-item menu-item-type-post_type menu-item-object-page menu-item-4034\"><a href=\"https:\/\/www.idamargroup.com\/5-reasons-for-living-in-the-dominican-republic\/\" class=\"wpr-menu-item wpr-pointer-item\">5 raisons de vivre en R\u00e9publique dominicaine<\/a><\/li>\n<li class=\"menu-item menu-item-type-post_type menu-item-object-page menu-item-4033\"><a href=\"https:\/\/www.idamargroup.com\/5-reasons-for-collaboration-with-idamar\/\" class=\"wpr-menu-item wpr-pointer-item\">5 raisons de collaborer avec IDAMAR<\/a><\/li>\n<\/ul><\/nav><nav class=\"wpr-mobile-nav-menu-container\"><div class=\"wpr-mobile-toggle-wrap\"><div class=\"wpr-mobile-toggle\"><span class=\"wpr-mobile-toggle-line\"><\/span><span class=\"wpr-mobile-toggle-line\"><\/span><span class=\"wpr-mobile-toggle-line\"><\/span><\/div><\/div><ul id=\"mobile-menu-2-97f4718\" class=\"wpr-mobile-nav-menu\"><li class=\"menu-item menu-item-type-post_type menu-item-object-page menu-item-4035\"><a href=\"https:\/\/www.idamargroup.com\/5-reasons-investing-in-the-dominican-republic\/\" class=\"wpr-mobile-menu-item\">5 raisons d&rsquo;investir en R\u00e9publique dominicaine<\/a><\/li>\n<li class=\"menu-item menu-item-type-post_type menu-item-object-page menu-item-4034\"><a href=\"https:\/\/www.idamargroup.com\/5-reasons-for-living-in-the-dominican-republic\/\" class=\"wpr-mobile-menu-item\">5 raisons de vivre en R\u00e9publique dominicaine<\/a><\/li>\n<li class=\"menu-item menu-item-type-post_type menu-item-object-page menu-item-4033\"><a href=\"https:\/\/www.idamargroup.com\/5-reasons-for-collaboration-with-idamar\/\" class=\"wpr-mobile-menu-item\">5 raisons de collaborer avec IDAMAR<\/a><\/li>\n<\/ul><\/nav>\t\t\t\t<\/div>\n\t\t\t\t<\/div>\n\t\t\t\t\t<\/div>\n\t\t<\/div>\n\t\t\t\t\t<\/div>\n\t\t<\/section>\n\t\t\t\t<\/div>\n\t\t","protected":false},"excerpt":{"rendered":"<p>5 reasons for investing in the Dominican Republic 5 reasons for living in the Dominican Republic 5 reasons for a collaboration with IDAMAR 5 reasons &hellip;<\/p>\n","protected":false},"author":1,"featured_media":61274,"parent":0,"menu_order":0,"comment_status":"closed","ping_status":"closed","template":"","meta":{"footnotes":""},"categories":[252],"tags":[],"class_list":["post-61273","page","type-page","status-publish","has-post-thumbnail","hentry","category-5-conseils"],"featured_image_src":"https:\/\/www.idamargroup.com\/wp-content\/uploads\/2023\/08\/IDAMAR-Investing-in-the-dominican-republic.webp","_links":{"self":[{"href":"https:\/\/www.idamargroup.com\/fr\/wp-json\/wp\/v2\/pages\/61273","targetHints":{"allow":["GET"]}}],"collection":[{"href":"https:\/\/www.idamargroup.com\/fr\/wp-json\/wp\/v2\/pages"}],"about":[{"href":"https:\/\/www.idamargroup.com\/fr\/wp-json\/wp\/v2\/types\/page"}],"author":[{"embeddable":true,"href":"https:\/\/www.idamargroup.com\/fr\/wp-json\/wp\/v2\/users\/1"}],"replies":[{"embeddable":true,"href":"https:\/\/www.idamargroup.com\/fr\/wp-json\/wp\/v2\/comments?post=61273"}],"version-history":[{"count":3,"href":"https:\/\/www.idamargroup.com\/fr\/wp-json\/wp\/v2\/pages\/61273\/revisions"}],"predecessor-version":[{"id":61277,"href":"https:\/\/www.idamargroup.com\/fr\/wp-json\/wp\/v2\/pages\/61273\/revisions\/61277"}],"wp:featuredmedia":[{"embeddable":true,"href":"https:\/\/www.idamargroup.com\/fr\/wp-json\/wp\/v2\/media\/61274"}],"wp:attachment":[{"href":"https:\/\/www.idamargroup.com\/fr\/wp-json\/wp\/v2\/media?parent=61273"}],"wp:term":[{"taxonomy":"category","embeddable":true,"href":"https:\/\/www.idamargroup.com\/fr\/wp-json\/wp\/v2\/categories?post=61273"},{"taxonomy":"post_tag","embeddable":true,"href":"https:\/\/www.idamargroup.com\/fr\/wp-json\/wp\/v2\/tags?post=61273"}],"curies":[{"name":"wp","href":"https:\/\/api.w.org\/{rel}","templated":true}]}}