{"id":61254,"date":"2022-10-09T21:06:11","date_gmt":"2022-10-09T21:06:11","guid":{"rendered":"https:\/\/www.idamargroup.com\/5-raisons-de-collaborer-avec-idamar\/"},"modified":"2024-05-01T17:18:28","modified_gmt":"2024-05-01T17:18:28","slug":"5-raisons-de-collaborer-avec-idamar","status":"publish","type":"page","link":"https:\/\/www.idamargroup.com\/fr\/5-raisons-de-collaborer-avec-idamar\/","title":{"rendered":"5 raisons de collaborer avec IDAMAR"},"content":{"rendered":"\t\t<div data-elementor-type=\"wp-page\" data-elementor-id=\"61254\" class=\"elementor elementor-61254 elementor-3695\">\n\t\t\t\t\t\t<section class=\"elementor-section elementor-top-section elementor-element elementor-element-8671827 elementor-section-boxed elementor-section-height-default elementor-section-height-default wpr-particle-no wpr-jarallax-no wpr-parallax-no wpr-sticky-section-no\" data-id=\"8671827\" data-element_type=\"section\">\n\t\t\t\t\t\t<div class=\"elementor-container elementor-column-gap-default\">\n\t\t\t\t\t<div class=\"elementor-column elementor-col-100 elementor-top-column elementor-element elementor-element-9e38558\" data-id=\"9e38558\" data-element_type=\"column\">\n\t\t\t<div class=\"elementor-widget-wrap elementor-element-populated\">\n\t\t\t\t\t\t<div class=\"elementor-element elementor-element-cd543f7 wpr-main-menu-align-center wpr-pointer-none wpr-main-menu-align--tabletleft wpr-main-menu-align--mobileleft wpr-sub-icon-caret-down wpr-sub-menu-fx-fade wpr-nav-menu-bp-mobile wpr-mobile-menu-full-width wpr-mobile-menu-item-align-center wpr-mobile-toggle-v1 wpr-sub-divider-yes wpr-mobile-divider-yes elementor-widget elementor-widget-wpr-nav-menu\" data-id=\"cd543f7\" data-element_type=\"widget\" data-settings=\"{&quot;menu_layout&quot;:&quot;horizontal&quot;}\" data-widget_type=\"wpr-nav-menu.default\">\n\t\t\t\t<div class=\"elementor-widget-container\">\n\t\t\t\t\t<nav class=\"wpr-nav-menu-container wpr-nav-menu-horizontal\" data-trigger=\"hover\"><ul id=\"menu-1-cd543f7\" class=\"wpr-nav-menu\"><li class=\"menu-item menu-item-type-post_type menu-item-object-page menu-item-4035\"><a href=\"https:\/\/www.idamargroup.com\/5-reasons-investing-in-the-dominican-republic\/\" class=\"wpr-menu-item wpr-pointer-item\">5 raisons d&rsquo;investir en R\u00e9publique dominicaine<\/a><\/li>\n<li class=\"menu-item menu-item-type-post_type menu-item-object-page menu-item-4034\"><a href=\"https:\/\/www.idamargroup.com\/5-reasons-for-living-in-the-dominican-republic\/\" class=\"wpr-menu-item wpr-pointer-item\">5 raisons de vivre en R\u00e9publique dominicaine<\/a><\/li>\n<li class=\"menu-item menu-item-type-post_type menu-item-object-page menu-item-4033\"><a href=\"https:\/\/www.idamargroup.com\/5-reasons-for-collaboration-with-idamar\/\" class=\"wpr-menu-item wpr-pointer-item\">5 raisons de collaborer avec IDAMAR<\/a><\/li>\n<\/ul><\/nav><nav class=\"wpr-mobile-nav-menu-container\"><div class=\"wpr-mobile-toggle-wrap\"><div class=\"wpr-mobile-toggle\"><span class=\"wpr-mobile-toggle-line\"><\/span><span class=\"wpr-mobile-toggle-line\"><\/span><span class=\"wpr-mobile-toggle-line\"><\/span><\/div><\/div><ul id=\"mobile-menu-2-cd543f7\" class=\"wpr-mobile-nav-menu\"><li class=\"menu-item menu-item-type-post_type menu-item-object-page menu-item-4035\"><a href=\"https:\/\/www.idamargroup.com\/5-reasons-investing-in-the-dominican-republic\/\" class=\"wpr-mobile-menu-item\">5 raisons d&rsquo;investir en R\u00e9publique dominicaine<\/a><\/li>\n<li class=\"menu-item menu-item-type-post_type menu-item-object-page menu-item-4034\"><a href=\"https:\/\/www.idamargroup.com\/5-reasons-for-living-in-the-dominican-republic\/\" class=\"wpr-mobile-menu-item\">5 raisons de vivre en R\u00e9publique dominicaine<\/a><\/li>\n<li class=\"menu-item menu-item-type-post_type menu-item-object-page menu-item-4033\"><a href=\"https:\/\/www.idamargroup.com\/5-reasons-for-collaboration-with-idamar\/\" class=\"wpr-mobile-menu-item\">5 raisons de collaborer avec IDAMAR<\/a><\/li>\n<\/ul><\/nav>\t\t\t\t<\/div>\n\t\t\t\t<\/div>\n\t\t\t\t\t<\/div>\n\t\t<\/div>\n\t\t\t\t\t<\/div>\n\t\t<\/section>\n\t\t\t\t<section class=\"elementor-section elementor-top-section elementor-element elementor-element-641dc4a elementor-section-content-top elementor-section-boxed elementor-section-height-default elementor-section-height-default wpr-particle-no wpr-jarallax-no wpr-parallax-no wpr-sticky-section-no\" data-id=\"641dc4a\" data-element_type=\"section\">\n\t\t\t\t\t\t<div class=\"elementor-container elementor-column-gap-default\">\n\t\t\t\t\t<div class=\"elementor-column elementor-col-50 elementor-top-column elementor-element elementor-element-dcfe802\" data-id=\"dcfe802\" data-element_type=\"column\">\n\t\t\t<div class=\"elementor-widget-wrap elementor-element-populated\">\n\t\t\t\t\t\t<div class=\"elementor-element elementor-element-0444674 elementor-widget elementor-widget-heading\" data-id=\"0444674\" data-element_type=\"widget\" data-widget_type=\"heading.default\">\n\t\t\t\t<div class=\"elementor-widget-container\">\n\t\t\t\t\t<h4 class=\"elementor-heading-title elementor-size-default\">1. Fiabilit\u00e9 allemande et qualit\u00e9 suisse<\/h4>\t\t\t\t<\/div>\n\t\t\t\t<\/div>\n\t\t\t\t\t<\/div>\n\t\t<\/div>\n\t\t\t\t<div class=\"elementor-column elementor-col-50 elementor-top-column elementor-element elementor-element-7b9ea91\" data-id=\"7b9ea91\" data-element_type=\"column\">\n\t\t\t<div class=\"elementor-widget-wrap elementor-element-populated\">\n\t\t\t\t\t\t<div class=\"elementor-element elementor-element-502f48c elementor-widget elementor-widget-text-editor\" data-id=\"502f48c\" data-element_type=\"widget\" data-widget_type=\"text-editor.default\">\n\t\t\t\t<div class=\"elementor-widget-container\">\n\t\t\t\t\t\t\t\t\t<p>L&rsquo;un des points forts d&rsquo;IDAMAR est la composition de l&rsquo;\u00e9quipe internationale de d\u00e9veloppement, qui suit le principe in\u00e9branlable des pays d&rsquo;origine respectifs des membres de l&rsquo;\u00e9quipe. De la planification \u00e0 la mise en \u0153uvre, du premier contact \u00e0 l&rsquo;assistance apr\u00e8s l&#8217;emm\u00e9nagement ou \u00e0 la gestion du bien fini, nous appr\u00e9cions la qualit\u00e9 suisse et la fiabilit\u00e9 allemande. Nous sommes un partenaire qui offre bien plus que des \u00ab\u00a0maisons \u00e0 vendre\u00a0\u00bb. Nous ne promettons rien que nous ne puissions tenir. Et ce que nous ne sommes pas s\u00fbrs de pouvoir tenir, nous ne le promettons pas non plus ! Promis !<\/p>\n\t\t\t\t\t\t\t\t<\/div>\n\t\t\t\t<\/div>\n\t\t\t\t\t<\/div>\n\t\t<\/div>\n\t\t\t\t\t<\/div>\n\t\t<\/section>\n\t\t\t\t<section class=\"elementor-section elementor-top-section elementor-element elementor-element-18d0557 elementor-section-content-top elementor-section-boxed elementor-section-height-default elementor-section-height-default wpr-particle-no wpr-jarallax-no wpr-parallax-no wpr-sticky-section-no\" data-id=\"18d0557\" data-element_type=\"section\">\n\t\t\t\t\t\t<div class=\"elementor-container elementor-column-gap-default\">\n\t\t\t\t\t<div class=\"elementor-column elementor-col-50 elementor-top-column elementor-element elementor-element-88067d3\" data-id=\"88067d3\" data-element_type=\"column\">\n\t\t\t<div class=\"elementor-widget-wrap elementor-element-populated\">\n\t\t\t\t\t\t<div class=\"elementor-element elementor-element-b11bb65 elementor-widget elementor-widget-heading\" data-id=\"b11bb65\" data-element_type=\"widget\" data-widget_type=\"heading.default\">\n\t\t\t\t<div class=\"elementor-widget-container\">\n\t\t\t\t\t<h4 class=\"elementor-heading-title elementor-size-default\">2. Locaux dans la gestion d'IDAMAR<\/h4>\t\t\t\t<\/div>\n\t\t\t\t<\/div>\n\t\t\t\t\t<\/div>\n\t\t<\/div>\n\t\t\t\t<div class=\"elementor-column elementor-col-50 elementor-top-column elementor-element elementor-element-8f09977\" data-id=\"8f09977\" data-element_type=\"column\">\n\t\t\t<div class=\"elementor-widget-wrap elementor-element-populated\">\n\t\t\t\t\t\t<div class=\"elementor-element elementor-element-187d1a9 elementor-widget elementor-widget-text-editor\" data-id=\"187d1a9\" data-element_type=\"widget\" data-widget_type=\"text-editor.default\">\n\t\t\t\t<div class=\"elementor-widget-container\">\n\t\t\t\t\t\t\t\t\t<p>La qualit\u00e9 suisse et la fiabilit\u00e9 allemande n&rsquo;ont que peu de valeur dans un pays \u00e9tranger si l&rsquo;on n&rsquo;a que des contacts purement commerciaux avec la population locale. Toutefois, ce contact familial est compl\u00e9t\u00e9 par le savoir-faire des Dominicains de souche qui composent l&rsquo;\u00e9quipe de base. IDAMAR n&rsquo;est pas un cosmos s\u00e9par\u00e9, \u00e9tranger, mais fait partie de la famille dominicaine. Cela nous permet \u00e9galement de pr\u00e9senter facilement cette famille \u00e0 nos clients. C&rsquo;est ce que nous appelons les Amis d&rsquo;IDAMAR.<\/p>\n\t\t\t\t\t\t\t\t<\/div>\n\t\t\t\t<\/div>\n\t\t\t\t\t<\/div>\n\t\t<\/div>\n\t\t\t\t\t<\/div>\n\t\t<\/section>\n\t\t\t\t<section class=\"elementor-section elementor-top-section elementor-element elementor-element-a16868c elementor-section-content-top elementor-section-boxed elementor-section-height-default elementor-section-height-default wpr-particle-no wpr-jarallax-no wpr-parallax-no wpr-sticky-section-no\" data-id=\"a16868c\" data-element_type=\"section\">\n\t\t\t\t\t\t<div class=\"elementor-container elementor-column-gap-default\">\n\t\t\t\t\t<div class=\"elementor-column elementor-col-50 elementor-top-column elementor-element elementor-element-6433c3f\" data-id=\"6433c3f\" data-element_type=\"column\">\n\t\t\t<div class=\"elementor-widget-wrap elementor-element-populated\">\n\t\t\t\t\t\t<div class=\"elementor-element elementor-element-29163d0 elementor-widget elementor-widget-heading\" data-id=\"29163d0\" data-element_type=\"widget\" data-widget_type=\"heading.default\">\n\t\t\t\t<div class=\"elementor-widget-container\">\n\t\t\t\t\t<h4 class=\"elementor-heading-title elementor-size-default\">3. Famille IDAMAR<\/h4>\t\t\t\t<\/div>\n\t\t\t\t<\/div>\n\t\t\t\t\t<\/div>\n\t\t<\/div>\n\t\t\t\t<div class=\"elementor-column elementor-col-50 elementor-top-column elementor-element elementor-element-b898ae8\" data-id=\"b898ae8\" data-element_type=\"column\">\n\t\t\t<div class=\"elementor-widget-wrap elementor-element-populated\">\n\t\t\t\t\t\t<div class=\"elementor-element elementor-element-10a61cb elementor-widget elementor-widget-text-editor\" data-id=\"10a61cb\" data-element_type=\"widget\" data-widget_type=\"text-editor.default\">\n\t\t\t\t<div class=\"elementor-widget-container\">\n\t\t\t\t\t\t\t\t\t<p>La famille IDAMAR, c&rsquo;est bien plus que \u00ab\u00a0tout d&rsquo;une seule source\u00a0\u00bb. Bien entendu, IDAMAR Family signifie d&rsquo;une part un soutien complet, depuis l&rsquo;information initiale sur l&rsquo;achat jusqu&rsquo;\u00e0 l&rsquo;assistance pour les visites aux autorit\u00e9s, les achats et l&rsquo;inscription \u00e0 l&rsquo;\u00e9cole ou l&rsquo;administration (gestion des installations) et la location. Mais cela signifie surtout l&rsquo;int\u00e9gration de nos clients dans la soci\u00e9t\u00e9 dominicaine. Car c&rsquo;est pr\u00e9cis\u00e9ment ce qui fait la diff\u00e9rence pour un \u00ab\u00a0\u00e9tranger\u00a0\u00bb dans la vie de tous les jours.<\/p>\n<p>Pour en savoir plus sur la famille IDAMAR, <a href=\"http:\/\/www.idamargroup.com\/idamar-friends\/\">cliquez ici<\/a>.<\/p>\n\t\t\t\t\t\t\t\t<\/div>\n\t\t\t\t<\/div>\n\t\t\t\t\t<\/div>\n\t\t<\/div>\n\t\t\t\t\t<\/div>\n\t\t<\/section>\n\t\t\t\t<section class=\"elementor-section elementor-top-section elementor-element elementor-element-e59f28a elementor-section-content-top elementor-section-boxed elementor-section-height-default elementor-section-height-default wpr-particle-no wpr-jarallax-no wpr-parallax-no wpr-sticky-section-no\" data-id=\"e59f28a\" data-element_type=\"section\">\n\t\t\t\t\t\t<div class=\"elementor-container elementor-column-gap-default\">\n\t\t\t\t\t<div class=\"elementor-column elementor-col-50 elementor-top-column elementor-element elementor-element-48d4f75\" data-id=\"48d4f75\" data-element_type=\"column\">\n\t\t\t<div class=\"elementor-widget-wrap elementor-element-populated\">\n\t\t\t\t\t\t<div class=\"elementor-element elementor-element-ff0764c elementor-widget elementor-widget-heading\" data-id=\"ff0764c\" data-element_type=\"widget\" data-widget_type=\"heading.default\">\n\t\t\t\t<div class=\"elementor-widget-container\">\n\t\t\t\t\t<h4 class=\"elementor-heading-title elementor-size-default\">4. Plus de 20 ans d'exp\u00e9rience dans le secteur financier international<\/h4>\t\t\t\t<\/div>\n\t\t\t\t<\/div>\n\t\t\t\t\t<\/div>\n\t\t<\/div>\n\t\t\t\t<div class=\"elementor-column elementor-col-50 elementor-top-column elementor-element elementor-element-0bf0b80\" data-id=\"0bf0b80\" data-element_type=\"column\">\n\t\t\t<div class=\"elementor-widget-wrap elementor-element-populated\">\n\t\t\t\t\t\t<div class=\"elementor-element elementor-element-b08b975 elementor-widget elementor-widget-text-editor\" data-id=\"b08b975\" data-element_type=\"widget\" data-widget_type=\"text-editor.default\">\n\t\t\t\t<div class=\"elementor-widget-container\">\n\t\t\t\t\t\t\t\t\t<p>Les investissements sont notre m\u00e9tier depuis des d\u00e9cennies. Nous connaissons le march\u00e9 et c&rsquo;est pr\u00e9cis\u00e9ment pour cette raison que nous pouvons affirmer avec la plus grande conviction que la R\u00e9publique dominicaine repr\u00e9sente actuellement un m\u00e9lange unique de qualit\u00e9 de vie, d&rsquo;excellentes perspectives \u00e9conomiques et de pr\u00e9visions d&rsquo;investissement extr\u00eamement positives. Nous documentons cette conviction profonde avant tout par le fait que nos propri\u00e9t\u00e9s sont principalement autofinanc\u00e9es et sont donc \u00e0 100% entre nos mains.<\/p>\n\t\t\t\t\t\t\t\t<\/div>\n\t\t\t\t<\/div>\n\t\t\t\t\t<\/div>\n\t\t<\/div>\n\t\t\t\t\t<\/div>\n\t\t<\/section>\n\t\t\t\t<section class=\"elementor-section elementor-top-section elementor-element elementor-element-c40eeef elementor-section-content-top elementor-section-boxed elementor-section-height-default elementor-section-height-default wpr-particle-no wpr-jarallax-no wpr-parallax-no wpr-sticky-section-no\" data-id=\"c40eeef\" data-element_type=\"section\">\n\t\t\t\t\t\t<div class=\"elementor-container elementor-column-gap-default\">\n\t\t\t\t\t<div class=\"elementor-column elementor-col-50 elementor-top-column elementor-element elementor-element-fcc8629\" data-id=\"fcc8629\" data-element_type=\"column\">\n\t\t\t<div class=\"elementor-widget-wrap elementor-element-populated\">\n\t\t\t\t\t\t<div class=\"elementor-element elementor-element-b4db028 elementor-widget elementor-widget-heading\" data-id=\"b4db028\" data-element_type=\"widget\" data-widget_type=\"heading.default\">\n\t\t\t\t<div class=\"elementor-widget-container\">\n\t\t\t\t\t<h4 class=\"elementor-heading-title elementor-size-default\">5. Concept de s\u00e9curit\u00e9 des experts allemands pour tous les habitats d\u00e9velopp\u00e9s par IDAMAR<\/h4>\t\t\t\t<\/div>\n\t\t\t\t<\/div>\n\t\t\t\t\t<\/div>\n\t\t<\/div>\n\t\t\t\t<div class=\"elementor-column elementor-col-50 elementor-top-column elementor-element elementor-element-91ac69e\" data-id=\"91ac69e\" data-element_type=\"column\">\n\t\t\t<div class=\"elementor-widget-wrap elementor-element-populated\">\n\t\t\t\t\t\t<div class=\"elementor-element elementor-element-b567f0f elementor-widget elementor-widget-text-editor\" data-id=\"b567f0f\" data-element_type=\"widget\" data-widget_type=\"text-editor.default\">\n\t\t\t\t<div class=\"elementor-widget-container\">\n\t\t\t\t\t\t\t\t\t<p>Malgr\u00e9 la situation en mati\u00e8re de s\u00e9curit\u00e9, qui s&rsquo;est am\u00e9lior\u00e9e de mani\u00e8re disproportionn\u00e9e au fil des ans, les clients (comme dans les pays s\u00fbrs tels que l&rsquo;Allemagne, l&rsquo;Espagne, etc.) accordent souvent de l&rsquo;importance \u00e0 un niveau de s\u00e9curit\u00e9 \u00e9lev\u00e9 dans leur propre environnement de vie. Afin d&rsquo;y r\u00e9pondre au mieux, des concepts de s\u00e9curit\u00e9 ont \u00e9t\u00e9 d\u00e9velopp\u00e9s pour tous les espaces de vie par IDAMAR, une entreprise allemande de renom dont les clients se situent dans le monde entier au plus haut niveau. En fonction de la situation individuelle et des souhaits du client, il est pr\u00e9f\u00e9rable de l&rsquo;adapter \u00e0 l&rsquo;avance \u00e0 ses besoins personnels, car un client qui a des enfants et attend r\u00e9guli\u00e8rement des invit\u00e9s de marque n&rsquo;a pas les m\u00eames besoins qu&rsquo;un client qui souhaite passer une retraite paisible ici. Il en va de m\u00eame, et tout particuli\u00e8rement ici : Qualit\u00e9 suisse et fiabilit\u00e9 allemande !<\/p>\n\t\t\t\t\t\t\t\t<\/div>\n\t\t\t\t<\/div>\n\t\t\t\t\t<\/div>\n\t\t<\/div>\n\t\t\t\t\t<\/div>\n\t\t<\/section>\n\t\t\t\t<section class=\"elementor-section elementor-top-section elementor-element elementor-element-cd8a34d elementor-section-boxed elementor-section-height-default elementor-section-height-default wpr-particle-no wpr-jarallax-no wpr-parallax-no wpr-sticky-section-no\" data-id=\"cd8a34d\" data-element_type=\"section\">\n\t\t\t\t\t\t<div class=\"elementor-container elementor-column-gap-default\">\n\t\t\t\t\t<div class=\"elementor-column elementor-col-100 elementor-top-column elementor-element elementor-element-f30f1fd\" data-id=\"f30f1fd\" data-element_type=\"column\">\n\t\t\t<div class=\"elementor-widget-wrap elementor-element-populated\">\n\t\t\t\t\t\t<div class=\"elementor-element elementor-element-ce8e459 wpr-main-menu-align-center wpr-pointer-none wpr-main-menu-align--tabletleft wpr-main-menu-align--mobileleft wpr-sub-icon-caret-down wpr-sub-menu-fx-fade wpr-nav-menu-bp-mobile wpr-mobile-menu-full-width wpr-mobile-menu-item-align-center wpr-mobile-toggle-v1 wpr-sub-divider-yes wpr-mobile-divider-yes elementor-widget elementor-widget-wpr-nav-menu\" data-id=\"ce8e459\" data-element_type=\"widget\" data-settings=\"{&quot;menu_layout&quot;:&quot;horizontal&quot;}\" data-widget_type=\"wpr-nav-menu.default\">\n\t\t\t\t<div class=\"elementor-widget-container\">\n\t\t\t\t\t<nav class=\"wpr-nav-menu-container wpr-nav-menu-horizontal\" data-trigger=\"hover\"><ul id=\"menu-1-ce8e459\" class=\"wpr-nav-menu\"><li class=\"menu-item menu-item-type-post_type menu-item-object-page menu-item-4035\"><a href=\"https:\/\/www.idamargroup.com\/5-reasons-investing-in-the-dominican-republic\/\" class=\"wpr-menu-item wpr-pointer-item\">5 raisons d&rsquo;investir en R\u00e9publique dominicaine<\/a><\/li>\n<li class=\"menu-item menu-item-type-post_type menu-item-object-page menu-item-4034\"><a href=\"https:\/\/www.idamargroup.com\/5-reasons-for-living-in-the-dominican-republic\/\" class=\"wpr-menu-item wpr-pointer-item\">5 raisons de vivre en R\u00e9publique dominicaine<\/a><\/li>\n<li class=\"menu-item menu-item-type-post_type menu-item-object-page menu-item-4033\"><a href=\"https:\/\/www.idamargroup.com\/5-reasons-for-collaboration-with-idamar\/\" class=\"wpr-menu-item wpr-pointer-item\">5 raisons de collaborer avec IDAMAR<\/a><\/li>\n<\/ul><\/nav><nav class=\"wpr-mobile-nav-menu-container\"><div class=\"wpr-mobile-toggle-wrap\"><div class=\"wpr-mobile-toggle\"><span class=\"wpr-mobile-toggle-line\"><\/span><span class=\"wpr-mobile-toggle-line\"><\/span><span class=\"wpr-mobile-toggle-line\"><\/span><\/div><\/div><ul id=\"mobile-menu-2-ce8e459\" class=\"wpr-mobile-nav-menu\"><li class=\"menu-item menu-item-type-post_type menu-item-object-page menu-item-4035\"><a href=\"https:\/\/www.idamargroup.com\/5-reasons-investing-in-the-dominican-republic\/\" class=\"wpr-mobile-menu-item\">5 raisons d&rsquo;investir en R\u00e9publique dominicaine<\/a><\/li>\n<li class=\"menu-item menu-item-type-post_type menu-item-object-page menu-item-4034\"><a href=\"https:\/\/www.idamargroup.com\/5-reasons-for-living-in-the-dominican-republic\/\" class=\"wpr-mobile-menu-item\">5 raisons de vivre en R\u00e9publique dominicaine<\/a><\/li>\n<li class=\"menu-item menu-item-type-post_type menu-item-object-page menu-item-4033\"><a href=\"https:\/\/www.idamargroup.com\/5-reasons-for-collaboration-with-idamar\/\" class=\"wpr-mobile-menu-item\">5 raisons de collaborer avec IDAMAR<\/a><\/li>\n<\/ul><\/nav>\t\t\t\t<\/div>\n\t\t\t\t<\/div>\n\t\t\t\t\t<\/div>\n\t\t<\/div>\n\t\t\t\t\t<\/div>\n\t\t<\/section>\n\t\t\t\t<\/div>\n\t\t","protected":false},"excerpt":{"rendered":"<p>5 reasons for investing in the Dominican Republic 5 reasons for living in the Dominican Republic 5 reasons for a collaboration with IDAMAR 5 reasons &hellip;<\/p>\n","protected":false},"author":1,"featured_media":61260,"parent":0,"menu_order":0,"comment_status":"closed","ping_status":"closed","template":"","meta":{"footnotes":""},"categories":[252],"tags":[],"class_list":["post-61254","page","type-page","status-publish","has-post-thumbnail","hentry","category-5-conseils"],"featured_image_src":"https:\/\/www.idamargroup.com\/wp-content\/uploads\/2023\/08\/IDAMAR-Collaboration.webp","_links":{"self":[{"href":"https:\/\/www.idamargroup.com\/fr\/wp-json\/wp\/v2\/pages\/61254","targetHints":{"allow":["GET"]}}],"collection":[{"href":"https:\/\/www.idamargroup.com\/fr\/wp-json\/wp\/v2\/pages"}],"about":[{"href":"https:\/\/www.idamargroup.com\/fr\/wp-json\/wp\/v2\/types\/page"}],"author":[{"embeddable":true,"href":"https:\/\/www.idamargroup.com\/fr\/wp-json\/wp\/v2\/users\/1"}],"replies":[{"embeddable":true,"href":"https:\/\/www.idamargroup.com\/fr\/wp-json\/wp\/v2\/comments?post=61254"}],"version-history":[{"count":1,"href":"https:\/\/www.idamargroup.com\/fr\/wp-json\/wp\/v2\/pages\/61254\/revisions"}],"predecessor-version":[{"id":61261,"href":"https:\/\/www.idamargroup.com\/fr\/wp-json\/wp\/v2\/pages\/61254\/revisions\/61261"}],"wp:featuredmedia":[{"embeddable":true,"href":"https:\/\/www.idamargroup.com\/fr\/wp-json\/wp\/v2\/media\/61260"}],"wp:attachment":[{"href":"https:\/\/www.idamargroup.com\/fr\/wp-json\/wp\/v2\/media?parent=61254"}],"wp:term":[{"taxonomy":"category","embeddable":true,"href":"https:\/\/www.idamargroup.com\/fr\/wp-json\/wp\/v2\/categories?post=61254"},{"taxonomy":"post_tag","embeddable":true,"href":"https:\/\/www.idamargroup.com\/fr\/wp-json\/wp\/v2\/tags?post=61254"}],"curies":[{"name":"wp","href":"https:\/\/api.w.org\/{rel}","templated":true}]}}