{"id":61230,"date":"2022-10-10T12:12:43","date_gmt":"2022-10-10T12:12:43","guid":{"rendered":"https:\/\/www.idamargroup.com\/15-raisons\/"},"modified":"2025-07-11T12:56:54","modified_gmt":"2025-07-11T12:56:54","slug":"15-raisons","status":"publish","type":"page","link":"https:\/\/www.idamargroup.com\/fr\/15-raisons\/","title":{"rendered":"15 raisons"},"content":{"rendered":"\t\t<div data-elementor-type=\"wp-page\" data-elementor-id=\"61230\" class=\"elementor elementor-61230 elementor-3765\">\n\t\t\t\t\t\t<section class=\"elementor-section elementor-top-section elementor-element elementor-element-d1045db elementor-section-boxed elementor-section-height-default elementor-section-height-default wpr-particle-no wpr-jarallax-no wpr-parallax-no wpr-sticky-section-no\" data-id=\"d1045db\" data-element_type=\"section\">\n\t\t\t\t\t\t<div class=\"elementor-container elementor-column-gap-default\">\n\t\t\t\t\t<div class=\"elementor-column elementor-col-100 elementor-top-column elementor-element elementor-element-3d421d9\" data-id=\"3d421d9\" data-element_type=\"column\">\n\t\t\t<div class=\"elementor-widget-wrap elementor-element-populated\">\n\t\t\t\t\t\t<div class=\"elementor-element elementor-element-19cb888 elementor-widget elementor-widget-heading\" data-id=\"19cb888\" data-element_type=\"widget\" data-widget_type=\"heading.default\">\n\t\t\t\t<div class=\"elementor-widget-container\">\n\t\t\t\t\t<h1 class=\"elementor-heading-title elementor-size-default\">15 raisons d'aller en R\u00e9publique dominicaine<\/h1>\t\t\t\t<\/div>\n\t\t\t\t<\/div>\n\t\t\t\t\t<\/div>\n\t\t<\/div>\n\t\t\t\t\t<\/div>\n\t\t<\/section>\n\t\t\t\t<section class=\"elementor-section elementor-top-section elementor-element elementor-element-99df8cc elementor-section-content-middle elementor-section-boxed elementor-section-height-default elementor-section-height-default wpr-particle-no wpr-jarallax-no wpr-parallax-no wpr-sticky-section-no\" data-id=\"99df8cc\" data-element_type=\"section\">\n\t\t\t\t\t\t<div class=\"elementor-container elementor-column-gap-default\">\n\t\t\t\t\t<div class=\"elementor-column elementor-col-33 elementor-top-column elementor-element elementor-element-21d1795\" data-id=\"21d1795\" data-element_type=\"column\">\n\t\t\t<div class=\"elementor-widget-wrap elementor-element-populated\">\n\t\t\t\t\t\t<div class=\"elementor-element elementor-element-5b3596b animated-slow elementor-invisible elementor-widget elementor-widget-image\" data-id=\"5b3596b\" data-element_type=\"widget\" data-settings=\"{&quot;_animation&quot;:&quot;fadeIn&quot;}\" data-widget_type=\"image.default\">\n\t\t\t\t<div class=\"elementor-widget-container\">\n\t\t\t\t\t\t\t\t\t\t\t\t\t\t\t<img fetchpriority=\"high\" decoding=\"async\" width=\"1024\" height=\"682\" src=\"https:\/\/www.idamargroup.com\/wp-content\/uploads\/2023\/09\/IDAMAR-Dominican-Republic-Las-Terrenas_2s-1-1024x682.webp\" class=\"attachment-large size-large wp-image-61244\" alt=\"\" srcset=\"https:\/\/www.idamargroup.com\/wp-content\/uploads\/2023\/09\/IDAMAR-Dominican-Republic-Las-Terrenas_2s-1-1024x682.webp 1024w, https:\/\/www.idamargroup.com\/wp-content\/uploads\/2023\/09\/IDAMAR-Dominican-Republic-Las-Terrenas_2s-1-300x200.webp 300w, https:\/\/www.idamargroup.com\/wp-content\/uploads\/2023\/09\/IDAMAR-Dominican-Republic-Las-Terrenas_2s-1-768x512.webp 768w, https:\/\/www.idamargroup.com\/wp-content\/uploads\/2023\/09\/IDAMAR-Dominican-Republic-Las-Terrenas_2s-1-450x300.webp 450w, https:\/\/www.idamargroup.com\/wp-content\/uploads\/2023\/09\/IDAMAR-Dominican-Republic-Las-Terrenas_2s-1.webp 1280w\" sizes=\"(max-width: 1024px) 100vw, 1024px\" \/>\t\t\t\t\t\t\t\t\t\t\t\t\t\t\t<\/div>\n\t\t\t\t<\/div>\n\t\t\t\t\t<\/div>\n\t\t<\/div>\n\t\t\t\t<div class=\"elementor-column elementor-col-33 elementor-top-column elementor-element elementor-element-e39d104\" data-id=\"e39d104\" data-element_type=\"column\">\n\t\t\t<div class=\"elementor-widget-wrap elementor-element-populated\">\n\t\t\t\t\t\t<div class=\"elementor-element elementor-element-ef9c651 elementor-widget elementor-widget-heading\" data-id=\"ef9c651\" data-element_type=\"widget\" data-widget_type=\"heading.default\">\n\t\t\t\t<div class=\"elementor-widget-container\">\n\t\t\t\t\t<h4 class=\"elementor-heading-title elementor-size-default\">5 RAISONS de vivre en R\u00e9publique dominicaine<\/h4>\t\t\t\t<\/div>\n\t\t\t\t<\/div>\n\t\t\t\t<div class=\"elementor-element elementor-element-ad85a8f elementor-widget elementor-widget-text-editor\" data-id=\"ad85a8f\" data-element_type=\"widget\" data-widget_type=\"text-editor.default\">\n\t\t\t\t<div class=\"elementor-widget-container\">\n\t\t\t\t\t\t\t\t\t<p>1. Les habitants des Cara\u00efbes sont connus pour leur hospitalit\u00e9, leur ouverture et leur gentillesse naturelle et authentique &#8230;<\/p>\t\t\t\t\t\t\t\t<\/div>\n\t\t\t\t<\/div>\n\t\t\t\t\t<\/div>\n\t\t<\/div>\n\t\t\t\t<div class=\"elementor-column elementor-col-33 elementor-top-column elementor-element elementor-element-690f519\" data-id=\"690f519\" data-element_type=\"column\">\n\t\t\t<div class=\"elementor-widget-wrap elementor-element-populated\">\n\t\t\t\t\t\t<div class=\"elementor-element elementor-element-f7337c0 elementor-align-center elementor-widget elementor-widget-button\" data-id=\"f7337c0\" data-element_type=\"widget\" data-widget_type=\"button.default\">\n\t\t\t\t<div class=\"elementor-widget-container\">\n\t\t\t\t\t\t\t\t\t<div class=\"elementor-button-wrapper\">\n\t\t\t\t\t<a class=\"elementor-button elementor-button-link elementor-size-xs elementor-animation-grow\" href=\"https:\/\/www.idamargroup.com\/fr\/5-raisons-de-vivre-en-republique-dominicaine\/\">\n\t\t\t\t\t\t<span class=\"elementor-button-content-wrapper\">\n\t\t\t\t\t\t\t\t\t<span class=\"elementor-button-text\">Plus ...<\/span>\n\t\t\t\t\t<\/span>\n\t\t\t\t\t<\/a>\n\t\t\t\t<\/div>\n\t\t\t\t\t\t\t\t<\/div>\n\t\t\t\t<\/div>\n\t\t\t\t\t<\/div>\n\t\t<\/div>\n\t\t\t\t\t<\/div>\n\t\t<\/section>\n\t\t\t\t<section class=\"elementor-section elementor-top-section elementor-element elementor-element-d7095ed elementor-section-content-middle elementor-section-boxed elementor-section-height-default elementor-section-height-default wpr-particle-no wpr-jarallax-no wpr-parallax-no wpr-sticky-section-no\" data-id=\"d7095ed\" data-element_type=\"section\">\n\t\t\t\t\t\t<div class=\"elementor-container elementor-column-gap-default\">\n\t\t\t\t\t<div class=\"elementor-column elementor-col-33 elementor-top-column elementor-element elementor-element-cb4da5d\" data-id=\"cb4da5d\" data-element_type=\"column\">\n\t\t\t<div class=\"elementor-widget-wrap elementor-element-populated\">\n\t\t\t\t\t\t<div class=\"elementor-element elementor-element-3d7d819 animated-slow elementor-invisible elementor-widget elementor-widget-image\" data-id=\"3d7d819\" data-element_type=\"widget\" data-settings=\"{&quot;_animation&quot;:&quot;fadeIn&quot;}\" data-widget_type=\"image.default\">\n\t\t\t\t<div class=\"elementor-widget-container\">\n\t\t\t\t\t\t\t\t\t\t\t\t\t\t\t<img decoding=\"async\" width=\"1024\" height=\"681\" src=\"https:\/\/www.idamargroup.com\/wp-content\/uploads\/2023\/09\/\u200eIDAMAR-Statistik-Grafiken-Touristen_s-1024x681.webp\" class=\"attachment-large size-large wp-image-58889\" alt=\"IDAMAR Euro Inflation\" srcset=\"https:\/\/www.idamargroup.com\/wp-content\/uploads\/2023\/09\/\u200eIDAMAR-Statistik-Grafiken-Touristen_s-1024x681.webp 1024w, https:\/\/www.idamargroup.com\/wp-content\/uploads\/2023\/09\/\u200eIDAMAR-Statistik-Grafiken-Touristen_s-300x199.webp 300w, https:\/\/www.idamargroup.com\/wp-content\/uploads\/2023\/09\/\u200eIDAMAR-Statistik-Grafiken-Touristen_s-768x511.webp 768w, https:\/\/www.idamargroup.com\/wp-content\/uploads\/2023\/09\/\u200eIDAMAR-Statistik-Grafiken-Touristen_s-451x300.webp 451w, https:\/\/www.idamargroup.com\/wp-content\/uploads\/2023\/09\/\u200eIDAMAR-Statistik-Grafiken-Touristen_s.webp 1280w\" sizes=\"(max-width: 1024px) 100vw, 1024px\" \/>\t\t\t\t\t\t\t\t\t\t\t\t\t\t\t<\/div>\n\t\t\t\t<\/div>\n\t\t\t\t\t<\/div>\n\t\t<\/div>\n\t\t\t\t<div class=\"elementor-column elementor-col-33 elementor-top-column elementor-element elementor-element-af9f33b\" data-id=\"af9f33b\" data-element_type=\"column\">\n\t\t\t<div class=\"elementor-widget-wrap elementor-element-populated\">\n\t\t\t\t\t\t<div class=\"elementor-element elementor-element-82e2db9 elementor-widget elementor-widget-heading\" data-id=\"82e2db9\" data-element_type=\"widget\" data-widget_type=\"heading.default\">\n\t\t\t\t<div class=\"elementor-widget-container\">\n\t\t\t\t\t<h4 class=\"elementor-heading-title elementor-size-default\">5 raisons d'investir en R\u00e9publique dominicaine<\/h4>\t\t\t\t<\/div>\n\t\t\t\t<\/div>\n\t\t\t\t<div class=\"elementor-element elementor-element-f1c3d20 elementor-widget elementor-widget-text-editor\" data-id=\"f1c3d20\" data-element_type=\"widget\" data-widget_type=\"text-editor.default\">\n\t\t\t\t<div class=\"elementor-widget-container\">\n\t\t\t\t\t\t\t\t\t<p>1. \u00ab\u00a0La R\u00e9publique dominicaine est l&rsquo;une des \u00e9conomies \u00e0 la croissance la plus rapide d&rsquo;Am\u00e9rique latine. Ceci, notamment en raison d&rsquo;un taux de ch\u00f4mage extr\u00eamement \u00e9lev\u00e9.<\/p>\t\t\t\t\t\t\t\t<\/div>\n\t\t\t\t<\/div>\n\t\t\t\t\t<\/div>\n\t\t<\/div>\n\t\t\t\t<div class=\"elementor-column elementor-col-33 elementor-top-column elementor-element elementor-element-8a79f49\" data-id=\"8a79f49\" data-element_type=\"column\">\n\t\t\t<div class=\"elementor-widget-wrap elementor-element-populated\">\n\t\t\t\t\t\t<div class=\"elementor-element elementor-element-46a4ac3 elementor-align-center elementor-widget elementor-widget-button\" data-id=\"46a4ac3\" data-element_type=\"widget\" data-widget_type=\"button.default\">\n\t\t\t\t<div class=\"elementor-widget-container\">\n\t\t\t\t\t\t\t\t\t<div class=\"elementor-button-wrapper\">\n\t\t\t\t\t<a class=\"elementor-button elementor-button-link elementor-size-xs elementor-animation-grow\" href=\"https:\/\/www.idamargroup.com\/fr\/5-raisons-dinvestir-en-republique-dominicaine\/\">\n\t\t\t\t\t\t<span class=\"elementor-button-content-wrapper\">\n\t\t\t\t\t\t\t\t\t<span class=\"elementor-button-text\">Plus ...<\/span>\n\t\t\t\t\t<\/span>\n\t\t\t\t\t<\/a>\n\t\t\t\t<\/div>\n\t\t\t\t\t\t\t\t<\/div>\n\t\t\t\t<\/div>\n\t\t\t\t\t<\/div>\n\t\t<\/div>\n\t\t\t\t\t<\/div>\n\t\t<\/section>\n\t\t\t\t<section class=\"elementor-section elementor-top-section elementor-element elementor-element-7ea88a3 elementor-section-content-middle elementor-section-boxed elementor-section-height-default elementor-section-height-default wpr-particle-no wpr-jarallax-no wpr-parallax-no wpr-sticky-section-no\" data-id=\"7ea88a3\" data-element_type=\"section\">\n\t\t\t\t\t\t<div class=\"elementor-container elementor-column-gap-default\">\n\t\t\t\t\t<div class=\"elementor-column elementor-col-33 elementor-top-column elementor-element elementor-element-529558b\" data-id=\"529558b\" data-element_type=\"column\">\n\t\t\t<div class=\"elementor-widget-wrap elementor-element-populated\">\n\t\t\t\t\t\t<div class=\"elementor-element elementor-element-f23f4b0 animated-slow elementor-invisible elementor-widget elementor-widget-image\" data-id=\"f23f4b0\" data-element_type=\"widget\" data-settings=\"{&quot;_animation&quot;:&quot;fadeIn&quot;}\" data-widget_type=\"image.default\">\n\t\t\t\t<div class=\"elementor-widget-container\">\n\t\t\t\t\t\t\t\t\t\t\t\t\t\t\t<img decoding=\"async\" width=\"1024\" height=\"682\" src=\"https:\/\/www.idamargroup.com\/wp-content\/uploads\/2023\/09\/IDAMAR-Collaboration-Dominican-Republic-1024x682.webp\" class=\"attachment-large size-large wp-image-61241\" alt=\"\" srcset=\"https:\/\/www.idamargroup.com\/wp-content\/uploads\/2023\/09\/IDAMAR-Collaboration-Dominican-Republic-1024x682.webp 1024w, https:\/\/www.idamargroup.com\/wp-content\/uploads\/2023\/09\/IDAMAR-Collaboration-Dominican-Republic-300x200.webp 300w, https:\/\/www.idamargroup.com\/wp-content\/uploads\/2023\/09\/IDAMAR-Collaboration-Dominican-Republic-768x512.webp 768w, https:\/\/www.idamargroup.com\/wp-content\/uploads\/2023\/09\/IDAMAR-Collaboration-Dominican-Republic-450x300.webp 450w, https:\/\/www.idamargroup.com\/wp-content\/uploads\/2023\/09\/IDAMAR-Collaboration-Dominican-Republic.webp 1280w\" sizes=\"(max-width: 1024px) 100vw, 1024px\" \/>\t\t\t\t\t\t\t\t\t\t\t\t\t\t\t<\/div>\n\t\t\t\t<\/div>\n\t\t\t\t\t<\/div>\n\t\t<\/div>\n\t\t\t\t<div class=\"elementor-column elementor-col-33 elementor-top-column elementor-element elementor-element-cd7a055\" data-id=\"cd7a055\" data-element_type=\"column\">\n\t\t\t<div class=\"elementor-widget-wrap elementor-element-populated\">\n\t\t\t\t\t\t<div class=\"elementor-element elementor-element-3ecc6aa elementor-widget elementor-widget-heading\" data-id=\"3ecc6aa\" data-element_type=\"widget\" data-widget_type=\"heading.default\">\n\t\t\t\t<div class=\"elementor-widget-container\">\n\t\t\t\t\t<h4 class=\"elementor-heading-title elementor-size-default\">5 RAISONS de collaborer avec IDAMAR<\/h4>\t\t\t\t<\/div>\n\t\t\t\t<\/div>\n\t\t\t\t<div class=\"elementor-element elementor-element-c6d15c8 elementor-widget elementor-widget-text-editor\" data-id=\"c6d15c8\" data-element_type=\"widget\" data-widget_type=\"text-editor.default\">\n\t\t\t\t<div class=\"elementor-widget-container\">\n\t\t\t\t\t\t\t\t\t<p>1. IDAMAR suit les principes in\u00e9branlables de la qualit\u00e9 suisse, de la fiabilit\u00e9 allemande et du savoir indig\u00e8ne &#8230;<\/p>\t\t\t\t\t\t\t\t<\/div>\n\t\t\t\t<\/div>\n\t\t\t\t\t<\/div>\n\t\t<\/div>\n\t\t\t\t<div class=\"elementor-column elementor-col-33 elementor-top-column elementor-element elementor-element-9dd56ed\" data-id=\"9dd56ed\" data-element_type=\"column\">\n\t\t\t<div class=\"elementor-widget-wrap elementor-element-populated\">\n\t\t\t\t\t\t<div class=\"elementor-element elementor-element-58ef4fd elementor-align-center elementor-widget elementor-widget-button\" data-id=\"58ef4fd\" data-element_type=\"widget\" data-widget_type=\"button.default\">\n\t\t\t\t<div class=\"elementor-widget-container\">\n\t\t\t\t\t\t\t\t\t<div class=\"elementor-button-wrapper\">\n\t\t\t\t\t<a class=\"elementor-button elementor-button-link elementor-size-xs elementor-animation-grow\" href=\"http:\/\/www.idamargroup.com\/5-reasons-for-collaboration-with-idamar\/\">\n\t\t\t\t\t\t<span class=\"elementor-button-content-wrapper\">\n\t\t\t\t\t\t\t\t\t<span class=\"elementor-button-text\">Plus ...<\/span>\n\t\t\t\t\t<\/span>\n\t\t\t\t\t<\/a>\n\t\t\t\t<\/div>\n\t\t\t\t\t\t\t\t<\/div>\n\t\t\t\t<\/div>\n\t\t\t\t\t<\/div>\n\t\t<\/div>\n\t\t\t\t\t<\/div>\n\t\t<\/section>\n\t\t\t\t<\/div>\n\t\t","protected":false},"excerpt":{"rendered":"<p>Depuis peu, les initi\u00e9s consid\u00e8rent la R\u00e9publique dominicaine comme une destination de choix pour tous ceux qui souhaitent tourner le dos \u00e0 l&rsquo;Europe. En voici les raisons.<\/p>\n","protected":false},"author":1,"featured_media":61245,"parent":0,"menu_order":0,"comment_status":"closed","ping_status":"closed","template":"","meta":{"footnotes":""},"categories":[],"tags":[],"class_list":["post-61230","page","type-page","status-publish","has-post-thumbnail","hentry"],"featured_image_src":"https:\/\/www.idamargroup.com\/wp-content\/uploads\/2023\/08\/IDAMAR-Dominican-Republic-reasons.webp","_links":{"self":[{"href":"https:\/\/www.idamargroup.com\/fr\/wp-json\/wp\/v2\/pages\/61230","targetHints":{"allow":["GET"]}}],"collection":[{"href":"https:\/\/www.idamargroup.com\/fr\/wp-json\/wp\/v2\/pages"}],"about":[{"href":"https:\/\/www.idamargroup.com\/fr\/wp-json\/wp\/v2\/types\/page"}],"author":[{"embeddable":true,"href":"https:\/\/www.idamargroup.com\/fr\/wp-json\/wp\/v2\/users\/1"}],"replies":[{"embeddable":true,"href":"https:\/\/www.idamargroup.com\/fr\/wp-json\/wp\/v2\/comments?post=61230"}],"version-history":[{"count":2,"href":"https:\/\/www.idamargroup.com\/fr\/wp-json\/wp\/v2\/pages\/61230\/revisions"}],"predecessor-version":[{"id":61888,"href":"https:\/\/www.idamargroup.com\/fr\/wp-json\/wp\/v2\/pages\/61230\/revisions\/61888"}],"wp:featuredmedia":[{"embeddable":true,"href":"https:\/\/www.idamargroup.com\/fr\/wp-json\/wp\/v2\/media\/61245"}],"wp:attachment":[{"href":"https:\/\/www.idamargroup.com\/fr\/wp-json\/wp\/v2\/media?parent=61230"}],"wp:term":[{"taxonomy":"category","embeddable":true,"href":"https:\/\/www.idamargroup.com\/fr\/wp-json\/wp\/v2\/categories?post=61230"},{"taxonomy":"post_tag","embeddable":true,"href":"https:\/\/www.idamargroup.com\/fr\/wp-json\/wp\/v2\/tags?post=61230"}],"curies":[{"name":"wp","href":"https:\/\/api.w.org\/{rel}","templated":true}]}}