{"id":61210,"date":"2023-02-05T09:09:21","date_gmt":"2023-02-05T09:09:21","guid":{"rendered":"https:\/\/www.idamargroup.com\/la-vision\/"},"modified":"2025-07-11T12:59:20","modified_gmt":"2025-07-11T12:59:20","slug":"la-vision","status":"publish","type":"page","link":"https:\/\/www.idamargroup.com\/fr\/la-vision\/","title":{"rendered":"Vision"},"content":{"rendered":"\t\t<div data-elementor-type=\"wp-page\" data-elementor-id=\"61210\" class=\"elementor elementor-61210 elementor-57750\">\n\t\t\t\t\t\t<section class=\"elementor-section elementor-top-section elementor-element elementor-element-0aed7d6 elementor-section-boxed elementor-section-height-default elementor-section-height-default wpr-particle-no wpr-jarallax-no wpr-parallax-no wpr-sticky-section-no\" data-id=\"0aed7d6\" data-element_type=\"section\">\n\t\t\t\t\t\t<div class=\"elementor-container elementor-column-gap-default\">\n\t\t\t\t\t<div class=\"elementor-column elementor-col-33 elementor-top-column elementor-element elementor-element-dd19746\" data-id=\"dd19746\" data-element_type=\"column\">\n\t\t\t<div class=\"elementor-widget-wrap elementor-element-populated\">\n\t\t\t\t\t\t<div class=\"elementor-element elementor-element-4c25334 elementor-widget elementor-widget-heading\" data-id=\"4c25334\" data-element_type=\"widget\" data-widget_type=\"heading.default\">\n\t\t\t\t<div class=\"elementor-widget-container\">\n\t\t\t\t\t<h3 class=\"elementor-heading-title elementor-size-default\">Investir dans une vision<\/h3>\t\t\t\t<\/div>\n\t\t\t\t<\/div>\n\t\t\t\t\t<\/div>\n\t\t<\/div>\n\t\t\t\t<div class=\"elementor-column elementor-col-66 elementor-top-column elementor-element elementor-element-76f85c3\" data-id=\"76f85c3\" data-element_type=\"column\">\n\t\t\t<div class=\"elementor-widget-wrap elementor-element-populated\">\n\t\t\t\t\t\t<div class=\"elementor-element elementor-element-4a00acf elementor-widget elementor-widget-text-editor\" data-id=\"4a00acf\" data-element_type=\"widget\" data-widget_type=\"text-editor.default\">\n\t\t\t\t<div class=\"elementor-widget-container\">\n\t\t\t\t\t\t\t\t\t<p>Nous mesurons le succ\u00e8s au sourire \u00e9clatant que nous faisons na\u00eetre sur le visage des gens. Cela n&rsquo;a pas grand-chose \u00e0 voir avec l&rsquo;argent, mais plut\u00f4t avec le fait de surprendre les gens avec quelque chose auquel ils ne s&rsquo;attendent pas. <\/p>\n<p>Ainsi, lorsque nous parlons d'\u00a0\u00bbinvestissement\u00a0\u00bb, nous ne parlons pas uniquement de r\u00e9ussite financi\u00e8re. En effet, \u00e0 une \u00e9poque o\u00f9 la nature perd de plus en plus de pr\u00e9sence et o\u00f9 les gens perdent de plus en plus confiance, nous consid\u00e9rons qu&rsquo;il est de notre devoir de ne jamais consid\u00e9rer un investissement uniquement d&rsquo;un point de vue financier. Pour nous, investir signifie donc aussi investir dans les gens pour leur donner confiance, espoir et foi.  <\/p>\n<p>C&rsquo;est pourquoi nous demandons toujours<\/p>\n<ul>\n<li>Quelles sont les cons\u00e9quences d&rsquo;un investissement financier pour les habitants de la r\u00e9gion ?<\/li>\n<li>Quelles sont les cons\u00e9quences d&rsquo;un investissement financier sur la nature environnante ?<\/li>\n<\/ul>\n<p>C&rsquo;est pourquoi moins de b\u00e9n\u00e9fices financiers peut signifier plus de b\u00e9n\u00e9fices pour les personnes et la nature. Ce n&rsquo;est que la <strong>somme de<\/strong> tous ces aspects qui fait notre <strong>succ\u00e8s<\/strong>. Comme notre id\u00e9e implique \u00e9galement des personnes, le terme \u00ab\u00a0investissement durable\u00a0\u00bb ne nous suffit pas.  <\/p>\n<p>C&rsquo;est ce que nous appelons<\/p>\n<p style=\"text-align: center;\"><strong>Investissement holistique<\/strong>.<\/p>\n<div class=\"module--translations-translatedtext js-module--translations-translatedtext is-placeholder\" data-size=\"m\">Ainsi, avec chacun de vos investissements, vous devenez \u00e9galement une partie active du peuple et de la nature de la R\u00e9publique dominicaine.<\/div>\n<p>Mais qu&rsquo;en est-il dans la pratique ?<\/p>\n\t\t\t\t\t\t\t\t<\/div>\n\t\t\t\t<\/div>\n\t\t\t\t\t<\/div>\n\t\t<\/div>\n\t\t\t\t\t<\/div>\n\t\t<\/section>\n\t\t\t\t<section class=\"elementor-section elementor-top-section elementor-element elementor-element-14a133e elementor-section-boxed elementor-section-height-default elementor-section-height-default wpr-particle-no wpr-jarallax-no wpr-parallax-no wpr-sticky-section-no\" data-id=\"14a133e\" data-element_type=\"section\">\n\t\t\t\t\t\t<div class=\"elementor-container elementor-column-gap-default\">\n\t\t\t\t\t<div class=\"elementor-column elementor-col-33 elementor-top-column elementor-element elementor-element-d240ee5\" data-id=\"d240ee5\" data-element_type=\"column\">\n\t\t\t<div class=\"elementor-widget-wrap elementor-element-populated\">\n\t\t\t\t\t\t<div class=\"elementor-element elementor-element-8567768 elementor-widget elementor-widget-heading\" data-id=\"8567768\" data-element_type=\"widget\" data-widget_type=\"heading.default\">\n\t\t\t\t<div class=\"elementor-widget-container\">\n\t\t\t\t\t<h3 class=\"elementor-heading-title elementor-size-default\">Investir dans les personnes<\/h3>\t\t\t\t<\/div>\n\t\t\t\t<\/div>\n\t\t\t\t<div class=\"elementor-element elementor-element-af03ab5 elementor-widget elementor-widget-image\" data-id=\"af03ab5\" data-element_type=\"widget\" data-widget_type=\"image.default\">\n\t\t\t\t<div class=\"elementor-widget-container\">\n\t\t\t\t\t\t\t\t\t\t\t\t\t\t\t<img fetchpriority=\"high\" decoding=\"async\" width=\"1000\" height=\"610\" src=\"https:\/\/www.idamargroup.com\/wp-content\/uploads\/2023\/09\/dominican-republic-investment-in-people.webp\" class=\"attachment-large size-large wp-image-58585\" alt=\"dominican republic investment in people\" srcset=\"https:\/\/www.idamargroup.com\/wp-content\/uploads\/2023\/09\/dominican-republic-investment-in-people.webp 1000w, https:\/\/www.idamargroup.com\/wp-content\/uploads\/2023\/09\/dominican-republic-investment-in-people-300x183.webp 300w, https:\/\/www.idamargroup.com\/wp-content\/uploads\/2023\/09\/dominican-republic-investment-in-people-768x468.webp 768w, https:\/\/www.idamargroup.com\/wp-content\/uploads\/2023\/09\/dominican-republic-investment-in-people-470x287.webp 470w\" sizes=\"(max-width: 1000px) 100vw, 1000px\" \/>\t\t\t\t\t\t\t\t\t\t\t\t\t\t\t<\/div>\n\t\t\t\t<\/div>\n\t\t\t\t\t<\/div>\n\t\t<\/div>\n\t\t\t\t<div class=\"elementor-column elementor-col-66 elementor-top-column elementor-element elementor-element-c9ec042\" data-id=\"c9ec042\" data-element_type=\"column\">\n\t\t\t<div class=\"elementor-widget-wrap elementor-element-populated\">\n\t\t\t\t\t\t<div class=\"elementor-element elementor-element-cdaf0fc elementor-widget elementor-widget-text-editor\" data-id=\"cdaf0fc\" data-element_type=\"widget\" data-widget_type=\"text-editor.default\">\n\t\t\t\t<div class=\"elementor-widget-container\">\n\t\t\t\t\t\t\t\t\t<p>Sans les personnes qui nous soutiennent, nous ne sommes rien. C&rsquo;est pourquoi nous consid\u00e9rons chaque personne impliqu\u00e9e dans l&rsquo;un de nos projets comme un partenaire d&rsquo;\u00e9gal \u00e0 \u00e9gal et non comme un assistant. Alors, comment pouvons-nous aider les gens sur le terrain avec nos projets ?  <\/p> <ul> <li> <p>Bien s\u00fbr, nous cr\u00e9ons des emplois rien que par les activit\u00e9s de planification et de construction.<\/p> <\/li> <li> <p>Toutefois, nous attachons \u00e9galement de l&rsquo;importance \u00e0 la r\u00e9mun\u00e9ration des personnes impliqu\u00e9es. Mais notre investissement, et donc le v\u00f4tre, ne s&rsquo;arr\u00eate pas \u00e0 l&rsquo;ach\u00e8vement d&rsquo;un projet. <\/p> <\/li> <li> <p>Une grande partie de nos b\u00e9n\u00e9fices sera \u00e9galement r\u00e9investie dans la r\u00e9gion et donc dans les personnes. Nous vous informerons \u00e0 chaque fois sur les diff\u00e9rents projets. <\/p> <\/li> <\/ul> <p>IDAMAR a acquis en peu de temps une r\u00e9putation de s\u00e9rieux et de fiabilit\u00e9 en R\u00e9publique dominicaine. En faisant partie de la famille IDAMAR, vous en profitez et vous investissez automatiquement dans la population et la nature de la R\u00e9publique dominicaine.   <\/p>\t\t\t\t\t\t\t\t<\/div>\n\t\t\t\t<\/div>\n\t\t\t\t\t<\/div>\n\t\t<\/div>\n\t\t\t\t\t<\/div>\n\t\t<\/section>\n\t\t\t\t<section class=\"elementor-section elementor-top-section elementor-element elementor-element-cf61969 elementor-section-boxed elementor-section-height-default elementor-section-height-default wpr-particle-no wpr-jarallax-no wpr-parallax-no wpr-sticky-section-no\" data-id=\"cf61969\" data-element_type=\"section\">\n\t\t\t\t\t\t<div class=\"elementor-container elementor-column-gap-default\">\n\t\t\t\t\t<div class=\"elementor-column elementor-col-33 elementor-top-column elementor-element elementor-element-f17f82f\" data-id=\"f17f82f\" data-element_type=\"column\">\n\t\t\t<div class=\"elementor-widget-wrap elementor-element-populated\">\n\t\t\t\t\t\t<div class=\"elementor-element elementor-element-48294ee elementor-widget elementor-widget-heading\" data-id=\"48294ee\" data-element_type=\"widget\" data-widget_type=\"heading.default\">\n\t\t\t\t<div class=\"elementor-widget-container\">\n\t\t\t\t\t<h3 class=\"elementor-heading-title elementor-size-default\">Investir dans la nature<\/h3>\t\t\t\t<\/div>\n\t\t\t\t<\/div>\n\t\t\t\t<div class=\"elementor-element elementor-element-9415c8e elementor-widget elementor-widget-image\" data-id=\"9415c8e\" data-element_type=\"widget\" data-widget_type=\"image.default\">\n\t\t\t\t<div class=\"elementor-widget-container\">\n\t\t\t\t\t\t\t\t\t\t\t\t\t\t\t<img decoding=\"async\" width=\"536\" height=\"370\" src=\"https:\/\/www.idamargroup.com\/wp-content\/uploads\/2022\/05\/dominican-republic-mountainranges-536x370.jpg\" class=\"attachment-large size-large wp-image-749\" alt=\"Investment in Dominican Republic nature\" srcset=\"https:\/\/www.idamargroup.com\/wp-content\/uploads\/2022\/05\/dominican-republic-mountainranges-536x370.jpg 536w, https:\/\/www.idamargroup.com\/wp-content\/uploads\/2022\/05\/dominican-republic-mountainranges-536x370-300x207.jpg 300w, https:\/\/www.idamargroup.com\/wp-content\/uploads\/2022\/05\/dominican-republic-mountainranges-536x370-389x269.jpg 389w\" sizes=\"(max-width: 536px) 100vw, 536px\" \/>\t\t\t\t\t\t\t\t\t\t\t\t\t\t\t<\/div>\n\t\t\t\t<\/div>\n\t\t\t\t\t<\/div>\n\t\t<\/div>\n\t\t\t\t<div class=\"elementor-column elementor-col-66 elementor-top-column elementor-element elementor-element-b934fb5\" data-id=\"b934fb5\" data-element_type=\"column\">\n\t\t\t<div class=\"elementor-widget-wrap elementor-element-populated\">\n\t\t\t\t\t\t<div class=\"elementor-element elementor-element-4199db1 elementor-widget elementor-widget-text-editor\" data-id=\"4199db1\" data-element_type=\"widget\" data-widget_type=\"text-editor.default\">\n\t\t\t\t<div class=\"elementor-widget-container\">\n\t\t\t\t\t\t\t\t\t<p>L&rsquo;homme a besoin de la nature, la nature n&rsquo;a pas besoin de l&rsquo;homme. C&rsquo;est pourquoi nous essayons de faire preuve du plus grand respect pour la nature dans chaque projet. <\/p> <ul> <li> <p>Lors de la planification, il ne s&rsquo;agit pas d&rsquo;obtenir un rendement maximal, mais d&rsquo;int\u00e9grer la nature et les conditions naturelles de mani\u00e8re respectueuse.  <\/p> <\/li> <li> <p>Cela signifie que le terrain continuera \u00e0 \u00eatre d\u00e9blay\u00e9 uniquement lorsque les acheteurs auront achet\u00e9 le terrain et que nous saurons de combien d&rsquo;espace nous avons besoin pour les b\u00e2timents. La protection de la nature plut\u00f4t que la reforestation est la priorit\u00e9. Chaque arbre a une histoire, et IDAMAR souhaite faire partie d&rsquo;autant d&rsquo;histoires futures que possible.  <\/p> <\/li> <li> <p>Nous tenons \u00e9galement \u00e0 sensibiliser nos clients aux conditions naturelles locales. C&rsquo;est pourquoi vous recevez des informations sur la v\u00e9g\u00e9tation et la faune locales lors de l&rsquo;achat. <\/p> <\/li> <\/ul>\t\t\t\t\t\t\t\t<\/div>\n\t\t\t\t<\/div>\n\t\t\t\t\t<\/div>\n\t\t<\/div>\n\t\t\t\t\t<\/div>\n\t\t<\/section>\n\t\t\t\t<section class=\"elementor-section elementor-top-section elementor-element elementor-element-eae33b1 elementor-section-boxed elementor-section-height-default elementor-section-height-default wpr-particle-no wpr-jarallax-no wpr-parallax-no wpr-sticky-section-no\" data-id=\"eae33b1\" data-element_type=\"section\">\n\t\t\t\t\t\t<div class=\"elementor-container elementor-column-gap-default\">\n\t\t\t\t\t<div class=\"elementor-column elementor-col-33 elementor-top-column elementor-element elementor-element-e2a4b74\" data-id=\"e2a4b74\" data-element_type=\"column\">\n\t\t\t<div class=\"elementor-widget-wrap\">\n\t\t\t\t\t\t\t<\/div>\n\t\t<\/div>\n\t\t\t\t<div class=\"elementor-column elementor-col-66 elementor-top-column elementor-element elementor-element-d479266\" data-id=\"d479266\" data-element_type=\"column\">\n\t\t\t<div class=\"elementor-widget-wrap elementor-element-populated\">\n\t\t\t\t\t\t<div class=\"elementor-element elementor-element-4354590 elementor-widget elementor-widget-text-editor\" data-id=\"4354590\" data-element_type=\"widget\" data-widget_type=\"text-editor.default\">\n\t\t\t\t<div class=\"elementor-widget-container\">\n\t\t\t\t\t\t\t\t\t<p>Le luxe et le respect de l&rsquo;homme et de la nature ne doivent pas s&rsquo;exclure. Notre vision est celle d&rsquo;une coexistence qui donne \u00e0 chacun un sourire radieux. <\/p>\t\t\t\t\t\t\t\t<\/div>\n\t\t\t\t<\/div>\n\t\t\t\t\t<\/div>\n\t\t<\/div>\n\t\t\t\t\t<\/div>\n\t\t<\/section>\n\t\t\t\t<\/div>\n\t\t","protected":false},"excerpt":{"rendered":"<p>Investir dans une vision Nous mesurons le succ\u00e8s au sourire \u00e9clatant que nous faisons na\u00eetre sur le visage des gens. Cela n&rsquo;a pas grand-chose \u00e0 &hellip;<\/p>\n","protected":false},"author":1,"featured_media":61213,"parent":0,"menu_order":0,"comment_status":"closed","ping_status":"closed","template":"","meta":{"footnotes":""},"categories":[],"tags":[],"class_list":["post-61210","page","type-page","status-publish","has-post-thumbnail","hentry"],"featured_image_src":"https:\/\/www.idamargroup.com\/wp-content\/uploads\/2023\/08\/IDAMAR-Dominican-Republic-vision.webp","_links":{"self":[{"href":"https:\/\/www.idamargroup.com\/fr\/wp-json\/wp\/v2\/pages\/61210","targetHints":{"allow":["GET"]}}],"collection":[{"href":"https:\/\/www.idamargroup.com\/fr\/wp-json\/wp\/v2\/pages"}],"about":[{"href":"https:\/\/www.idamargroup.com\/fr\/wp-json\/wp\/v2\/types\/page"}],"author":[{"embeddable":true,"href":"https:\/\/www.idamargroup.com\/fr\/wp-json\/wp\/v2\/users\/1"}],"replies":[{"embeddable":true,"href":"https:\/\/www.idamargroup.com\/fr\/wp-json\/wp\/v2\/comments?post=61210"}],"version-history":[{"count":5,"href":"https:\/\/www.idamargroup.com\/fr\/wp-json\/wp\/v2\/pages\/61210\/revisions"}],"predecessor-version":[{"id":61894,"href":"https:\/\/www.idamargroup.com\/fr\/wp-json\/wp\/v2\/pages\/61210\/revisions\/61894"}],"wp:featuredmedia":[{"embeddable":true,"href":"https:\/\/www.idamargroup.com\/fr\/wp-json\/wp\/v2\/media\/61213"}],"wp:attachment":[{"href":"https:\/\/www.idamargroup.com\/fr\/wp-json\/wp\/v2\/media?parent=61210"}],"wp:term":[{"taxonomy":"category","embeddable":true,"href":"https:\/\/www.idamargroup.com\/fr\/wp-json\/wp\/v2\/categories?post=61210"},{"taxonomy":"post_tag","embeddable":true,"href":"https:\/\/www.idamargroup.com\/fr\/wp-json\/wp\/v2\/tags?post=61210"}],"curies":[{"name":"wp","href":"https:\/\/api.w.org\/{rel}","templated":true}]}}