{"id":61181,"date":"2023-02-03T21:38:36","date_gmt":"2023-02-03T21:38:36","guid":{"rendered":"https:\/\/www.idamargroup.com\/a-propos-de-nous\/"},"modified":"2024-05-01T16:17:52","modified_gmt":"2024-05-01T16:17:52","slug":"a-propos-de-nous","status":"publish","type":"page","link":"https:\/\/www.idamargroup.com\/fr\/a-propos-de-nous\/","title":{"rendered":"A propos de nous"},"content":{"rendered":"\t\t<div data-elementor-type=\"wp-page\" data-elementor-id=\"61181\" class=\"elementor elementor-61181 elementor-57732\">\n\t\t\t\t\t\t<section class=\"elementor-section elementor-top-section elementor-element elementor-element-e65ec73 elementor-section-boxed elementor-section-height-default elementor-section-height-default wpr-particle-no wpr-jarallax-no wpr-parallax-no wpr-sticky-section-no\" data-id=\"e65ec73\" data-element_type=\"section\">\n\t\t\t\t\t\t<div class=\"elementor-container elementor-column-gap-default\">\n\t\t\t\t\t<div class=\"elementor-column elementor-col-33 elementor-top-column elementor-element elementor-element-633c4b7\" data-id=\"633c4b7\" data-element_type=\"column\">\n\t\t\t<div class=\"elementor-widget-wrap elementor-element-populated\">\n\t\t\t\t\t\t<div class=\"elementor-element elementor-element-1aacf72 elementor-hidden-mobile elementor-widget elementor-widget-heading\" data-id=\"1aacf72\" data-element_type=\"widget\" data-widget_type=\"heading.default\">\n\t\t\t\t<div class=\"elementor-widget-container\">\n\t\t\t\t\t<h2 class=\"elementor-heading-title elementor-size-default\">Activit\u00e9s principales<\/h2>\t\t\t\t<\/div>\n\t\t\t\t<\/div>\n\t\t\t\t<div class=\"elementor-element elementor-element-07aca68 elementor-hidden-desktop elementor-hidden-tablet elementor-widget elementor-widget-heading\" data-id=\"07aca68\" data-element_type=\"widget\" data-widget_type=\"heading.default\">\n\t\t\t\t<div class=\"elementor-widget-container\">\n\t\t\t\t\t<h2 class=\"elementor-heading-title elementor-size-default\">Activit\u00e9s principales<\/h2>\t\t\t\t<\/div>\n\t\t\t\t<\/div>\n\t\t\t\t<div class=\"elementor-element elementor-element-19f4324 elementor-widget elementor-widget-image\" data-id=\"19f4324\" data-element_type=\"widget\" data-widget_type=\"image.default\">\n\t\t\t\t<div class=\"elementor-widget-container\">\n\t\t\t\t\t\t\t\t\t\t\t\t\t\t\t<img fetchpriority=\"high\" decoding=\"async\" width=\"1024\" height=\"678\" src=\"https:\/\/www.idamargroup.com\/wp-content\/uploads\/2023\/09\/man-2635036_1280-1024x678.webp\" class=\"attachment-large size-large wp-image-61182\" alt=\"\" srcset=\"https:\/\/www.idamargroup.com\/wp-content\/uploads\/2023\/09\/man-2635036_1280-1024x678.webp 1024w, https:\/\/www.idamargroup.com\/wp-content\/uploads\/2023\/09\/man-2635036_1280-300x199.webp 300w, https:\/\/www.idamargroup.com\/wp-content\/uploads\/2023\/09\/man-2635036_1280-768x509.webp 768w, https:\/\/www.idamargroup.com\/wp-content\/uploads\/2023\/09\/man-2635036_1280-453x300.webp 453w, https:\/\/www.idamargroup.com\/wp-content\/uploads\/2023\/09\/man-2635036_1280.webp 1280w\" sizes=\"(max-width: 1024px) 100vw, 1024px\" \/>\t\t\t\t\t\t\t\t\t\t\t\t\t\t\t<\/div>\n\t\t\t\t<\/div>\n\t\t\t\t\t<\/div>\n\t\t<\/div>\n\t\t\t\t<div class=\"elementor-column elementor-col-66 elementor-top-column elementor-element elementor-element-f60568a\" data-id=\"f60568a\" data-element_type=\"column\">\n\t\t\t<div class=\"elementor-widget-wrap elementor-element-populated\">\n\t\t\t\t\t\t<div class=\"elementor-element elementor-element-52978d9 elementor-widget elementor-widget-text-editor\" data-id=\"52978d9\" data-element_type=\"widget\" data-widget_type=\"text-editor.default\">\n\t\t\t\t<div class=\"elementor-widget-container\">\n\t\t\t\t\t\t\t\t\t<p>Les gens nous appellent lorsqu&rsquo;ils veulent &#8230;<\/p>\n<ul>\n<li>quitter l&rsquo;Europe, l&rsquo;Am\u00e9rique ou d&rsquo;autres pays pour s&rsquo;installer en R\u00e9publique dominicaine<\/li>\n<li>de transf\u00e9rer leur entreprise d&rsquo;Europe, d&rsquo;Am\u00e9rique ou d&rsquo;autres pays vers la R\u00e9publique dominicaine  <\/li>\n<li>investir en R\u00e9publique dominicaine<\/li>\n<li>une expertise confidentielle et hautement professionnelle sur les questions financi\u00e8res internationales<\/li>\n<li>Qualit\u00e9, fiabilit\u00e9 et professionnalisme suisses\/allemands<\/li>\n<\/ul>\n\t\t\t\t\t\t\t\t<\/div>\n\t\t\t\t<\/div>\n\t\t\t\t\t<\/div>\n\t\t<\/div>\n\t\t\t\t\t<\/div>\n\t\t<\/section>\n\t\t\t\t<section class=\"elementor-section elementor-top-section elementor-element elementor-element-06dca31 elementor-section-boxed elementor-section-height-default elementor-section-height-default wpr-particle-no wpr-jarallax-no wpr-parallax-no wpr-sticky-section-no\" data-id=\"06dca31\" data-element_type=\"section\">\n\t\t\t\t\t\t<div class=\"elementor-container elementor-column-gap-default\">\n\t\t\t\t\t<div class=\"elementor-column elementor-col-33 elementor-top-column elementor-element elementor-element-4793fa5\" data-id=\"4793fa5\" data-element_type=\"column\">\n\t\t\t<div class=\"elementor-widget-wrap elementor-element-populated\">\n\t\t\t\t\t\t<div class=\"elementor-element elementor-element-6f9f6bb elementor-hidden-mobile elementor-widget elementor-widget-heading\" data-id=\"6f9f6bb\" data-element_type=\"widget\" data-widget_type=\"heading.default\">\n\t\t\t\t<div class=\"elementor-widget-container\">\n\t\t\t\t\t<h2 class=\"elementor-heading-title elementor-size-default\">A propos de nous<\/h2>\t\t\t\t<\/div>\n\t\t\t\t<\/div>\n\t\t\t\t<div class=\"elementor-element elementor-element-fbf66be elementor-hidden-desktop elementor-hidden-tablet elementor-widget elementor-widget-heading\" data-id=\"fbf66be\" data-element_type=\"widget\" data-widget_type=\"heading.default\">\n\t\t\t\t<div class=\"elementor-widget-container\">\n\t\t\t\t\t<h2 class=\"elementor-heading-title elementor-size-default\">A propos de nous<\/h2>\t\t\t\t<\/div>\n\t\t\t\t<\/div>\n\t\t\t\t<div class=\"elementor-element elementor-element-36a497e elementor-widget elementor-widget-image\" data-id=\"36a497e\" data-element_type=\"widget\" data-widget_type=\"image.default\">\n\t\t\t\t<div class=\"elementor-widget-container\">\n\t\t\t\t\t\t\t\t\t\t\t\t\t\t\t<img decoding=\"async\" src=\"https:\/\/www.idamargroup.com\/wp-content\/uploads\/elementor\/thumbs\/IDAMAR-Dominican-Republic-Swiss-German-1-qc6pp9qn2t7kcazljulyzfv4vnoghkptfvm4wem44u.webp\" title=\"IDAMAR-Dominican-Republic-Swiss-German.webp\" alt=\"IDAMAR Dominican Republic Swiss German\" loading=\"lazy\" \/>\t\t\t\t\t\t\t\t\t\t\t\t\t\t\t<\/div>\n\t\t\t\t<\/div>\n\t\t\t\t\t<\/div>\n\t\t<\/div>\n\t\t\t\t<div class=\"elementor-column elementor-col-66 elementor-top-column elementor-element elementor-element-ccf3a3f\" data-id=\"ccf3a3f\" data-element_type=\"column\">\n\t\t\t<div class=\"elementor-widget-wrap elementor-element-populated\">\n\t\t\t\t\t\t<div class=\"elementor-element elementor-element-0882698 elementor-widget elementor-widget-text-editor\" data-id=\"0882698\" data-element_type=\"widget\" data-widget_type=\"text-editor.default\">\n\t\t\t\t<div class=\"elementor-widget-container\">\n\t\t\t\t\t\t\t\t\t<p>IDAMAR est une \u00e9quipe multiculturelle d&rsquo;experts en investissement visionnaires, dont les g\u00e8nes proviennent de Suisse, d&rsquo;Allemagne et, bien s\u00fbr, de R\u00e9publique dominicaine. Le m\u00e9lange unique de professionnalisme dans les domaines de la construction immobili\u00e8re, de la finance et du style de vie constitue \u00e9galement la base de notre service, tout comme notre amour et notre passion pour l&rsquo;aisance m\u00e9ridionale.<\/p>\n<p>Notre objectif commun n&rsquo;est pas seulement de construire et de vendre des maisons, mais de vous fournir un cadre complet pour les affaires et les investissements, ainsi que pour le secteur priv\u00e9 en R\u00e9publique dominicaine.<\/p>\n<p>Ce qui nous diff\u00e9rencie des autres experts en investissement et en immobilier, c&rsquo;est une chose essentielle :<\/p>\n<p style=\"text-align: center;\"><strong>\u00c2ME<\/strong><\/p>\n<p>Bien s\u00fbr, nous faisons de l&rsquo;investissement international et de l&rsquo;immobilier, mais nous sauvons aussi des chiens et des chats, nous aidons des gens qui ont besoin d&rsquo;aide, nous parlons avec des gens avec qui personne d&rsquo;autre ne veut parler et nous faisons parfois des choses c\u00e2bl\u00e9es que personne n&rsquo;attendrait de nous. Notre \u00e2me est enfantine lorsqu&rsquo;il s&rsquo;agit des choses fondamentales de la vie et elle est adulte et professionnelle lorsqu&rsquo;il s&rsquo;agit de notre c\u0153ur de m\u00e9tier. Notre \u00e2me est pure, nous ne nous cachons pas derri\u00e8re un masque social ou commercial juste pour gagner des clients.<\/p>\n<p>Si vous voulez des agents immobiliers normaux, nous ne vous conviendrons pas.<\/p>\n<p>Si vous d\u00e9cidez de vous joindre \u00e0 nous, nous ne vous traiterons pas seulement comme un client, mais nous vous accueillerons dans la famille IDAMAR, ici en R\u00e9publique dominicaine.<\/p>\t\t\t\t\t\t\t\t<\/div>\n\t\t\t\t<\/div>\n\t\t\t\t\t<\/div>\n\t\t<\/div>\n\t\t\t\t\t<\/div>\n\t\t<\/section>\n\t\t\t\t<\/div>\n\t\t","protected":false},"excerpt":{"rendered":"<p>Activit\u00e9s principales Activit\u00e9s principales Les gens nous appellent lorsqu&rsquo;ils veulent &#8230; quitter l&rsquo;Europe, l&rsquo;Am\u00e9rique ou d&rsquo;autres pays pour s&rsquo;installer en R\u00e9publique dominicaine de transf\u00e9rer leur &hellip;<\/p>\n","protected":false},"author":1,"featured_media":0,"parent":0,"menu_order":0,"comment_status":"closed","ping_status":"closed","template":"","meta":{"footnotes":""},"categories":[],"tags":[],"class_list":["post-61181","page","type-page","status-publish","hentry"],"featured_image_src":null,"_links":{"self":[{"href":"https:\/\/www.idamargroup.com\/fr\/wp-json\/wp\/v2\/pages\/61181","targetHints":{"allow":["GET"]}}],"collection":[{"href":"https:\/\/www.idamargroup.com\/fr\/wp-json\/wp\/v2\/pages"}],"about":[{"href":"https:\/\/www.idamargroup.com\/fr\/wp-json\/wp\/v2\/types\/page"}],"author":[{"embeddable":true,"href":"https:\/\/www.idamargroup.com\/fr\/wp-json\/wp\/v2\/users\/1"}],"replies":[{"embeddable":true,"href":"https:\/\/www.idamargroup.com\/fr\/wp-json\/wp\/v2\/comments?post=61181"}],"version-history":[{"count":1,"href":"https:\/\/www.idamargroup.com\/fr\/wp-json\/wp\/v2\/pages\/61181\/revisions"}],"predecessor-version":[{"id":61183,"href":"https:\/\/www.idamargroup.com\/fr\/wp-json\/wp\/v2\/pages\/61181\/revisions\/61183"}],"wp:attachment":[{"href":"https:\/\/www.idamargroup.com\/fr\/wp-json\/wp\/v2\/media?parent=61181"}],"wp:term":[{"taxonomy":"category","embeddable":true,"href":"https:\/\/www.idamargroup.com\/fr\/wp-json\/wp\/v2\/categories?post=61181"},{"taxonomy":"post_tag","embeddable":true,"href":"https:\/\/www.idamargroup.com\/fr\/wp-json\/wp\/v2\/tags?post=61181"}],"curies":[{"name":"wp","href":"https:\/\/api.w.org\/{rel}","templated":true}]}}