{"id":57790,"date":"2023-02-05T09:09:21","date_gmt":"2023-02-05T09:09:21","guid":{"rendered":"https:\/\/www.idamargroup.com\/vision\/"},"modified":"2025-07-11T12:59:35","modified_gmt":"2025-07-11T12:59:35","slug":"vision","status":"publish","type":"page","link":"https:\/\/www.idamargroup.com\/es\/vision\/","title":{"rendered":"Visi\u00f3n"},"content":{"rendered":"\t\t<div data-elementor-type=\"wp-page\" data-elementor-id=\"57790\" class=\"elementor elementor-57790 elementor-57750\">\n\t\t\t\t\t\t<section class=\"elementor-section elementor-top-section elementor-element elementor-element-0aed7d6 elementor-section-boxed elementor-section-height-default elementor-section-height-default wpr-particle-no wpr-jarallax-no wpr-parallax-no wpr-sticky-section-no\" data-id=\"0aed7d6\" data-element_type=\"section\">\n\t\t\t\t\t\t<div class=\"elementor-container elementor-column-gap-default\">\n\t\t\t\t\t<div class=\"elementor-column elementor-col-33 elementor-top-column elementor-element elementor-element-dd19746\" data-id=\"dd19746\" data-element_type=\"column\">\n\t\t\t<div class=\"elementor-widget-wrap elementor-element-populated\">\n\t\t\t\t\t\t<div class=\"elementor-element elementor-element-4c25334 elementor-widget elementor-widget-heading\" data-id=\"4c25334\" data-element_type=\"widget\" data-widget_type=\"heading.default\">\n\t\t\t\t<div class=\"elementor-widget-container\">\n\t\t\t\t\t<h3 class=\"elementor-heading-title elementor-size-default\">Invertir en una visi\u00f3n<\/h3>\t\t\t\t<\/div>\n\t\t\t\t<\/div>\n\t\t\t\t\t<\/div>\n\t\t<\/div>\n\t\t\t\t<div class=\"elementor-column elementor-col-66 elementor-top-column elementor-element elementor-element-76f85c3\" data-id=\"76f85c3\" data-element_type=\"column\">\n\t\t\t<div class=\"elementor-widget-wrap elementor-element-populated\">\n\t\t\t\t\t\t<div class=\"elementor-element elementor-element-4a00acf elementor-widget elementor-widget-text-editor\" data-id=\"4a00acf\" data-element_type=\"widget\" data-widget_type=\"text-editor.default\">\n\t\t\t\t<div class=\"elementor-widget-container\">\n\t\t\t\t\t\t\t\t\t<p>Medimos el \u00e9xito por las sonrisas que ponemos en los rostros de la gente. Esto tiene poco que ver con el dinero y mucho m\u00e1s con sorprender a la gente con algo que no esperaba. <\/p>\n<p>Por eso, cuando hablamos de \u00abinversiones\u00bb, no nos referimos \u00fanicamente al \u00e9xito financiero. Porque en un momento en que la naturaleza pierde cada vez m\u00e1s presencia y las personas pierden cada vez m\u00e1s confianza, consideramos que es nuestro deber no ver nunca una inversi\u00f3n \u00fanicamente desde una perspectiva financiera. Para nosotros, invertir tambi\u00e9n significa invertir en las personas para darles seguridad, esperanza y confianza.  <\/p>\n<p>Por eso siempre preguntamos:<\/p>\n<ul>\n<li>\u00bfQu\u00e9 consecuencias tiene una inversi\u00f3n para la poblaci\u00f3n de la regi\u00f3n?<\/li>\n<li>\u00bfQu\u00e9 consecuencias tiene una inversi\u00f3n financiera para la naturaleza circundante?<\/li>\n<\/ul>\n<p>Por tanto, menos beneficio econ\u00f3mico puede significar m\u00e1s beneficio para las personas y la naturaleza. Es la <strong>suma de<\/strong> todos los aspectos lo que nos hace <strong>tener \u00e9xito<\/strong>. Como nuestra idea tambi\u00e9n implica a las personas, el t\u00e9rmino \u00abinversi\u00f3n sostenible\u00bb no es suficiente para nosotros.  <\/p>\n<p>Lo llamamos<\/p>\n<p style=\"text-align: center;\"><strong>Inversi\u00f3n hol\u00edstica<\/strong>.<\/p>\n<div class=\"module--translations-translatedtext js-module--translations-translatedtext is-placeholder\" data-size=\"m\">As\u00ed, con cada una de tus inversiones, te conviertes tambi\u00e9n en parte activa de la gente y la naturaleza de la Rep\u00fablica Dominicana.<\/div>\n<p>Pero, \u00bfc\u00f3mo se ve esto en la pr\u00e1ctica?<\/p>\n\t\t\t\t\t\t\t\t<\/div>\n\t\t\t\t<\/div>\n\t\t\t\t\t<\/div>\n\t\t<\/div>\n\t\t\t\t\t<\/div>\n\t\t<\/section>\n\t\t\t\t<section class=\"elementor-section elementor-top-section elementor-element elementor-element-14a133e elementor-section-boxed elementor-section-height-default elementor-section-height-default wpr-particle-no wpr-jarallax-no wpr-parallax-no wpr-sticky-section-no\" data-id=\"14a133e\" data-element_type=\"section\">\n\t\t\t\t\t\t<div class=\"elementor-container elementor-column-gap-default\">\n\t\t\t\t\t<div class=\"elementor-column elementor-col-33 elementor-top-column elementor-element elementor-element-d240ee5\" data-id=\"d240ee5\" data-element_type=\"column\">\n\t\t\t<div class=\"elementor-widget-wrap elementor-element-populated\">\n\t\t\t\t\t\t<div class=\"elementor-element elementor-element-8567768 elementor-widget elementor-widget-heading\" data-id=\"8567768\" data-element_type=\"widget\" data-widget_type=\"heading.default\">\n\t\t\t\t<div class=\"elementor-widget-container\">\n\t\t\t\t\t<h3 class=\"elementor-heading-title elementor-size-default\">Inversi\u00f3n en las personas<\/h3>\t\t\t\t<\/div>\n\t\t\t\t<\/div>\n\t\t\t\t<div class=\"elementor-element elementor-element-af03ab5 elementor-widget elementor-widget-image\" data-id=\"af03ab5\" data-element_type=\"widget\" data-widget_type=\"image.default\">\n\t\t\t\t<div class=\"elementor-widget-container\">\n\t\t\t\t\t\t\t\t\t\t\t\t\t\t\t<img fetchpriority=\"high\" decoding=\"async\" width=\"1000\" height=\"610\" src=\"https:\/\/www.idamargroup.com\/wp-content\/uploads\/2023\/09\/dominican-republic-investment-in-people.webp\" class=\"attachment-large size-large wp-image-58587\" alt=\"\" srcset=\"https:\/\/www.idamargroup.com\/wp-content\/uploads\/2023\/09\/dominican-republic-investment-in-people.webp 1000w, https:\/\/www.idamargroup.com\/wp-content\/uploads\/2023\/09\/dominican-republic-investment-in-people-300x183.webp 300w, https:\/\/www.idamargroup.com\/wp-content\/uploads\/2023\/09\/dominican-republic-investment-in-people-768x468.webp 768w, https:\/\/www.idamargroup.com\/wp-content\/uploads\/2023\/09\/dominican-republic-investment-in-people-470x287.webp 470w\" sizes=\"(max-width: 1000px) 100vw, 1000px\" \/>\t\t\t\t\t\t\t\t\t\t\t\t\t\t\t<\/div>\n\t\t\t\t<\/div>\n\t\t\t\t\t<\/div>\n\t\t<\/div>\n\t\t\t\t<div class=\"elementor-column elementor-col-66 elementor-top-column elementor-element elementor-element-c9ec042\" data-id=\"c9ec042\" data-element_type=\"column\">\n\t\t\t<div class=\"elementor-widget-wrap elementor-element-populated\">\n\t\t\t\t\t\t<div class=\"elementor-element elementor-element-cdaf0fc elementor-widget elementor-widget-text-editor\" data-id=\"cdaf0fc\" data-element_type=\"widget\" data-widget_type=\"text-editor.default\">\n\t\t\t\t<div class=\"elementor-widget-container\">\n\t\t\t\t\t\t\t\t\t<p>Sin las personas que nos apoyan, no somos nada. Sin personas que se entusiasmen con nosotros y nuestros proyectos, no somos nada, por eso consideramos a cada persona que participa en uno de nuestros proyectos como un socio en pie de igualdad y no como un ayudante. Entonces, \u00bfc\u00f3mo podemos apoyar a la poblaci\u00f3n local con nuestros proyectos?  <\/p> <ul> <li> <p>Por supuesto, creamos puestos de trabajo s\u00f3lo con las actividades de planificaci\u00f3n y construcci\u00f3n.<\/p> <\/li> <li> <p>Sin embargo, tambi\u00e9n damos gran importancia a pagar justamente a las personas implicadas. Pero nuestra inversi\u00f3n, y por tanto la tuya, no termina con la finalizaci\u00f3n de un proyecto. <\/p> <\/li> <li> <p>Una gran parte de nuestros beneficios tambi\u00e9n retornar\u00e1 a la regi\u00f3n y, por tanto, a la poblaci\u00f3n. Informaremos sobre cada uno de los proyectos.<\/p> <\/li> <\/ul> <p>IDAMAR ha adquirido una reputaci\u00f3n seria y fiable en la Rep\u00fablica Dominicana en muy poco tiempo. Como parte de la familia IDAMAR, te beneficias de ello y, al mismo tiempo, inviertes autom\u00e1ticamente en la gente y la naturaleza de la Rep\u00fablica Dominicana.   <\/p>\t\t\t\t\t\t\t\t<\/div>\n\t\t\t\t<\/div>\n\t\t\t\t\t<\/div>\n\t\t<\/div>\n\t\t\t\t\t<\/div>\n\t\t<\/section>\n\t\t\t\t<section class=\"elementor-section elementor-top-section elementor-element elementor-element-cf61969 elementor-section-boxed elementor-section-height-default elementor-section-height-default wpr-particle-no wpr-jarallax-no wpr-parallax-no wpr-sticky-section-no\" data-id=\"cf61969\" data-element_type=\"section\">\n\t\t\t\t\t\t<div class=\"elementor-container elementor-column-gap-default\">\n\t\t\t\t\t<div class=\"elementor-column elementor-col-33 elementor-top-column elementor-element elementor-element-f17f82f\" data-id=\"f17f82f\" data-element_type=\"column\">\n\t\t\t<div class=\"elementor-widget-wrap elementor-element-populated\">\n\t\t\t\t\t\t<div class=\"elementor-element elementor-element-48294ee elementor-widget elementor-widget-heading\" data-id=\"48294ee\" data-element_type=\"widget\" data-widget_type=\"heading.default\">\n\t\t\t\t<div class=\"elementor-widget-container\">\n\t\t\t\t\t<h3 class=\"elementor-heading-title elementor-size-default\">Inversi\u00f3n en la naturaleza<\/h3>\t\t\t\t<\/div>\n\t\t\t\t<\/div>\n\t\t\t\t<div class=\"elementor-element elementor-element-9415c8e elementor-widget elementor-widget-image\" data-id=\"9415c8e\" data-element_type=\"widget\" data-widget_type=\"image.default\">\n\t\t\t\t<div class=\"elementor-widget-container\">\n\t\t\t\t\t\t\t\t\t\t\t\t\t\t\t<img decoding=\"async\" width=\"536\" height=\"370\" src=\"https:\/\/www.idamargroup.com\/wp-content\/uploads\/2022\/05\/dominican-republic-mountainranges-536x370.jpg\" class=\"attachment-large size-large wp-image-749\" alt=\"Investment in Dominican Republic nature\" srcset=\"https:\/\/www.idamargroup.com\/wp-content\/uploads\/2022\/05\/dominican-republic-mountainranges-536x370.jpg 536w, https:\/\/www.idamargroup.com\/wp-content\/uploads\/2022\/05\/dominican-republic-mountainranges-536x370-300x207.jpg 300w, https:\/\/www.idamargroup.com\/wp-content\/uploads\/2022\/05\/dominican-republic-mountainranges-536x370-389x269.jpg 389w\" sizes=\"(max-width: 536px) 100vw, 536px\" \/>\t\t\t\t\t\t\t\t\t\t\t\t\t\t\t<\/div>\n\t\t\t\t<\/div>\n\t\t\t\t\t<\/div>\n\t\t<\/div>\n\t\t\t\t<div class=\"elementor-column elementor-col-66 elementor-top-column elementor-element elementor-element-b934fb5\" data-id=\"b934fb5\" data-element_type=\"column\">\n\t\t\t<div class=\"elementor-widget-wrap elementor-element-populated\">\n\t\t\t\t\t\t<div class=\"elementor-element elementor-element-4199db1 elementor-widget elementor-widget-text-editor\" data-id=\"4199db1\" data-element_type=\"widget\" data-widget_type=\"text-editor.default\">\n\t\t\t\t<div class=\"elementor-widget-container\">\n\t\t\t\t\t\t\t\t\t<p>El hombre necesita a la naturaleza, la naturaleza no necesita al hombre. Por eso intentamos mostrar el mayor respeto posible por la naturaleza en cada proyecto. <\/p> <ul> <li> <p>La planificaci\u00f3n no consiste en maximizar el rendimiento, sino en integrar respetuosamente la naturaleza y las condiciones naturales.  <\/p> <\/li> <li> <p>Esto significa que el terreno s\u00f3lo se desbrozar\u00e1 una vez que los compradores hayan adquirido la parcela y sepamos cu\u00e1nto espacio necesitamos para los edificios. La conservaci\u00f3n de la naturaleza, m\u00e1s que la reforestaci\u00f3n, es nuestra m\u00e1xima prioridad. Cada \u00e1rbol tiene una historia, e IDAMAR quiere formar parte de tantas historias futuras como sea posible.  <\/p> <\/li> <li> <p>Tambi\u00e9n nos esforzamos por sensibilizar a nuestros clientes sobre las condiciones naturales del lugar. Por eso recibir\u00e1s informaci\u00f3n sobre la vegetaci\u00f3n y la fauna locales cuando hagas tu compra<\/p> <\/li> <\/ul>\t\t\t\t\t\t\t\t<\/div>\n\t\t\t\t<\/div>\n\t\t\t\t\t<\/div>\n\t\t<\/div>\n\t\t\t\t\t<\/div>\n\t\t<\/section>\n\t\t\t\t<section class=\"elementor-section elementor-top-section elementor-element elementor-element-eae33b1 elementor-section-boxed elementor-section-height-default elementor-section-height-default wpr-particle-no wpr-jarallax-no wpr-parallax-no wpr-sticky-section-no\" data-id=\"eae33b1\" data-element_type=\"section\">\n\t\t\t\t\t\t<div class=\"elementor-container elementor-column-gap-default\">\n\t\t\t\t\t<div class=\"elementor-column elementor-col-33 elementor-top-column elementor-element elementor-element-e2a4b74\" data-id=\"e2a4b74\" data-element_type=\"column\">\n\t\t\t<div class=\"elementor-widget-wrap\">\n\t\t\t\t\t\t\t<\/div>\n\t\t<\/div>\n\t\t\t\t<div class=\"elementor-column elementor-col-66 elementor-top-column elementor-element elementor-element-d479266\" data-id=\"d479266\" data-element_type=\"column\">\n\t\t\t<div class=\"elementor-widget-wrap elementor-element-populated\">\n\t\t\t\t\t\t<div class=\"elementor-element elementor-element-4354590 elementor-widget elementor-widget-text-editor\" data-id=\"4354590\" data-element_type=\"widget\" data-widget_type=\"text-editor.default\">\n\t\t\t\t<div class=\"elementor-widget-container\">\n\t\t\t\t\t\t\t\t\t<p>El lujo y el respeto por las personas y la naturaleza no deben excluirse mutuamente. Nuestra visi\u00f3n es una uni\u00f3n que ponga una sonrisa radiante en la cara de todos.<\/p>\t\t\t\t\t\t\t\t<\/div>\n\t\t\t\t<\/div>\n\t\t\t\t\t<\/div>\n\t\t<\/div>\n\t\t\t\t\t<\/div>\n\t\t<\/section>\n\t\t\t\t<\/div>\n\t\t","protected":false},"excerpt":{"rendered":"<p>Invertir en una visi\u00f3n Medimos el \u00e9xito por las sonrisas que ponemos en los rostros de la gente. Esto tiene poco que ver con el &hellip;<\/p>\n","protected":false},"author":1,"featured_media":58282,"parent":0,"menu_order":0,"comment_status":"closed","ping_status":"closed","template":"","meta":{"footnotes":""},"categories":[],"tags":[],"class_list":["post-57790","page","type-page","status-publish","has-post-thumbnail","hentry"],"featured_image_src":"https:\/\/www.idamargroup.com\/wp-content\/uploads\/2023\/08\/IDAMAR-Republica-Dominicana-vision.webp","_links":{"self":[{"href":"https:\/\/www.idamargroup.com\/es\/wp-json\/wp\/v2\/pages\/57790","targetHints":{"allow":["GET"]}}],"collection":[{"href":"https:\/\/www.idamargroup.com\/es\/wp-json\/wp\/v2\/pages"}],"about":[{"href":"https:\/\/www.idamargroup.com\/es\/wp-json\/wp\/v2\/types\/page"}],"author":[{"embeddable":true,"href":"https:\/\/www.idamargroup.com\/es\/wp-json\/wp\/v2\/users\/1"}],"replies":[{"embeddable":true,"href":"https:\/\/www.idamargroup.com\/es\/wp-json\/wp\/v2\/comments?post=57790"}],"version-history":[{"count":18,"href":"https:\/\/www.idamargroup.com\/es\/wp-json\/wp\/v2\/pages\/57790\/revisions"}],"predecessor-version":[{"id":61895,"href":"https:\/\/www.idamargroup.com\/es\/wp-json\/wp\/v2\/pages\/57790\/revisions\/61895"}],"wp:featuredmedia":[{"embeddable":true,"href":"https:\/\/www.idamargroup.com\/es\/wp-json\/wp\/v2\/media\/58282"}],"wp:attachment":[{"href":"https:\/\/www.idamargroup.com\/es\/wp-json\/wp\/v2\/media?parent=57790"}],"wp:term":[{"taxonomy":"category","embeddable":true,"href":"https:\/\/www.idamargroup.com\/es\/wp-json\/wp\/v2\/categories?post=57790"},{"taxonomy":"post_tag","embeddable":true,"href":"https:\/\/www.idamargroup.com\/es\/wp-json\/wp\/v2\/tags?post=57790"}],"curies":[{"name":"wp","href":"https:\/\/api.w.org\/{rel}","templated":true}]}}