{"id":57741,"date":"2023-02-03T21:38:36","date_gmt":"2023-02-03T21:38:36","guid":{"rendered":"https:\/\/www.idamargroup.com\/sobre-nosotros-2\/"},"modified":"2023-09-10T22:34:49","modified_gmt":"2023-09-10T22:34:49","slug":"sobre-nosotros-2","status":"publish","type":"page","link":"https:\/\/www.idamargroup.com\/es\/sobre-nosotros-2\/","title":{"rendered":"Sobre nosotros"},"content":{"rendered":"\t\t<div data-elementor-type=\"wp-page\" data-elementor-id=\"57741\" class=\"elementor elementor-57741 elementor-57732\">\n\t\t\t\t\t\t<section class=\"elementor-section elementor-top-section elementor-element elementor-element-e65ec73 elementor-section-boxed elementor-section-height-default elementor-section-height-default wpr-particle-no wpr-jarallax-no wpr-parallax-no wpr-sticky-section-no\" data-id=\"e65ec73\" data-element_type=\"section\">\n\t\t\t\t\t\t<div class=\"elementor-container elementor-column-gap-default\">\n\t\t\t\t\t<div class=\"elementor-column elementor-col-33 elementor-top-column elementor-element elementor-element-633c4b7\" data-id=\"633c4b7\" data-element_type=\"column\">\n\t\t\t<div class=\"elementor-widget-wrap elementor-element-populated\">\n\t\t\t\t\t\t<div class=\"elementor-element elementor-element-1aacf72 elementor-hidden-mobile elementor-widget elementor-widget-heading\" data-id=\"1aacf72\" data-element_type=\"widget\" data-widget_type=\"heading.default\">\n\t\t\t\t<div class=\"elementor-widget-container\">\n\t\t\t\t\t<h2 class=\"elementor-heading-title elementor-size-default\">Negocio principal<\/h2>\t\t\t\t<\/div>\n\t\t\t\t<\/div>\n\t\t\t\t<div class=\"elementor-element elementor-element-07aca68 elementor-hidden-desktop elementor-hidden-tablet elementor-widget elementor-widget-heading\" data-id=\"07aca68\" data-element_type=\"widget\" data-widget_type=\"heading.default\">\n\t\t\t\t<div class=\"elementor-widget-container\">\n\t\t\t\t\t<h2 class=\"elementor-heading-title elementor-size-default\">Negocio principal<\/h2>\t\t\t\t<\/div>\n\t\t\t\t<\/div>\n\t\t\t\t<div class=\"elementor-element elementor-element-19f4324 elementor-widget elementor-widget-image\" data-id=\"19f4324\" data-element_type=\"widget\" data-widget_type=\"image.default\">\n\t\t\t\t<div class=\"elementor-widget-container\">\n\t\t\t\t\t\t\t\t\t\t\t\t\t\t\t<img fetchpriority=\"high\" decoding=\"async\" width=\"1024\" height=\"678\" src=\"https:\/\/www.idamargroup.com\/wp-content\/uploads\/2023\/09\/man-2635036_1280-1024x678.webp\" class=\"attachment-large size-large wp-image-58847\" alt=\"IDAMAR Professionals in Dominican Republic\" srcset=\"https:\/\/www.idamargroup.com\/wp-content\/uploads\/2023\/09\/man-2635036_1280-1024x678.webp 1024w, https:\/\/www.idamargroup.com\/wp-content\/uploads\/2023\/09\/man-2635036_1280-300x199.webp 300w, https:\/\/www.idamargroup.com\/wp-content\/uploads\/2023\/09\/man-2635036_1280-768x509.webp 768w, https:\/\/www.idamargroup.com\/wp-content\/uploads\/2023\/09\/man-2635036_1280-453x300.webp 453w, https:\/\/www.idamargroup.com\/wp-content\/uploads\/2023\/09\/man-2635036_1280.webp 1280w\" sizes=\"(max-width: 1024px) 100vw, 1024px\" \/>\t\t\t\t\t\t\t\t\t\t\t\t\t\t\t<\/div>\n\t\t\t\t<\/div>\n\t\t\t\t\t<\/div>\n\t\t<\/div>\n\t\t\t\t<div class=\"elementor-column elementor-col-66 elementor-top-column elementor-element elementor-element-f60568a\" data-id=\"f60568a\" data-element_type=\"column\">\n\t\t\t<div class=\"elementor-widget-wrap elementor-element-populated\">\n\t\t\t\t\t\t<div class=\"elementor-element elementor-element-52978d9 elementor-widget elementor-widget-text-editor\" data-id=\"52978d9\" data-element_type=\"widget\" data-widget_type=\"text-editor.default\">\n\t\t\t\t<div class=\"elementor-widget-container\">\n\t\t\t\t\t\t\t\t\t<p>La gente nos llama cuando<\/p>\n<ul>\n<li>quiere trasladarse a la Rep\u00fablica Dominicana desde Europa, Am\u00e9rica o cualquier otro pa\u00eds<\/li>\n<li>quiere trasladar su negocio de Europa, Am\u00e9rica u otros pa\u00edses a la Rep\u00fablica Dominicana <\/li>\n<li>invertir en la Rep\u00fablica Dominicana<\/li>\n<li>buscan asesoramiento confidencial y altamente profesional sobre asuntos financieros internacionales.<\/li>\n<li>buscan calidad, fiabilidad y profesionalidad suizas \/ alemanas<\/li>\n<\/ul>\n\t\t\t\t\t\t\t\t<\/div>\n\t\t\t\t<\/div>\n\t\t\t\t\t<\/div>\n\t\t<\/div>\n\t\t\t\t\t<\/div>\n\t\t<\/section>\n\t\t\t\t<section class=\"elementor-section elementor-top-section elementor-element elementor-element-06dca31 elementor-section-boxed elementor-section-height-default elementor-section-height-default wpr-particle-no wpr-jarallax-no wpr-parallax-no wpr-sticky-section-no\" data-id=\"06dca31\" data-element_type=\"section\">\n\t\t\t\t\t\t<div class=\"elementor-container elementor-column-gap-default\">\n\t\t\t\t\t<div class=\"elementor-column elementor-col-33 elementor-top-column elementor-element elementor-element-4793fa5\" data-id=\"4793fa5\" data-element_type=\"column\">\n\t\t\t<div class=\"elementor-widget-wrap elementor-element-populated\">\n\t\t\t\t\t\t<div class=\"elementor-element elementor-element-6f9f6bb elementor-hidden-mobile elementor-widget elementor-widget-heading\" data-id=\"6f9f6bb\" data-element_type=\"widget\" data-widget_type=\"heading.default\">\n\t\t\t\t<div class=\"elementor-widget-container\">\n\t\t\t\t\t<h2 class=\"elementor-heading-title elementor-size-default\">Sobre nosotros<\/h2>\t\t\t\t<\/div>\n\t\t\t\t<\/div>\n\t\t\t\t<div class=\"elementor-element elementor-element-fbf66be elementor-hidden-desktop elementor-hidden-tablet elementor-widget elementor-widget-heading\" data-id=\"fbf66be\" data-element_type=\"widget\" data-widget_type=\"heading.default\">\n\t\t\t\t<div class=\"elementor-widget-container\">\n\t\t\t\t\t<h2 class=\"elementor-heading-title elementor-size-default\">Sobre nosotros<\/h2>\t\t\t\t<\/div>\n\t\t\t\t<\/div>\n\t\t\t\t<div class=\"elementor-element elementor-element-36a497e elementor-widget elementor-widget-image\" data-id=\"36a497e\" data-element_type=\"widget\" data-widget_type=\"image.default\">\n\t\t\t\t<div class=\"elementor-widget-container\">\n\t\t\t\t\t\t\t\t\t\t\t\t\t\t\t<img decoding=\"async\" src=\"https:\/\/www.idamargroup.com\/wp-content\/uploads\/elementor\/thumbs\/IDAMAR-Dominican-Republic-Swiss-German-1-qc6pp9qn2t7kcazljulyzfv4vnoghkptfvm4wem44u.webp\" title=\"IDAMAR-Dominican-Republic-Swiss-German.webp\" alt=\"IDAMAR Dominican Republic Swiss German\" loading=\"lazy\" \/>\t\t\t\t\t\t\t\t\t\t\t\t\t\t\t<\/div>\n\t\t\t\t<\/div>\n\t\t\t\t\t<\/div>\n\t\t<\/div>\n\t\t\t\t<div class=\"elementor-column elementor-col-66 elementor-top-column elementor-element elementor-element-ccf3a3f\" data-id=\"ccf3a3f\" data-element_type=\"column\">\n\t\t\t<div class=\"elementor-widget-wrap elementor-element-populated\">\n\t\t\t\t\t\t<div class=\"elementor-element elementor-element-0882698 elementor-widget elementor-widget-text-editor\" data-id=\"0882698\" data-element_type=\"widget\" data-widget_type=\"text-editor.default\">\n\t\t\t\t<div class=\"elementor-widget-container\">\n\t\t\t\t\t\t\t\t\t<p>IDAMAR es un equipo multicultural de expertos visionarios con genes de Suiza, Alemania y, por supuesto, de la Rep\u00fablica Dominicana. La combinaci\u00f3n \u00fanica de profesionalismo en las \u00e1reas de construcci\u00f3n, finanzas y estilo de vida forma tanto la base de nuestro servicio como nuestro amor y pasi\u00f3n por la levedad tropical.<\/p>\n<p>Nuestro objetivo com\u00fan no es s\u00f3lo construir y vender casas, sino proporcionarle un entorno completo para los negocios y la inversi\u00f3n, pero tambi\u00e9n para el sector privado en la Rep\u00fablica Dominicana.<\/p>\n<p>Hay una cosa principal por encima de los dem\u00e1s, lo que nos hace diferentes de otros expertos en inversiones y bienes ra\u00edces:<\/p>\n<p style=\"text-align: center;\"><strong>ALMA<\/strong><\/p>\n<p>Claro, nuestro negocio es la inversi\u00f3n y los bienes ra\u00edces, pero tambi\u00e9n rescatamos perros y gatos, ayudamos a las personas que necesitan ayuda, hablamos con personas con las que nadie m\u00e1s quiere hablar y, a veces, hacemos cosas locas que nadie esperar\u00eda que hici\u00e9ramos. Nuestra alma es infantil cu\u00e1ndo se trata de cosas muy elementales en la vida y es madura y profesional cu\u00e1ndo se trata de nuestro negocio principal. Nuestra alma est\u00e1 pura, no nos escondemos detr\u00e1s de una m\u00e1scara social o empresarial s\u00f3lo para atraer clientes.<\/p>\n<p>As\u00ed que si quiere gente normal de la inmobiliaria, no le convendremos.<\/p>\n<p>Si decide unirse a nosotros, no s\u00f3lo le trataremos como un cliente, sino que le daremos la bienvenida a la Familia IDAMAR aqu\u00ed en la Rep\u00fablica Dominicana.<\/p>\t\t\t\t\t\t\t\t<\/div>\n\t\t\t\t<\/div>\n\t\t\t\t\t<\/div>\n\t\t<\/div>\n\t\t\t\t\t<\/div>\n\t\t<\/section>\n\t\t\t\t<\/div>\n\t\t","protected":false},"excerpt":{"rendered":"<p>Negocio principal Negocio principal La gente nos llama cuando quiere trasladarse a la Rep\u00fablica Dominicana desde Europa, Am\u00e9rica o cualquier otro pa\u00eds quiere trasladar su &hellip;<\/p>\n","protected":false},"author":1,"featured_media":0,"parent":0,"menu_order":0,"comment_status":"closed","ping_status":"closed","template":"","meta":{"footnotes":""},"categories":[],"tags":[],"class_list":["post-57741","page","type-page","status-publish","hentry"],"featured_image_src":null,"_links":{"self":[{"href":"https:\/\/www.idamargroup.com\/es\/wp-json\/wp\/v2\/pages\/57741","targetHints":{"allow":["GET"]}}],"collection":[{"href":"https:\/\/www.idamargroup.com\/es\/wp-json\/wp\/v2\/pages"}],"about":[{"href":"https:\/\/www.idamargroup.com\/es\/wp-json\/wp\/v2\/types\/page"}],"author":[{"embeddable":true,"href":"https:\/\/www.idamargroup.com\/es\/wp-json\/wp\/v2\/users\/1"}],"replies":[{"embeddable":true,"href":"https:\/\/www.idamargroup.com\/es\/wp-json\/wp\/v2\/comments?post=57741"}],"version-history":[{"count":5,"href":"https:\/\/www.idamargroup.com\/es\/wp-json\/wp\/v2\/pages\/57741\/revisions"}],"predecessor-version":[{"id":58995,"href":"https:\/\/www.idamargroup.com\/es\/wp-json\/wp\/v2\/pages\/57741\/revisions\/58995"}],"wp:attachment":[{"href":"https:\/\/www.idamargroup.com\/es\/wp-json\/wp\/v2\/media?parent=57741"}],"wp:term":[{"taxonomy":"category","embeddable":true,"href":"https:\/\/www.idamargroup.com\/es\/wp-json\/wp\/v2\/categories?post=57741"},{"taxonomy":"post_tag","embeddable":true,"href":"https:\/\/www.idamargroup.com\/es\/wp-json\/wp\/v2\/tags?post=57741"}],"curies":[{"name":"wp","href":"https:\/\/api.w.org\/{rel}","templated":true}]}}