{"id":4655,"date":"2022-09-04T08:19:38","date_gmt":"2022-09-04T08:19:38","guid":{"rendered":"https:\/\/www.idamargroup.com\/economia\/"},"modified":"2023-08-31T01:41:15","modified_gmt":"2023-08-31T01:41:15","slug":"economia","status":"publish","type":"page","link":"https:\/\/www.idamargroup.com\/es\/economia\/","title":{"rendered":"Econom\u00eda"},"content":{"rendered":"\n<p>Un aspecto importante para la decisi\u00f3n de mudarse a un nuevo pa\u00eds es la situaci\u00f3n econ\u00f3mica actual, pero sobre todo la evoluci\u00f3n pronosticada. Para darle referete eso una visi\u00f3n conjunta, hemos reunido algunos datos, cada uno con un enlace a la fuente.<\/p>\n\n\n\n<h3 class=\"wp-block-heading has-text-align-center\">Moneda<\/h3>\n\n\n\n<div class=\"wp-block-media-text alignwide has-media-on-the-right is-stacked-on-mobile\"><div class=\"wp-block-media-text__content\">\n<p>La moneda de este pa\u00eds es el peso dominicano. Sin embargo, el d\u00f3lar estadounidense es una moneda tolerada. Y aqu\u00ed exactamente radica una gran ventaja, especialmente para las personas que vienen de la zona del euro.<\/p>\n\n\n\n<p>La evoluci\u00f3n actual del euro tampoco indica ninguna tendencia positiva para los pr\u00f3ximos a\u00f1os. Como resultado, el euro se est\u00e1 debilitando cada vez m\u00e1s frente al d\u00f3lar. Por lo tanto, si puede realizar su negocio en d\u00f3lares en el futuro, o realizar inversiones en la zona del d\u00f3lar o en la Rep\u00fablica Dominicana, puede evitar la evoluci\u00f3n negativa del euro de esta manera. Esto se aplica en particular a los bienes inmuebles como inversi\u00f3n, pero tambi\u00e9n para el uso personal. M\u00e1s sobre esto a continuaci\u00f3n. <\/p>\n<\/div><figure class=\"wp-block-media-text__media\"><img fetchpriority=\"high\" decoding=\"async\" width=\"695\" height=\"554\" src=\"http:\/\/www.idamargroup.com\/wp-content\/uploads\/2022\/09\/Peso_Dollar_5years.webp\" alt=\"Econom\u00eda: Evoluci\u00f3n del peso frente al d\u00f3lar en los \u00faltimos 5 a\u00f1os\" class=\"wp-image-3423 size-full\" srcset=\"https:\/\/www.idamargroup.com\/wp-content\/uploads\/2022\/09\/Peso_Dollar_5years.webp 695w, https:\/\/www.idamargroup.com\/wp-content\/uploads\/2022\/09\/Peso_Dollar_5years-300x239.webp 300w, https:\/\/www.idamargroup.com\/wp-content\/uploads\/2022\/09\/Peso_Dollar_5years-376x300.webp 376w, https:\/\/www.idamargroup.com\/wp-content\/uploads\/2022\/09\/Peso_Dollar_5years-375x300.webp 375w\" sizes=\"(max-width: 695px) 100vw, 695px\" \/><\/figure><\/div>\n\n\n\n<h3 class=\"wp-block-heading has-text-align-center\">PIB<\/h3>\n\n\n\n<div class=\"wp-block-media-text alignwide is-stacked-on-mobile\"><figure class=\"wp-block-media-text__media\"><img decoding=\"async\" width=\"1000\" height=\"563\" src=\"http:\/\/www.idamargroup.com\/wp-content\/uploads\/2022\/09\/BIP-Dominican-Republic_s-2.webp\" alt=\"PIB Rep\u00fablica Dominicana desde 2002\" class=\"wp-image-3481 size-full\" srcset=\"https:\/\/www.idamargroup.com\/wp-content\/uploads\/2022\/09\/BIP-Dominican-Republic_s-2.webp 1000w, https:\/\/www.idamargroup.com\/wp-content\/uploads\/2022\/09\/BIP-Dominican-Republic_s-2-300x169.webp 300w, https:\/\/www.idamargroup.com\/wp-content\/uploads\/2022\/09\/BIP-Dominican-Republic_s-2-768x432.webp 768w, https:\/\/www.idamargroup.com\/wp-content\/uploads\/2022\/09\/BIP-Dominican-Republic_s-2-470x265.webp 470w\" sizes=\"(max-width: 1000px) 100vw, 1000px\" \/><\/figure><div class=\"wp-block-media-text__content\">\n<p>Solo en los \u00faltimos 10 a\u00f1os, se ha m\u00e1s que duplicado desde 2011 (US$ 58,1 mil millones) a US$ 94,7 mil millones en 2021. ((<a href=\"https:\/\/de.statista.com\/statistik\/daten\/studie\/328490\/umfrage\/bruttoinlandsprodukt-bip-der-dominikanischen-republik\/#professional\" target=\"_blank\" rel=\"noreferrer noopener\">https:\/\/de.statista.com\/statistik\/daten\/studie\/328490\/umfrage\/bruttoinlandsprodukt-bip-der-dominikanischen-republik\/#professional<\/a>)). El PIB por cabeza (ajustado por poder adquisitivo) es de US$ 18.620, con que el pa\u00eds mientras tanto se haya ascendido hasta el puesto 74 (a partir de 2020) ((<\/p>\n\n\n\n<p><a href=\"https:\/\/de.wikipedia.org\/wiki\/Liste_der_L%C3%A4nder_nach_Bruttoinlandsprodukt_pro_Kopf\" target=\"_blank\" rel=\"noopener\">https:\/\/de.wikipedia.org\/wiki\/Liste_der_L%C3%A4nder_nach_Bruttoinlandsprodukt_pro_Kopf<\/a><\/p>\n\n\n\n<p>)) de 194, por delante de China, Tailandia, Bosnia y Brasil.<\/p>\n\n\n\n<p>Las previsiones indican un crecimiento exponencial. Una de las razones es el proyecto \u201cPuerto de Manzanillo\u201d. M\u00e1s informaci\u00f3n al respecto en el siguiente p\u00e1rrafo.<\/p>\n<\/div><\/div>\n\n\n\n<h3 class=\"wp-block-heading has-text-align-center\">Projecto Puerto de Manzanillo<\/h3>\n\n\n\n<figure class=\"wp-block-image alignwide size-full\"><img decoding=\"async\" width=\"1000\" height=\"450\" src=\"http:\/\/www.idamargroup.com\/wp-content\/uploads\/2022\/09\/Puerto_de_Manzanillo_s.webp\" alt=\"\" class=\"wp-image-3410\" srcset=\"https:\/\/www.idamargroup.com\/wp-content\/uploads\/2022\/09\/Puerto_de_Manzanillo_s.webp 1000w, https:\/\/www.idamargroup.com\/wp-content\/uploads\/2022\/09\/Puerto_de_Manzanillo_s-300x135.webp 300w, https:\/\/www.idamargroup.com\/wp-content\/uploads\/2022\/09\/Puerto_de_Manzanillo_s-768x346.webp 768w, https:\/\/www.idamargroup.com\/wp-content\/uploads\/2022\/09\/Puerto_de_Manzanillo_s-470x212.webp 470w\" sizes=\"(max-width: 1000px) 100vw, 1000px\" \/><figcaption class=\"wp-element-caption\">Fuente: Puerto de Manzanillo, CC BY-SA 4.0 <a href=\"https:\/\/creativecommons.org\/licenses\/by-sa\/4.0\" target=\"_blank\" rel=\"noopener\">https:\/\/creativecommons.org\/licenses\/by-sa\/4.0<\/a>, via Wikimedia Commons<\/figcaption><\/figure>\n\n\n\n<p>Un importante brazo de desarrollo econ\u00f3mico ser\u00e1 la actual expansi\u00f3n del puerto \u00abPuerto de Manzanillo\u00bb a uno de los puertos de transbordo m\u00e1s importantes del Caribe ((<\/p>\n\n\n\n<p><a href=\"https:\/\/www.trade.gov\/market-intelligence\/dominican-republic-rehabilitation-project-manzanillo-port\" target=\"_blank\" rel=\"noopener\">https:\/\/www.trade.gov\/market-intelligence\/dominican-republic-rehabilitation-project-manzanillo-port<\/a><\/p>\n\n\n\n<p>)). Se espera que el volumen de manipulaci\u00f3n se multiplique por 9 para 2045. En base al n\u00famero de segmentos de demanda expuestos, se estima un potencial total de tr\u00e1fico portuario de hasta 13,0 millones de toneladas y 1,5 millones de TEU para el a\u00f1o 2045.<\/p>\n\n\n\n<p>En esencia, se trata de la expansi\u00f3n como puerto hub de contenedores y como nodo log\u00edstico y productivo. l desarrollo de nuevas zonas francas en sus inmediaciones (RD, Hait\u00ed), parques log\u00edsticos y el desarrollo de otras actividades conexas (astilleros,\u2026) repercuten en el desarrollo econ\u00f3mico, y por tanto tambi\u00e9n en las oportunidades de inversi\u00f3n del pa\u00eds.<\/p>\n\n\n\n<h3 class=\"wp-block-heading has-text-align-center\">Turismo<\/h3>\n\n\n\n<div class=\"wp-block-media-text alignwide has-media-on-the-right is-stacked-on-mobile\"><div class=\"wp-block-media-text__content\">\n<p>El turismo sigue siendo el pilar de la econom\u00eda dominicana. De 2009 a 2019, el n\u00famero de visitantes aument\u00f3 continuamente de 4,49 millones a 7,55 millones. ((  <\/p>\n\n\n\n<p><a href=\"https:\/\/www.laenderdaten.info\/Amerika\/Dominikanische-Republik\/tourismus.php\" target=\"_blank\" rel=\"noopener\">https:\/\/www.laenderdaten.info\/Amerika\/Dominikanische-Republik\/tourismus.php<\/a><\/p>\n\n\n\n<p>))<\/p>\n\n\n\n<p>Como casi todo destino de vacaciones, la rep\u00fablica tambi\u00e9n sufri\u00f3 la pandemia. Sin embargo, el nivel de 2013 ya se volvi\u00f3 a alcanzar en 2021 con 5,3 millones de visitantes, y se pronostic\u00f3 un valor r\u00e9cord de 8,4 millones de turistas para 2022 seg\u00fan las cifras disponibles hasta agosto de 2022 ((<a href=\"http:\/\/www.domreptotal.com\/bank-of-america-der-tourismus-in-der-dominikanischen-republik-hat-sein-niveau-von-vor-der-pandemie-wieder-erreicht\/\" target=\"_blank\" rel=\"noreferrer noopener\">http:\/\/www.domreptotal.com\/bank-of-america-der-tourismus-in-der-dominikanischen-republik-hat-sein-niveau-von-vor-der-pandemie-wieder-erreicht\/<\/a>)).<\/p>\n<\/div><figure class=\"wp-block-media-text__media\"><img loading=\"lazy\" decoding=\"async\" width=\"1000\" height=\"563\" src=\"http:\/\/www.idamargroup.com\/wp-content\/uploads\/2022\/09\/IDAMAR-Tourits-DomRep_s.webp\" alt=\"\" class=\"wp-image-3441 size-full\" srcset=\"https:\/\/www.idamargroup.com\/wp-content\/uploads\/2022\/09\/IDAMAR-Tourits-DomRep_s.webp 1000w, https:\/\/www.idamargroup.com\/wp-content\/uploads\/2022\/09\/IDAMAR-Tourits-DomRep_s-300x169.webp 300w, https:\/\/www.idamargroup.com\/wp-content\/uploads\/2022\/09\/IDAMAR-Tourits-DomRep_s-768x432.webp 768w, https:\/\/www.idamargroup.com\/wp-content\/uploads\/2022\/09\/IDAMAR-Tourits-DomRep_s-470x265.webp 470w\" sizes=\"(max-width: 1000px) 100vw, 1000px\" \/><\/figure><\/div>\n\n\n\n<h3 class=\"wp-block-heading has-text-align-center\">Europa<\/h3>\n\n\n\n<div class=\"wp-block-media-text alignwide is-stacked-on-mobile\"><figure class=\"wp-block-media-text__media\"><img loading=\"lazy\" decoding=\"async\" width=\"1000\" height=\"563\" src=\"http:\/\/www.idamargroup.com\/wp-content\/uploads\/2022\/09\/Eurozone-Inflation_s.webp\" alt=\"Tasa de inflaci\u00f3n de la zona euro desde 2009\" class=\"wp-image-3427 size-full\" srcset=\"https:\/\/www.idamargroup.com\/wp-content\/uploads\/2022\/09\/Eurozone-Inflation_s.webp 1000w, https:\/\/www.idamargroup.com\/wp-content\/uploads\/2022\/09\/Eurozone-Inflation_s-300x169.webp 300w, https:\/\/www.idamargroup.com\/wp-content\/uploads\/2022\/09\/Eurozone-Inflation_s-768x432.webp 768w, https:\/\/www.idamargroup.com\/wp-content\/uploads\/2022\/09\/Eurozone-Inflation_s-470x265.webp 470w\" sizes=\"(max-width: 1000px) 100vw, 1000px\" \/><\/figure><div class=\"wp-block-media-text__content\">\n<p>La evoluci\u00f3n actual en Europa es muy compleja, pero tiende a ser negativa. Incluso antes de la pandemia, las tasas de crecimiento del PIB estaban disminuyendo constantemente. ((<\/p>\n\n\n\n<p><a href=\"https:\/\/de.statista.com\/statistik\/daten\/studie\/156282\/umfrage\/entwicklung-des-bruttoinlandsprodukts-bip-in-der-eu-und-der-eurozone\/\" target=\"_blank\" rel=\"noopener\">https:\/\/de.statista.com\/statistik\/daten\/studie\/156282\/umfrage\/entwicklung-des-bruttoinlandsprodukts-bip-in-der-eu-und-der-eurozone\/<\/a><\/p>\n\n\n\n<p>)). El desarrollo de la tasa de inflaci\u00f3n actualmente (03.09.2022) parece dram\u00e1tico, combinado con el desarrollo del euro, la inflaci\u00f3n en la zona euro se ha disparado a 9.1 en los \u00faltimos meses (a partir del 03.09.2022). Por lo tanto, una inversi\u00f3n inteligente en la Rep\u00fablica Dominicana puede estabilizar el valor de sus finanzas o promoverlas dos veces desde el momento de la inversi\u00f3n. Por un lado, empujado por el desarrollo de la econom\u00eda en el mismo DomRep, por otro lado por el hecho de que evade el desarrollo negativo.<\/p>\n<\/div><\/div>\n\n\n\n<p>Sin embargo, el desarrollo positivo de la econom\u00eda en la Rep\u00fablica Dominicana tambi\u00e9n significa que los precios contin\u00faan aumentando. En este sentido, el momento actual es ideal para llevarse la tendencia exponencial. Cuanto m\u00e1s r\u00e1pido decida, mejor ser\u00e1 el retorno de su inversi\u00f3n.<\/p>\n\n\n\n<p>\u00bfTiene usted alguna pregunta? No dude en ponerse en <a href=\"https:\/\/www.idamargroup.com\/es\/imprint\/\" data-type=\"page\" data-id=\"3373\">contacto<\/a> con nosotros.<\/p>\n\n\n\n<hr class=\"wp-block-separator has-alpha-channel-opacity is-style-wide\"\/>\n\n\n\n<p>Fuentes:<\/p>\n","protected":false},"excerpt":{"rendered":"<p>Un aspecto importante para la decisi\u00f3n de mudarse a un nuevo pa\u00eds es la situaci\u00f3n econ\u00f3mica actual, pero sobre todo la evoluci\u00f3n pronosticada. Para darle &hellip;<\/p>\n","protected":false},"author":1,"featured_media":58321,"parent":0,"menu_order":0,"comment_status":"closed","ping_status":"closed","template":"","meta":{"footnotes":""},"categories":[],"tags":[],"class_list":["post-4655","page","type-page","status-publish","has-post-thumbnail","hentry"],"featured_image_src":"https:\/\/www.idamargroup.com\/wp-content\/uploads\/2023\/08\/IDAMAR-Republica-Dominicana-Economia-1.webp","_links":{"self":[{"href":"https:\/\/www.idamargroup.com\/es\/wp-json\/wp\/v2\/pages\/4655","targetHints":{"allow":["GET"]}}],"collection":[{"href":"https:\/\/www.idamargroup.com\/es\/wp-json\/wp\/v2\/pages"}],"about":[{"href":"https:\/\/www.idamargroup.com\/es\/wp-json\/wp\/v2\/types\/page"}],"author":[{"embeddable":true,"href":"https:\/\/www.idamargroup.com\/es\/wp-json\/wp\/v2\/users\/1"}],"replies":[{"embeddable":true,"href":"https:\/\/www.idamargroup.com\/es\/wp-json\/wp\/v2\/comments?post=4655"}],"version-history":[{"count":6,"href":"https:\/\/www.idamargroup.com\/es\/wp-json\/wp\/v2\/pages\/4655\/revisions"}],"predecessor-version":[{"id":58325,"href":"https:\/\/www.idamargroup.com\/es\/wp-json\/wp\/v2\/pages\/4655\/revisions\/58325"}],"wp:featuredmedia":[{"embeddable":true,"href":"https:\/\/www.idamargroup.com\/es\/wp-json\/wp\/v2\/media\/58321"}],"wp:attachment":[{"href":"https:\/\/www.idamargroup.com\/es\/wp-json\/wp\/v2\/media?parent=4655"}],"wp:term":[{"taxonomy":"category","embeddable":true,"href":"https:\/\/www.idamargroup.com\/es\/wp-json\/wp\/v2\/categories?post=4655"},{"taxonomy":"post_tag","embeddable":true,"href":"https:\/\/www.idamargroup.com\/es\/wp-json\/wp\/v2\/tags?post=4655"}],"curies":[{"name":"wp","href":"https:\/\/api.w.org\/{rel}","templated":true}]}}