{"id":4623,"date":"2022-10-10T12:12:43","date_gmt":"2022-10-10T12:12:43","guid":{"rendered":"https:\/\/www.idamargroup.com\/15-razones\/"},"modified":"2025-07-11T12:59:55","modified_gmt":"2025-07-11T12:59:55","slug":"15-razones","status":"publish","type":"page","link":"https:\/\/www.idamargroup.com\/es\/15-razones\/","title":{"rendered":"15 razones"},"content":{"rendered":"\t\t<div data-elementor-type=\"wp-page\" data-elementor-id=\"4623\" class=\"elementor elementor-4623 elementor-3765\">\n\t\t\t\t\t\t<section class=\"elementor-section elementor-top-section elementor-element elementor-element-d1045db elementor-section-boxed elementor-section-height-default elementor-section-height-default wpr-particle-no wpr-jarallax-no wpr-parallax-no wpr-sticky-section-no\" data-id=\"d1045db\" data-element_type=\"section\">\n\t\t\t\t\t\t<div class=\"elementor-container elementor-column-gap-default\">\n\t\t\t\t\t<div class=\"elementor-column elementor-col-100 elementor-top-column elementor-element elementor-element-3d421d9\" data-id=\"3d421d9\" data-element_type=\"column\">\n\t\t\t<div class=\"elementor-widget-wrap elementor-element-populated\">\n\t\t\t\t\t\t<div class=\"elementor-element elementor-element-19cb888 elementor-widget elementor-widget-heading\" data-id=\"19cb888\" data-element_type=\"widget\" data-widget_type=\"heading.default\">\n\t\t\t\t<div class=\"elementor-widget-container\">\n\t\t\t\t\t<h1 class=\"elementor-heading-title elementor-size-default\">15 Razones para la Rep\u00fablica Dominicana<\/h1>\t\t\t\t<\/div>\n\t\t\t\t<\/div>\n\t\t\t\t\t<\/div>\n\t\t<\/div>\n\t\t\t\t\t<\/div>\n\t\t<\/section>\n\t\t\t\t<section class=\"elementor-section elementor-top-section elementor-element elementor-element-99df8cc elementor-section-content-middle elementor-section-boxed elementor-section-height-default elementor-section-height-default wpr-particle-no wpr-jarallax-no wpr-parallax-no wpr-sticky-section-no\" data-id=\"99df8cc\" data-element_type=\"section\">\n\t\t\t\t\t\t<div class=\"elementor-container elementor-column-gap-default\">\n\t\t\t\t\t<div class=\"elementor-column elementor-col-33 elementor-top-column elementor-element elementor-element-21d1795\" data-id=\"21d1795\" data-element_type=\"column\">\n\t\t\t<div class=\"elementor-widget-wrap elementor-element-populated\">\n\t\t\t\t\t\t<div class=\"elementor-element elementor-element-5b3596b animated-slow elementor-invisible elementor-widget elementor-widget-image\" data-id=\"5b3596b\" data-element_type=\"widget\" data-settings=\"{&quot;_animation&quot;:&quot;fadeIn&quot;}\" data-widget_type=\"image.default\">\n\t\t\t\t<div class=\"elementor-widget-container\">\n\t\t\t\t\t\t\t\t\t\t\t\t\t\t\t<img fetchpriority=\"high\" decoding=\"async\" width=\"1024\" height=\"682\" src=\"https:\/\/www.idamargroup.com\/wp-content\/uploads\/2023\/09\/IDAMAR-Dominican-Republic-Las-Terrenas_2s-1-1024x682.webp\" class=\"attachment-large size-large wp-image-58883\" alt=\"IDAMAR Living in the Dominican Republic Las Terrenas\" srcset=\"https:\/\/www.idamargroup.com\/wp-content\/uploads\/2023\/09\/IDAMAR-Dominican-Republic-Las-Terrenas_2s-1-1024x682.webp 1024w, https:\/\/www.idamargroup.com\/wp-content\/uploads\/2023\/09\/IDAMAR-Dominican-Republic-Las-Terrenas_2s-1-300x200.webp 300w, https:\/\/www.idamargroup.com\/wp-content\/uploads\/2023\/09\/IDAMAR-Dominican-Republic-Las-Terrenas_2s-1-768x512.webp 768w, https:\/\/www.idamargroup.com\/wp-content\/uploads\/2023\/09\/IDAMAR-Dominican-Republic-Las-Terrenas_2s-1-450x300.webp 450w, https:\/\/www.idamargroup.com\/wp-content\/uploads\/2023\/09\/IDAMAR-Dominican-Republic-Las-Terrenas_2s-1.webp 1280w\" sizes=\"(max-width: 1024px) 100vw, 1024px\" \/>\t\t\t\t\t\t\t\t\t\t\t\t\t\t\t<\/div>\n\t\t\t\t<\/div>\n\t\t\t\t\t<\/div>\n\t\t<\/div>\n\t\t\t\t<div class=\"elementor-column elementor-col-33 elementor-top-column elementor-element elementor-element-e39d104\" data-id=\"e39d104\" data-element_type=\"column\">\n\t\t\t<div class=\"elementor-widget-wrap elementor-element-populated\">\n\t\t\t\t\t\t<div class=\"elementor-element elementor-element-ef9c651 elementor-widget elementor-widget-heading\" data-id=\"ef9c651\" data-element_type=\"widget\" data-widget_type=\"heading.default\">\n\t\t\t\t<div class=\"elementor-widget-container\">\n\t\t\t\t\t<h4 class=\"elementor-heading-title elementor-size-default\">5 razones para vivir en la Rep\u00fablica Dominicana<\/h4>\t\t\t\t<\/div>\n\t\t\t\t<\/div>\n\t\t\t\t<div class=\"elementor-element elementor-element-ad85a8f elementor-widget elementor-widget-text-editor\" data-id=\"ad85a8f\" data-element_type=\"widget\" data-widget_type=\"text-editor.default\">\n\t\t\t\t<div class=\"elementor-widget-container\">\n\t\t\t\t\t\t\t\t\t<p>1. La gente del Caribe es conocida por su hospitalidad, su apertura y su amabilidad natural y genuina&#8230;<\/p>\t\t\t\t\t\t\t\t<\/div>\n\t\t\t\t<\/div>\n\t\t\t\t\t<\/div>\n\t\t<\/div>\n\t\t\t\t<div class=\"elementor-column elementor-col-33 elementor-top-column elementor-element elementor-element-690f519\" data-id=\"690f519\" data-element_type=\"column\">\n\t\t\t<div class=\"elementor-widget-wrap elementor-element-populated\">\n\t\t\t\t\t\t<div class=\"elementor-element elementor-element-f7337c0 elementor-align-center elementor-widget elementor-widget-button\" data-id=\"f7337c0\" data-element_type=\"widget\" data-widget_type=\"button.default\">\n\t\t\t\t<div class=\"elementor-widget-container\">\n\t\t\t\t\t\t\t\t\t<div class=\"elementor-button-wrapper\">\n\t\t\t\t\t<a class=\"elementor-button elementor-button-link elementor-size-xs elementor-animation-grow\" href=\"https:\/\/www.idamargroup.com\/es\/5-razones-para-vivir-en-la-republica-dominicana\/\">\n\t\t\t\t\t\t<span class=\"elementor-button-content-wrapper\">\n\t\t\t\t\t\t\t\t\t<span class=\"elementor-button-text\">M\u00e1s ...<\/span>\n\t\t\t\t\t<\/span>\n\t\t\t\t\t<\/a>\n\t\t\t\t<\/div>\n\t\t\t\t\t\t\t\t<\/div>\n\t\t\t\t<\/div>\n\t\t\t\t\t<\/div>\n\t\t<\/div>\n\t\t\t\t\t<\/div>\n\t\t<\/section>\n\t\t\t\t<section class=\"elementor-section elementor-top-section elementor-element elementor-element-d7095ed elementor-section-content-middle elementor-section-boxed elementor-section-height-default elementor-section-height-default wpr-particle-no wpr-jarallax-no wpr-parallax-no wpr-sticky-section-no\" data-id=\"d7095ed\" data-element_type=\"section\">\n\t\t\t\t\t\t<div class=\"elementor-container elementor-column-gap-default\">\n\t\t\t\t\t<div class=\"elementor-column elementor-col-33 elementor-top-column elementor-element elementor-element-cb4da5d\" data-id=\"cb4da5d\" data-element_type=\"column\">\n\t\t\t<div class=\"elementor-widget-wrap elementor-element-populated\">\n\t\t\t\t\t\t<div class=\"elementor-element elementor-element-3d7d819 animated-slow elementor-invisible elementor-widget elementor-widget-image\" data-id=\"3d7d819\" data-element_type=\"widget\" data-settings=\"{&quot;_animation&quot;:&quot;fadeIn&quot;}\" data-widget_type=\"image.default\">\n\t\t\t\t<div class=\"elementor-widget-container\">\n\t\t\t\t\t\t\t\t\t\t\t\t\t\t\t<img decoding=\"async\" width=\"1024\" height=\"681\" src=\"https:\/\/www.idamargroup.com\/wp-content\/uploads\/2023\/09\/\u200eIDAMAR-Statistik-Grafiken-Touristen_s-1024x681.webp\" class=\"attachment-large size-large wp-image-58888\" alt=\"IDAMAR Euro Inflation\" srcset=\"https:\/\/www.idamargroup.com\/wp-content\/uploads\/2023\/09\/\u200eIDAMAR-Statistik-Grafiken-Touristen_s-1024x681.webp 1024w, https:\/\/www.idamargroup.com\/wp-content\/uploads\/2023\/09\/\u200eIDAMAR-Statistik-Grafiken-Touristen_s-300x199.webp 300w, https:\/\/www.idamargroup.com\/wp-content\/uploads\/2023\/09\/\u200eIDAMAR-Statistik-Grafiken-Touristen_s-768x511.webp 768w, https:\/\/www.idamargroup.com\/wp-content\/uploads\/2023\/09\/\u200eIDAMAR-Statistik-Grafiken-Touristen_s-451x300.webp 451w, https:\/\/www.idamargroup.com\/wp-content\/uploads\/2023\/09\/\u200eIDAMAR-Statistik-Grafiken-Touristen_s.webp 1280w\" sizes=\"(max-width: 1024px) 100vw, 1024px\" \/>\t\t\t\t\t\t\t\t\t\t\t\t\t\t\t<\/div>\n\t\t\t\t<\/div>\n\t\t\t\t\t<\/div>\n\t\t<\/div>\n\t\t\t\t<div class=\"elementor-column elementor-col-33 elementor-top-column elementor-element elementor-element-af9f33b\" data-id=\"af9f33b\" data-element_type=\"column\">\n\t\t\t<div class=\"elementor-widget-wrap elementor-element-populated\">\n\t\t\t\t\t\t<div class=\"elementor-element elementor-element-82e2db9 elementor-widget elementor-widget-heading\" data-id=\"82e2db9\" data-element_type=\"widget\" data-widget_type=\"heading.default\">\n\t\t\t\t<div class=\"elementor-widget-container\">\n\t\t\t\t\t<h4 class=\"elementor-heading-title elementor-size-default\">5 razones para invertir en la Rep\u00fablica Dominicana<\/h4>\t\t\t\t<\/div>\n\t\t\t\t<\/div>\n\t\t\t\t<div class=\"elementor-element elementor-element-f1c3d20 elementor-widget elementor-widget-text-editor\" data-id=\"f1c3d20\" data-element_type=\"widget\" data-widget_type=\"text-editor.default\">\n\t\t\t\t<div class=\"elementor-widget-container\">\n\t\t\t\t\t\t\t\t\t<p>1. \u201cLa Rep\u00fablica Dominicana es una de las econom\u00edas de m\u00e1s r\u00e1pido crecimiento en Am\u00e9rica Latina\u201d. Esto, sobre todo debido a una &#8212;<\/p>\t\t\t\t\t\t\t\t<\/div>\n\t\t\t\t<\/div>\n\t\t\t\t\t<\/div>\n\t\t<\/div>\n\t\t\t\t<div class=\"elementor-column elementor-col-33 elementor-top-column elementor-element elementor-element-8a79f49\" data-id=\"8a79f49\" data-element_type=\"column\">\n\t\t\t<div class=\"elementor-widget-wrap elementor-element-populated\">\n\t\t\t\t\t\t<div class=\"elementor-element elementor-element-46a4ac3 elementor-align-center elementor-widget elementor-widget-button\" data-id=\"46a4ac3\" data-element_type=\"widget\" data-widget_type=\"button.default\">\n\t\t\t\t<div class=\"elementor-widget-container\">\n\t\t\t\t\t\t\t\t\t<div class=\"elementor-button-wrapper\">\n\t\t\t\t\t<a class=\"elementor-button elementor-button-link elementor-size-xs elementor-animation-grow\" href=\"https:\/\/www.idamargroup.com\/es\/5-razones-para-invertir-en-la-republica-dominicana\/\">\n\t\t\t\t\t\t<span class=\"elementor-button-content-wrapper\">\n\t\t\t\t\t\t\t\t\t<span class=\"elementor-button-text\">M\u00e1s ...<\/span>\n\t\t\t\t\t<\/span>\n\t\t\t\t\t<\/a>\n\t\t\t\t<\/div>\n\t\t\t\t\t\t\t\t<\/div>\n\t\t\t\t<\/div>\n\t\t\t\t\t<\/div>\n\t\t<\/div>\n\t\t\t\t\t<\/div>\n\t\t<\/section>\n\t\t\t\t<section class=\"elementor-section elementor-top-section elementor-element elementor-element-7ea88a3 elementor-section-content-middle elementor-section-boxed elementor-section-height-default elementor-section-height-default wpr-particle-no wpr-jarallax-no wpr-parallax-no wpr-sticky-section-no\" data-id=\"7ea88a3\" data-element_type=\"section\">\n\t\t\t\t\t\t<div class=\"elementor-container elementor-column-gap-default\">\n\t\t\t\t\t<div class=\"elementor-column elementor-col-33 elementor-top-column elementor-element elementor-element-529558b\" data-id=\"529558b\" data-element_type=\"column\">\n\t\t\t<div class=\"elementor-widget-wrap elementor-element-populated\">\n\t\t\t\t\t\t<div class=\"elementor-element elementor-element-f23f4b0 animated-slow elementor-invisible elementor-widget elementor-widget-image\" data-id=\"f23f4b0\" data-element_type=\"widget\" data-settings=\"{&quot;_animation&quot;:&quot;fadeIn&quot;}\" data-widget_type=\"image.default\">\n\t\t\t\t<div class=\"elementor-widget-container\">\n\t\t\t\t\t\t\t\t\t\t\t\t\t\t\t<img decoding=\"async\" width=\"1024\" height=\"682\" src=\"https:\/\/www.idamargroup.com\/wp-content\/uploads\/2023\/09\/IDAMAR-Collaboration-Dominican-Republic-1024x682.webp\" class=\"attachment-large size-large wp-image-58866\" alt=\"IDAMAR Collaboration\" srcset=\"https:\/\/www.idamargroup.com\/wp-content\/uploads\/2023\/09\/IDAMAR-Collaboration-Dominican-Republic-1024x682.webp 1024w, https:\/\/www.idamargroup.com\/wp-content\/uploads\/2023\/09\/IDAMAR-Collaboration-Dominican-Republic-300x200.webp 300w, https:\/\/www.idamargroup.com\/wp-content\/uploads\/2023\/09\/IDAMAR-Collaboration-Dominican-Republic-768x512.webp 768w, https:\/\/www.idamargroup.com\/wp-content\/uploads\/2023\/09\/IDAMAR-Collaboration-Dominican-Republic-450x300.webp 450w, https:\/\/www.idamargroup.com\/wp-content\/uploads\/2023\/09\/IDAMAR-Collaboration-Dominican-Republic.webp 1280w\" sizes=\"(max-width: 1024px) 100vw, 1024px\" \/>\t\t\t\t\t\t\t\t\t\t\t\t\t\t\t<\/div>\n\t\t\t\t<\/div>\n\t\t\t\t\t<\/div>\n\t\t<\/div>\n\t\t\t\t<div class=\"elementor-column elementor-col-33 elementor-top-column elementor-element elementor-element-cd7a055\" data-id=\"cd7a055\" data-element_type=\"column\">\n\t\t\t<div class=\"elementor-widget-wrap elementor-element-populated\">\n\t\t\t\t\t\t<div class=\"elementor-element elementor-element-3ecc6aa elementor-widget elementor-widget-heading\" data-id=\"3ecc6aa\" data-element_type=\"widget\" data-widget_type=\"heading.default\">\n\t\t\t\t<div class=\"elementor-widget-container\">\n\t\t\t\t\t<h4 class=\"elementor-heading-title elementor-size-default\">5 RAZONES para colaborar con IDAMAR<\/h4>\t\t\t\t<\/div>\n\t\t\t\t<\/div>\n\t\t\t\t<div class=\"elementor-element elementor-element-c6d15c8 elementor-widget elementor-widget-text-editor\" data-id=\"c6d15c8\" data-element_type=\"widget\" data-widget_type=\"text-editor.default\">\n\t\t\t\t<div class=\"elementor-widget-container\">\n\t\t\t\t\t\t\t\t\t<p>1. IDAMAR sigue los principios inquebrantables de la calidad suiza, la fiabilidad alemana y el conocimiento nativo&#8230;<\/p>\t\t\t\t\t\t\t\t<\/div>\n\t\t\t\t<\/div>\n\t\t\t\t\t<\/div>\n\t\t<\/div>\n\t\t\t\t<div class=\"elementor-column elementor-col-33 elementor-top-column elementor-element elementor-element-9dd56ed\" data-id=\"9dd56ed\" data-element_type=\"column\">\n\t\t\t<div class=\"elementor-widget-wrap elementor-element-populated\">\n\t\t\t\t\t\t<div class=\"elementor-element elementor-element-58ef4fd elementor-align-center elementor-widget elementor-widget-button\" data-id=\"58ef4fd\" data-element_type=\"widget\" data-widget_type=\"button.default\">\n\t\t\t\t<div class=\"elementor-widget-container\">\n\t\t\t\t\t\t\t\t\t<div class=\"elementor-button-wrapper\">\n\t\t\t\t\t<a class=\"elementor-button elementor-button-link elementor-size-xs elementor-animation-grow\" href=\"http:\/\/www.idamargroup.com\/5-reasons-for-collaboration-with-idamar\/\">\n\t\t\t\t\t\t<span class=\"elementor-button-content-wrapper\">\n\t\t\t\t\t\t\t\t\t<span class=\"elementor-button-text\">M\u00e1s ...<\/span>\n\t\t\t\t\t<\/span>\n\t\t\t\t\t<\/a>\n\t\t\t\t<\/div>\n\t\t\t\t\t\t\t\t<\/div>\n\t\t\t\t<\/div>\n\t\t\t\t\t<\/div>\n\t\t<\/div>\n\t\t\t\t\t<\/div>\n\t\t<\/section>\n\t\t\t\t<\/div>\n\t\t","protected":false},"excerpt":{"rendered":"<p>Los expertos han considerado recientemente a la Rep\u00fablica Dominicana como un consejo interno para cualquiera que quiera darle la espalda a Europa. Aqu\u00ed encuentre los razones por que.<\/p>\n","protected":false},"author":1,"featured_media":58279,"parent":0,"menu_order":0,"comment_status":"closed","ping_status":"closed","template":"","meta":{"footnotes":""},"categories":[],"tags":[],"class_list":["post-4623","page","type-page","status-publish","has-post-thumbnail","hentry"],"featured_image_src":"https:\/\/www.idamargroup.com\/wp-content\/uploads\/2023\/08\/IDAMAR-Republica-Dominicana-razones.webp","_links":{"self":[{"href":"https:\/\/www.idamargroup.com\/es\/wp-json\/wp\/v2\/pages\/4623","targetHints":{"allow":["GET"]}}],"collection":[{"href":"https:\/\/www.idamargroup.com\/es\/wp-json\/wp\/v2\/pages"}],"about":[{"href":"https:\/\/www.idamargroup.com\/es\/wp-json\/wp\/v2\/types\/page"}],"author":[{"embeddable":true,"href":"https:\/\/www.idamargroup.com\/es\/wp-json\/wp\/v2\/users\/1"}],"replies":[{"embeddable":true,"href":"https:\/\/www.idamargroup.com\/es\/wp-json\/wp\/v2\/comments?post=4623"}],"version-history":[{"count":47,"href":"https:\/\/www.idamargroup.com\/es\/wp-json\/wp\/v2\/pages\/4623\/revisions"}],"predecessor-version":[{"id":61896,"href":"https:\/\/www.idamargroup.com\/es\/wp-json\/wp\/v2\/pages\/4623\/revisions\/61896"}],"wp:featuredmedia":[{"embeddable":true,"href":"https:\/\/www.idamargroup.com\/es\/wp-json\/wp\/v2\/media\/58279"}],"wp:attachment":[{"href":"https:\/\/www.idamargroup.com\/es\/wp-json\/wp\/v2\/media?parent=4623"}],"wp:term":[{"taxonomy":"category","embeddable":true,"href":"https:\/\/www.idamargroup.com\/es\/wp-json\/wp\/v2\/categories?post=4623"},{"taxonomy":"post_tag","embeddable":true,"href":"https:\/\/www.idamargroup.com\/es\/wp-json\/wp\/v2\/tags?post=4623"}],"curies":[{"name":"wp","href":"https:\/\/api.w.org\/{rel}","templated":true}]}}