{"id":4612,"date":"2022-10-09T17:20:13","date_gmt":"2022-10-09T17:20:13","guid":{"rendered":"https:\/\/www.idamargroup.com\/5-razones-para-vivir-en-la-republica-dominicana\/"},"modified":"2024-02-09T23:58:09","modified_gmt":"2024-02-09T23:58:09","slug":"5-razones-para-vivir-en-la-republica-dominicana","status":"publish","type":"page","link":"https:\/\/www.idamargroup.com\/es\/5-razones-para-vivir-en-la-republica-dominicana\/","title":{"rendered":"5 razones para vivir en la Rep\u00fablica Dominicana"},"content":{"rendered":"\t\t<div data-elementor-type=\"wp-page\" data-elementor-id=\"4612\" class=\"elementor elementor-4612 elementor-3651\">\n\t\t\t\t\t\t<section class=\"elementor-section elementor-top-section elementor-element elementor-element-10c9b4191 elementor-section-boxed elementor-section-height-default elementor-section-height-default wpr-particle-no wpr-jarallax-no wpr-parallax-no wpr-sticky-section-no\" data-id=\"10c9b4191\" data-element_type=\"section\">\n\t\t\t\t\t\t<div class=\"elementor-container elementor-column-gap-default\">\n\t\t\t\t\t<div class=\"elementor-column elementor-col-100 elementor-top-column elementor-element elementor-element-f0ace83\" data-id=\"f0ace83\" data-element_type=\"column\">\n\t\t\t<div class=\"elementor-widget-wrap elementor-element-populated\">\n\t\t\t\t\t\t<div class=\"elementor-element elementor-element-632507f wpr-main-menu-align-center wpr-pointer-none wpr-main-menu-align--tabletleft wpr-main-menu-align--mobileleft wpr-sub-icon-caret-down wpr-sub-menu-fx-fade wpr-nav-menu-bp-mobile wpr-mobile-menu-full-width wpr-mobile-menu-item-align-center wpr-mobile-toggle-v1 wpr-sub-divider-yes wpr-mobile-divider-yes elementor-widget elementor-widget-wpr-nav-menu\" data-id=\"632507f\" data-element_type=\"widget\" data-settings=\"{&quot;menu_layout&quot;:&quot;horizontal&quot;}\" data-widget_type=\"wpr-nav-menu.default\">\n\t\t\t\t<div class=\"elementor-widget-container\">\n\t\t\t\t\t<nav class=\"wpr-nav-menu-container wpr-nav-menu-horizontal\" data-trigger=\"hover\"><ul id=\"menu-1-632507f\" class=\"wpr-nav-menu\"><li class=\"menu-item menu-item-type-post_type menu-item-object-page menu-item-4035\"><a href=\"https:\/\/www.idamargroup.com\/5-reasons-investing-in-the-dominican-republic\/\" class=\"wpr-menu-item wpr-pointer-item\">5 razones para invertir en la Rep\u00fablica Dominicana<\/a><\/li>\n<li class=\"menu-item menu-item-type-post_type menu-item-object-page menu-item-4034\"><a href=\"https:\/\/www.idamargroup.com\/5-reasons-for-living-in-the-dominican-republic\/\" class=\"wpr-menu-item wpr-pointer-item\">5 razones para vivir en la Rep\u00fablica Dominicana<\/a><\/li>\n<li class=\"menu-item menu-item-type-post_type menu-item-object-page menu-item-4033\"><a href=\"https:\/\/www.idamargroup.com\/5-reasons-for-collaboration-with-idamar\/\" class=\"wpr-menu-item wpr-pointer-item\">5 razones para trabajar con IDAMAR<\/a><\/li>\n<\/ul><\/nav><nav class=\"wpr-mobile-nav-menu-container\"><div class=\"wpr-mobile-toggle-wrap\"><div class=\"wpr-mobile-toggle\"><span class=\"wpr-mobile-toggle-line\"><\/span><span class=\"wpr-mobile-toggle-line\"><\/span><span class=\"wpr-mobile-toggle-line\"><\/span><\/div><\/div><ul id=\"mobile-menu-2-632507f\" class=\"wpr-mobile-nav-menu\"><li class=\"menu-item menu-item-type-post_type menu-item-object-page menu-item-4035\"><a href=\"https:\/\/www.idamargroup.com\/5-reasons-investing-in-the-dominican-republic\/\" class=\"wpr-mobile-menu-item\">5 razones para invertir en la Rep\u00fablica Dominicana<\/a><\/li>\n<li class=\"menu-item menu-item-type-post_type menu-item-object-page menu-item-4034\"><a href=\"https:\/\/www.idamargroup.com\/5-reasons-for-living-in-the-dominican-republic\/\" class=\"wpr-mobile-menu-item\">5 razones para vivir en la Rep\u00fablica Dominicana<\/a><\/li>\n<li class=\"menu-item menu-item-type-post_type menu-item-object-page menu-item-4033\"><a href=\"https:\/\/www.idamargroup.com\/5-reasons-for-collaboration-with-idamar\/\" class=\"wpr-mobile-menu-item\">5 razones para trabajar con IDAMAR<\/a><\/li>\n<\/ul><\/nav>\t\t\t\t<\/div>\n\t\t\t\t<\/div>\n\t\t\t\t\t<\/div>\n\t\t<\/div>\n\t\t\t\t\t<\/div>\n\t\t<\/section>\n\t\t\t\t<section class=\"elementor-section elementor-top-section elementor-element elementor-element-68813ce elementor-section-boxed elementor-section-height-default elementor-section-height-default wpr-particle-no wpr-jarallax-no wpr-parallax-no wpr-sticky-section-no\" data-id=\"68813ce\" data-element_type=\"section\">\n\t\t\t\t\t\t<div class=\"elementor-container elementor-column-gap-default\">\n\t\t\t\t\t<div class=\"elementor-column elementor-col-50 elementor-top-column elementor-element elementor-element-5068375\" data-id=\"5068375\" data-element_type=\"column\">\n\t\t\t<div class=\"elementor-widget-wrap elementor-element-populated\">\n\t\t\t\t\t\t<div class=\"elementor-element elementor-element-cd273e4 elementor-widget elementor-widget-heading\" data-id=\"cd273e4\" data-element_type=\"widget\" data-widget_type=\"heading.default\">\n\t\t\t\t<div class=\"elementor-widget-container\">\n\t\t\t\t\t<h4 class=\"elementor-heading-title elementor-size-default\">1. Dulzura, amabilidad y franqueza de la Rep\u00fablica Dominicana<\/h4>\t\t\t\t<\/div>\n\t\t\t\t<\/div>\n\t\t\t\t\t<\/div>\n\t\t<\/div>\n\t\t\t\t<div class=\"elementor-column elementor-col-50 elementor-top-column elementor-element elementor-element-b5b9f42\" data-id=\"b5b9f42\" data-element_type=\"column\">\n\t\t\t<div class=\"elementor-widget-wrap elementor-element-populated\">\n\t\t\t\t\t\t<div class=\"elementor-element elementor-element-5b1f3c9 elementor-widget elementor-widget-text-editor\" data-id=\"5b1f3c9\" data-element_type=\"widget\" data-widget_type=\"text-editor.default\">\n\t\t\t\t<div class=\"elementor-widget-container\">\n\t\t\t\t\t\t\t\t\t<figure id=\"attachment_3660\" aria-describedby=\"caption-attachment-3660\" style=\"width: 250px\" class=\"wp-caption alignleft\"><img decoding=\"async\" class=\"wp-image-3660\" src=\"http:\/\/www.idamargroup.com\/wp-content\/uploads\/2022\/10\/dominican-republic-people.webp\" alt=\"Dominicanos \" width=\"250\" height=\"167\" srcset=\"https:\/\/www.idamargroup.com\/wp-content\/uploads\/2022\/10\/dominican-republic-people.webp 800w, https:\/\/www.idamargroup.com\/wp-content\/uploads\/2022\/10\/dominican-republic-people-300x200.webp 300w, https:\/\/www.idamargroup.com\/wp-content\/uploads\/2022\/10\/dominican-republic-people-768x512.webp 768w, https:\/\/www.idamargroup.com\/wp-content\/uploads\/2022\/10\/dominican-republic-people-450x300.webp 450w\" sizes=\"(max-width: 250px) 100vw, 250px\" \/><figcaption id=\"caption-attachment-3660\" class=\"wp-caption-text\">Dominicanos<\/figcaption><\/figure>\n<p>La gente de la Rep\u00fablica Dominicana se caracteriza por su hospitalidad, franqueza y simpat\u00eda natural y genuina. Su dulzura se puede sentir en todas partes. La chispeante vitalidad tambi\u00e9n tiene su origen en las ra\u00edces mixtas de \u00c1frica y Europa, Asia, Medio Oriente y, por supuesto, los indios ta\u00ednos. El pa\u00eds es un fascinante crisol de diferentes culturas. Esto se refleja en la cocina, la m\u00fasica, las fiestas y las tradiciones. R\u00e1pidamente se har\u00e1 amigo de los compatriotas. Puede encontrar m\u00e1s informaci\u00f3n sobre la gente de la Rep\u00fablica Dominicana <a href=\"http:\/\/www.idamargroup.com\/das-land\/\">aqu\u00ed<\/a>.<\/p>\n\t\t\t\t\t\t\t\t<\/div>\n\t\t\t\t<\/div>\n\t\t\t\t\t<\/div>\n\t\t<\/div>\n\t\t\t\t\t<\/div>\n\t\t<\/section>\n\t\t\t\t<section class=\"elementor-section elementor-top-section elementor-element elementor-element-8a145dc elementor-section-boxed elementor-section-height-default elementor-section-height-default wpr-particle-no wpr-jarallax-no wpr-parallax-no wpr-sticky-section-no\" data-id=\"8a145dc\" data-element_type=\"section\">\n\t\t\t\t\t\t<div class=\"elementor-container elementor-column-gap-default\">\n\t\t\t\t\t<div class=\"elementor-column elementor-col-50 elementor-top-column elementor-element elementor-element-94722a8\" data-id=\"94722a8\" data-element_type=\"column\">\n\t\t\t<div class=\"elementor-widget-wrap elementor-element-populated\">\n\t\t\t\t\t\t<div class=\"elementor-element elementor-element-10656af elementor-widget elementor-widget-heading\" data-id=\"10656af\" data-element_type=\"widget\" data-widget_type=\"heading.default\">\n\t\t\t\t<div class=\"elementor-widget-container\">\n\t\t\t\t\t<h4 class=\"elementor-heading-title elementor-size-default\">2. Naturaleza indescriptible de la Rep\u00fablica Dominicana<\/h4>\t\t\t\t<\/div>\n\t\t\t\t<\/div>\n\t\t\t\t\t<\/div>\n\t\t<\/div>\n\t\t\t\t<div class=\"elementor-column elementor-col-50 elementor-top-column elementor-element elementor-element-feb893f\" data-id=\"feb893f\" data-element_type=\"column\">\n\t\t\t<div class=\"elementor-widget-wrap elementor-element-populated\">\n\t\t\t\t\t\t<div class=\"elementor-element elementor-element-274bd6d elementor-widget elementor-widget-text-editor\" data-id=\"274bd6d\" data-element_type=\"widget\" data-widget_type=\"text-editor.default\">\n\t\t\t\t<div class=\"elementor-widget-container\">\n\t\t\t\t\t\t\t\t\t<figure id=\"attachment_3663\" aria-describedby=\"caption-attachment-3663\" style=\"width: 250px\" class=\"wp-caption alignright\"><img decoding=\"async\" class=\"wp-image-3663\" src=\"http:\/\/www.idamargroup.com\/wp-content\/uploads\/2022\/10\/dominican-republic-landscape_s.webp\" alt=\"Paisaje de Rep\u00fablica Dominicana\" width=\"250\" height=\"188\" srcset=\"https:\/\/www.idamargroup.com\/wp-content\/uploads\/2022\/10\/dominican-republic-landscape_s.webp 1000w, https:\/\/www.idamargroup.com\/wp-content\/uploads\/2022\/10\/dominican-republic-landscape_s-300x225.webp 300w, https:\/\/www.idamargroup.com\/wp-content\/uploads\/2022\/10\/dominican-republic-landscape_s-768x576.webp 768w, https:\/\/www.idamargroup.com\/wp-content\/uploads\/2022\/10\/dominican-republic-landscape_s-400x300.webp 400w\" sizes=\"(max-width: 250px) 100vw, 250px\" \/><figcaption id=\"caption-attachment-3663\" class=\"wp-caption-text\">Impresionantes vistas en todo el pa\u00eds<\/figcaption><\/figure>\n<p>Sin falta, la naturaleza es uno de los argumentos m\u00e1s impresionantes para la Rep\u00fablica Dominicana. En la Rep\u00fablica Dominicana encontrar\u00e1 la que probablemente sea la mayor variedad de paisajes diferentes de todo el Caribe. Las soleadas playas de arena y las monta\u00f1as refrescantemente frescas, con pueblos que se encuentran a m\u00e1s de 500 m sobre el nivel del mar, est\u00e1n muy cerca. La franja costera conocida en todo el mundo ofrece m\u00e1s de 1,600 kil\u00f3metros de playas incre\u00edblemente hermosas y de f\u00e1cil acceso. Sin embargo, la rep\u00fablica se caracteriza por paisajes monta\u00f1osos.<br \/>M\u00e1s del 25% del territorio nacional son \u00e1reas protegidas, pero en su mayor\u00eda de f\u00e1cil acceso. Exuberantes valles, bosques nubosos, parques nacionales terrestres y submarinos, r\u00edos, imponentes cascadas, islas de coral, cuevas de la \u00e9poca de los ta\u00ednos escondidas en lo profundo de la densa selva tropical, bosques de pinos, todo esto se puede encontrar en la isla. El lago de agua salada \u00abLago Enriquillo\u00bb, m\u00e1s grande que Manhattan, se encuentra a 40 m bajo el nivel del mar y, por lo tanto, marca el punto m\u00e1s bajo del Caribe. ncluso los conocedores de otras zonas de clima tropical quedar\u00e1n asombrados con esta variedad. Hemos reunido algunos de los lugares m\u00e1s impresionantes <a href=\"http:\/\/www.idamargroup.com\/das-land\/\" target=\"_blank\" rel=\"noopener\">aqu\u00ed<\/a>.<\/p>\n\t\t\t\t\t\t\t\t<\/div>\n\t\t\t\t<\/div>\n\t\t\t\t\t<\/div>\n\t\t<\/div>\n\t\t\t\t\t<\/div>\n\t\t<\/section>\n\t\t\t\t<section class=\"elementor-section elementor-top-section elementor-element elementor-element-31ded0e elementor-section-boxed elementor-section-height-default elementor-section-height-default wpr-particle-no wpr-jarallax-no wpr-parallax-no wpr-sticky-section-no\" data-id=\"31ded0e\" data-element_type=\"section\">\n\t\t\t\t\t\t<div class=\"elementor-container elementor-column-gap-default\">\n\t\t\t\t\t<div class=\"elementor-column elementor-col-50 elementor-top-column elementor-element elementor-element-ecd274e\" data-id=\"ecd274e\" data-element_type=\"column\">\n\t\t\t<div class=\"elementor-widget-wrap elementor-element-populated\">\n\t\t\t\t\t\t<div class=\"elementor-element elementor-element-4f70f32 elementor-widget elementor-widget-heading\" data-id=\"4f70f32\" data-element_type=\"widget\" data-widget_type=\"heading.default\">\n\t\t\t\t<div class=\"elementor-widget-container\">\n\t\t\t\t\t<h4 class=\"elementor-heading-title elementor-size-default\">3. \u00c1nimo caribe\u00f1o \u00fanico<\/h4>\t\t\t\t<\/div>\n\t\t\t\t<\/div>\n\t\t\t\t\t<\/div>\n\t\t<\/div>\n\t\t\t\t<div class=\"elementor-column elementor-col-50 elementor-top-column elementor-element elementor-element-419c9cd\" data-id=\"419c9cd\" data-element_type=\"column\">\n\t\t\t<div class=\"elementor-widget-wrap elementor-element-populated\">\n\t\t\t\t\t\t<div class=\"elementor-element elementor-element-68bd444 elementor-widget elementor-widget-text-editor\" data-id=\"68bd444\" data-element_type=\"widget\" data-widget_type=\"text-editor.default\">\n\t\t\t\t<div class=\"elementor-widget-container\">\n\t\t\t\t\t\t\t\t\t<p>Describir el ambiente y el estilo de vida caribe\u00f1os en la Rep\u00fablica Dominicana siempre lleva a una mala ejecuci\u00f3n. Es una sensaci\u00f3n que s\u00f3lo puede aparecer cuando est\u00e1 all\u00ed. Todos los que han estado all\u00ed conocen este sentimiento y la mayor\u00eda de la gente anhela poder sentirlo una y otra vez. Ni siquiera queremos tratar de describirlo en este punto. Ven al sitio y lo entender\u00e1.<\/p>\n\t\t\t\t\t\t\t\t<\/div>\n\t\t\t\t<\/div>\n\t\t\t\t\t<\/div>\n\t\t<\/div>\n\t\t\t\t\t<\/div>\n\t\t<\/section>\n\t\t\t\t<section class=\"elementor-section elementor-top-section elementor-element elementor-element-84978e0 elementor-section-boxed elementor-section-height-default elementor-section-height-default wpr-particle-no wpr-jarallax-no wpr-parallax-no wpr-sticky-section-no\" data-id=\"84978e0\" data-element_type=\"section\">\n\t\t\t\t\t\t<div class=\"elementor-container elementor-column-gap-default\">\n\t\t\t\t\t<div class=\"elementor-column elementor-col-50 elementor-top-column elementor-element elementor-element-c8389d6\" data-id=\"c8389d6\" data-element_type=\"column\">\n\t\t\t<div class=\"elementor-widget-wrap elementor-element-populated\">\n\t\t\t\t\t\t<div class=\"elementor-element elementor-element-bd381d2 elementor-widget elementor-widget-heading\" data-id=\"bd381d2\" data-element_type=\"widget\" data-widget_type=\"heading.default\">\n\t\t\t\t<div class=\"elementor-widget-container\">\n\t\t\t\t\t<h4 class=\"elementor-heading-title elementor-size-default\">4. Excelente atenci\u00f3n m\u00e9dica<\/h4>\t\t\t\t<\/div>\n\t\t\t\t<\/div>\n\t\t\t\t\t<\/div>\n\t\t<\/div>\n\t\t\t\t<div class=\"elementor-column elementor-col-50 elementor-top-column elementor-element elementor-element-5259393\" data-id=\"5259393\" data-element_type=\"column\">\n\t\t\t<div class=\"elementor-widget-wrap elementor-element-populated\">\n\t\t\t\t\t\t<div class=\"elementor-element elementor-element-7a30f9a elementor-widget elementor-widget-text-editor\" data-id=\"7a30f9a\" data-element_type=\"widget\" data-widget_type=\"text-editor.default\">\n\t\t\t\t<div class=\"elementor-widget-container\">\n\t\t\t\t\t\t\t\t\t<p data-wp-editing=\"1\"><strong data-wp-editing=\"1\"><img decoding=\"async\" class=\"alignleft wp-image-3925\" src=\"https:\/\/www.idamargroup.com\/wp-content\/uploads\/2022\/10\/idamar-dominican-republic-health-300x200.webp\" alt=\"Salud Rep\u00fablica Dominicana\" width=\"250\" height=\"167\" srcset=\"https:\/\/www.idamargroup.com\/wp-content\/uploads\/2022\/10\/idamar-dominican-republic-health-300x200.webp 300w, https:\/\/www.idamargroup.com\/wp-content\/uploads\/2022\/10\/idamar-dominican-republic-health-768x512.webp 768w, https:\/\/www.idamargroup.com\/wp-content\/uploads\/2022\/10\/idamar-dominican-republic-health-450x300.webp 450w, https:\/\/www.idamargroup.com\/wp-content\/uploads\/2022\/10\/idamar-dominican-republic-health.webp 1000w\" sizes=\"(max-width: 250px) 100vw, 250px\" \/><\/strong>La atenci\u00f3n m\u00e9dica muy profesional en el lugar a menudo se subestima por completo. El mismo hecho de que los ciudadanos extranjeros de todo el mundo tengan requisitos muy altos para la atenci\u00f3n m\u00e9dica asegura un ajuste constante a los m\u00e1s altos est\u00e1ndares globales, tambi\u00e9n combinado con m\u00e9todos de curaci\u00f3n alternativos.<\/p>\n<div class=\"module--translations-translatedtext js-module--translations-translatedtext is-placeholder\" data-size=\"s\">Santo Domingo cuenta con excelentes hospitales y cl\u00ednicas privadas con tecnolog\u00eda y amenidades de clase mundial. Esto tambi\u00e9n es v\u00e1lido para la otra gran ciudad de la Rep\u00fablica Dominicana, Santiago. La mayor\u00eda de sus empleados son biling\u00fces y la mayor\u00eda de ellos han tenido una muy buena educaci\u00f3n en los Estados Unidos. Estos hospitales incluso realizar\u00e1n trasplantes de \u00f3rganos y otras cirug\u00edas importantes. Tambi\u00e9n tienen buena atenci\u00f3n psiqui\u00e1trica. Muchas \u00e1reas tur\u00edsticas importantes, como la Zona Colonial de Santo Domingo, Puerto Plata, Punta Cana y Sos\u00faa, cuentan con instalaciones de primer nivel. Ofrecen algunos de los mejores servicios de salud en la Rep\u00fablica Dominicana para expatriados. Si bien estas instalaciones no son tan grandes como las de Santo Domingo y Santiago, a\u00fan cuentan con todas las comodidades y tecnolog\u00eda. Sin embargo, ofrecen atenci\u00f3n de calidad y el personal en su mayor\u00eda habla ingl\u00e9s.<\/div>\n\t\t\t\t\t\t\t\t<\/div>\n\t\t\t\t<\/div>\n\t\t\t\t\t<\/div>\n\t\t<\/div>\n\t\t\t\t\t<\/div>\n\t\t<\/section>\n\t\t\t\t<section class=\"elementor-section elementor-top-section elementor-element elementor-element-f8b4d4d elementor-section-boxed elementor-section-height-default elementor-section-height-default wpr-particle-no wpr-jarallax-no wpr-parallax-no wpr-sticky-section-no\" data-id=\"f8b4d4d\" data-element_type=\"section\">\n\t\t\t\t\t\t<div class=\"elementor-container elementor-column-gap-default\">\n\t\t\t\t\t<div class=\"elementor-column elementor-col-50 elementor-top-column elementor-element elementor-element-36a7340\" data-id=\"36a7340\" data-element_type=\"column\">\n\t\t\t<div class=\"elementor-widget-wrap elementor-element-populated\">\n\t\t\t\t\t\t<div class=\"elementor-element elementor-element-ef9ee06 elementor-widget elementor-widget-heading\" data-id=\"ef9ee06\" data-element_type=\"widget\" data-widget_type=\"heading.default\">\n\t\t\t\t<div class=\"elementor-widget-container\">\n\t\t\t\t\t<h4 class=\"elementor-heading-title elementor-size-default\">5. Bajo costo de vida<\/h4>\t\t\t\t<\/div>\n\t\t\t\t<\/div>\n\t\t\t\t\t<\/div>\n\t\t<\/div>\n\t\t\t\t<div class=\"elementor-column elementor-col-50 elementor-top-column elementor-element elementor-element-a96a947\" data-id=\"a96a947\" data-element_type=\"column\">\n\t\t\t<div class=\"elementor-widget-wrap elementor-element-populated\">\n\t\t\t\t\t\t<div class=\"elementor-element elementor-element-752701e elementor-widget elementor-widget-text-editor\" data-id=\"752701e\" data-element_type=\"widget\" data-widget_type=\"text-editor.default\">\n\t\t\t\t<div class=\"elementor-widget-container\">\n\t\t\t\t\t\t\t\t\t<p>\u00bfSab\u00eda que el \u00edndice del costo de vida se basa en los valores de la ciudad de Nueva York? Por lo tanto, esta ciudad representa el valor 100 (%) en una comparaci\u00f3n internacional. El \u00edndice del costo de vida (sin alquiler) en la Rep\u00fablica Dominicana es (a septiembre de 2022) 42,53<sup>%<\/sup><span id='easy-footnote-1-4612' class='easy-footnote-margin-adjust'><\/span><span class='easy-footnote'><a href='https:\/\/www.idamargroup.com\/es\/5-razones-para-vivir-en-la-republica-dominicana\/#easy-footnote-bottom-1-4612' title='&lt;a href=&quot;https:\/\/de.numbeo.com\/lebenshaltungskosten\/land\/Dominikanische-Republik&quot;&gt;https:\/\/de.numbeo.com\/lebenshaltungskosten\/land\/Dominikanische-Republik&lt;\/a&gt;'><sup>1<\/sup><\/a><\/span>, que es aproximadamente comparable a Portugal. Para comparacion: <span id='easy-footnote-2-4612' class='easy-footnote-margin-adjust'><\/span><span class='easy-footnote'><a href='https:\/\/www.idamargroup.com\/es\/5-razones-para-vivir-en-la-republica-dominicana\/#easy-footnote-bottom-2-4612' title='&lt;a href=&quot;https:\/\/de.numbeo.com\/lebenshaltungskosten\/ranking-nach-land?region=150&amp;amp;title=2022-mid&quot;&gt;https:\/\/de.numbeo.com\/lebenshaltungskosten\/ranking-nach-land?region=150&amp;amp;title=2022-mid&lt;\/a&gt;'><sup>2<\/sup><\/a><\/span>:<\/p>\n<ol>\n<li style=\"list-style-type: none;\">\n<ol>\n<li>Espa\u00f1a: 47.51%<\/li>\n<li>Francia: 65,5%<\/li>\n<li>Alemania: 59.62% (strong upward trend)<\/li>\n<li>Suiza: 110%<\/li>\n<\/ol>\n<\/li>\n<\/ol>\n<p>La \u00faltima <a href=\"https:\/\/www.mercer.us\/newsroom\/cost-of-living-survey-2022.html\" target=\"_blank\" rel=\"noopener\">Mercer Cost<\/a> of Living investigaci\u00f3n 2022<span id='easy-footnote-3-4612' class='easy-footnote-margin-adjust'><\/span><span class='easy-footnote'><a href=\"https:\/\/www.idamargroup.com\/es\/5-razones-para-vivir-en-la-republica-dominicana\/#easy-footnote-bottom-3-4612\" title=\"&lt;a href=&quot;https:\/\/www.mercer.us\/newsroom\/cost-of-living-survey-2022.html&quot;&gt;https:\/\/www.mercer.us\/newsroom\/cost-of-living-survey-2022.html&lt;\/a&gt;\"><sup>3<\/sup><\/a><\/span>muestra que la Rep\u00fablica Dominicana ocupa el puesto 173 de 227. Puede beneficiarse de esto.<\/p>\n<p>La isla tambi\u00e9n tiene muchas oportunidades de trabajo. Quienes vienen a la isla a trabajar suelen trabajar en embajadas, ONG, escuelas internacionales y f\u00e1bricas de zonas francas.<\/p>\n\t\t\t\t\t\t\t\t<\/div>\n\t\t\t\t<\/div>\n\t\t\t\t\t<\/div>\n\t\t<\/div>\n\t\t\t\t\t<\/div>\n\t\t<\/section>\n\t\t\t\t<section class=\"elementor-section elementor-top-section elementor-element elementor-element-74487a2 elementor-section-boxed elementor-section-height-default elementor-section-height-default wpr-particle-no wpr-jarallax-no wpr-parallax-no wpr-sticky-section-no\" data-id=\"74487a2\" data-element_type=\"section\">\n\t\t\t\t\t\t<div class=\"elementor-container elementor-column-gap-default\">\n\t\t\t\t\t<div class=\"elementor-column elementor-col-100 elementor-top-column elementor-element elementor-element-9aaec73\" data-id=\"9aaec73\" data-element_type=\"column\">\n\t\t\t<div class=\"elementor-widget-wrap elementor-element-populated\">\n\t\t\t\t\t\t<div class=\"elementor-element elementor-element-0bdf668 wpr-main-menu-align-center wpr-pointer-none wpr-main-menu-align--tabletleft wpr-main-menu-align--mobileleft wpr-sub-icon-caret-down wpr-sub-menu-fx-fade wpr-nav-menu-bp-mobile wpr-mobile-menu-full-width wpr-mobile-menu-item-align-center wpr-mobile-toggle-v1 wpr-sub-divider-yes wpr-mobile-divider-yes elementor-widget elementor-widget-wpr-nav-menu\" data-id=\"0bdf668\" data-element_type=\"widget\" data-settings=\"{&quot;menu_layout&quot;:&quot;horizontal&quot;}\" data-widget_type=\"wpr-nav-menu.default\">\n\t\t\t\t<div class=\"elementor-widget-container\">\n\t\t\t\t\t<nav class=\"wpr-nav-menu-container wpr-nav-menu-horizontal\" data-trigger=\"hover\"><ul id=\"menu-1-0bdf668\" class=\"wpr-nav-menu\"><li class=\"menu-item menu-item-type-post_type menu-item-object-page menu-item-4035\"><a href=\"https:\/\/www.idamargroup.com\/5-reasons-investing-in-the-dominican-republic\/\" class=\"wpr-menu-item wpr-pointer-item\">5 razones para invertir en la Rep\u00fablica Dominicana<\/a><\/li>\n<li class=\"menu-item menu-item-type-post_type menu-item-object-page menu-item-4034\"><a href=\"https:\/\/www.idamargroup.com\/5-reasons-for-living-in-the-dominican-republic\/\" class=\"wpr-menu-item wpr-pointer-item\">5 razones para vivir en la Rep\u00fablica Dominicana<\/a><\/li>\n<li class=\"menu-item menu-item-type-post_type menu-item-object-page menu-item-4033\"><a href=\"https:\/\/www.idamargroup.com\/5-reasons-for-collaboration-with-idamar\/\" class=\"wpr-menu-item wpr-pointer-item\">5 razones para trabajar con IDAMAR<\/a><\/li>\n<\/ul><\/nav><nav class=\"wpr-mobile-nav-menu-container\"><div class=\"wpr-mobile-toggle-wrap\"><div class=\"wpr-mobile-toggle\"><span class=\"wpr-mobile-toggle-line\"><\/span><span class=\"wpr-mobile-toggle-line\"><\/span><span class=\"wpr-mobile-toggle-line\"><\/span><\/div><\/div><ul id=\"mobile-menu-2-0bdf668\" class=\"wpr-mobile-nav-menu\"><li class=\"menu-item menu-item-type-post_type menu-item-object-page menu-item-4035\"><a href=\"https:\/\/www.idamargroup.com\/5-reasons-investing-in-the-dominican-republic\/\" class=\"wpr-mobile-menu-item\">5 razones para invertir en la Rep\u00fablica Dominicana<\/a><\/li>\n<li class=\"menu-item menu-item-type-post_type menu-item-object-page menu-item-4034\"><a href=\"https:\/\/www.idamargroup.com\/5-reasons-for-living-in-the-dominican-republic\/\" class=\"wpr-mobile-menu-item\">5 razones para vivir en la Rep\u00fablica Dominicana<\/a><\/li>\n<li class=\"menu-item menu-item-type-post_type menu-item-object-page menu-item-4033\"><a href=\"https:\/\/www.idamargroup.com\/5-reasons-for-collaboration-with-idamar\/\" class=\"wpr-mobile-menu-item\">5 razones para trabajar con IDAMAR<\/a><\/li>\n<\/ul><\/nav>\t\t\t\t<\/div>\n\t\t\t\t<\/div>\n\t\t\t\t\t<\/div>\n\t\t<\/div>\n\t\t\t\t\t<\/div>\n\t\t<\/section>\n\t\t\t\t<\/div>\n\t\t","protected":false},"excerpt":{"rendered":"<p>5 reasons for investing in the Dominican Republic 5 reasons for living in the Dominican Republic 5 reasons for a collaboration with IDAMAR 5 reasons &hellip;<\/p>\n","protected":false},"author":1,"featured_media":58314,"parent":0,"menu_order":0,"comment_status":"closed","ping_status":"closed","template":"","meta":{"footnotes":""},"categories":[160],"tags":[],"class_list":["post-4612","page","type-page","status-publish","has-post-thumbnail","hentry","category-5-razones"],"featured_image_src":"https:\/\/www.idamargroup.com\/wp-content\/uploads\/2023\/08\/IDAMAR-Vivir-en-la-republica-dominicana.webp","_links":{"self":[{"href":"https:\/\/www.idamargroup.com\/es\/wp-json\/wp\/v2\/pages\/4612","targetHints":{"allow":["GET"]}}],"collection":[{"href":"https:\/\/www.idamargroup.com\/es\/wp-json\/wp\/v2\/pages"}],"about":[{"href":"https:\/\/www.idamargroup.com\/es\/wp-json\/wp\/v2\/types\/page"}],"author":[{"embeddable":true,"href":"https:\/\/www.idamargroup.com\/es\/wp-json\/wp\/v2\/users\/1"}],"replies":[{"embeddable":true,"href":"https:\/\/www.idamargroup.com\/es\/wp-json\/wp\/v2\/comments?post=4612"}],"version-history":[{"count":15,"href":"https:\/\/www.idamargroup.com\/es\/wp-json\/wp\/v2\/pages\/4612\/revisions"}],"predecessor-version":[{"id":59936,"href":"https:\/\/www.idamargroup.com\/es\/wp-json\/wp\/v2\/pages\/4612\/revisions\/59936"}],"wp:featuredmedia":[{"embeddable":true,"href":"https:\/\/www.idamargroup.com\/es\/wp-json\/wp\/v2\/media\/58314"}],"wp:attachment":[{"href":"https:\/\/www.idamargroup.com\/es\/wp-json\/wp\/v2\/media?parent=4612"}],"wp:term":[{"taxonomy":"category","embeddable":true,"href":"https:\/\/www.idamargroup.com\/es\/wp-json\/wp\/v2\/categories?post=4612"},{"taxonomy":"post_tag","embeddable":true,"href":"https:\/\/www.idamargroup.com\/es\/wp-json\/wp\/v2\/tags?post=4612"}],"curies":[{"name":"wp","href":"https:\/\/api.w.org\/{rel}","templated":true}]}}