{"id":4597,"date":"2022-10-09T15:43:40","date_gmt":"2022-10-09T15:43:40","guid":{"rendered":"https:\/\/www.idamargroup.com\/5-razones-para-invertir-en-la-republica-dominicana\/"},"modified":"2023-08-31T23:58:57","modified_gmt":"2023-08-31T23:58:57","slug":"5-razones-para-invertir-en-la-republica-dominicana","status":"publish","type":"page","link":"https:\/\/www.idamargroup.com\/es\/5-razones-para-invertir-en-la-republica-dominicana\/","title":{"rendered":"5 razones para invertir en la Rep\u00fablica Dominicana"},"content":{"rendered":"\t\t<div data-elementor-type=\"wp-page\" data-elementor-id=\"4597\" class=\"elementor elementor-4597 elementor-3629\">\n\t\t\t\t\t\t<section class=\"elementor-section elementor-top-section elementor-element elementor-element-c757ede elementor-section-boxed elementor-section-height-default elementor-section-height-default wpr-particle-no wpr-jarallax-no wpr-parallax-no wpr-sticky-section-no\" data-id=\"c757ede\" data-element_type=\"section\">\n\t\t\t\t\t\t<div class=\"elementor-container elementor-column-gap-default\">\n\t\t\t\t\t<div class=\"elementor-column elementor-col-100 elementor-top-column elementor-element elementor-element-e2666f5\" data-id=\"e2666f5\" data-element_type=\"column\">\n\t\t\t<div class=\"elementor-widget-wrap elementor-element-populated\">\n\t\t\t\t\t\t<div class=\"elementor-element elementor-element-88a73ce wpr-main-menu-align-center wpr-pointer-none wpr-main-menu-align--tabletleft wpr-main-menu-align--mobileleft wpr-sub-icon-caret-down wpr-sub-menu-fx-fade wpr-nav-menu-bp-mobile wpr-mobile-menu-full-width wpr-mobile-menu-item-align-center wpr-mobile-toggle-v1 wpr-sub-divider-yes wpr-mobile-divider-yes elementor-widget elementor-widget-wpr-nav-menu\" data-id=\"88a73ce\" data-element_type=\"widget\" data-settings=\"{&quot;menu_layout&quot;:&quot;horizontal&quot;}\" data-widget_type=\"wpr-nav-menu.default\">\n\t\t\t\t<div class=\"elementor-widget-container\">\n\t\t\t\t\t<nav class=\"wpr-nav-menu-container wpr-nav-menu-horizontal\" data-trigger=\"hover\"><ul id=\"menu-1-88a73ce\" class=\"wpr-nav-menu\"><li class=\"menu-item menu-item-type-post_type menu-item-object-page menu-item-4035\"><a href=\"https:\/\/www.idamargroup.com\/5-reasons-investing-in-the-dominican-republic\/\" class=\"wpr-menu-item wpr-pointer-item\">5 razones para invertir en la Rep\u00fablica Dominicana<\/a><\/li>\n<li class=\"menu-item menu-item-type-post_type menu-item-object-page menu-item-4034\"><a href=\"https:\/\/www.idamargroup.com\/5-reasons-for-living-in-the-dominican-republic\/\" class=\"wpr-menu-item wpr-pointer-item\">5 razones para vivir en la Rep\u00fablica Dominicana<\/a><\/li>\n<li class=\"menu-item menu-item-type-post_type menu-item-object-page menu-item-4033\"><a href=\"https:\/\/www.idamargroup.com\/5-reasons-for-collaboration-with-idamar\/\" class=\"wpr-menu-item wpr-pointer-item\">5 razones para trabajar con IDAMAR<\/a><\/li>\n<\/ul><\/nav><nav class=\"wpr-mobile-nav-menu-container\"><div class=\"wpr-mobile-toggle-wrap\"><div class=\"wpr-mobile-toggle\"><span class=\"wpr-mobile-toggle-line\"><\/span><span class=\"wpr-mobile-toggle-line\"><\/span><span class=\"wpr-mobile-toggle-line\"><\/span><\/div><\/div><ul id=\"mobile-menu-2-88a73ce\" class=\"wpr-mobile-nav-menu\"><li class=\"menu-item menu-item-type-post_type menu-item-object-page menu-item-4035\"><a href=\"https:\/\/www.idamargroup.com\/5-reasons-investing-in-the-dominican-republic\/\" class=\"wpr-mobile-menu-item\">5 razones para invertir en la Rep\u00fablica Dominicana<\/a><\/li>\n<li class=\"menu-item menu-item-type-post_type menu-item-object-page menu-item-4034\"><a href=\"https:\/\/www.idamargroup.com\/5-reasons-for-living-in-the-dominican-republic\/\" class=\"wpr-mobile-menu-item\">5 razones para vivir en la Rep\u00fablica Dominicana<\/a><\/li>\n<li class=\"menu-item menu-item-type-post_type menu-item-object-page menu-item-4033\"><a href=\"https:\/\/www.idamargroup.com\/5-reasons-for-collaboration-with-idamar\/\" class=\"wpr-mobile-menu-item\">5 razones para trabajar con IDAMAR<\/a><\/li>\n<\/ul><\/nav>\t\t\t\t<\/div>\n\t\t\t\t<\/div>\n\t\t\t\t\t<\/div>\n\t\t<\/div>\n\t\t\t\t\t<\/div>\n\t\t<\/section>\n\t\t\t\t<section class=\"elementor-section elementor-top-section elementor-element elementor-element-e83284b elementor-section-content-top elementor-section-boxed elementor-section-height-default elementor-section-height-default wpr-particle-no wpr-jarallax-no wpr-parallax-no wpr-sticky-section-no\" data-id=\"e83284b\" data-element_type=\"section\">\n\t\t\t\t\t\t<div class=\"elementor-container elementor-column-gap-default\">\n\t\t\t\t\t<div class=\"elementor-column elementor-col-50 elementor-top-column elementor-element elementor-element-4f07b32\" data-id=\"4f07b32\" data-element_type=\"column\">\n\t\t\t<div class=\"elementor-widget-wrap elementor-element-populated\">\n\t\t\t\t\t\t<div class=\"elementor-element elementor-element-cc8f535 elementor-widget elementor-widget-heading\" data-id=\"cc8f535\" data-element_type=\"widget\" data-widget_type=\"heading.default\">\n\t\t\t\t<div class=\"elementor-widget-container\">\n\t\t\t\t\t<h4 class=\"elementor-heading-title elementor-size-default\">1. Evoluci\u00f3n positiva de la econom\u00eda dominicana incluso despu\u00e9s de la pandemia<\/h4>\t\t\t\t<\/div>\n\t\t\t\t<\/div>\n\t\t\t\t\t<\/div>\n\t\t<\/div>\n\t\t\t\t<div class=\"elementor-column elementor-col-50 elementor-top-column elementor-element elementor-element-9240258\" data-id=\"9240258\" data-element_type=\"column\">\n\t\t\t<div class=\"elementor-widget-wrap elementor-element-populated\">\n\t\t\t\t\t\t<div class=\"elementor-element elementor-element-a1c7198 elementor-widget elementor-widget-text-editor\" data-id=\"a1c7198\" data-element_type=\"widget\" data-widget_type=\"text-editor.default\">\n\t\t\t\t<div class=\"elementor-widget-container\">\n\t\t\t\t\t\t\t\t\t<figure id=\"attachment_3482\" aria-describedby=\"caption-attachment-3482\" style=\"width: 300px\" class=\"wp-caption alignright\"><img fetchpriority=\"high\" decoding=\"async\" class=\"wp-image-3482\" src=\"http:\/\/www.idamargroup.com\/wp-content\/uploads\/2022\/09\/BIP-Dominican-Republic_s-2-300x169.webp\" alt=\"Invertir en la Rep\u00fablica Dominicana\" width=\"300\" height=\"169\" srcset=\"https:\/\/www.idamargroup.com\/wp-content\/uploads\/2022\/09\/BIP-Dominican-Republic_s-2-300x169.webp 300w, https:\/\/www.idamargroup.com\/wp-content\/uploads\/2022\/09\/BIP-Dominican-Republic_s-2-768x432.webp 768w, https:\/\/www.idamargroup.com\/wp-content\/uploads\/2022\/09\/BIP-Dominican-Republic_s-2-470x265.webp 470w, https:\/\/www.idamargroup.com\/wp-content\/uploads\/2022\/09\/BIP-Dominican-Republic_s-2.webp 1000w\" sizes=\"(max-width: 300px) 100vw, 300px\" \/><figcaption id=\"caption-attachment-3482\" class=\"wp-caption-text\">GPD Rep\u00fablica Dominicana despu\u00e9s 2002<\/figcaption><\/figure>\n<p>Invertir en la Rep\u00fablica Dominicana es una idea perfecta porque \u201c<em>La Rep\u00fablica Dominicana es una de las econom\u00edas de m\u00e1s r\u00e1pido crecimiento en Am\u00e9rica Latina\u201d<\/em> (Fuente: <a href=\"https:\/\/www.giz.de\/de\/weltweit\/72073.html\" target=\"_blank\" rel=\"noopener\">Sociedad Alemana para la Cooperaci\u00f3n Internacional<\/a>).<span id='easy-footnote-1-4597' class='easy-footnote-margin-adjust'><\/span><span class='easy-footnote'><a href=\"https:\/\/www.idamargroup.com\/es\/5-razones-para-invertir-en-la-republica-dominicana\/#easy-footnote-bottom-1-4597\" title=\"&lt;a href=&quot;https:\/\/www.giz.de\/de\/weltweit\/72073.html&quot; target=&quot;_blank&quot; rel=&quot;noreferrer noopener&quot;&gt;https:\/\/www.giz.de\/de\/weltweit\/72073.htm&lt;\/a&gt;\"><sup>1<\/sup><\/a><\/span>. Sobre todo y no menos importante debido a una recuperaci\u00f3n extremadamente r\u00e1pida en el turismo con nuevos n\u00fameros r\u00e9cord, esto ofrece perspectivas positivas, en completo contraste con el desarrollo actual en Europa. Europa y especialmente Alemania est\u00e1n en el foco del desarrollo global negativo, la Rep\u00fablica Dominicana no lo est\u00e1. Esto ofrece potencial, especialmente para aquellos que deciden r\u00e1pidamente, gracias al aumento resultante en la seguridad de la planificaci\u00f3n.<\/p>\n<p>Adem\u00e1s, hay una evoluci\u00f3n m\u00e1s estable del d\u00f3lar frente a una evoluci\u00f3n incierta del euro. La imagen del euro actualmente ofrece pocas perspectivas positivas. La brecha entre el d\u00f3lar y el euro se ha ido ampliando constantemente durante casi 15 meses. l mismo tiempo, la tasa de inflaci\u00f3n en Europa actualmente es de 9,1% en promedio (fuente: Statista\/09.2022), mientras que en Rep\u00fablica Dominicana es de 8,76%, el pron\u00f3stico vuelve a caer. Puede encontrar m\u00e1s informaci\u00f3n sobre la econom\u00eda en la Rep\u00fablica Dominicana <a href=\"http:\/\/www.idamargroup.com\/economy\/\" data-type=\"page\" data-id=\"3478\">aqu\u00ed<\/a>.<\/p>\n\t\t\t\t\t\t\t\t<\/div>\n\t\t\t\t<\/div>\n\t\t\t\t\t<\/div>\n\t\t<\/div>\n\t\t\t\t\t<\/div>\n\t\t<\/section>\n\t\t\t\t<section class=\"elementor-section elementor-top-section elementor-element elementor-element-0e700c0 elementor-section-content-top elementor-section-boxed elementor-section-height-default elementor-section-height-default wpr-particle-no wpr-jarallax-no wpr-parallax-no wpr-sticky-section-no\" data-id=\"0e700c0\" data-element_type=\"section\">\n\t\t\t\t\t\t<div class=\"elementor-container elementor-column-gap-default\">\n\t\t\t\t\t<div class=\"elementor-column elementor-col-50 elementor-top-column elementor-element elementor-element-f326f52\" data-id=\"f326f52\" data-element_type=\"column\">\n\t\t\t<div class=\"elementor-widget-wrap elementor-element-populated\">\n\t\t\t\t\t\t<div class=\"elementor-element elementor-element-e4967e6 elementor-widget elementor-widget-heading\" data-id=\"e4967e6\" data-element_type=\"widget\" data-widget_type=\"heading.default\">\n\t\t\t\t<div class=\"elementor-widget-container\">\n\t\t\t\t\t<h4 class=\"elementor-heading-title elementor-size-default\">2. Independencia de las decisiones europeas<\/h4>\t\t\t\t<\/div>\n\t\t\t\t<\/div>\n\t\t\t\t\t<\/div>\n\t\t<\/div>\n\t\t\t\t<div class=\"elementor-column elementor-col-50 elementor-top-column elementor-element elementor-element-5fdeb6c\" data-id=\"5fdeb6c\" data-element_type=\"column\">\n\t\t\t<div class=\"elementor-widget-wrap elementor-element-populated\">\n\t\t\t\t\t\t<div class=\"elementor-element elementor-element-efda094 elementor-widget elementor-widget-text-editor\" data-id=\"efda094\" data-element_type=\"widget\" data-widget_type=\"text-editor.default\">\n\t\t\t\t<div class=\"elementor-widget-container\">\n\t\t\t\t\t\t\t\t\t<p><img decoding=\"async\" class=\"alignleft wp-image-3844\" src=\"http:\/\/www.idamargroup.com\/wp-content\/uploads\/2022\/10\/dominican-republic-eu-parliament.webp\" alt=\"Parlamento de la UE \" width=\"300\" height=\"177\" srcset=\"https:\/\/www.idamargroup.com\/wp-content\/uploads\/2022\/10\/dominican-republic-eu-parliament.webp 1000w, https:\/\/www.idamargroup.com\/wp-content\/uploads\/2022\/10\/dominican-republic-eu-parliament-300x177.webp 300w, https:\/\/www.idamargroup.com\/wp-content\/uploads\/2022\/10\/dominican-republic-eu-parliament-768x453.webp 768w, https:\/\/www.idamargroup.com\/wp-content\/uploads\/2022\/10\/dominican-republic-eu-parliament-470x277.webp 470w, https:\/\/www.idamargroup.com\/wp-content\/uploads\/2022\/10\/dominican-republic-eu-parliament-512x300.webp 512w\" sizes=\"(max-width: 300px) 100vw, 300px\" \/>Los pa\u00edses individuales de la UE perder\u00e1n cada vez m\u00e1s su independencia mientras permanezcan en la UE. Los desarrollos actuales muestran cada vez m\u00e1s una tendencia a que la legislaci\u00f3n a nivel europeo especifique lo que luego se implementar\u00e1 en los pa\u00edses. Como resultado, ya no se trata cada vez m\u00e1s del bienestar de un pa\u00eds, sino del desarrollo estrat\u00e9gico de Europa. Tambi\u00e9n se puede observar actualmente que pa\u00edses como Alemania en particular sufrir\u00e1n espec\u00edficamente estos desarrollos. La Rep\u00fablica Dominicana ofrece una excelente alternativa para esta inseguridad, ya que est\u00e1 mostrando un desarrollo que contrasta fuertemente con la inseguridad europea: reducci\u00f3n de la pobreza, reducci\u00f3n de la violencia y aumento del PIB, as\u00ed como inversiones en infraestructura, como la expansi\u00f3n masiva del puerto de transbordo de \u201cPuerto Manzanillo\u201d. Independientemente de si se trata de una perspectiva a corto, mediano o largo plazo, la Rep\u00fablica Dominicana se desempe\u00f1a por encima del promedio en todas partes.<\/p>\n\t\t\t\t\t\t\t\t<\/div>\n\t\t\t\t<\/div>\n\t\t\t\t\t<\/div>\n\t\t<\/div>\n\t\t\t\t\t<\/div>\n\t\t<\/section>\n\t\t\t\t<section class=\"elementor-section elementor-top-section elementor-element elementor-element-d2d7922 elementor-section-content-top elementor-section-boxed elementor-section-height-default elementor-section-height-default wpr-particle-no wpr-jarallax-no wpr-parallax-no wpr-sticky-section-no\" data-id=\"d2d7922\" data-element_type=\"section\">\n\t\t\t\t\t\t<div class=\"elementor-container elementor-column-gap-default\">\n\t\t\t\t\t<div class=\"elementor-column elementor-col-50 elementor-top-column elementor-element elementor-element-0d59b25\" data-id=\"0d59b25\" data-element_type=\"column\">\n\t\t\t<div class=\"elementor-widget-wrap elementor-element-populated\">\n\t\t\t\t\t\t<div class=\"elementor-element elementor-element-506fbc1 elementor-widget elementor-widget-heading\" data-id=\"506fbc1\" data-element_type=\"widget\" data-widget_type=\"heading.default\">\n\t\t\t\t<div class=\"elementor-widget-container\">\n\t\t\t\t\t<h4 class=\"elementor-heading-title elementor-size-default\">3. Menor impacto de la crisis energ\u00e9tica europea<\/h4>\t\t\t\t<\/div>\n\t\t\t\t<\/div>\n\t\t\t\t\t<\/div>\n\t\t<\/div>\n\t\t\t\t<div class=\"elementor-column elementor-col-50 elementor-top-column elementor-element elementor-element-37e7358\" data-id=\"37e7358\" data-element_type=\"column\">\n\t\t\t<div class=\"elementor-widget-wrap elementor-element-populated\">\n\t\t\t\t\t\t<div class=\"elementor-element elementor-element-2859b33 elementor-widget elementor-widget-text-editor\" data-id=\"2859b33\" data-element_type=\"widget\" data-widget_type=\"text-editor.default\">\n\t\t\t\t<div class=\"elementor-widget-container\">\n\t\t\t\t\t\t\t\t\t<p data-wp-editing=\"1\"><img decoding=\"async\" class=\"alignright wp-image-3854\" src=\"http:\/\/www.idamargroup.com\/wp-content\/uploads\/2022\/10\/dominican-republic-european-energy-crisis.webp\" alt=\"Crisis energ\u00e9tica europea Rep\u00fablica Dominicana\" width=\"300\" height=\"200\" srcset=\"https:\/\/www.idamargroup.com\/wp-content\/uploads\/2022\/10\/dominican-republic-european-energy-crisis.webp 1000w, https:\/\/www.idamargroup.com\/wp-content\/uploads\/2022\/10\/dominican-republic-european-energy-crisis-300x200.webp 300w, https:\/\/www.idamargroup.com\/wp-content\/uploads\/2022\/10\/dominican-republic-european-energy-crisis-768x512.webp 768w, https:\/\/www.idamargroup.com\/wp-content\/uploads\/2022\/10\/dominican-republic-european-energy-crisis-450x300.webp 450w\" sizes=\"(max-width: 300px) 100vw, 300px\" \/>El punto m\u00e1s importante es, por supuesto, la falta de invierno en la Rep\u00fablica Dominicana. Incluso en invierno, las temperaturas no bajan de los 19 grados, por lo que no hay gastos de calefacci\u00f3n en la isla durante todo el a\u00f1o. Adem\u00e1s, los precios de la electricidad son mucho m\u00e1s bajos que en Europa. Los costos de la gasolina (a partir de septiembre de 2022) rondan los US $ 1,45 por litro. Debido al tradicionalmente predominante suministro de fuentes de energ\u00eda de la regi\u00f3n americana, no existe dependencia de proveedores orientales o \u00e1rabes.<\/p>\n\t\t\t\t\t\t\t\t<\/div>\n\t\t\t\t<\/div>\n\t\t\t\t\t<\/div>\n\t\t<\/div>\n\t\t\t\t\t<\/div>\n\t\t<\/section>\n\t\t\t\t<section class=\"elementor-section elementor-top-section elementor-element elementor-element-4fc82f2 elementor-section-content-top elementor-section-boxed elementor-section-height-default elementor-section-height-default wpr-particle-no wpr-jarallax-no wpr-parallax-no wpr-sticky-section-no\" data-id=\"4fc82f2\" data-element_type=\"section\">\n\t\t\t\t\t\t<div class=\"elementor-container elementor-column-gap-default\">\n\t\t\t\t\t<div class=\"elementor-column elementor-col-50 elementor-top-column elementor-element elementor-element-346177d\" data-id=\"346177d\" data-element_type=\"column\">\n\t\t\t<div class=\"elementor-widget-wrap elementor-element-populated\">\n\t\t\t\t\t\t<div class=\"elementor-element elementor-element-5c843f2 elementor-widget elementor-widget-heading\" data-id=\"5c843f2\" data-element_type=\"widget\" data-widget_type=\"heading.default\">\n\t\t\t\t<div class=\"elementor-widget-container\">\n\t\t\t\t\t<h4 class=\"elementor-heading-title elementor-size-default\">4. Alta valorizaci\u00f3n de las inversiones inmobiliarias<\/h4>\t\t\t\t<\/div>\n\t\t\t\t<\/div>\n\t\t\t\t\t<\/div>\n\t\t<\/div>\n\t\t\t\t<div class=\"elementor-column elementor-col-50 elementor-top-column elementor-element elementor-element-f4a67fb\" data-id=\"f4a67fb\" data-element_type=\"column\">\n\t\t\t<div class=\"elementor-widget-wrap elementor-element-populated\">\n\t\t\t\t\t\t<div class=\"elementor-element elementor-element-e30ba68 elementor-widget elementor-widget-text-editor\" data-id=\"e30ba68\" data-element_type=\"widget\" data-widget_type=\"text-editor.default\">\n\t\t\t\t<div class=\"elementor-widget-container\">\n\t\t\t\t\t\t\t\t\t<p data-wp-editing=\"1\"><img loading=\"lazy\" decoding=\"async\" class=\"alignleft wp-image-3442\" src=\"http:\/\/www.idamargroup.com\/wp-content\/uploads\/2022\/09\/IDAMAR-Tourits-DomRep_s.webp\" alt=\"Desarrollo tur\u00edstico de Rep\u00fablica Dominicana\" width=\"300\" height=\"169\" srcset=\"https:\/\/www.idamargroup.com\/wp-content\/uploads\/2022\/09\/IDAMAR-Tourits-DomRep_s.webp 1000w, https:\/\/www.idamargroup.com\/wp-content\/uploads\/2022\/09\/IDAMAR-Tourits-DomRep_s-300x169.webp 300w, https:\/\/www.idamargroup.com\/wp-content\/uploads\/2022\/09\/IDAMAR-Tourits-DomRep_s-768x432.webp 768w, https:\/\/www.idamargroup.com\/wp-content\/uploads\/2022\/09\/IDAMAR-Tourits-DomRep_s-470x265.webp 470w\" sizes=\"(max-width: 300px) 100vw, 300px\" \/>Todos estos par\u00e1metros dan como resultado un pron\u00f3stico extremadamente positivo para el aumento de valor de sus inversiones, especialmente de sus inmuebles. No importa si los usa usted mismo o los alquila. Especialmente en el caso de este \u00faltimo, el desarrollo econ\u00f3mico generalmente positivo de la Rep\u00fablica Dominicana, por un lado, y el excelente desarrollo del turismo en la isla, por otro lado, juegan un papel muy importante. Para poder utilizar este potencial, gracias a la \u00abIDAMAR Family\u00bb no tienes que preocuparse localmente de nada.<\/p>\n\t\t\t\t\t\t\t\t<\/div>\n\t\t\t\t<\/div>\n\t\t\t\t\t<\/div>\n\t\t<\/div>\n\t\t\t\t\t<\/div>\n\t\t<\/section>\n\t\t\t\t<section class=\"elementor-section elementor-top-section elementor-element elementor-element-7fdcd0e elementor-section-content-top elementor-section-boxed elementor-section-height-default elementor-section-height-default wpr-particle-no wpr-jarallax-no wpr-parallax-no wpr-sticky-section-no\" data-id=\"7fdcd0e\" data-element_type=\"section\">\n\t\t\t\t\t\t<div class=\"elementor-container elementor-column-gap-default\">\n\t\t\t\t\t<div class=\"elementor-column elementor-col-50 elementor-top-column elementor-element elementor-element-0a6837f\" data-id=\"0a6837f\" data-element_type=\"column\">\n\t\t\t<div class=\"elementor-widget-wrap elementor-element-populated\">\n\t\t\t\t\t\t<div class=\"elementor-element elementor-element-03f78e3 elementor-widget elementor-widget-heading\" data-id=\"03f78e3\" data-element_type=\"widget\" data-widget_type=\"heading.default\">\n\t\t\t\t<div class=\"elementor-widget-container\">\n\t\t\t\t\t<h4 class=\"elementor-heading-title elementor-size-default\">5. Garant\u00eda estatal de que no es posible la expropiaci\u00f3n<\/h4>\t\t\t\t<\/div>\n\t\t\t\t<\/div>\n\t\t\t\t\t<\/div>\n\t\t<\/div>\n\t\t\t\t<div class=\"elementor-column elementor-col-50 elementor-top-column elementor-element elementor-element-f628d62\" data-id=\"f628d62\" data-element_type=\"column\">\n\t\t\t<div class=\"elementor-widget-wrap elementor-element-populated\">\n\t\t\t\t\t\t<div class=\"elementor-element elementor-element-d6902b7 elementor-widget elementor-widget-text-editor\" data-id=\"d6902b7\" data-element_type=\"widget\" data-widget_type=\"text-editor.default\">\n\t\t\t\t<div class=\"elementor-widget-container\">\n\t\t\t\t\t\t\t\t\t<p>Mientras que en Europa, que pocas personas conocen, la posibilidad de expropiaci\u00f3n estatal es legalmente manifestado en la mayor\u00eda de los pa\u00edses <span id='easy-footnote-2-4597' class='easy-footnote-margin-adjust'><\/span><span class='easy-footnote'><a href=\"https:\/\/www.idamargroup.com\/es\/5-razones-para-invertir-en-la-republica-dominicana\/#easy-footnote-bottom-2-4597\" title=\"Alemania: Ley Fundamental Art\u00edculo 14, p\u00e1rrafo 3\"><sup>2<\/sup><\/a><\/span>, las personas que invierten en la Rep\u00fablica Dominicana reciben una promesa estatal de que sus tierras no pueden ser expropiadas. As\u00ed que puede reclinarse y concentrarse en ver crecer su inversi\u00f3n en la Rep\u00fablica Dominicana.<\/p>\n\t\t\t\t\t\t\t\t<\/div>\n\t\t\t\t<\/div>\n\t\t\t\t\t<\/div>\n\t\t<\/div>\n\t\t\t\t\t<\/div>\n\t\t<\/section>\n\t\t\t\t<section class=\"elementor-section elementor-top-section elementor-element elementor-element-c47908e elementor-section-boxed elementor-section-height-default elementor-section-height-default wpr-particle-no wpr-jarallax-no wpr-parallax-no wpr-sticky-section-no\" data-id=\"c47908e\" data-element_type=\"section\">\n\t\t\t\t\t\t<div class=\"elementor-container elementor-column-gap-default\">\n\t\t\t\t\t<div class=\"elementor-column elementor-col-100 elementor-top-column elementor-element elementor-element-a34b0ae\" data-id=\"a34b0ae\" data-element_type=\"column\">\n\t\t\t<div class=\"elementor-widget-wrap elementor-element-populated\">\n\t\t\t\t\t\t<div class=\"elementor-element elementor-element-97f4718 wpr-main-menu-align-center wpr-pointer-none wpr-main-menu-align--tabletleft wpr-main-menu-align--mobileleft wpr-sub-icon-caret-down wpr-sub-menu-fx-fade wpr-nav-menu-bp-mobile wpr-mobile-menu-full-width wpr-mobile-menu-item-align-center wpr-mobile-toggle-v1 wpr-sub-divider-yes wpr-mobile-divider-yes elementor-widget elementor-widget-wpr-nav-menu\" data-id=\"97f4718\" data-element_type=\"widget\" data-settings=\"{&quot;menu_layout&quot;:&quot;horizontal&quot;}\" data-widget_type=\"wpr-nav-menu.default\">\n\t\t\t\t<div class=\"elementor-widget-container\">\n\t\t\t\t\t<nav class=\"wpr-nav-menu-container wpr-nav-menu-horizontal\" data-trigger=\"hover\"><ul id=\"menu-1-97f4718\" class=\"wpr-nav-menu\"><li class=\"menu-item menu-item-type-post_type menu-item-object-page menu-item-4035\"><a href=\"https:\/\/www.idamargroup.com\/5-reasons-investing-in-the-dominican-republic\/\" class=\"wpr-menu-item wpr-pointer-item\">5 razones para invertir en la Rep\u00fablica Dominicana<\/a><\/li>\n<li class=\"menu-item menu-item-type-post_type menu-item-object-page menu-item-4034\"><a href=\"https:\/\/www.idamargroup.com\/5-reasons-for-living-in-the-dominican-republic\/\" class=\"wpr-menu-item wpr-pointer-item\">5 razones para vivir en la Rep\u00fablica Dominicana<\/a><\/li>\n<li class=\"menu-item menu-item-type-post_type menu-item-object-page menu-item-4033\"><a href=\"https:\/\/www.idamargroup.com\/5-reasons-for-collaboration-with-idamar\/\" class=\"wpr-menu-item wpr-pointer-item\">5 razones para trabajar con IDAMAR<\/a><\/li>\n<\/ul><\/nav><nav class=\"wpr-mobile-nav-menu-container\"><div class=\"wpr-mobile-toggle-wrap\"><div class=\"wpr-mobile-toggle\"><span class=\"wpr-mobile-toggle-line\"><\/span><span class=\"wpr-mobile-toggle-line\"><\/span><span class=\"wpr-mobile-toggle-line\"><\/span><\/div><\/div><ul id=\"mobile-menu-2-97f4718\" class=\"wpr-mobile-nav-menu\"><li class=\"menu-item menu-item-type-post_type menu-item-object-page menu-item-4035\"><a href=\"https:\/\/www.idamargroup.com\/5-reasons-investing-in-the-dominican-republic\/\" class=\"wpr-mobile-menu-item\">5 razones para invertir en la Rep\u00fablica Dominicana<\/a><\/li>\n<li class=\"menu-item menu-item-type-post_type menu-item-object-page menu-item-4034\"><a href=\"https:\/\/www.idamargroup.com\/5-reasons-for-living-in-the-dominican-republic\/\" class=\"wpr-mobile-menu-item\">5 razones para vivir en la Rep\u00fablica Dominicana<\/a><\/li>\n<li class=\"menu-item menu-item-type-post_type menu-item-object-page menu-item-4033\"><a href=\"https:\/\/www.idamargroup.com\/5-reasons-for-collaboration-with-idamar\/\" class=\"wpr-mobile-menu-item\">5 razones para trabajar con IDAMAR<\/a><\/li>\n<\/ul><\/nav>\t\t\t\t<\/div>\n\t\t\t\t<\/div>\n\t\t\t\t\t<\/div>\n\t\t<\/div>\n\t\t\t\t\t<\/div>\n\t\t<\/section>\n\t\t\t\t<\/div>\n\t\t","protected":false},"excerpt":{"rendered":"<p>5 reasons for investing in the Dominican Republic 5 reasons for living in the Dominican Republic 5 reasons for a collaboration with IDAMAR 5 reasons &hellip;<\/p>\n","protected":false},"author":1,"featured_media":58299,"parent":0,"menu_order":0,"comment_status":"closed","ping_status":"closed","template":"","meta":{"footnotes":""},"categories":[160,157],"tags":[],"class_list":["post-4597","page","type-page","status-publish","has-post-thumbnail","hentry","category-5-razones","category-5-reasons"],"featured_image_src":"https:\/\/www.idamargroup.com\/wp-content\/uploads\/2023\/08\/IDAMAR-Invertir-en-la-republica-dominicana.webp","_links":{"self":[{"href":"https:\/\/www.idamargroup.com\/es\/wp-json\/wp\/v2\/pages\/4597","targetHints":{"allow":["GET"]}}],"collection":[{"href":"https:\/\/www.idamargroup.com\/es\/wp-json\/wp\/v2\/pages"}],"about":[{"href":"https:\/\/www.idamargroup.com\/es\/wp-json\/wp\/v2\/types\/page"}],"author":[{"embeddable":true,"href":"https:\/\/www.idamargroup.com\/es\/wp-json\/wp\/v2\/users\/1"}],"replies":[{"embeddable":true,"href":"https:\/\/www.idamargroup.com\/es\/wp-json\/wp\/v2\/comments?post=4597"}],"version-history":[{"count":8,"href":"https:\/\/www.idamargroup.com\/es\/wp-json\/wp\/v2\/pages\/4597\/revisions"}],"predecessor-version":[{"id":58404,"href":"https:\/\/www.idamargroup.com\/es\/wp-json\/wp\/v2\/pages\/4597\/revisions\/58404"}],"wp:featuredmedia":[{"embeddable":true,"href":"https:\/\/www.idamargroup.com\/es\/wp-json\/wp\/v2\/media\/58299"}],"wp:attachment":[{"href":"https:\/\/www.idamargroup.com\/es\/wp-json\/wp\/v2\/media?parent=4597"}],"wp:term":[{"taxonomy":"category","embeddable":true,"href":"https:\/\/www.idamargroup.com\/es\/wp-json\/wp\/v2\/categories?post=4597"},{"taxonomy":"post_tag","embeddable":true,"href":"https:\/\/www.idamargroup.com\/es\/wp-json\/wp\/v2\/tags?post=4597"}],"curies":[{"name":"wp","href":"https:\/\/api.w.org\/{rel}","templated":true}]}}