{"id":2986,"date":"2022-06-10T16:43:12","date_gmt":"2022-06-10T16:43:12","guid":{"rendered":"http:\/\/www.idamargroup.com\/immuebles\/"},"modified":"2022-06-13T14:48:01","modified_gmt":"2022-06-13T14:48:01","slug":"immuebles","status":"publish","type":"page","link":"https:\/\/www.idamargroup.com\/es\/immuebles\/","title":{"rendered":"Immuebles"},"content":{"rendered":"\n<p>Ofrecemos desde apartamentos hasta mansiones de lujo un gran ancho de banda en imobiliaria en la Rep\u00fablica Dominicana. La completa organizaci\u00f3n por su puesto se realiza con confiabilidad y exactitud suizo-alemanas. Trabajamos exclusivamente con empresas de renombre.<\/p>\n\n<!--more-->\n\n<p>Adem\u00e1s de viviendas listas para entrar a vivir, tambi\u00e9n te presentamos una selecci\u00f3n de casas modelo que ya han sido planificadas y que tambi\u00e9n se pueden adaptar a tus necesidades. Tambi\u00e9n podemos dise\u00f1ar y construir su casa completamente seg\u00fan sus propios deseos. <\/p>\n\n<p>Si tiene alguna pregunta sobre los objetos individuales, env\u00edenos un correo electr\u00f3nico a management@idamargroup.com. <\/p>\n\n<div class=\"wp-block-columns is-layout-flex wp-container-core-columns-is-layout-9d6595d7 wp-block-columns-is-layout-flex\">\n<div class=\"wp-block-column is-layout-flow wp-block-column-is-layout-flow\">\n<h2 class=\"has-text-color wp-block-heading\" style=\"color:#f91900;font-style:normal;font-weight:600;text-transform:uppercase\">HOT<\/h2>\n\n\n\n<p>\u00a1Oportunidades \u00fanicas para personas que deciden r\u00e1pido!<\/p>\n\n\n<p>[es_my_listing status=\u00bbhot\u00bb]<\/p>\n<\/div>\n\n\n\n<div class=\"wp-block-column is-layout-flow wp-block-column-is-layout-flow\">\n<h2 class=\"wp-block-heading\">Econ\u00f3mica, ya planeada.<\/h2>\n\n\n\n<p>Dise\u00f1ada de alta calidad y a pesar de esto inmediatamente realizable economicamente. <\/p>\n\n\n<p>[es_my_listing status=\u00bbcheap\u00bb]<\/p>\n<\/div>\n<\/div>\n\n<hr class=\"wp-block-separator has-alpha-channel-opacity\"\/>\n\n<h2 class=\"wp-block-heading\">Ya planeada<\/h2>\n\n<p>Estas propiedades ya est\u00e1n dise\u00f1adas listas de alta calidad, sin embargo pueden ser adaptadas seg\u00fan sus deseos individuales <\/p>\n<p>[es_my_listing type=\u00bbVilla\u00bb]<\/p>\n<p>[es_my_listing type=\u00bbAppartement\u00bb]<\/p>\n","protected":false},"excerpt":{"rendered":"<p>Ofrecemos desde apartamentos hasta mansiones de lujo un gran ancho de banda en imobiliaria en la Rep\u00fablica Dominicana. La completa organizaci\u00f3n por su puesto se &hellip;<\/p>\n","protected":false},"author":1,"featured_media":165,"parent":0,"menu_order":0,"comment_status":"closed","ping_status":"closed","template":"","meta":{"footnotes":""},"categories":[],"tags":[],"class_list":["post-2986","page","type-page","status-publish","has-post-thumbnail","hentry"],"featured_image_src":"https:\/\/www.idamargroup.com\/wp-content\/uploads\/2022\/06\/Idamar_Sensation_Vista-1-Vivienda-4_s.jpg","_links":{"self":[{"href":"https:\/\/www.idamargroup.com\/es\/wp-json\/wp\/v2\/pages\/2986","targetHints":{"allow":["GET"]}}],"collection":[{"href":"https:\/\/www.idamargroup.com\/es\/wp-json\/wp\/v2\/pages"}],"about":[{"href":"https:\/\/www.idamargroup.com\/es\/wp-json\/wp\/v2\/types\/page"}],"author":[{"embeddable":true,"href":"https:\/\/www.idamargroup.com\/es\/wp-json\/wp\/v2\/users\/1"}],"replies":[{"embeddable":true,"href":"https:\/\/www.idamargroup.com\/es\/wp-json\/wp\/v2\/comments?post=2986"}],"version-history":[{"count":12,"href":"https:\/\/www.idamargroup.com\/es\/wp-json\/wp\/v2\/pages\/2986\/revisions"}],"predecessor-version":[{"id":3337,"href":"https:\/\/www.idamargroup.com\/es\/wp-json\/wp\/v2\/pages\/2986\/revisions\/3337"}],"wp:featuredmedia":[{"embeddable":true,"href":"https:\/\/www.idamargroup.com\/es\/wp-json\/wp\/v2\/media\/165"}],"wp:attachment":[{"href":"https:\/\/www.idamargroup.com\/es\/wp-json\/wp\/v2\/media?parent=2986"}],"wp:term":[{"taxonomy":"category","embeddable":true,"href":"https:\/\/www.idamargroup.com\/es\/wp-json\/wp\/v2\/categories?post=2986"},{"taxonomy":"post_tag","embeddable":true,"href":"https:\/\/www.idamargroup.com\/es\/wp-json\/wp\/v2\/tags?post=2986"}],"curies":[{"name":"wp","href":"https:\/\/api.w.org\/{rel}","templated":true}]}}