{"id":57750,"date":"2023-02-05T09:09:21","date_gmt":"2023-02-05T09:09:21","guid":{"rendered":"https:\/\/www.idamargroup.com\/?page_id=57750"},"modified":"2024-05-01T23:14:21","modified_gmt":"2024-05-01T23:14:21","slug":"vision","status":"publish","type":"page","link":"https:\/\/www.idamargroup.com\/de\/vision\/","title":{"rendered":"Vision"},"content":{"rendered":"\t\t<div data-elementor-type=\"wp-page\" data-elementor-id=\"57750\" class=\"elementor elementor-57750\">\n\t\t\t\t\t\t<section class=\"elementor-section elementor-top-section elementor-element elementor-element-0aed7d6 elementor-section-boxed elementor-section-height-default elementor-section-height-default wpr-particle-no wpr-jarallax-no wpr-parallax-no wpr-sticky-section-no\" data-id=\"0aed7d6\" data-element_type=\"section\">\n\t\t\t\t\t\t<div class=\"elementor-container elementor-column-gap-default\">\n\t\t\t\t\t<div class=\"elementor-column elementor-col-33 elementor-top-column elementor-element elementor-element-dd19746\" data-id=\"dd19746\" data-element_type=\"column\">\n\t\t\t<div class=\"elementor-widget-wrap elementor-element-populated\">\n\t\t\t\t\t\t<div class=\"elementor-element elementor-element-4c25334 elementor-widget elementor-widget-heading\" data-id=\"4c25334\" data-element_type=\"widget\" data-widget_type=\"heading.default\">\n\t\t\t\t<div class=\"elementor-widget-container\">\n\t\t\t\t\t<h3 class=\"elementor-heading-title elementor-size-default\">Investition in eine Vision<\/h3>\t\t\t\t<\/div>\n\t\t\t\t<\/div>\n\t\t\t\t\t<\/div>\n\t\t<\/div>\n\t\t\t\t<div class=\"elementor-column elementor-col-66 elementor-top-column elementor-element elementor-element-76f85c3\" data-id=\"76f85c3\" data-element_type=\"column\">\n\t\t\t<div class=\"elementor-widget-wrap elementor-element-populated\">\n\t\t\t\t\t\t<div class=\"elementor-element elementor-element-4a00acf elementor-widget elementor-widget-text-editor\" data-id=\"4a00acf\" data-element_type=\"widget\" data-widget_type=\"text-editor.default\">\n\t\t\t\t<div class=\"elementor-widget-container\">\n\t\t\t\t\t\t\t\t\t<p>Wir messen Erfolg an dem strahlenden L\u00e4cheln, das wir den Menschen ins Gesicht zaubern. Das hat wenig mit Geld zu tun, sondern viel mehr damit, Menschen mit etwas zu \u00fcberraschen, mit dem sie nicht rechnen.<\/p>\n<p>Wenn wir also von \u201eInvestitionen\u201c sprechen, sprechen wir nicht nur von finanziellem Erfolg. Denn in einer Zeit, in der die Natur immer mehr an Pr\u00e4senz verliert und die Menschen immer mehr ihr Vertrauen verlieren, sehen wir es als unsere Pflicht an, eine Investition niemals nur aus finanzieller Sicht zu betrachten. Investieren bedeutet f\u00fcr uns also auch, in Menschen zu investieren, um ihnen Zuversicht, Hoffnung und Vertrauen zu geben.<\/p>\n<p>Deshalb fragen wir immer:<\/p>\n<ul>\n<li>Welche Folgen hat eine Geldanlage f\u00fcr Menschen in der Region?<\/li>\n<li>Welche Folgen hat eine finanzielle Investition f\u00fcr die umliegende Natur?<\/li>\n<\/ul>\n<p>Deshalb kann weniger finanzieller Gewinn mehr Gewinn f\u00fcr Mensch und Natur bedeuten. Erst die <strong>Summe<\/strong> aller Aspekte macht unseren <strong>Erfolg<\/strong> aus. Da unsere Idee auch Menschen einbezieht, reicht uns der Begriff \u201enachhaltige Geldanlage\u201c nicht aus.<\/p>\n<p>Das nennen wir<\/p>\n<p style=\"text-align: center;\"><strong>Ganzheitlich Investition<\/strong>.<\/p>\n<div class=\"module--translations-translatedtext js-module--translations-translatedtext is-placeholder\" data-size=\"m\">Somit, mit jeder Ihrer Investitionen, Sie Werden Sie auch ein aktiver Teil der Menschen und der Natur der Dominikanischen Republik.<\/div>\n<p>Aber wie sieht das in der Praxis aus?<\/p>\n\t\t\t\t\t\t\t\t<\/div>\n\t\t\t\t<\/div>\n\t\t\t\t\t<\/div>\n\t\t<\/div>\n\t\t\t\t\t<\/div>\n\t\t<\/section>\n\t\t\t\t<section class=\"elementor-section elementor-top-section elementor-element elementor-element-14a133e elementor-section-boxed elementor-section-height-default elementor-section-height-default wpr-particle-no wpr-jarallax-no wpr-parallax-no wpr-sticky-section-no\" data-id=\"14a133e\" data-element_type=\"section\">\n\t\t\t\t\t\t<div class=\"elementor-container elementor-column-gap-default\">\n\t\t\t\t\t<div class=\"elementor-column elementor-col-33 elementor-top-column elementor-element elementor-element-d240ee5\" data-id=\"d240ee5\" data-element_type=\"column\">\n\t\t\t<div class=\"elementor-widget-wrap elementor-element-populated\">\n\t\t\t\t\t\t<div class=\"elementor-element elementor-element-8567768 elementor-widget elementor-widget-heading\" data-id=\"8567768\" data-element_type=\"widget\" data-widget_type=\"heading.default\">\n\t\t\t\t<div class=\"elementor-widget-container\">\n\t\t\t\t\t<h3 class=\"elementor-heading-title elementor-size-default\">Investition in Menschen<\/h3>\t\t\t\t<\/div>\n\t\t\t\t<\/div>\n\t\t\t\t<div class=\"elementor-element elementor-element-af03ab5 elementor-widget elementor-widget-image\" data-id=\"af03ab5\" data-element_type=\"widget\" data-widget_type=\"image.default\">\n\t\t\t\t<div class=\"elementor-widget-container\">\n\t\t\t\t\t\t\t\t\t\t\t\t\t\t\t<img fetchpriority=\"high\" decoding=\"async\" width=\"1000\" height=\"610\" src=\"https:\/\/www.idamargroup.com\/wp-content\/uploads\/2023\/09\/dominican-republic-investment-in-people.webp\" class=\"attachment-large size-large wp-image-58586\" alt=\"\" srcset=\"https:\/\/www.idamargroup.com\/wp-content\/uploads\/2023\/09\/dominican-republic-investment-in-people.webp 1000w, https:\/\/www.idamargroup.com\/wp-content\/uploads\/2023\/09\/dominican-republic-investment-in-people-300x183.webp 300w, https:\/\/www.idamargroup.com\/wp-content\/uploads\/2023\/09\/dominican-republic-investment-in-people-768x468.webp 768w, https:\/\/www.idamargroup.com\/wp-content\/uploads\/2023\/09\/dominican-republic-investment-in-people-470x287.webp 470w\" sizes=\"(max-width: 1000px) 100vw, 1000px\" \/>\t\t\t\t\t\t\t\t\t\t\t\t\t\t\t<\/div>\n\t\t\t\t<\/div>\n\t\t\t\t\t<\/div>\n\t\t<\/div>\n\t\t\t\t<div class=\"elementor-column elementor-col-66 elementor-top-column elementor-element elementor-element-c9ec042\" data-id=\"c9ec042\" data-element_type=\"column\">\n\t\t\t<div class=\"elementor-widget-wrap elementor-element-populated\">\n\t\t\t\t\t\t<div class=\"elementor-element elementor-element-cdaf0fc elementor-widget elementor-widget-text-editor\" data-id=\"cdaf0fc\" data-element_type=\"widget\" data-widget_type=\"text-editor.default\">\n\t\t\t\t<div class=\"elementor-widget-container\">\n\t\t\t\t\t\t\t\t\t<p>Ohne Menschen, die uns unterst\u00fctzen, sind wir nichts. Ohne Menschen, die sich f\u00fcr uns und unsere Projekte begeistern, sind wir nichts.Deswegen betrachten wir jede einzelne an einem unserer Projekt beteiligte Person, als gleichwertigen Partner auf Augenh\u00f6he und nicht als Gehilfen. Wie k\u00f6nnen wir also die Menschen vor Ort mit unseren Projekten unterst\u00fctzen?<\/p> <ul> <li> <p>Nat\u00fcrlich schaffen wir allein durch Planungs- und Baut\u00e4tigkeiten Arbeitspl\u00e4tze.<\/p> <\/li> <li> <p >Allerdings legen wir dar\u00fcber hinaus Wert auf eine wertsch\u00e4tzende Bezahlung der beteiligten Personen. Aber unsere und damit auch Ihre Investition endet nicht mit der Fertigstellung eines Projekts.<\/p> <\/li> <li> <p>Auch unsere Gewinne werden zu einem gro\u00dfen Teil wieder in die Region und damit in die Menschen flie\u00dfen. \u00dcber die einzelnen Projekte werden wir jeweils berichten.<\/p> <\/li> <\/ul> <p>IDAMAR hat inzwischen in der Dominikanische Republik in k\u00fcrzester Zeit einen seri\u00f6sen und zuverl\u00e4ssigen Ruf erworben. Als Teil der IDAMAR family profitieren Sie davon, und investieren gleichzeitig somit automatisch auch in Mensch und Natur der Dominikanische Republik. <\/p>\t\t\t\t\t\t\t\t<\/div>\n\t\t\t\t<\/div>\n\t\t\t\t\t<\/div>\n\t\t<\/div>\n\t\t\t\t\t<\/div>\n\t\t<\/section>\n\t\t\t\t<section class=\"elementor-section elementor-top-section elementor-element elementor-element-cf61969 elementor-section-boxed elementor-section-height-default elementor-section-height-default wpr-particle-no wpr-jarallax-no wpr-parallax-no wpr-sticky-section-no\" data-id=\"cf61969\" data-element_type=\"section\">\n\t\t\t\t\t\t<div class=\"elementor-container elementor-column-gap-default\">\n\t\t\t\t\t<div class=\"elementor-column elementor-col-33 elementor-top-column elementor-element elementor-element-f17f82f\" data-id=\"f17f82f\" data-element_type=\"column\">\n\t\t\t<div class=\"elementor-widget-wrap elementor-element-populated\">\n\t\t\t\t\t\t<div class=\"elementor-element elementor-element-48294ee elementor-widget elementor-widget-heading\" data-id=\"48294ee\" data-element_type=\"widget\" data-widget_type=\"heading.default\">\n\t\t\t\t<div class=\"elementor-widget-container\">\n\t\t\t\t\t<h3 class=\"elementor-heading-title elementor-size-default\">Investition in die Natur<\/h3>\t\t\t\t<\/div>\n\t\t\t\t<\/div>\n\t\t\t\t<div class=\"elementor-element elementor-element-9415c8e elementor-widget elementor-widget-image\" data-id=\"9415c8e\" data-element_type=\"widget\" data-widget_type=\"image.default\">\n\t\t\t\t<div class=\"elementor-widget-container\">\n\t\t\t\t\t\t\t\t\t\t\t\t\t\t\t<img decoding=\"async\" width=\"536\" height=\"370\" src=\"https:\/\/www.idamargroup.com\/wp-content\/uploads\/2022\/05\/dominican-republic-mountainranges-536x370.jpg\" class=\"attachment-large size-large wp-image-750\" alt=\"Investment in Dominican Republic nature\" srcset=\"https:\/\/www.idamargroup.com\/wp-content\/uploads\/2022\/05\/dominican-republic-mountainranges-536x370.jpg 536w, https:\/\/www.idamargroup.com\/wp-content\/uploads\/2022\/05\/dominican-republic-mountainranges-536x370-300x207.jpg 300w, https:\/\/www.idamargroup.com\/wp-content\/uploads\/2022\/05\/dominican-republic-mountainranges-536x370-389x269.jpg 389w\" sizes=\"(max-width: 536px) 100vw, 536px\" \/>\t\t\t\t\t\t\t\t\t\t\t\t\t\t\t<\/div>\n\t\t\t\t<\/div>\n\t\t\t\t\t<\/div>\n\t\t<\/div>\n\t\t\t\t<div class=\"elementor-column elementor-col-66 elementor-top-column elementor-element elementor-element-b934fb5\" data-id=\"b934fb5\" data-element_type=\"column\">\n\t\t\t<div class=\"elementor-widget-wrap elementor-element-populated\">\n\t\t\t\t\t\t<div class=\"elementor-element elementor-element-4199db1 elementor-widget elementor-widget-text-editor\" data-id=\"4199db1\" data-element_type=\"widget\" data-widget_type=\"text-editor.default\">\n\t\t\t\t<div class=\"elementor-widget-container\">\n\t\t\t\t\t\t\t\t\t<p>Der Mensch braucht die Natur, die Natur braucht den Menschen nicht. Aus diesem Grund versuchen wir bei jedem Projekt gr\u00f6\u00dftm\u00f6glichen Respekt vor der Natur zu zeigen.<\/p> <ul> <li> <p>Bei der Planung geht es nicht um den maximalen Ertrag, sondern um die respektvolle Einbindung der Natur und der nat\u00fcrlichen Gegebenheiten. <\/p> <\/li> <li> <p>Das hei\u00dft, das Grundst\u00fcck wird weiterhin erst ger\u00e4umt, wenn K\u00e4ufer das Grundst\u00fcck erworben haben und wir wissen, wie viel Platz wir f\u00fcr die Geb\u00e4ude ben\u00f6tigen. Naturschutz statt Wiederaufforstung steht an erster Stelle. Jeder Baum hat eine Geschichte, und IDAMAR m\u00f6chte Teil so vieler zuk\u00fcnftiger Geschichten wie m\u00f6glich sein.<\/p> <\/li> <li> <p>Auch legen wir Wert darauf, unsere Kunden f\u00fcr die nat\u00fcrlichen Gegebenheiten vor Ort zu sensibilisieren. Deshalb erhalten Sie beim Kauf Informationen \u00fcber die Vegetation und Tierwelt vor Ort<\/p> <\/li> <\/ul>\t\t\t\t\t\t\t\t<\/div>\n\t\t\t\t<\/div>\n\t\t\t\t\t<\/div>\n\t\t<\/div>\n\t\t\t\t\t<\/div>\n\t\t<\/section>\n\t\t\t\t<section class=\"elementor-section elementor-top-section elementor-element elementor-element-eae33b1 elementor-section-boxed elementor-section-height-default elementor-section-height-default wpr-particle-no wpr-jarallax-no wpr-parallax-no wpr-sticky-section-no\" data-id=\"eae33b1\" data-element_type=\"section\">\n\t\t\t\t\t\t<div class=\"elementor-container elementor-column-gap-default\">\n\t\t\t\t\t<div class=\"elementor-column elementor-col-33 elementor-top-column elementor-element elementor-element-e2a4b74\" data-id=\"e2a4b74\" data-element_type=\"column\">\n\t\t\t<div class=\"elementor-widget-wrap\">\n\t\t\t\t\t\t\t<\/div>\n\t\t<\/div>\n\t\t\t\t<div class=\"elementor-column elementor-col-66 elementor-top-column elementor-element elementor-element-d479266\" data-id=\"d479266\" data-element_type=\"column\">\n\t\t\t<div class=\"elementor-widget-wrap elementor-element-populated\">\n\t\t\t\t\t\t<div class=\"elementor-element elementor-element-4354590 elementor-widget elementor-widget-text-editor\" data-id=\"4354590\" data-element_type=\"widget\" data-widget_type=\"text-editor.default\">\n\t\t\t\t<div class=\"elementor-widget-container\">\n\t\t\t\t\t\t\t\t\t<p>Luxus und Respekt vor Mensch und Natur d\u00fcrfen sich nicht ausschlie\u00dfen. Unsere Vision ist ein Miteinander, das jedem ein strahlendes L\u00e4cheln ins Gesicht zaubert.<\/p>\t\t\t\t\t\t\t\t<\/div>\n\t\t\t\t<\/div>\n\t\t\t\t\t<\/div>\n\t\t<\/div>\n\t\t\t\t\t<\/div>\n\t\t<\/section>\n\t\t\t\t<\/div>\n\t\t","protected":false},"excerpt":{"rendered":"<p>Investition in eine Vision Wir messen Erfolg an dem strahlenden L\u00e4cheln, das wir den Menschen ins Gesicht zaubern. Das hat wenig mit Geld zu tun, &hellip;<\/p>\n","protected":false},"author":1,"featured_media":58251,"parent":0,"menu_order":0,"comment_status":"closed","ping_status":"closed","template":"","meta":{"footnotes":""},"categories":[],"tags":[],"class_list":["post-57750","page","type-page","status-publish","has-post-thumbnail","hentry"],"featured_image_src":"https:\/\/www.idamargroup.com\/wp-content\/uploads\/2023\/08\/IDAMAR-Dominican-Republic-vision.webp","_links":{"self":[{"href":"https:\/\/www.idamargroup.com\/de\/wp-json\/wp\/v2\/pages\/57750","targetHints":{"allow":["GET"]}}],"collection":[{"href":"https:\/\/www.idamargroup.com\/de\/wp-json\/wp\/v2\/pages"}],"about":[{"href":"https:\/\/www.idamargroup.com\/de\/wp-json\/wp\/v2\/types\/page"}],"author":[{"embeddable":true,"href":"https:\/\/www.idamargroup.com\/de\/wp-json\/wp\/v2\/users\/1"}],"replies":[{"embeddable":true,"href":"https:\/\/www.idamargroup.com\/de\/wp-json\/wp\/v2\/comments?post=57750"}],"version-history":[{"count":42,"href":"https:\/\/www.idamargroup.com\/de\/wp-json\/wp\/v2\/pages\/57750\/revisions"}],"predecessor-version":[{"id":61321,"href":"https:\/\/www.idamargroup.com\/de\/wp-json\/wp\/v2\/pages\/57750\/revisions\/61321"}],"wp:featuredmedia":[{"embeddable":true,"href":"https:\/\/www.idamargroup.com\/de\/wp-json\/wp\/v2\/media\/58251"}],"wp:attachment":[{"href":"https:\/\/www.idamargroup.com\/de\/wp-json\/wp\/v2\/media?parent=57750"}],"wp:term":[{"taxonomy":"category","embeddable":true,"href":"https:\/\/www.idamargroup.com\/de\/wp-json\/wp\/v2\/categories?post=57750"},{"taxonomy":"post_tag","embeddable":true,"href":"https:\/\/www.idamargroup.com\/de\/wp-json\/wp\/v2\/tags?post=57750"}],"curies":[{"name":"wp","href":"https:\/\/api.w.org\/{rel}","templated":true}]}}