{"id":57291,"date":"2023-02-01T12:43:54","date_gmt":"2023-02-01T12:43:54","guid":{"rendered":"https:\/\/www.idamargroup.com\/front\/"},"modified":"2023-09-06T20:48:39","modified_gmt":"2023-09-06T20:48:39","slug":"front","status":"publish","type":"page","link":"https:\/\/www.idamargroup.com\/de\/front\/","title":{"rendered":"Front"},"content":{"rendered":"\t\t<div data-elementor-type=\"wp-page\" data-elementor-id=\"57291\" class=\"elementor elementor-57291\">\n\t\t\t\t\t\t<section class=\"elementor-section elementor-top-section elementor-element elementor-element-4441f49 elementor-section-content-middle elementor-section-boxed elementor-section-height-default elementor-section-height-default wpr-particle-no wpr-jarallax-no wpr-parallax-no wpr-sticky-section-no\" data-id=\"4441f49\" data-element_type=\"section\">\n\t\t\t\t\t\t<div class=\"elementor-container elementor-column-gap-default\">\n\t\t\t\t\t<div class=\"elementor-column elementor-col-33 elementor-top-column elementor-element elementor-element-4938e8c\" data-id=\"4938e8c\" data-element_type=\"column\">\n\t\t\t<div class=\"elementor-widget-wrap elementor-element-populated\">\n\t\t\t\t\t\t<div class=\"elementor-element elementor-element-30e6974 elementor-widget elementor-widget-image\" data-id=\"30e6974\" data-element_type=\"widget\" data-widget_type=\"image.default\">\n\t\t\t\t<div class=\"elementor-widget-container\">\n\t\t\t\t\t\t\t\t\t\t\t\t\t\t\t<img fetchpriority=\"high\" decoding=\"async\" width=\"1000\" height=\"475\" src=\"https:\/\/www.idamargroup.com\/wp-content\/uploads\/2023\/01\/IDAMAR-Startseite-Themenbilder.002.webp\" class=\"attachment-large size-large wp-image-57100\" alt=\"\" srcset=\"https:\/\/www.idamargroup.com\/wp-content\/uploads\/2023\/01\/IDAMAR-Startseite-Themenbilder.002.webp 1000w, https:\/\/www.idamargroup.com\/wp-content\/uploads\/2023\/01\/IDAMAR-Startseite-Themenbilder.002-300x143.webp 300w, https:\/\/www.idamargroup.com\/wp-content\/uploads\/2023\/01\/IDAMAR-Startseite-Themenbilder.002-768x365.webp 768w, https:\/\/www.idamargroup.com\/wp-content\/uploads\/2023\/01\/IDAMAR-Startseite-Themenbilder.002-470x223.webp 470w\" sizes=\"(max-width: 1000px) 100vw, 1000px\" \/>\t\t\t\t\t\t\t\t\t\t\t\t\t\t\t<\/div>\n\t\t\t\t<\/div>\n\t\t\t\t\t<\/div>\n\t\t<\/div>\n\t\t\t\t<div class=\"elementor-column elementor-col-33 elementor-top-column elementor-element elementor-element-5b37eb6\" data-id=\"5b37eb6\" data-element_type=\"column\">\n\t\t\t<div class=\"elementor-widget-wrap elementor-element-populated\">\n\t\t\t\t\t\t<div class=\"elementor-element elementor-element-3959cf7 elementor-widget elementor-widget-text-editor\" data-id=\"3959cf7\" data-element_type=\"widget\" data-widget_type=\"text-editor.default\">\n\t\t\t\t<div class=\"elementor-widget-container\">\n\t\t\t\t\t\t\t\t\t<p>Im Jahr 2022 haben wir unser erstes Projekt <strong>IDAMAR Hills<\/strong> in Las Terrenas aus der Taufe gehoben. 140.000 Quadratmeter in fantastischer Lage, 5 Minuten vom Strand entfernt, werden nachhaltig von uns entwickelt. <strong>IDAMAR Beach<\/strong> ist das n\u00e4chste Projekt, das wir 2023 in Angriff nehmen werden.<\/p>\n\t\t\t\t\t\t\t\t<\/div>\n\t\t\t\t<\/div>\n\t\t\t\t\t<\/div>\n\t\t<\/div>\n\t\t\t\t<div class=\"elementor-column elementor-col-33 elementor-top-column elementor-element elementor-element-c012754\" data-id=\"c012754\" data-element_type=\"column\">\n\t\t\t<div class=\"elementor-widget-wrap elementor-element-populated\">\n\t\t\t\t\t\t<div class=\"elementor-element elementor-element-7c2045c elementor-widget elementor-widget-text-editor\" data-id=\"7c2045c\" data-element_type=\"widget\" data-widget_type=\"text-editor.default\">\n\t\t\t\t<div class=\"elementor-widget-container\">\n\t\t\t\t\t\t\t\t\t<p>Soon<\/p>\n\t\t\t\t\t\t\t\t<\/div>\n\t\t\t\t<\/div>\n\t\t\t\t\t<\/div>\n\t\t<\/div>\n\t\t\t\t\t<\/div>\n\t\t<\/section>\n\t\t\t\t<section class=\"elementor-section elementor-top-section elementor-element elementor-element-5188a80 elementor-section-content-middle elementor-section-boxed elementor-section-height-default elementor-section-height-default wpr-particle-no wpr-jarallax-no wpr-parallax-no wpr-sticky-section-no\" data-id=\"5188a80\" data-element_type=\"section\">\n\t\t\t\t\t\t<div class=\"elementor-container elementor-column-gap-default\">\n\t\t\t\t\t<div class=\"elementor-column elementor-col-33 elementor-top-column elementor-element elementor-element-78dfd77\" data-id=\"78dfd77\" data-element_type=\"column\">\n\t\t\t<div class=\"elementor-widget-wrap elementor-element-populated\">\n\t\t\t\t\t\t<div class=\"elementor-element elementor-element-201396f elementor-widget elementor-widget-image\" data-id=\"201396f\" data-element_type=\"widget\" data-widget_type=\"image.default\">\n\t\t\t\t<div class=\"elementor-widget-container\">\n\t\t\t\t\t\t\t\t\t\t\t\t\t\t\t\t<a href=\"https:\/\/www.idamargroup.com\/idamar-family\/\">\n\t\t\t\t\t\t\t<img decoding=\"async\" width=\"1000\" height=\"475\" src=\"https:\/\/www.idamargroup.com\/wp-content\/uploads\/2023\/01\/IDAMAR-Startseite-Themenbilder.004.webp\" class=\"attachment-large size-large wp-image-57106\" alt=\"\" srcset=\"https:\/\/www.idamargroup.com\/wp-content\/uploads\/2023\/01\/IDAMAR-Startseite-Themenbilder.004.webp 1000w, https:\/\/www.idamargroup.com\/wp-content\/uploads\/2023\/01\/IDAMAR-Startseite-Themenbilder.004-300x143.webp 300w, https:\/\/www.idamargroup.com\/wp-content\/uploads\/2023\/01\/IDAMAR-Startseite-Themenbilder.004-768x365.webp 768w, https:\/\/www.idamargroup.com\/wp-content\/uploads\/2023\/01\/IDAMAR-Startseite-Themenbilder.004-470x223.webp 470w\" sizes=\"(max-width: 1000px) 100vw, 1000px\" \/>\t\t\t\t\t\t\t\t<\/a>\n\t\t\t\t\t\t\t\t\t\t\t\t\t\t\t<\/div>\n\t\t\t\t<\/div>\n\t\t\t\t\t<\/div>\n\t\t<\/div>\n\t\t\t\t<div class=\"elementor-column elementor-col-33 elementor-top-column elementor-element elementor-element-ab122a3\" data-id=\"ab122a3\" data-element_type=\"column\">\n\t\t\t<div class=\"elementor-widget-wrap elementor-element-populated\">\n\t\t\t\t\t\t<div class=\"elementor-element elementor-element-374a923 elementor-widget elementor-widget-text-editor\" data-id=\"374a923\" data-element_type=\"widget\" data-widget_type=\"text-editor.default\">\n\t\t\t\t<div class=\"elementor-widget-container\">\n\t\t\t\t\t\t\t\t\t<p>Wir begleiten Sie diskret von Anfang an, beginnend mit der Standortwahl \u00fcber administrative Angelegenheiten, Hausbau, Umzug, unterst\u00fctzen Sie mit lokalen Informationen, internationalen und lokalen Kontakten und \u00fcber 30 Jahren Know-how in den Bereichen Gr\u00fcndung, Umzug, Investition, Verm\u00f6gensverwaltung und Steuerverwaltung. Das ist, was wir <strong>IDAMAR Friends <\/strong>nennen.<\/p>\n\t\t\t\t\t\t\t\t<\/div>\n\t\t\t\t<\/div>\n\t\t\t\t\t<\/div>\n\t\t<\/div>\n\t\t\t\t<div class=\"elementor-column elementor-col-33 elementor-top-column elementor-element elementor-element-7e4e58a\" data-id=\"7e4e58a\" data-element_type=\"column\">\n\t\t\t<div class=\"elementor-widget-wrap elementor-element-populated\">\n\t\t\t\t\t\t<div class=\"elementor-element elementor-element-2ee114d elementor-widget elementor-widget-image\" data-id=\"2ee114d\" data-element_type=\"widget\" data-widget_type=\"image.default\">\n\t\t\t\t<div class=\"elementor-widget-container\">\n\t\t\t\t\t\t\t\t\t\t\t\t\t\t\t\t<a href=\"https:\/\/www.idamargroup.com\/idamar-family\/\">\n\t\t\t\t\t\t\t<img decoding=\"async\" width=\"143\" height=\"46\" src=\"https:\/\/www.idamargroup.com\/wp-content\/uploads\/2023\/01\/Button_s.png\" class=\"attachment-thumbnail size-thumbnail wp-image-57136\" alt=\"IDAMAR Dominican Republic Button\" \/>\t\t\t\t\t\t\t\t<\/a>\n\t\t\t\t\t\t\t\t\t\t\t\t\t\t\t<\/div>\n\t\t\t\t<\/div>\n\t\t\t\t\t<\/div>\n\t\t<\/div>\n\t\t\t\t\t<\/div>\n\t\t<\/section>\n\t\t\t\t<section class=\"elementor-section elementor-top-section elementor-element elementor-element-588a814 elementor-section-content-middle elementor-section-boxed elementor-section-height-default elementor-section-height-default wpr-particle-no wpr-jarallax-no wpr-parallax-no wpr-sticky-section-no\" data-id=\"588a814\" data-element_type=\"section\">\n\t\t\t\t\t\t<div class=\"elementor-container elementor-column-gap-default\">\n\t\t\t\t\t<div class=\"elementor-column elementor-col-33 elementor-top-column elementor-element elementor-element-1114799\" data-id=\"1114799\" data-element_type=\"column\">\n\t\t\t<div class=\"elementor-widget-wrap elementor-element-populated\">\n\t\t\t\t\t\t<div class=\"elementor-element elementor-element-56a9576 elementor-widget elementor-widget-image\" data-id=\"56a9576\" data-element_type=\"widget\" data-widget_type=\"image.default\">\n\t\t\t\t<div class=\"elementor-widget-container\">\n\t\t\t\t\t\t\t\t\t\t\t\t\t\t\t\t<a href=\"https:\/\/www.idamargroup.com\/5-reasons\/\">\n\t\t\t\t\t\t\t<img loading=\"lazy\" decoding=\"async\" width=\"1000\" height=\"475\" src=\"https:\/\/www.idamargroup.com\/wp-content\/uploads\/2023\/01\/IDAMAR-Startseite-Themenbilder.006.webp\" class=\"attachment-large size-large wp-image-57112\" alt=\"\" srcset=\"https:\/\/www.idamargroup.com\/wp-content\/uploads\/2023\/01\/IDAMAR-Startseite-Themenbilder.006.webp 1000w, https:\/\/www.idamargroup.com\/wp-content\/uploads\/2023\/01\/IDAMAR-Startseite-Themenbilder.006-300x143.webp 300w, https:\/\/www.idamargroup.com\/wp-content\/uploads\/2023\/01\/IDAMAR-Startseite-Themenbilder.006-768x365.webp 768w, https:\/\/www.idamargroup.com\/wp-content\/uploads\/2023\/01\/IDAMAR-Startseite-Themenbilder.006-470x223.webp 470w\" sizes=\"(max-width: 1000px) 100vw, 1000px\" \/>\t\t\t\t\t\t\t\t<\/a>\n\t\t\t\t\t\t\t\t\t\t\t\t\t\t\t<\/div>\n\t\t\t\t<\/div>\n\t\t\t\t\t<\/div>\n\t\t<\/div>\n\t\t\t\t<div class=\"elementor-column elementor-col-33 elementor-top-column elementor-element elementor-element-19cc828\" data-id=\"19cc828\" data-element_type=\"column\">\n\t\t\t<div class=\"elementor-widget-wrap elementor-element-populated\">\n\t\t\t\t\t\t<div class=\"elementor-element elementor-element-7582335 elementor-widget elementor-widget-text-editor\" data-id=\"7582335\" data-element_type=\"widget\" data-widget_type=\"text-editor.default\">\n\t\t\t\t<div class=\"elementor-widget-container\">\n\t\t\t\t\t\t\t\t\t<p>Es gibt viele Gr\u00fcnde in der Dominikanischen Republik zu leben und dort zu investieren, und es gibt viele Gr\u00fcnde, diesbez\u00fcglich mit der <strong>IDAMAR Group<\/strong> zusammenzuarbeiten. Wir haben einmal 15 von ihnen gesammelt.<\/p>\n\t\t\t\t\t\t\t\t<\/div>\n\t\t\t\t<\/div>\n\t\t\t\t\t<\/div>\n\t\t<\/div>\n\t\t\t\t<div class=\"elementor-column elementor-col-33 elementor-top-column elementor-element elementor-element-1c52cd3\" data-id=\"1c52cd3\" data-element_type=\"column\">\n\t\t\t<div class=\"elementor-widget-wrap elementor-element-populated\">\n\t\t\t\t\t\t<div class=\"elementor-element elementor-element-be45fb7 elementor-widget elementor-widget-image\" data-id=\"be45fb7\" data-element_type=\"widget\" data-widget_type=\"image.default\">\n\t\t\t\t<div class=\"elementor-widget-container\">\n\t\t\t\t\t\t\t\t\t\t\t\t\t\t\t\t<a href=\"https:\/\/www.idamargroup.com\/5-reasons\/\">\n\t\t\t\t\t\t\t<img decoding=\"async\" width=\"143\" height=\"46\" src=\"https:\/\/www.idamargroup.com\/wp-content\/uploads\/2023\/01\/Button_s.png\" class=\"attachment-thumbnail size-thumbnail wp-image-57136\" alt=\"IDAMAR Dominican Republic Button\" \/>\t\t\t\t\t\t\t\t<\/a>\n\t\t\t\t\t\t\t\t\t\t\t\t\t\t\t<\/div>\n\t\t\t\t<\/div>\n\t\t\t\t\t<\/div>\n\t\t<\/div>\n\t\t\t\t\t<\/div>\n\t\t<\/section>\n\t\t\t\t<section class=\"elementor-section elementor-top-section elementor-element elementor-element-fbbd8e2 elementor-section-content-middle elementor-section-boxed elementor-section-height-default elementor-section-height-default wpr-particle-no wpr-jarallax-no wpr-parallax-no wpr-sticky-section-no\" data-id=\"fbbd8e2\" data-element_type=\"section\">\n\t\t\t\t\t\t<div class=\"elementor-container elementor-column-gap-default\">\n\t\t\t\t\t<div class=\"elementor-column elementor-col-33 elementor-top-column elementor-element elementor-element-8c0aec0\" data-id=\"8c0aec0\" data-element_type=\"column\">\n\t\t\t<div class=\"elementor-widget-wrap elementor-element-populated\">\n\t\t\t\t\t\t<div class=\"elementor-element elementor-element-9e0737f elementor-widget elementor-widget-image\" data-id=\"9e0737f\" data-element_type=\"widget\" data-widget_type=\"image.default\">\n\t\t\t\t<div class=\"elementor-widget-container\">\n\t\t\t\t\t\t\t\t\t\t\t\t\t\t\t<img loading=\"lazy\" decoding=\"async\" width=\"1000\" height=\"475\" src=\"https:\/\/www.idamargroup.com\/wp-content\/uploads\/2023\/01\/IDAMAR-Startseite-Themenbilder.008.webp\" class=\"attachment-large size-large wp-image-57118\" alt=\"\" srcset=\"https:\/\/www.idamargroup.com\/wp-content\/uploads\/2023\/01\/IDAMAR-Startseite-Themenbilder.008.webp 1000w, https:\/\/www.idamargroup.com\/wp-content\/uploads\/2023\/01\/IDAMAR-Startseite-Themenbilder.008-300x143.webp 300w, https:\/\/www.idamargroup.com\/wp-content\/uploads\/2023\/01\/IDAMAR-Startseite-Themenbilder.008-768x365.webp 768w, https:\/\/www.idamargroup.com\/wp-content\/uploads\/2023\/01\/IDAMAR-Startseite-Themenbilder.008-470x223.webp 470w\" sizes=\"(max-width: 1000px) 100vw, 1000px\" \/>\t\t\t\t\t\t\t\t\t\t\t\t\t\t\t<\/div>\n\t\t\t\t<\/div>\n\t\t\t\t\t<\/div>\n\t\t<\/div>\n\t\t\t\t<div class=\"elementor-column elementor-col-33 elementor-top-column elementor-element elementor-element-0b61eb7\" data-id=\"0b61eb7\" data-element_type=\"column\">\n\t\t\t<div class=\"elementor-widget-wrap elementor-element-populated\">\n\t\t\t\t\t\t<div class=\"elementor-element elementor-element-6d7d6f9 elementor-widget elementor-widget-text-editor\" data-id=\"6d7d6f9\" data-element_type=\"widget\" data-widget_type=\"text-editor.default\">\n\t\t\t\t<div class=\"elementor-widget-container\">\n\t\t\t\t\t\t\t\t\t<p>Wir messen unseren Erfolg an dem strahlenden L\u00e4cheln, das wir in die Gesichter der Menschen zaubern. Das hat wenig mit Geld zu tun, sondern vielmehr damit, die Menschen mit etwas zu \u00fcberraschen, was sie nicht erwarten. Reinvestition bedeutet f\u00fcr uns also auch, in Menschen zu investieren, um ihnen Zuversicht, Hoffnung und Vertrauen zu geben.<\/p>\n\t\t\t\t\t\t\t\t<\/div>\n\t\t\t\t<\/div>\n\t\t\t\t\t<\/div>\n\t\t<\/div>\n\t\t\t\t<div class=\"elementor-column elementor-col-33 elementor-top-column elementor-element elementor-element-39cdc0f\" data-id=\"39cdc0f\" data-element_type=\"column\">\n\t\t\t<div class=\"elementor-widget-wrap elementor-element-populated\">\n\t\t\t\t\t\t<div class=\"elementor-element elementor-element-5190b2b elementor-widget elementor-widget-image\" data-id=\"5190b2b\" data-element_type=\"widget\" data-widget_type=\"image.default\">\n\t\t\t\t<div class=\"elementor-widget-container\">\n\t\t\t\t\t\t\t\t\t\t\t\t\t\t\t\t<a href=\"https:\/\/www.idamargroup.com\/de\/vision\/\">\n\t\t\t\t\t\t\t<img decoding=\"async\" width=\"143\" height=\"46\" src=\"https:\/\/www.idamargroup.com\/wp-content\/uploads\/2023\/01\/Button_s.png\" class=\"attachment-thumbnail size-thumbnail wp-image-57136\" alt=\"IDAMAR Dominican Republic Button\" \/>\t\t\t\t\t\t\t\t<\/a>\n\t\t\t\t\t\t\t\t\t\t\t\t\t\t\t<\/div>\n\t\t\t\t<\/div>\n\t\t\t\t\t<\/div>\n\t\t<\/div>\n\t\t\t\t\t<\/div>\n\t\t<\/section>\n\t\t\t\t<section class=\"elementor-section elementor-top-section elementor-element elementor-element-69bd6eb elementor-section-content-middle elementor-section-boxed elementor-section-height-default elementor-section-height-default wpr-particle-no wpr-jarallax-no wpr-parallax-no wpr-sticky-section-no\" data-id=\"69bd6eb\" data-element_type=\"section\">\n\t\t\t\t\t\t<div class=\"elementor-container elementor-column-gap-default\">\n\t\t\t\t\t<div class=\"elementor-column elementor-col-33 elementor-top-column elementor-element elementor-element-40205dd\" data-id=\"40205dd\" data-element_type=\"column\">\n\t\t\t<div class=\"elementor-widget-wrap elementor-element-populated\">\n\t\t\t\t\t\t<div class=\"elementor-element elementor-element-fbb5593 elementor-widget elementor-widget-image\" data-id=\"fbb5593\" data-element_type=\"widget\" data-widget_type=\"image.default\">\n\t\t\t\t<div class=\"elementor-widget-container\">\n\t\t\t\t\t\t\t\t\t\t\t\t\t\t\t\t<a href=\"https:\/\/www.idamargroup.com\/de\/wirtschaft\/\">\n\t\t\t\t\t\t\t<img loading=\"lazy\" decoding=\"async\" width=\"1000\" height=\"475\" src=\"https:\/\/www.idamargroup.com\/wp-content\/uploads\/2023\/01\/IDAMAR-Startseite-Themenbilder.010.webp\" class=\"attachment-large size-large wp-image-57124\" alt=\"\" srcset=\"https:\/\/www.idamargroup.com\/wp-content\/uploads\/2023\/01\/IDAMAR-Startseite-Themenbilder.010.webp 1000w, https:\/\/www.idamargroup.com\/wp-content\/uploads\/2023\/01\/IDAMAR-Startseite-Themenbilder.010-300x143.webp 300w, https:\/\/www.idamargroup.com\/wp-content\/uploads\/2023\/01\/IDAMAR-Startseite-Themenbilder.010-768x365.webp 768w, https:\/\/www.idamargroup.com\/wp-content\/uploads\/2023\/01\/IDAMAR-Startseite-Themenbilder.010-470x223.webp 470w\" sizes=\"(max-width: 1000px) 100vw, 1000px\" \/>\t\t\t\t\t\t\t\t<\/a>\n\t\t\t\t\t\t\t\t\t\t\t\t\t\t\t<\/div>\n\t\t\t\t<\/div>\n\t\t\t\t\t<\/div>\n\t\t<\/div>\n\t\t\t\t<div class=\"elementor-column elementor-col-33 elementor-top-column elementor-element elementor-element-a341869\" data-id=\"a341869\" data-element_type=\"column\">\n\t\t\t<div class=\"elementor-widget-wrap elementor-element-populated\">\n\t\t\t\t\t\t<div class=\"elementor-element elementor-element-561f8e5 elementor-widget elementor-widget-text-editor\" data-id=\"561f8e5\" data-element_type=\"widget\" data-widget_type=\"text-editor.default\">\n\t\t\t\t<div class=\"elementor-widget-container\">\n\t\t\t\t\t\t\t\t\t<p>Europa schneidet derzeit in Sachen Sicherheit und Investitionen \u00e4u\u00dferst schlecht ab, insbesondere wenn man sich die Entwicklung des Euro ansieht. Um einen ersten Ansto\u00df zu geben, warum die Dominikanische Republik eine interessante Alternative sein kann, wenn es darum geht, den Wert des eigenen Verm\u00f6gens zu sichern, haben wir einige wichtige Informationen zusammengestellt.<\/p>\n\t\t\t\t\t\t\t\t<\/div>\n\t\t\t\t<\/div>\n\t\t\t\t\t<\/div>\n\t\t<\/div>\n\t\t\t\t<div class=\"elementor-column elementor-col-33 elementor-top-column elementor-element elementor-element-881b1a9\" data-id=\"881b1a9\" data-element_type=\"column\">\n\t\t\t<div class=\"elementor-widget-wrap elementor-element-populated\">\n\t\t\t\t\t\t<div class=\"elementor-element elementor-element-faa03d3 elementor-widget elementor-widget-image\" data-id=\"faa03d3\" data-element_type=\"widget\" data-widget_type=\"image.default\">\n\t\t\t\t<div class=\"elementor-widget-container\">\n\t\t\t\t\t\t\t\t\t\t\t\t\t\t\t\t<a href=\"https:\/\/www.idamargroup.com\/de\/wirtschaft-2\/\">\n\t\t\t\t\t\t\t<img decoding=\"async\" width=\"143\" height=\"46\" src=\"https:\/\/www.idamargroup.com\/wp-content\/uploads\/2023\/01\/Button_s.png\" class=\"attachment-thumbnail size-thumbnail wp-image-57136\" alt=\"IDAMAR Dominican Republic Button\" \/>\t\t\t\t\t\t\t\t<\/a>\n\t\t\t\t\t\t\t\t\t\t\t\t\t\t\t<\/div>\n\t\t\t\t<\/div>\n\t\t\t\t\t<\/div>\n\t\t<\/div>\n\t\t\t\t\t<\/div>\n\t\t<\/section>\n\t\t\t\t<section class=\"elementor-section elementor-top-section elementor-element elementor-element-0ce3e5e elementor-section-content-middle elementor-section-boxed elementor-section-height-default elementor-section-height-default wpr-particle-no wpr-jarallax-no wpr-parallax-no wpr-sticky-section-no\" data-id=\"0ce3e5e\" data-element_type=\"section\">\n\t\t\t\t\t\t<div class=\"elementor-container elementor-column-gap-default\">\n\t\t\t\t\t<div class=\"elementor-column elementor-col-33 elementor-top-column elementor-element elementor-element-d1e39f3\" data-id=\"d1e39f3\" data-element_type=\"column\">\n\t\t\t<div class=\"elementor-widget-wrap elementor-element-populated\">\n\t\t\t\t\t\t<div class=\"elementor-element elementor-element-b572984 elementor-widget elementor-widget-image\" data-id=\"b572984\" data-element_type=\"widget\" data-widget_type=\"image.default\">\n\t\t\t\t<div class=\"elementor-widget-container\">\n\t\t\t\t\t\t\t\t\t\t\t\t\t\t\t\t<a href=\"https:\/\/www.idamargroup.com\/de\/das-land\/\">\n\t\t\t\t\t\t\t<img loading=\"lazy\" decoding=\"async\" width=\"1000\" height=\"475\" src=\"https:\/\/www.idamargroup.com\/wp-content\/uploads\/2023\/01\/IDAMAR-Startseite-Themenbilder.012.webp\" class=\"attachment-large size-large wp-image-57130\" alt=\"\" srcset=\"https:\/\/www.idamargroup.com\/wp-content\/uploads\/2023\/01\/IDAMAR-Startseite-Themenbilder.012.webp 1000w, https:\/\/www.idamargroup.com\/wp-content\/uploads\/2023\/01\/IDAMAR-Startseite-Themenbilder.012-300x143.webp 300w, https:\/\/www.idamargroup.com\/wp-content\/uploads\/2023\/01\/IDAMAR-Startseite-Themenbilder.012-768x365.webp 768w, https:\/\/www.idamargroup.com\/wp-content\/uploads\/2023\/01\/IDAMAR-Startseite-Themenbilder.012-470x223.webp 470w\" sizes=\"(max-width: 1000px) 100vw, 1000px\" \/>\t\t\t\t\t\t\t\t<\/a>\n\t\t\t\t\t\t\t\t\t\t\t\t\t\t\t<\/div>\n\t\t\t\t<\/div>\n\t\t\t\t\t<\/div>\n\t\t<\/div>\n\t\t\t\t<div class=\"elementor-column elementor-col-33 elementor-top-column elementor-element elementor-element-aebb5a8\" data-id=\"aebb5a8\" data-element_type=\"column\">\n\t\t\t<div class=\"elementor-widget-wrap elementor-element-populated\">\n\t\t\t\t\t\t<div class=\"elementor-element elementor-element-5f3c7ae elementor-widget elementor-widget-text-editor\" data-id=\"5f3c7ae\" data-element_type=\"widget\" data-widget_type=\"text-editor.default\">\n\t\t\t\t<div class=\"elementor-widget-container\">\n\t\t\t\t\t\t\t\t\t<p>Die Dominikanische Republik ist ein demokratisches Land mit mehr als 10 Millionen Einwohnern. Es erstreckt sich \u00fcber 48.442 km2, fast so gro\u00df wie die Slowakei. Die atemberaubend sch\u00f6nen Str\u00e4nde liegen im S\u00fcden am Karibischen Meer und im Norden am Atlantischen Ozean.<\/p>\n\t\t\t\t\t\t\t\t<\/div>\n\t\t\t\t<\/div>\n\t\t\t\t\t<\/div>\n\t\t<\/div>\n\t\t\t\t<div class=\"elementor-column elementor-col-33 elementor-top-column elementor-element elementor-element-f615a65\" data-id=\"f615a65\" data-element_type=\"column\">\n\t\t\t<div class=\"elementor-widget-wrap elementor-element-populated\">\n\t\t\t\t\t\t<div class=\"elementor-element elementor-element-014e220 elementor-widget elementor-widget-image\" data-id=\"014e220\" data-element_type=\"widget\" data-widget_type=\"image.default\">\n\t\t\t\t<div class=\"elementor-widget-container\">\n\t\t\t\t\t\t\t\t\t\t\t\t\t\t\t\t<a href=\"https:\/\/www.idamargroup.com\/de\/das-land\/\">\n\t\t\t\t\t\t\t<img decoding=\"async\" width=\"143\" height=\"46\" src=\"https:\/\/www.idamargroup.com\/wp-content\/uploads\/2023\/01\/Button_s.png\" class=\"attachment-thumbnail size-thumbnail wp-image-57136\" alt=\"IDAMAR Dominican Republic Button\" \/>\t\t\t\t\t\t\t\t<\/a>\n\t\t\t\t\t\t\t\t\t\t\t\t\t\t\t<\/div>\n\t\t\t\t<\/div>\n\t\t\t\t\t<\/div>\n\t\t<\/div>\n\t\t\t\t\t<\/div>\n\t\t<\/section>\n\t\t\t\t<\/div>\n\t\t","protected":false},"excerpt":{"rendered":"<p>Im Jahr 2022 haben wir unser erstes Projekt IDAMAR Hills in Las Terrenas aus der Taufe gehoben. 140.000 Quadratmeter in fantastischer Lage, 5 Minuten vom &hellip;<\/p>\n","protected":false},"author":1,"featured_media":0,"parent":0,"menu_order":0,"comment_status":"closed","ping_status":"closed","template":"","meta":{"footnotes":""},"categories":[],"tags":[],"class_list":["post-57291","page","type-page","status-publish","hentry"],"featured_image_src":null,"_links":{"self":[{"href":"https:\/\/www.idamargroup.com\/de\/wp-json\/wp\/v2\/pages\/57291","targetHints":{"allow":["GET"]}}],"collection":[{"href":"https:\/\/www.idamargroup.com\/de\/wp-json\/wp\/v2\/pages"}],"about":[{"href":"https:\/\/www.idamargroup.com\/de\/wp-json\/wp\/v2\/types\/page"}],"author":[{"embeddable":true,"href":"https:\/\/www.idamargroup.com\/de\/wp-json\/wp\/v2\/users\/1"}],"replies":[{"embeddable":true,"href":"https:\/\/www.idamargroup.com\/de\/wp-json\/wp\/v2\/comments?post=57291"}],"version-history":[{"count":59,"href":"https:\/\/www.idamargroup.com\/de\/wp-json\/wp\/v2\/pages\/57291\/revisions"}],"predecessor-version":[{"id":58623,"href":"https:\/\/www.idamargroup.com\/de\/wp-json\/wp\/v2\/pages\/57291\/revisions\/58623"}],"wp:attachment":[{"href":"https:\/\/www.idamargroup.com\/de\/wp-json\/wp\/v2\/media?parent=57291"}],"wp:term":[{"taxonomy":"category","embeddable":true,"href":"https:\/\/www.idamargroup.com\/de\/wp-json\/wp\/v2\/categories?post=57291"},{"taxonomy":"post_tag","embeddable":true,"href":"https:\/\/www.idamargroup.com\/de\/wp-json\/wp\/v2\/tags?post=57291"}],"curies":[{"name":"wp","href":"https:\/\/api.w.org\/{rel}","templated":true}]}}