{"id":3884,"date":"2022-10-09T21:22:33","date_gmt":"2022-10-09T21:22:33","guid":{"rendered":"http:\/\/www.idamargroup.com\/5-mythen-ueber-die-dominikanische-republik\/"},"modified":"2022-11-13T12:06:39","modified_gmt":"2022-11-13T12:06:39","slug":"5-mythen-ueber-die-dominikanische-republik","status":"publish","type":"page","link":"https:\/\/www.idamargroup.com\/de\/5-mythen-ueber-die-dominikanische-republik\/","title":{"rendered":"5 Mythen \u00fcber die Dominikanische Republik"},"content":{"rendered":"\t\t<div data-elementor-type=\"wp-page\" data-elementor-id=\"3884\" class=\"elementor elementor-3884 elementor-3728\">\n\t\t\t\t\t\t<section class=\"elementor-section elementor-top-section elementor-element elementor-element-c3d5e37 elementor-section-boxed elementor-section-height-default elementor-section-height-default wpr-particle-no wpr-jarallax-no wpr-parallax-no wpr-sticky-section-no\" data-id=\"c3d5e37\" data-element_type=\"section\">\n\t\t\t\t\t\t<div class=\"elementor-container elementor-column-gap-default\">\n\t\t\t\t\t<div class=\"elementor-column elementor-col-100 elementor-top-column elementor-element elementor-element-9b0dffa\" data-id=\"9b0dffa\" data-element_type=\"column\">\n\t\t\t<div class=\"elementor-widget-wrap elementor-element-populated\">\n\t\t\t\t\t\t<div class=\"elementor-element elementor-element-dc34f15 elementor-widget elementor-widget-heading\" data-id=\"dc34f15\" data-element_type=\"widget\" data-widget_type=\"heading.default\">\n\t\t\t\t<div class=\"elementor-widget-container\">\n\t\t\t\t\t<h2 class=\"elementor-heading-title elementor-size-default\">1. Hurrikan Gefahr<\/h2>\t\t\t\t<\/div>\n\t\t\t\t<\/div>\n\t\t\t\t\t<\/div>\n\t\t<\/div>\n\t\t\t\t\t<\/div>\n\t\t<\/section>\n\t\t\t\t<section class=\"elementor-section elementor-top-section elementor-element elementor-element-dd1695f elementor-section-boxed elementor-section-height-default elementor-section-height-default wpr-particle-no wpr-jarallax-no wpr-parallax-no wpr-sticky-section-no\" data-id=\"dd1695f\" data-element_type=\"section\">\n\t\t\t\t\t\t<div class=\"elementor-container elementor-column-gap-default\">\n\t\t\t\t\t<div class=\"elementor-column elementor-col-100 elementor-top-column elementor-element elementor-element-3f7a683\" data-id=\"3f7a683\" data-element_type=\"column\">\n\t\t\t<div class=\"elementor-widget-wrap elementor-element-populated\">\n\t\t\t\t\t\t<div class=\"elementor-element elementor-element-3df40eb elementor-widget elementor-widget-text-editor\" data-id=\"3df40eb\" data-element_type=\"widget\" data-widget_type=\"text-editor.default\">\n\t\t\t\t<div class=\"elementor-widget-container\">\n\t\t\t\t\t\t\t\t\t<p>Jedes Jahr startet im Herbst die Hurrikane-Saison in der Karibik. Dieses bedeutet jedoch keineswegs, dass dies jedes Jahr zu Verw\u00fcstungen auf der Insel f\u00fchrt, ganz im Gegenteil. 2022 hat mit Fiona (Stufe 1 von 5<span id='easy-footnote-1-3884' class='easy-footnote-margin-adjust'><\/span><span class='easy-footnote'><a href='https:\/\/www.idamargroup.com\/de\/5-mythen-ueber-die-dominikanische-republik\/#easy-footnote-bottom-1-3884' title='Saffir-Simpson Skala'><sup>1<\/sup><\/a><\/span>) das erste Mal seit 17 Jahren wieder ein Hurrikan die Insel erreicht, w\u00e4hrend Florida seit dem Jahr 2000 von 8 Hurrikans der Stufe 3-5 betroffen war. Tats\u00e4chlich nimmt die Dominikanische Republik in Bezug auf die H\u00e4ufigkeit und zerst\u00f6rerische Wirkung eine Ausnahmesituation ein. Es ist wohl unter anderem die Positionierung in der Karibik. Die Insel liegt fast mittig zwischen Kuba und Puerto Rico. Der Mona \u2013 Kanal, der die Gew\u00e4sser des Atlantiks mit dem Karibischen Meer verbindet und uns von Puerto Rico trennt, hilft sehr dabei, dass das hier herrschende Luftdrucksystem und die starken Str\u00f6mungen die Hurrikans an der Insel vorbeischieben. Mehr zu dieser Sondersituation hier<span id='easy-footnote-2-3884' class='easy-footnote-margin-adjust'><\/span><span class='easy-footnote'><a href='https:\/\/www.idamargroup.com\/de\/5-mythen-ueber-die-dominikanische-republik\/#easy-footnote-bottom-2-3884' title='&lt;a href=&quot;http:\/\/www.domreptotal.com\/die-dominikanische-republik-und-das-hurrikan-glueck\/&quot;&gt;http:\/\/www.domreptotal.com\/die-dominikanische-republik-und-das-hurrikan-glueck\/&lt;\/a&gt;'><sup>2<\/sup><\/a><\/span><span style=\"color: #800000;\">.<\/span><\/p>\n\t\t\t\t\t\t\t\t<\/div>\n\t\t\t\t<\/div>\n\t\t\t\t\t<\/div>\n\t\t<\/div>\n\t\t\t\t\t<\/div>\n\t\t<\/section>\n\t\t\t\t<section class=\"elementor-section elementor-top-section elementor-element elementor-element-e75e419 elementor-section-boxed elementor-section-height-default elementor-section-height-default wpr-particle-no wpr-jarallax-no wpr-parallax-no wpr-sticky-section-no\" data-id=\"e75e419\" data-element_type=\"section\">\n\t\t\t\t\t\t<div class=\"elementor-container elementor-column-gap-default\">\n\t\t\t\t\t<div class=\"elementor-column elementor-col-100 elementor-top-column elementor-element elementor-element-934f5f5\" data-id=\"934f5f5\" data-element_type=\"column\">\n\t\t\t<div class=\"elementor-widget-wrap elementor-element-populated\">\n\t\t\t\t\t\t<div class=\"elementor-element elementor-element-e821059 elementor-widget elementor-widget-heading\" data-id=\"e821059\" data-element_type=\"widget\" data-widget_type=\"heading.default\">\n\t\t\t\t<div class=\"elementor-widget-container\">\n\t\t\t\t\t<h2 class=\"elementor-heading-title elementor-size-default\">2. Korruption<\/h2>\t\t\t\t<\/div>\n\t\t\t\t<\/div>\n\t\t\t\t\t<\/div>\n\t\t<\/div>\n\t\t\t\t\t<\/div>\n\t\t<\/section>\n\t\t\t\t<section class=\"elementor-section elementor-top-section elementor-element elementor-element-e791797 elementor-section-boxed elementor-section-height-default elementor-section-height-default wpr-particle-no wpr-jarallax-no wpr-parallax-no wpr-sticky-section-no\" data-id=\"e791797\" data-element_type=\"section\">\n\t\t\t\t\t\t<div class=\"elementor-container elementor-column-gap-default\">\n\t\t\t\t\t<div class=\"elementor-column elementor-col-100 elementor-top-column elementor-element elementor-element-4de97aa\" data-id=\"4de97aa\" data-element_type=\"column\">\n\t\t\t<div class=\"elementor-widget-wrap elementor-element-populated\">\n\t\t\t\t\t\t<div class=\"elementor-element elementor-element-6e74424 elementor-widget elementor-widget-text-editor\" data-id=\"6e74424\" data-element_type=\"widget\" data-widget_type=\"text-editor.default\">\n\t\t\t\t<div class=\"elementor-widget-container\">\n\t\t\t\t\t\t\t\t\t<p>Vordergr\u00fcndig scheint die Korruption tats\u00e4chlich ein fast schon historischer Bestandteil der Geschichte der Dominikanischen Republik zu sein. Lt. Korruptionsindex liegt die Dominikanische Republik an Stelle 128, gleichauf mit Bolivien und Paraguay, aber vor L\u00e4ndern wie Russland und den meisten zentralafrikanischen L\u00e4ndern. Wichtig ist dabei jedoch zu wissen, dass dieser Index lediglich die <strong>wahrgenommene<\/strong> Korruption und <strong>nicht die tats\u00e4chliche<\/strong> Korruption widerspiegelt<span id='easy-footnote-3-3884' class='easy-footnote-margin-adjust'><\/span><span class='easy-footnote'><a href='https:\/\/www.idamargroup.com\/de\/5-mythen-ueber-die-dominikanische-republik\/#easy-footnote-bottom-3-3884' title='&lt;a href=&quot;https:\/\/www.transparency.org\/en\/news\/how-cpi-scores-are-calculated&quot;&gt;https:\/\/www.transparency.org\/en\/news\/how-cpi-scores-are-calculated&lt;\/a&gt;'><sup>3<\/sup><\/a><\/span>. F\u00fcr letztere gibt es n\u00e4mlich keinen Index. Es ist also nachvollziehbar, dass eine Erwartungshaltung an ein Land ma\u00dfgeblich auch die Wahrnehmung der Korruption in einem Land beeinflusst. Dort wo sie sich teilweise gar nicht versteckt, sondern Teil des gesellschaftlichen Miteinanders ist, tritt sie nat\u00fcrlich offener zu Tage, als in L\u00e4ndern, in denen peinlichst genau versucht wird, die Korruption nicht \u00f6ffentlich wahrnehmbar werden zu lassen. Die USA z.B. liegt auf der Position 27, damit noch vor Spanien und Italien. Ob letztere beiden L\u00e4nder aber tats\u00e4chlich \u201ekorrupter\u201c sind als die USA, ist nicht belegbar. Ob ein Land mit versteckter Korruption nun sicherer ist, als ein Land mit weniger versteckter Korruption, ist sicher in erster Linie eine Frage der pers\u00f6nlichen Einsch\u00e4tzung.<\/p>\t\t\t\t\t\t\t\t<\/div>\n\t\t\t\t<\/div>\n\t\t\t\t\t<\/div>\n\t\t<\/div>\n\t\t\t\t\t<\/div>\n\t\t<\/section>\n\t\t\t\t<section class=\"elementor-section elementor-top-section elementor-element elementor-element-dac47eb elementor-section-boxed elementor-section-height-default elementor-section-height-default wpr-particle-no wpr-jarallax-no wpr-parallax-no wpr-sticky-section-no\" data-id=\"dac47eb\" data-element_type=\"section\">\n\t\t\t\t\t\t<div class=\"elementor-container elementor-column-gap-default\">\n\t\t\t\t\t<div class=\"elementor-column elementor-col-100 elementor-top-column elementor-element elementor-element-a20af1d\" data-id=\"a20af1d\" data-element_type=\"column\">\n\t\t\t<div class=\"elementor-widget-wrap elementor-element-populated\">\n\t\t\t\t\t\t<div class=\"elementor-element elementor-element-3c266bd elementor-widget elementor-widget-heading\" data-id=\"3c266bd\" data-element_type=\"widget\" data-widget_type=\"heading.default\">\n\t\t\t\t<div class=\"elementor-widget-container\">\n\t\t\t\t\t<h2 class=\"elementor-heading-title elementor-size-default\">3. Geringe Sicherheit<\/h2>\t\t\t\t<\/div>\n\t\t\t\t<\/div>\n\t\t\t\t\t<\/div>\n\t\t<\/div>\n\t\t\t\t\t<\/div>\n\t\t<\/section>\n\t\t\t\t<section class=\"elementor-section elementor-top-section elementor-element elementor-element-fcf306b elementor-section-boxed elementor-section-height-default elementor-section-height-default wpr-particle-no wpr-jarallax-no wpr-parallax-no wpr-sticky-section-no\" data-id=\"fcf306b\" data-element_type=\"section\">\n\t\t\t\t\t\t<div class=\"elementor-container elementor-column-gap-default\">\n\t\t\t\t\t<div class=\"elementor-column elementor-col-100 elementor-top-column elementor-element elementor-element-497e5ef\" data-id=\"497e5ef\" data-element_type=\"column\">\n\t\t\t<div class=\"elementor-widget-wrap elementor-element-populated\">\n\t\t\t\t\t\t<div class=\"elementor-element elementor-element-1e60be7 elementor-widget elementor-widget-text-editor\" data-id=\"1e60be7\" data-element_type=\"widget\" data-widget_type=\"text-editor.default\">\n\t\t\t\t<div class=\"elementor-widget-container\">\n\t\t\t\t\t\t\t\t\t<p>Die Dominikanische Republik hat in den letzten 10 Jahren eine starke Entwicklung durchgemacht. Lag z.B. die Mordrate in 2011 noch bei 25,61 (auf 100.000 Einwohner), ist sie bis auf 8,86 in 2021 gesunken, was fast amerikanisches Niveau darstellt. Diese Entwicklung war schneller, als der Ruf sich entsprechend anpassen konnte. Unbenommen der positiven allgemeinen Sicherheitsentwicklung gilt jedoch f\u00fcr die Karibik das Gleiche, wie f\u00fcr alle s\u00fcdlichen L\u00e4nder. Wer auf Grund seines Auftritts seinen Status deutlich zur Schau tr\u00e4gt, hat nat\u00fcrlich ein gr\u00f6\u00dferes Risiko, Ziel von entsprechenden kriminellen Akten zu werden, vor allem in Regionen, in denen Armut st\u00e4rker pr\u00e4sent ist. Aber dies gilt letztendlich auch f\u00fcr alle gro\u00dfen St\u00e4dte, wie NewYork, Miami aber auch Berlin oder Rom. Es gibt Gegenden mit h\u00f6herer Kriminalit\u00e4t, und solche mit sehr geringer. Nur den Durchschnitt zu betrachten gibt ein falsches Bild vom Land ab.<\/p><p>Ein weiterer wichtiger Aspekt ist vor allem aber die Verbindung zur Gesellschaft. 3. Dies ist einer der wichtigsten Gr\u00fcnde, warum wir IDAMAR Friends entwickelt haben. Die Akzeptanz der Gesellschaft ist ein wichtiger Aspekt in Bezug auf die Sicherheit. Touristen werden, wie in den meisten touristischen L\u00e4ndern, anders behandelt als Einheimische. IDAMAR Friends erm\u00f6glich seinen Kunden genau diesen Status eines Einheimischen zu entwickeln. Das Sicherheitskonzept bietet die Grundlage f\u00fcr den Einzelfall, IDAMAR Friends sorgt f\u00fcr die generelle Sicherheit durch Akzeptanz!<\/p>\t\t\t\t\t\t\t\t<\/div>\n\t\t\t\t<\/div>\n\t\t\t\t\t<\/div>\n\t\t<\/div>\n\t\t\t\t\t<\/div>\n\t\t<\/section>\n\t\t\t\t<section class=\"elementor-section elementor-top-section elementor-element elementor-element-bd986df elementor-section-boxed elementor-section-height-default elementor-section-height-default wpr-particle-no wpr-jarallax-no wpr-parallax-no wpr-sticky-section-no\" data-id=\"bd986df\" data-element_type=\"section\">\n\t\t\t\t\t\t<div class=\"elementor-container elementor-column-gap-default\">\n\t\t\t\t\t<div class=\"elementor-column elementor-col-100 elementor-top-column elementor-element elementor-element-bb9d500\" data-id=\"bb9d500\" data-element_type=\"column\">\n\t\t\t<div class=\"elementor-widget-wrap elementor-element-populated\">\n\t\t\t\t\t\t<div class=\"elementor-element elementor-element-476ef4e elementor-widget elementor-widget-heading\" data-id=\"476ef4e\" data-element_type=\"widget\" data-widget_type=\"heading.default\">\n\t\t\t\t<div class=\"elementor-widget-container\">\n\t\t\t\t\t<h2 class=\"elementor-heading-title elementor-size-default\">4. Hohe Armutsrate<\/h2>\t\t\t\t<\/div>\n\t\t\t\t<\/div>\n\t\t\t\t\t<\/div>\n\t\t<\/div>\n\t\t\t\t\t<\/div>\n\t\t<\/section>\n\t\t\t\t<section class=\"elementor-section elementor-top-section elementor-element elementor-element-4ac0685 elementor-section-boxed elementor-section-height-default elementor-section-height-default wpr-particle-no wpr-jarallax-no wpr-parallax-no wpr-sticky-section-no\" data-id=\"4ac0685\" data-element_type=\"section\">\n\t\t\t\t\t\t<div class=\"elementor-container elementor-column-gap-default\">\n\t\t\t\t\t<div class=\"elementor-column elementor-col-100 elementor-top-column elementor-element elementor-element-38a0d93\" data-id=\"38a0d93\" data-element_type=\"column\">\n\t\t\t<div class=\"elementor-widget-wrap elementor-element-populated\">\n\t\t\t\t\t\t<div class=\"elementor-element elementor-element-badb379 elementor-widget elementor-widget-text-editor\" data-id=\"badb379\" data-element_type=\"widget\" data-widget_type=\"text-editor.default\">\n\t\t\t\t<div class=\"elementor-widget-container\">\n\t\t\t\t\t\t\t\t\t<p>Nat\u00fcrlich kann man die wirtschaftliche Situation der Bev\u00f6lkerung nicht mit der in den meisten L\u00e4ndern Europas vergleichen. Im Internationalen Vergleich liegt die Insel in Bezug auf die Armutsrate auf Platz 52 von 155 und damit bereits im oberen Drittel. In absoluter Armut (1,90$\/Tag) leben lediglich 0,6% der Einwohner (weltweiter Durchschnitt: 9,3%)<br \/>Zum Vergleich<span id='easy-footnote-4-3884' class='easy-footnote-margin-adjust'><\/span><span class='easy-footnote'><a href='https:\/\/www.idamargroup.com\/de\/5-mythen-ueber-die-dominikanische-republik\/#easy-footnote-bottom-4-3884' title='&lt;a href=&quot;https:\/\/de.wikipedia.org\/wiki\/Liste_der_L%C3%A4nder_nach_Armutsquote&quot;&gt;https:\/\/de.wikipedia.org\/wiki\/Liste_der_L%C3%A4nder_nach_Armutsquote&lt;\/a&gt;'><sup>4<\/sup><\/a><\/span>:<\/p>\n<p>Bev\u00f6lkerung mit unter 5,50$\/Tag lokale Kaufkraft<\/p>\n<ol>\n<li style=\"list-style-type: none;\">\n<ol>\n<li>\n<p>Dominikanische Republik: 12.4%<\/p>\n<\/li>\n<li>\n<p>Kosovo: 24.5%:<\/p>\n<\/li>\n<li>\n<p>T\u00fcrkei: 10%<\/p>\n<\/li>\n<li>\n<p>USA: 6.4%<\/p>\n<\/li>\n<li>\n<p>Deutschland: 0.5%<\/p>\n<\/li>\n<li>\n<p>Weltweiter Durchschnitt (2017) 43.5%<\/p>\n<\/li>\n<\/ol>\n<\/li>\n<\/ol>\n<p>Somit stellt sich die Dominikanische Republik keineswegs mit einer hohen Armutsrate dar, vergleicht man sie mit anderen L\u00e4ndern au\u00dferhalb Europas.<\/p>\n\t\t\t\t\t\t\t\t<\/div>\n\t\t\t\t<\/div>\n\t\t\t\t\t<\/div>\n\t\t<\/div>\n\t\t\t\t\t<\/div>\n\t\t<\/section>\n\t\t\t\t<section class=\"elementor-section elementor-top-section elementor-element elementor-element-6f3b8a7 elementor-section-boxed elementor-section-height-default elementor-section-height-default wpr-particle-no wpr-jarallax-no wpr-parallax-no wpr-sticky-section-no\" data-id=\"6f3b8a7\" data-element_type=\"section\">\n\t\t\t\t\t\t<div class=\"elementor-container elementor-column-gap-default\">\n\t\t\t\t\t<div class=\"elementor-column elementor-col-100 elementor-top-column elementor-element elementor-element-6a1db88\" data-id=\"6a1db88\" data-element_type=\"column\">\n\t\t\t<div class=\"elementor-widget-wrap elementor-element-populated\">\n\t\t\t\t\t\t<div class=\"elementor-element elementor-element-7742208 elementor-widget elementor-widget-heading\" data-id=\"7742208\" data-element_type=\"widget\" data-widget_type=\"heading.default\">\n\t\t\t\t<div class=\"elementor-widget-container\">\n\t\t\t\t\t<h2 class=\"elementor-heading-title elementor-size-default\">5. Fremdenabzocke<\/h2>\t\t\t\t<\/div>\n\t\t\t\t<\/div>\n\t\t\t\t\t<\/div>\n\t\t<\/div>\n\t\t\t\t\t<\/div>\n\t\t<\/section>\n\t\t\t\t<section class=\"elementor-section elementor-top-section elementor-element elementor-element-fb162bf elementor-section-boxed elementor-section-height-default elementor-section-height-default wpr-particle-no wpr-jarallax-no wpr-parallax-no wpr-sticky-section-no\" data-id=\"fb162bf\" data-element_type=\"section\">\n\t\t\t\t\t\t<div class=\"elementor-container elementor-column-gap-default\">\n\t\t\t\t\t<div class=\"elementor-column elementor-col-100 elementor-top-column elementor-element elementor-element-b9c4beb\" data-id=\"b9c4beb\" data-element_type=\"column\">\n\t\t\t<div class=\"elementor-widget-wrap elementor-element-populated\">\n\t\t\t\t\t\t<div class=\"elementor-element elementor-element-2a374c4 elementor-widget elementor-widget-text-editor\" data-id=\"2a374c4\" data-element_type=\"widget\" data-widget_type=\"text-editor.default\">\n\t\t\t\t<div class=\"elementor-widget-container\">\n\t\t\t\t\t\t\t\t\t<p>Viele L\u00e4nder, die vom Tourismus leben, bringen als \u201eNebenwirkung\u201c mit sich, dass Touristen und Fremde Ziel von kriminellen Aktivit\u00e4ten werden. Wie oben schon erw\u00e4hnt liegt es jedoch oft am Verhalten der Touristen und Fremden selbst, ob sie f\u00fcr \u00fcberwiegend Kleinkriminelle interessant werden &#8211; vor allem in L\u00e4ndern mit einem gro\u00dfen Gef\u00e4lle zwischen \u201eArm und Reich\u201c. Ziel von IDAMAR Friends ist es, seinen Kunden alles Wissenswerte an die Hand zu geben, um nicht ein beliebtes Ziel f\u00fcr Diebstahl, Einbruch oder andere Delikte zu werden. Eine Verbindung zur Gesellschaft, wie aber auch ein entsprechendes Auftreten, reduzieren das Risiko, Opfer von Abzocke zu werden, gewaltig.<\/p>\n<p>Auch bei Verhandlungen mit Unternehmen oder der Verwaltung kann IDAMAR von Empfehlungen bis zur Begleitung das entsprechende Risiko ma\u00dfgeblich verringern.<\/p>\n<p>Wir wollen, dass unsere Kunden das karibische Flair ohne Reue genie\u00dfen k\u00f6nnen und ihre Investitionen bestand haben.<\/p>\n\t\t\t\t\t\t\t\t<\/div>\n\t\t\t\t<\/div>\n\t\t\t\t\t<\/div>\n\t\t<\/div>\n\t\t\t\t\t<\/div>\n\t\t<\/section>\n\t\t\t\t<\/div>\n\t\t","protected":false},"excerpt":{"rendered":"<p>1. Hurrikan Gefahr Jedes Jahr startet im Herbst die Hurrikane-Saison in der Karibik. Dieses bedeutet jedoch keineswegs, dass dies jedes Jahr zu Verw\u00fcstungen auf der &hellip;<\/p>\n","protected":false},"author":1,"featured_media":0,"parent":0,"menu_order":0,"comment_status":"closed","ping_status":"closed","template":"","meta":{"footnotes":""},"categories":[],"tags":[],"class_list":["post-3884","page","type-page","status-publish","hentry"],"featured_image_src":null,"_links":{"self":[{"href":"https:\/\/www.idamargroup.com\/de\/wp-json\/wp\/v2\/pages\/3884","targetHints":{"allow":["GET"]}}],"collection":[{"href":"https:\/\/www.idamargroup.com\/de\/wp-json\/wp\/v2\/pages"}],"about":[{"href":"https:\/\/www.idamargroup.com\/de\/wp-json\/wp\/v2\/types\/page"}],"author":[{"embeddable":true,"href":"https:\/\/www.idamargroup.com\/de\/wp-json\/wp\/v2\/users\/1"}],"replies":[{"embeddable":true,"href":"https:\/\/www.idamargroup.com\/de\/wp-json\/wp\/v2\/comments?post=3884"}],"version-history":[{"count":14,"href":"https:\/\/www.idamargroup.com\/de\/wp-json\/wp\/v2\/pages\/3884\/revisions"}],"predecessor-version":[{"id":4716,"href":"https:\/\/www.idamargroup.com\/de\/wp-json\/wp\/v2\/pages\/3884\/revisions\/4716"}],"wp:attachment":[{"href":"https:\/\/www.idamargroup.com\/de\/wp-json\/wp\/v2\/media?parent=3884"}],"wp:term":[{"taxonomy":"category","embeddable":true,"href":"https:\/\/www.idamargroup.com\/de\/wp-json\/wp\/v2\/categories?post=3884"},{"taxonomy":"post_tag","embeddable":true,"href":"https:\/\/www.idamargroup.com\/de\/wp-json\/wp\/v2\/tags?post=3884"}],"curies":[{"name":"wp","href":"https:\/\/api.w.org\/{rel}","templated":true}]}}