{"id":3877,"date":"2022-10-09T21:06:11","date_gmt":"2022-10-09T21:06:11","guid":{"rendered":"http:\/\/www.idamargroup.com\/5-gruende-fuer-eine-zusammenarbeit-mit-idamar\/"},"modified":"2023-09-01T15:47:40","modified_gmt":"2023-09-01T15:47:40","slug":"5-gruende-fuer-eine-zusammenarbeit-mit-idamar","status":"publish","type":"page","link":"https:\/\/www.idamargroup.com\/de\/5-gruende-fuer-eine-zusammenarbeit-mit-idamar\/","title":{"rendered":"5 Gr\u00fcnde f\u00fcr eine Zusammenarbeit mit IDAMAR"},"content":{"rendered":"\t\t<div data-elementor-type=\"wp-page\" data-elementor-id=\"3877\" class=\"elementor elementor-3877 elementor-3695\">\n\t\t\t\t\t\t<section class=\"elementor-section elementor-top-section elementor-element elementor-element-8671827 elementor-section-boxed elementor-section-height-default elementor-section-height-default wpr-particle-no wpr-jarallax-no wpr-parallax-no wpr-sticky-section-no\" data-id=\"8671827\" data-element_type=\"section\">\n\t\t\t\t\t\t<div class=\"elementor-container elementor-column-gap-default\">\n\t\t\t\t\t<div class=\"elementor-column elementor-col-100 elementor-top-column elementor-element elementor-element-9e38558\" data-id=\"9e38558\" data-element_type=\"column\">\n\t\t\t<div class=\"elementor-widget-wrap elementor-element-populated\">\n\t\t\t\t\t\t<div class=\"elementor-element elementor-element-cd543f7 wpr-main-menu-align-center wpr-pointer-none wpr-main-menu-align--tabletleft wpr-main-menu-align--mobileleft wpr-sub-icon-caret-down wpr-sub-menu-fx-fade wpr-nav-menu-bp-mobile wpr-mobile-menu-full-width wpr-mobile-menu-item-align-center wpr-mobile-toggle-v1 wpr-sub-divider-yes wpr-mobile-divider-yes elementor-widget elementor-widget-wpr-nav-menu\" data-id=\"cd543f7\" data-element_type=\"widget\" data-settings=\"{&quot;menu_layout&quot;:&quot;horizontal&quot;}\" data-widget_type=\"wpr-nav-menu.default\">\n\t\t\t\t<div class=\"elementor-widget-container\">\n\t\t\t\t\t<nav class=\"wpr-nav-menu-container wpr-nav-menu-horizontal\" data-trigger=\"hover\"><ul id=\"menu-1-cd543f7\" class=\"wpr-nav-menu\"><li class=\"menu-item menu-item-type-post_type menu-item-object-page menu-item-4035\"><a href=\"https:\/\/www.idamargroup.com\/5-reasons-investing-in-the-dominican-republic\/\" class=\"wpr-menu-item wpr-pointer-item\">5 Gr\u00fcnde f\u00fcr ein Investment in der Dominikanischen Republik<\/a><\/li>\n<li class=\"menu-item menu-item-type-post_type menu-item-object-page menu-item-4034\"><a href=\"https:\/\/www.idamargroup.com\/5-reasons-for-living-in-the-dominican-republic\/\" class=\"wpr-menu-item wpr-pointer-item\">5 Gr\u00fcnde f\u00fcr ein Leben in der Dominikanischen Republik<\/a><\/li>\n<li class=\"menu-item menu-item-type-post_type menu-item-object-page menu-item-4033\"><a href=\"https:\/\/www.idamargroup.com\/5-reasons-for-collaboration-with-idamar\/\" class=\"wpr-menu-item wpr-pointer-item\">5 Gr\u00fcnde f\u00fcr eine Zusammenarbeit mit IDAMAR<\/a><\/li>\n<\/ul><\/nav><nav class=\"wpr-mobile-nav-menu-container\"><div class=\"wpr-mobile-toggle-wrap\"><div class=\"wpr-mobile-toggle\"><span class=\"wpr-mobile-toggle-line\"><\/span><span class=\"wpr-mobile-toggle-line\"><\/span><span class=\"wpr-mobile-toggle-line\"><\/span><\/div><\/div><ul id=\"mobile-menu-2-cd543f7\" class=\"wpr-mobile-nav-menu\"><li class=\"menu-item menu-item-type-post_type menu-item-object-page menu-item-4035\"><a href=\"https:\/\/www.idamargroup.com\/5-reasons-investing-in-the-dominican-republic\/\" class=\"wpr-mobile-menu-item\">5 Gr\u00fcnde f\u00fcr ein Investment in der Dominikanischen Republik<\/a><\/li>\n<li class=\"menu-item menu-item-type-post_type menu-item-object-page menu-item-4034\"><a href=\"https:\/\/www.idamargroup.com\/5-reasons-for-living-in-the-dominican-republic\/\" class=\"wpr-mobile-menu-item\">5 Gr\u00fcnde f\u00fcr ein Leben in der Dominikanischen Republik<\/a><\/li>\n<li class=\"menu-item menu-item-type-post_type menu-item-object-page menu-item-4033\"><a href=\"https:\/\/www.idamargroup.com\/5-reasons-for-collaboration-with-idamar\/\" class=\"wpr-mobile-menu-item\">5 Gr\u00fcnde f\u00fcr eine Zusammenarbeit mit IDAMAR<\/a><\/li>\n<\/ul><\/nav>\t\t\t\t<\/div>\n\t\t\t\t<\/div>\n\t\t\t\t\t<\/div>\n\t\t<\/div>\n\t\t\t\t\t<\/div>\n\t\t<\/section>\n\t\t\t\t<section class=\"elementor-section elementor-top-section elementor-element elementor-element-641dc4a elementor-section-content-top elementor-section-boxed elementor-section-height-default elementor-section-height-default wpr-particle-no wpr-jarallax-no wpr-parallax-no wpr-sticky-section-no\" data-id=\"641dc4a\" data-element_type=\"section\">\n\t\t\t\t\t\t<div class=\"elementor-container elementor-column-gap-default\">\n\t\t\t\t\t<div class=\"elementor-column elementor-col-50 elementor-top-column elementor-element elementor-element-dcfe802\" data-id=\"dcfe802\" data-element_type=\"column\">\n\t\t\t<div class=\"elementor-widget-wrap elementor-element-populated\">\n\t\t\t\t\t\t<div class=\"elementor-element elementor-element-0444674 elementor-widget elementor-widget-heading\" data-id=\"0444674\" data-element_type=\"widget\" data-widget_type=\"heading.default\">\n\t\t\t\t<div class=\"elementor-widget-container\">\n\t\t\t\t\t<h4 class=\"elementor-heading-title elementor-size-default\">1. Schweizer Qualit\u00e4t &amp; deutsche Zuverl\u00e4ssigkeit<\/h4>\t\t\t\t<\/div>\n\t\t\t\t<\/div>\n\t\t\t\t\t<\/div>\n\t\t<\/div>\n\t\t\t\t<div class=\"elementor-column elementor-col-50 elementor-top-column elementor-element elementor-element-7b9ea91\" data-id=\"7b9ea91\" data-element_type=\"column\">\n\t\t\t<div class=\"elementor-widget-wrap elementor-element-populated\">\n\t\t\t\t\t\t<div class=\"elementor-element elementor-element-502f48c elementor-widget elementor-widget-text-editor\" data-id=\"502f48c\" data-element_type=\"widget\" data-widget_type=\"text-editor.default\">\n\t\t\t\t<div class=\"elementor-widget-container\">\n\t\t\t\t\t\t\t\t\t<p>1. Ein USP von IDAMAR ist der Mix des internationalen Entwicklungsteams, welches dem unersch\u00fctterlichen Grundsatz folgt, f\u00fcr den die jeweiligen Herkunftsl\u00e4nder der Teammitglieder stehen. Von der Planung bis zur Realisation, vom Erstkontakt bis zur Betreuung nach Einzug oder der Verwaltung der fertigen Immobilie legen wir Wert auf schweizer Qualit\u00e4t und deutsche Zuverl\u00e4ssigkeit. Wir stehen f\u00fcr einen Partner, der weit mehr bietet als nur \u201eH\u00e4user zu verkaufen\u201c. Wir versprechen nichts, was wir nicht halten k\u00f6nnen. Und das, von dem wir nicht sicher sind, ob wir es einhalten k\u00f6nnen, versprechen wir auch nicht! Versprochen!<\/p>\n\t\t\t\t\t\t\t\t<\/div>\n\t\t\t\t<\/div>\n\t\t\t\t\t<\/div>\n\t\t<\/div>\n\t\t\t\t\t<\/div>\n\t\t<\/section>\n\t\t\t\t<section class=\"elementor-section elementor-top-section elementor-element elementor-element-18d0557 elementor-section-content-top elementor-section-boxed elementor-section-height-default elementor-section-height-default wpr-particle-no wpr-jarallax-no wpr-parallax-no wpr-sticky-section-no\" data-id=\"18d0557\" data-element_type=\"section\">\n\t\t\t\t\t\t<div class=\"elementor-container elementor-column-gap-default\">\n\t\t\t\t\t<div class=\"elementor-column elementor-col-50 elementor-top-column elementor-element elementor-element-88067d3\" data-id=\"88067d3\" data-element_type=\"column\">\n\t\t\t<div class=\"elementor-widget-wrap elementor-element-populated\">\n\t\t\t\t\t\t<div class=\"elementor-element elementor-element-b11bb65 elementor-widget elementor-widget-heading\" data-id=\"b11bb65\" data-element_type=\"widget\" data-widget_type=\"heading.default\">\n\t\t\t\t<div class=\"elementor-widget-container\">\n\t\t\t\t\t<h4 class=\"elementor-heading-title elementor-size-default\">2. Einheimische im IDAMAR Management<\/h4>\t\t\t\t<\/div>\n\t\t\t\t<\/div>\n\t\t\t\t\t<\/div>\n\t\t<\/div>\n\t\t\t\t<div class=\"elementor-column elementor-col-50 elementor-top-column elementor-element elementor-element-8f09977\" data-id=\"8f09977\" data-element_type=\"column\">\n\t\t\t<div class=\"elementor-widget-wrap elementor-element-populated\">\n\t\t\t\t\t\t<div class=\"elementor-element elementor-element-187d1a9 elementor-widget elementor-widget-text-editor\" data-id=\"187d1a9\" data-element_type=\"widget\" data-widget_type=\"text-editor.default\">\n\t\t\t\t<div class=\"elementor-widget-container\">\n\t\t\t\t\t\t\t\t\t<p>Schweizer Qualit\u00e4t und deutsche Zuverl\u00e4ssigkeit sind in einem fremden Land wenig Wert, wenn ein nur rein gesch\u00e4ftlicher Kontakt zu den Einheimischen besteht. Erg\u00e4nzt durch das KnowHow geb\u00fcrtiger Dominikaner im Kernteam besteht jedoch genau dieser famili\u00e4re Kontakt. IDAMAR ist kein eigener, fremder Kosmos sondern Teil der Dominikanischen Familie. Dies macht es uns auch leicht, unsere Kunden in diese Familie mit einzuf\u00fchren. Wir nennen das IDAMAR Friends.<\/p>\n\t\t\t\t\t\t\t\t<\/div>\n\t\t\t\t<\/div>\n\t\t\t\t\t<\/div>\n\t\t<\/div>\n\t\t\t\t\t<\/div>\n\t\t<\/section>\n\t\t\t\t<section class=\"elementor-section elementor-top-section elementor-element elementor-element-a16868c elementor-section-content-top elementor-section-boxed elementor-section-height-default elementor-section-height-default wpr-particle-no wpr-jarallax-no wpr-parallax-no wpr-sticky-section-no\" data-id=\"a16868c\" data-element_type=\"section\">\n\t\t\t\t\t\t<div class=\"elementor-container elementor-column-gap-default\">\n\t\t\t\t\t<div class=\"elementor-column elementor-col-50 elementor-top-column elementor-element elementor-element-6433c3f\" data-id=\"6433c3f\" data-element_type=\"column\">\n\t\t\t<div class=\"elementor-widget-wrap elementor-element-populated\">\n\t\t\t\t\t\t<div class=\"elementor-element elementor-element-29163d0 elementor-widget elementor-widget-heading\" data-id=\"29163d0\" data-element_type=\"widget\" data-widget_type=\"heading.default\">\n\t\t\t\t<div class=\"elementor-widget-container\">\n\t\t\t\t\t<h4 class=\"elementor-heading-title elementor-size-default\">3. IDAMAR Family<\/h4>\t\t\t\t<\/div>\n\t\t\t\t<\/div>\n\t\t\t\t\t<\/div>\n\t\t<\/div>\n\t\t\t\t<div class=\"elementor-column elementor-col-50 elementor-top-column elementor-element elementor-element-b898ae8\" data-id=\"b898ae8\" data-element_type=\"column\">\n\t\t\t<div class=\"elementor-widget-wrap elementor-element-populated\">\n\t\t\t\t\t\t<div class=\"elementor-element elementor-element-10a61cb elementor-widget elementor-widget-text-editor\" data-id=\"10a61cb\" data-element_type=\"widget\" data-widget_type=\"text-editor.default\">\n\t\t\t\t<div class=\"elementor-widget-container\">\n\t\t\t\t\t\t\t\t\t<p>IDAMAR Family ist weit mehr als nur \u201ealles aus einer Hand\u201c. Nat\u00fcrlich bedeutet IDAMAR Family auf der einen Seite eine umfangreiche Betreuung von der Erstinformation \u00fcber den Kauf bis zur Begleitung bei Beh\u00f6rdeng\u00e4ngen, Eink\u00e4ufen und Schulanmeldung bzw. der Verwaltung (Facility Management) und Vermietung. Aber es bedeutet vor allem auch die Eingliederung unserer Kunden in die Dominikanische Gesellschaft. Den genau das ist es, was im t\u00e4glichen Leben den bedeutenden Unterschied zu einem \u201eFremden\u201c macht.<\/p><p>Mehr \u00fcber IDAMAR Family finden Sie <a href=\"http:\/\/www.idamargroup.com\/idamar-friends\/\">hier<\/a>.<\/p>\t\t\t\t\t\t\t\t<\/div>\n\t\t\t\t<\/div>\n\t\t\t\t\t<\/div>\n\t\t<\/div>\n\t\t\t\t\t<\/div>\n\t\t<\/section>\n\t\t\t\t<section class=\"elementor-section elementor-top-section elementor-element elementor-element-e59f28a elementor-section-content-top elementor-section-boxed elementor-section-height-default elementor-section-height-default wpr-particle-no wpr-jarallax-no wpr-parallax-no wpr-sticky-section-no\" data-id=\"e59f28a\" data-element_type=\"section\">\n\t\t\t\t\t\t<div class=\"elementor-container elementor-column-gap-default\">\n\t\t\t\t\t<div class=\"elementor-column elementor-col-50 elementor-top-column elementor-element elementor-element-48d4f75\" data-id=\"48d4f75\" data-element_type=\"column\">\n\t\t\t<div class=\"elementor-widget-wrap elementor-element-populated\">\n\t\t\t\t\t\t<div class=\"elementor-element elementor-element-ff0764c elementor-widget elementor-widget-heading\" data-id=\"ff0764c\" data-element_type=\"widget\" data-widget_type=\"heading.default\">\n\t\t\t\t<div class=\"elementor-widget-container\">\n\t\t\t\t\t<h4 class=\"elementor-heading-title elementor-size-default\">4. \u00dcber 20 Jahre Erfahrung auf dem internationalen Finanzsektor<\/h4>\t\t\t\t<\/div>\n\t\t\t\t<\/div>\n\t\t\t\t\t<\/div>\n\t\t<\/div>\n\t\t\t\t<div class=\"elementor-column elementor-col-50 elementor-top-column elementor-element elementor-element-0bf0b80\" data-id=\"0bf0b80\" data-element_type=\"column\">\n\t\t\t<div class=\"elementor-widget-wrap elementor-element-populated\">\n\t\t\t\t\t\t<div class=\"elementor-element elementor-element-b08b975 elementor-widget elementor-widget-text-editor\" data-id=\"b08b975\" data-element_type=\"widget\" data-widget_type=\"text-editor.default\">\n\t\t\t\t<div class=\"elementor-widget-container\">\n\t\t\t\t\t\t\t\t\t<p>Investitionen sind seit Jahrzehnten unser Gesch\u00e4ft. Wir kennen den Markt und genau aus diesem Grunde k\u00f6nnen wir auch aus tiefster \u00dcberzeugung davon sprechen, dass die Dominikanische Republik einen aktuell einzigartigen Mix aus aktueller Lebensqualit\u00e4t, hervorragender wirtschaftlicher Perspektive und extrem positiver Investmentprognosen darstellt. Diese tiefe \u00dcberzeugung dokumentieren wir vor alle durch die Tatsache, dass unsere Liegenschaften \u00fcberwiegend selbst finanziert sind und somit zu 100% in eigener Hand liegen.<\/p>\n\t\t\t\t\t\t\t\t<\/div>\n\t\t\t\t<\/div>\n\t\t\t\t\t<\/div>\n\t\t<\/div>\n\t\t\t\t\t<\/div>\n\t\t<\/section>\n\t\t\t\t<section class=\"elementor-section elementor-top-section elementor-element elementor-element-c40eeef elementor-section-content-top elementor-section-boxed elementor-section-height-default elementor-section-height-default wpr-particle-no wpr-jarallax-no wpr-parallax-no wpr-sticky-section-no\" data-id=\"c40eeef\" data-element_type=\"section\">\n\t\t\t\t\t\t<div class=\"elementor-container elementor-column-gap-default\">\n\t\t\t\t\t<div class=\"elementor-column elementor-col-50 elementor-top-column elementor-element elementor-element-fcc8629\" data-id=\"fcc8629\" data-element_type=\"column\">\n\t\t\t<div class=\"elementor-widget-wrap elementor-element-populated\">\n\t\t\t\t\t\t<div class=\"elementor-element elementor-element-b4db028 elementor-widget elementor-widget-heading\" data-id=\"b4db028\" data-element_type=\"widget\" data-widget_type=\"heading.default\">\n\t\t\t\t<div class=\"elementor-widget-container\">\n\t\t\t\t\t<h4 class=\"elementor-heading-title elementor-size-default\">5. Sicherheitskonzept aus deutscher Expertenhand f\u00fcr alle von IDAMAR entwickelten Lebensr\u00e4ume<\/h4>\t\t\t\t<\/div>\n\t\t\t\t<\/div>\n\t\t\t\t\t<\/div>\n\t\t<\/div>\n\t\t\t\t<div class=\"elementor-column elementor-col-50 elementor-top-column elementor-element elementor-element-91ac69e\" data-id=\"91ac69e\" data-element_type=\"column\">\n\t\t\t<div class=\"elementor-widget-wrap elementor-element-populated\">\n\t\t\t\t\t\t<div class=\"elementor-element elementor-element-b567f0f elementor-widget elementor-widget-text-editor\" data-id=\"b567f0f\" data-element_type=\"widget\" data-widget_type=\"text-editor.default\">\n\t\t\t\t<div class=\"elementor-widget-container\">\n\t\t\t\t\t\t\t\t\t<p>Trotz der sich seit Jahren \u00fcberproportional verbessernden Sicherheitssituation legen Kunden (wie in sicheren L\u00e4ndern wie Deutschland, Spanien etc. auch) oft Wert auf einen hohen Sicherheitsstandard des eigenen Lebensumfeldes. Um diesem im h\u00f6chsten Ma\u00dfe gerecht zu werden, wurden\/werden f\u00fcr alle von IDAMAR entwickelten Lebensr\u00e4ume Sicherheitskonzepte durch ein renommiertes, deutsches Unternehmen entwickelt, deren Kunden selbst in aller Welt auf h\u00f6chster Ebene ans\u00e4ssig sind. Je nach individueller Situation und Kundenw\u00fcnschen kann dieses bestenfalls im Vorfeld den pers\u00f6nlichen Bed\u00fcrfnissen angepasst werden, denn ein Kunde der Kinder hat, und regelm\u00e4\u00dfig hochrangige G\u00e4ste erwartet hat andere Bed\u00fcrfnisse als ein Kunde, der einen ruhigen Lebensabend hier verbringen m\u00f6chte. Auch, und gerade hier gilt deswegen ebenso: Schweizer Qualit\u00e4t und deutsche Zuverl\u00e4ssigkeit!<\/p>\n\t\t\t\t\t\t\t\t<\/div>\n\t\t\t\t<\/div>\n\t\t\t\t\t<\/div>\n\t\t<\/div>\n\t\t\t\t\t<\/div>\n\t\t<\/section>\n\t\t\t\t<section class=\"elementor-section elementor-top-section elementor-element elementor-element-7d6df7a elementor-section-boxed elementor-section-height-default elementor-section-height-default wpr-particle-no wpr-jarallax-no wpr-parallax-no wpr-sticky-section-no\" data-id=\"7d6df7a\" data-element_type=\"section\">\n\t\t\t\t\t\t<div class=\"elementor-container elementor-column-gap-default\">\n\t\t\t\t\t<div class=\"elementor-column elementor-col-100 elementor-top-column elementor-element elementor-element-0cc4198\" data-id=\"0cc4198\" data-element_type=\"column\">\n\t\t\t<div class=\"elementor-widget-wrap elementor-element-populated\">\n\t\t\t\t\t\t<div class=\"elementor-element elementor-element-d592c11 wpr-main-menu-align-center wpr-pointer-none wpr-main-menu-align--tabletleft wpr-main-menu-align--mobileleft wpr-sub-icon-caret-down wpr-sub-menu-fx-fade wpr-nav-menu-bp-mobile wpr-mobile-menu-full-width wpr-mobile-menu-item-align-center wpr-mobile-toggle-v1 wpr-sub-divider-yes wpr-mobile-divider-yes elementor-widget elementor-widget-wpr-nav-menu\" data-id=\"d592c11\" data-element_type=\"widget\" data-settings=\"{&quot;menu_layout&quot;:&quot;horizontal&quot;}\" data-widget_type=\"wpr-nav-menu.default\">\n\t\t\t\t<div class=\"elementor-widget-container\">\n\t\t\t\t\t<nav class=\"wpr-nav-menu-container wpr-nav-menu-horizontal\" data-trigger=\"hover\"><ul id=\"menu-1-d592c11\" class=\"wpr-nav-menu\"><li class=\"menu-item menu-item-type-post_type menu-item-object-page menu-item-4035\"><a href=\"https:\/\/www.idamargroup.com\/5-reasons-investing-in-the-dominican-republic\/\" class=\"wpr-menu-item wpr-pointer-item\">5 Gr\u00fcnde f\u00fcr ein Investment in der Dominikanischen Republik<\/a><\/li>\n<li class=\"menu-item menu-item-type-post_type menu-item-object-page menu-item-4034\"><a href=\"https:\/\/www.idamargroup.com\/5-reasons-for-living-in-the-dominican-republic\/\" class=\"wpr-menu-item wpr-pointer-item\">5 Gr\u00fcnde f\u00fcr ein Leben in der Dominikanischen Republik<\/a><\/li>\n<li class=\"menu-item menu-item-type-post_type menu-item-object-page menu-item-4033\"><a href=\"https:\/\/www.idamargroup.com\/5-reasons-for-collaboration-with-idamar\/\" class=\"wpr-menu-item wpr-pointer-item\">5 Gr\u00fcnde f\u00fcr eine Zusammenarbeit mit IDAMAR<\/a><\/li>\n<\/ul><\/nav><nav class=\"wpr-mobile-nav-menu-container\"><div class=\"wpr-mobile-toggle-wrap\"><div class=\"wpr-mobile-toggle\"><span class=\"wpr-mobile-toggle-line\"><\/span><span class=\"wpr-mobile-toggle-line\"><\/span><span class=\"wpr-mobile-toggle-line\"><\/span><\/div><\/div><ul id=\"mobile-menu-2-d592c11\" class=\"wpr-mobile-nav-menu\"><li class=\"menu-item menu-item-type-post_type menu-item-object-page menu-item-4035\"><a href=\"https:\/\/www.idamargroup.com\/5-reasons-investing-in-the-dominican-republic\/\" class=\"wpr-mobile-menu-item\">5 Gr\u00fcnde f\u00fcr ein Investment in der Dominikanischen Republik<\/a><\/li>\n<li class=\"menu-item menu-item-type-post_type menu-item-object-page menu-item-4034\"><a href=\"https:\/\/www.idamargroup.com\/5-reasons-for-living-in-the-dominican-republic\/\" class=\"wpr-mobile-menu-item\">5 Gr\u00fcnde f\u00fcr ein Leben in der Dominikanischen Republik<\/a><\/li>\n<li class=\"menu-item menu-item-type-post_type menu-item-object-page menu-item-4033\"><a href=\"https:\/\/www.idamargroup.com\/5-reasons-for-collaboration-with-idamar\/\" class=\"wpr-mobile-menu-item\">5 Gr\u00fcnde f\u00fcr eine Zusammenarbeit mit IDAMAR<\/a><\/li>\n<\/ul><\/nav>\t\t\t\t<\/div>\n\t\t\t\t<\/div>\n\t\t\t\t\t<\/div>\n\t\t<\/div>\n\t\t\t\t\t<\/div>\n\t\t<\/section>\n\t\t\t\t<\/div>\n\t\t","protected":false},"excerpt":{"rendered":"<p>5 reasons for investing in the Dominican Republic 5 reasons for living in the Dominican Republic 5 reasons for a collaboration with IDAMAR 5 reasons &hellip;<\/p>\n","protected":false},"author":1,"featured_media":58316,"parent":0,"menu_order":0,"comment_status":"closed","ping_status":"closed","template":"","meta":{"footnotes":""},"categories":[158],"tags":[],"class_list":["post-3877","page","type-page","status-publish","has-post-thumbnail","hentry","category-5-grunde"],"featured_image_src":"https:\/\/www.idamargroup.com\/wp-content\/uploads\/2023\/08\/IDAMAR-Zusammenarbeit.webp","_links":{"self":[{"href":"https:\/\/www.idamargroup.com\/de\/wp-json\/wp\/v2\/pages\/3877","targetHints":{"allow":["GET"]}}],"collection":[{"href":"https:\/\/www.idamargroup.com\/de\/wp-json\/wp\/v2\/pages"}],"about":[{"href":"https:\/\/www.idamargroup.com\/de\/wp-json\/wp\/v2\/types\/page"}],"author":[{"embeddable":true,"href":"https:\/\/www.idamargroup.com\/de\/wp-json\/wp\/v2\/users\/1"}],"replies":[{"embeddable":true,"href":"https:\/\/www.idamargroup.com\/de\/wp-json\/wp\/v2\/comments?post=3877"}],"version-history":[{"count":49,"href":"https:\/\/www.idamargroup.com\/de\/wp-json\/wp\/v2\/pages\/3877\/revisions"}],"predecessor-version":[{"id":58519,"href":"https:\/\/www.idamargroup.com\/de\/wp-json\/wp\/v2\/pages\/3877\/revisions\/58519"}],"wp:featuredmedia":[{"embeddable":true,"href":"https:\/\/www.idamargroup.com\/de\/wp-json\/wp\/v2\/media\/58316"}],"wp:attachment":[{"href":"https:\/\/www.idamargroup.com\/de\/wp-json\/wp\/v2\/media?parent=3877"}],"wp:term":[{"taxonomy":"category","embeddable":true,"href":"https:\/\/www.idamargroup.com\/de\/wp-json\/wp\/v2\/categories?post=3877"},{"taxonomy":"post_tag","embeddable":true,"href":"https:\/\/www.idamargroup.com\/de\/wp-json\/wp\/v2\/tags?post=3877"}],"curies":[{"name":"wp","href":"https:\/\/api.w.org\/{rel}","templated":true}]}}