{"id":3875,"date":"2022-10-09T17:20:13","date_gmt":"2022-10-09T17:20:13","guid":{"rendered":"http:\/\/www.idamargroup.com\/5-gruende-fuer-ein-leben-in-der-dominikanischen-republik\/"},"modified":"2023-09-01T15:37:24","modified_gmt":"2023-09-01T15:37:24","slug":"5-gruende-leben-dominikanische-republik","status":"publish","type":"page","link":"https:\/\/www.idamargroup.com\/de\/5-gruende-leben-dominikanische-republik\/","title":{"rendered":"5 Gr\u00fcnde f\u00fcr ein Leben in der Dominikanischen Republik"},"content":{"rendered":"\t\t<div data-elementor-type=\"wp-page\" data-elementor-id=\"3875\" class=\"elementor elementor-3875 elementor-3651\">\n\t\t\t\t\t\t<section class=\"elementor-section elementor-top-section elementor-element elementor-element-10c9b4191 elementor-section-boxed elementor-section-height-default elementor-section-height-default wpr-particle-no wpr-jarallax-no wpr-parallax-no wpr-sticky-section-no\" data-id=\"10c9b4191\" data-element_type=\"section\">\n\t\t\t\t\t\t<div class=\"elementor-container elementor-column-gap-default\">\n\t\t\t\t\t<div class=\"elementor-column elementor-col-100 elementor-top-column elementor-element elementor-element-f0ace83\" data-id=\"f0ace83\" data-element_type=\"column\">\n\t\t\t<div class=\"elementor-widget-wrap elementor-element-populated\">\n\t\t\t\t\t\t<div class=\"elementor-element elementor-element-632507f wpr-main-menu-align-center wpr-pointer-none wpr-main-menu-align--tabletleft wpr-main-menu-align--mobileleft wpr-sub-icon-caret-down wpr-sub-menu-fx-fade wpr-nav-menu-bp-mobile wpr-mobile-menu-full-width wpr-mobile-menu-item-align-center wpr-mobile-toggle-v1 wpr-sub-divider-yes wpr-mobile-divider-yes elementor-widget elementor-widget-wpr-nav-menu\" data-id=\"632507f\" data-element_type=\"widget\" data-settings=\"{&quot;menu_layout&quot;:&quot;horizontal&quot;}\" data-widget_type=\"wpr-nav-menu.default\">\n\t\t\t\t<div class=\"elementor-widget-container\">\n\t\t\t\t\t<nav class=\"wpr-nav-menu-container wpr-nav-menu-horizontal\" data-trigger=\"hover\"><ul id=\"menu-1-632507f\" class=\"wpr-nav-menu\"><li class=\"menu-item menu-item-type-post_type menu-item-object-page menu-item-4035\"><a href=\"https:\/\/www.idamargroup.com\/5-reasons-investing-in-the-dominican-republic\/\" class=\"wpr-menu-item wpr-pointer-item\">5 Gr\u00fcnde f\u00fcr ein Investment in der Dominikanischen Republik<\/a><\/li>\n<li class=\"menu-item menu-item-type-post_type menu-item-object-page menu-item-4034\"><a href=\"https:\/\/www.idamargroup.com\/5-reasons-for-living-in-the-dominican-republic\/\" class=\"wpr-menu-item wpr-pointer-item\">5 Gr\u00fcnde f\u00fcr ein Leben in der Dominikanischen Republik<\/a><\/li>\n<li class=\"menu-item menu-item-type-post_type menu-item-object-page menu-item-4033\"><a href=\"https:\/\/www.idamargroup.com\/5-reasons-for-collaboration-with-idamar\/\" class=\"wpr-menu-item wpr-pointer-item\">5 Gr\u00fcnde f\u00fcr eine Zusammenarbeit mit IDAMAR<\/a><\/li>\n<\/ul><\/nav><nav class=\"wpr-mobile-nav-menu-container\"><div class=\"wpr-mobile-toggle-wrap\"><div class=\"wpr-mobile-toggle\"><span class=\"wpr-mobile-toggle-line\"><\/span><span class=\"wpr-mobile-toggle-line\"><\/span><span class=\"wpr-mobile-toggle-line\"><\/span><\/div><\/div><ul id=\"mobile-menu-2-632507f\" class=\"wpr-mobile-nav-menu\"><li class=\"menu-item menu-item-type-post_type menu-item-object-page menu-item-4035\"><a href=\"https:\/\/www.idamargroup.com\/5-reasons-investing-in-the-dominican-republic\/\" class=\"wpr-mobile-menu-item\">5 Gr\u00fcnde f\u00fcr ein Investment in der Dominikanischen Republik<\/a><\/li>\n<li class=\"menu-item menu-item-type-post_type menu-item-object-page menu-item-4034\"><a href=\"https:\/\/www.idamargroup.com\/5-reasons-for-living-in-the-dominican-republic\/\" class=\"wpr-mobile-menu-item\">5 Gr\u00fcnde f\u00fcr ein Leben in der Dominikanischen Republik<\/a><\/li>\n<li class=\"menu-item menu-item-type-post_type menu-item-object-page menu-item-4033\"><a href=\"https:\/\/www.idamargroup.com\/5-reasons-for-collaboration-with-idamar\/\" class=\"wpr-mobile-menu-item\">5 Gr\u00fcnde f\u00fcr eine Zusammenarbeit mit IDAMAR<\/a><\/li>\n<\/ul><\/nav>\t\t\t\t<\/div>\n\t\t\t\t<\/div>\n\t\t\t\t\t<\/div>\n\t\t<\/div>\n\t\t\t\t\t<\/div>\n\t\t<\/section>\n\t\t\t\t<section class=\"elementor-section elementor-top-section elementor-element elementor-element-68813ce elementor-section-boxed elementor-section-height-default elementor-section-height-default wpr-particle-no wpr-jarallax-no wpr-parallax-no wpr-sticky-section-no\" data-id=\"68813ce\" data-element_type=\"section\">\n\t\t\t\t\t\t<div class=\"elementor-container elementor-column-gap-default\">\n\t\t\t\t\t<div class=\"elementor-column elementor-col-50 elementor-top-column elementor-element elementor-element-5068375\" data-id=\"5068375\" data-element_type=\"column\">\n\t\t\t<div class=\"elementor-widget-wrap elementor-element-populated\">\n\t\t\t\t\t\t<div class=\"elementor-element elementor-element-cd273e4 elementor-widget elementor-widget-heading\" data-id=\"cd273e4\" data-element_type=\"widget\" data-widget_type=\"heading.default\">\n\t\t\t\t<div class=\"elementor-widget-container\">\n\t\t\t\t\t<h4 class=\"elementor-heading-title elementor-size-default\">1. W\u00e4rme, Freundlichkeit und Offenheit der Einwohner der Dominikanischen Republik.<\/h4>\t\t\t\t<\/div>\n\t\t\t\t<\/div>\n\t\t\t\t\t<\/div>\n\t\t<\/div>\n\t\t\t\t<div class=\"elementor-column elementor-col-50 elementor-top-column elementor-element elementor-element-b5b9f42\" data-id=\"b5b9f42\" data-element_type=\"column\">\n\t\t\t<div class=\"elementor-widget-wrap elementor-element-populated\">\n\t\t\t\t\t\t<div class=\"elementor-element elementor-element-5b1f3c9 elementor-widget elementor-widget-text-editor\" data-id=\"5b1f3c9\" data-element_type=\"widget\" data-widget_type=\"text-editor.default\">\n\t\t\t\t<div class=\"elementor-widget-container\">\n\t\t\t\t\t\t\t\t\t<figure id=\"attachment_3660\" aria-describedby=\"caption-attachment-3660\" style=\"width: 250px\" class=\"wp-caption alignleft\"><img decoding=\"async\" class=\"wp-image-3660\" src=\"http:\/\/www.idamargroup.com\/wp-content\/uploads\/2022\/10\/dominican-republic-people.webp\" alt=\"Einwohner der Dominikanischen Republik \" width=\"250\" height=\"167\" srcset=\"https:\/\/www.idamargroup.com\/wp-content\/uploads\/2022\/10\/dominican-republic-people.webp 800w, https:\/\/www.idamargroup.com\/wp-content\/uploads\/2022\/10\/dominican-republic-people-300x200.webp 300w, https:\/\/www.idamargroup.com\/wp-content\/uploads\/2022\/10\/dominican-republic-people-768x512.webp 768w, https:\/\/www.idamargroup.com\/wp-content\/uploads\/2022\/10\/dominican-republic-people-450x300.webp 450w\" sizes=\"(max-width: 250px) 100vw, 250px\" \/><figcaption id=\"caption-attachment-3660\" class=\"wp-caption-text\">Einwohner der Dominikanischen Republik<\/figcaption><\/figure>\n<p>Die Menschen in der Dominikanischen Republik sind bekannt f\u00fcr ihre Gastfreundschaft, ihre Offenheit und ihre nat\u00fcrliche und echte Freundlichkeit. Ihre W\u00e4rme ist \u00fcberall zu sp\u00fcren. Die prickelnde Vitalit\u00e4t hat ihren Ursprung auch in den gemischten Wurzeln aus Afrika und Europa, Asien, dem Nahen Osten und nat\u00fcrlich den Ta\u00edno-Indianern. Das Land ist ein faszinierender Schmelztiegel verschiedener Kulturen. Dies spiegelt sich in der K\u00fcche, der Musik, den Festen und Traditionen wieder. Sie werden sich schnell mit den Landsleuten anfreunden. Mehr \u00fcber die Menschen in der Dominikanischen Republik finden Sie <a href=\"http:\/\/www.idamargroup.com\/das-land\/\">hier<\/a>.<\/p>\n\t\t\t\t\t\t\t\t<\/div>\n\t\t\t\t<\/div>\n\t\t\t\t\t<\/div>\n\t\t<\/div>\n\t\t\t\t\t<\/div>\n\t\t<\/section>\n\t\t\t\t<section class=\"elementor-section elementor-top-section elementor-element elementor-element-8a145dc elementor-section-boxed elementor-section-height-default elementor-section-height-default wpr-particle-no wpr-jarallax-no wpr-parallax-no wpr-sticky-section-no\" data-id=\"8a145dc\" data-element_type=\"section\">\n\t\t\t\t\t\t<div class=\"elementor-container elementor-column-gap-default\">\n\t\t\t\t\t<div class=\"elementor-column elementor-col-50 elementor-top-column elementor-element elementor-element-94722a8\" data-id=\"94722a8\" data-element_type=\"column\">\n\t\t\t<div class=\"elementor-widget-wrap elementor-element-populated\">\n\t\t\t\t\t\t<div class=\"elementor-element elementor-element-10656af elementor-widget elementor-widget-heading\" data-id=\"10656af\" data-element_type=\"widget\" data-widget_type=\"heading.default\">\n\t\t\t\t<div class=\"elementor-widget-container\">\n\t\t\t\t\t<h4 class=\"elementor-heading-title elementor-size-default\">2. Unbeschreibliche Natur der Dominikanischen Republik<\/h4>\t\t\t\t<\/div>\n\t\t\t\t<\/div>\n\t\t\t\t\t<\/div>\n\t\t<\/div>\n\t\t\t\t<div class=\"elementor-column elementor-col-50 elementor-top-column elementor-element elementor-element-feb893f\" data-id=\"feb893f\" data-element_type=\"column\">\n\t\t\t<div class=\"elementor-widget-wrap elementor-element-populated\">\n\t\t\t\t\t\t<div class=\"elementor-element elementor-element-274bd6d elementor-widget elementor-widget-text-editor\" data-id=\"274bd6d\" data-element_type=\"widget\" data-widget_type=\"text-editor.default\">\n\t\t\t\t<div class=\"elementor-widget-container\">\n\t\t\t\t\t\t\t\t\t<figure id=\"attachment_3663\" aria-describedby=\"caption-attachment-3663\" style=\"width: 250px\" class=\"wp-caption alignright\"><img decoding=\"async\" class=\"wp-image-3663\" src=\"http:\/\/www.idamargroup.com\/wp-content\/uploads\/2022\/10\/dominican-republic-landscape_s.webp\" alt=\"Landschaft der Dominikanischen Republik\" width=\"250\" height=\"188\" srcset=\"https:\/\/www.idamargroup.com\/wp-content\/uploads\/2022\/10\/dominican-republic-landscape_s.webp 1000w, https:\/\/www.idamargroup.com\/wp-content\/uploads\/2022\/10\/dominican-republic-landscape_s-300x225.webp 300w, https:\/\/www.idamargroup.com\/wp-content\/uploads\/2022\/10\/dominican-republic-landscape_s-768x576.webp 768w, https:\/\/www.idamargroup.com\/wp-content\/uploads\/2022\/10\/dominican-republic-landscape_s-400x300.webp 400w\" sizes=\"(max-width: 250px) 100vw, 250px\" \/><figcaption id=\"caption-attachment-3663\" class=\"wp-caption-text\">Atemberaubende Ausblicke \u00fcberall in der Dominikanischen Republik.<\/figcaption><\/figure>\n<p>Ganz sicher ist die Natur einer der beeindruckendsten Argumente f\u00fcr die Dominikanische Republik. In der Dominikanischen Republik finden Sie die wohl gr\u00f6\u00dfte Vielfalt an unterschiedlichen Landschaften in der gesamten Karibik. Sonnige Sandstr\u00e4nde und erfrischend k\u00fchle Berge mit D\u00f6rfern, die \u00fcber 500 m \u00fcber dem Meeresspiegel liegen, liegen nah beieinander. Die weltbekannte K\u00fcstenlinie bietet \u00fcber 1.600 km atemberaubend sch\u00f6ne und einach zug\u00e4ngliche Str\u00e4nde. Dennoch ist die Republik von bergigen Landschaften gepr\u00e4gt.<br \/>\u00dcber 25 % des Staatsgebiets sind Schutzgebiete, aber meist leicht zug\u00e4nglich. \u00dcppige T\u00e4ler, Nebelw\u00e4lder, Nationalparks an Land und unter Wasser, Fl\u00fcsse, imposante Wasserf\u00e4lle, Koralleninseln, tief im dichten Regenwald versteckte H\u00f6hlen aus der Zeit der Ta\u00edno-Indianer, Pinienw\u00e4lder, all das findet man auf der Insel. Der Salzwassersee &#8222;Lago Enriquillo&#8220;, gr\u00f6\u00dfer als Manhatten, liegt 40m unter dem Meeresspiegel und markiert somit den niedrigsten Punkt der Karribik . Auch Kenner anderer tropischer Klimazonen werden von dieser Vielfalt begeistert sein. Wir haben ein paar der beeindruckendsten Pl\u00e4tze <a href=\"http:\/\/www.idamargroup.com\/das-land\/\" target=\"_blank\" rel=\"noopener\">hier<\/a> zusammengestellt.<\/p>\n\t\t\t\t\t\t\t\t<\/div>\n\t\t\t\t<\/div>\n\t\t\t\t\t<\/div>\n\t\t<\/div>\n\t\t\t\t\t<\/div>\n\t\t<\/section>\n\t\t\t\t<section class=\"elementor-section elementor-top-section elementor-element elementor-element-31ded0e elementor-section-boxed elementor-section-height-default elementor-section-height-default wpr-particle-no wpr-jarallax-no wpr-parallax-no wpr-sticky-section-no\" data-id=\"31ded0e\" data-element_type=\"section\">\n\t\t\t\t\t\t<div class=\"elementor-container elementor-column-gap-default\">\n\t\t\t\t\t<div class=\"elementor-column elementor-col-50 elementor-top-column elementor-element elementor-element-ecd274e\" data-id=\"ecd274e\" data-element_type=\"column\">\n\t\t\t<div class=\"elementor-widget-wrap elementor-element-populated\">\n\t\t\t\t\t\t<div class=\"elementor-element elementor-element-4f70f32 elementor-widget elementor-widget-heading\" data-id=\"4f70f32\" data-element_type=\"widget\" data-widget_type=\"heading.default\">\n\t\t\t\t<div class=\"elementor-widget-container\">\n\t\t\t\t\t<h4 class=\"elementor-heading-title elementor-size-default\">3. Einzigartiges karibisches Lebensgef\u00fchl<\/h4>\t\t\t\t<\/div>\n\t\t\t\t<\/div>\n\t\t\t\t\t<\/div>\n\t\t<\/div>\n\t\t\t\t<div class=\"elementor-column elementor-col-50 elementor-top-column elementor-element elementor-element-419c9cd\" data-id=\"419c9cd\" data-element_type=\"column\">\n\t\t\t<div class=\"elementor-widget-wrap elementor-element-populated\">\n\t\t\t\t\t\t<div class=\"elementor-element elementor-element-68bd444 elementor-widget elementor-widget-text-editor\" data-id=\"68bd444\" data-element_type=\"widget\" data-widget_type=\"text-editor.default\">\n\t\t\t\t<div class=\"elementor-widget-container\">\n\t\t\t\t\t\t\t\t\t<p>Das karibische Flair und den Lebensstil in der Dominikanischen Republik zu beschreiben, f\u00fchrt immer zu einer schlechten Ausf\u00fchrung. Es ist ein Gef\u00fchl, dass sich erst einstellen kann, wenn man vor Ort ist. Jeder, der einmal vor Ort war, kennt dieses Gef\u00fchl und die meisten Menschen sehnen sich danach, dies immer wieder f\u00fchlen zu k\u00f6nnen. Wir wollen an dieser Stelle gar nicht erst den Versuch starten, es zu beschreiben. Kommen Sie vor Ort, und sie werden es verstehen.<\/p>\n\t\t\t\t\t\t\t\t<\/div>\n\t\t\t\t<\/div>\n\t\t\t\t\t<\/div>\n\t\t<\/div>\n\t\t\t\t\t<\/div>\n\t\t<\/section>\n\t\t\t\t<section class=\"elementor-section elementor-top-section elementor-element elementor-element-84978e0 elementor-section-boxed elementor-section-height-default elementor-section-height-default wpr-particle-no wpr-jarallax-no wpr-parallax-no wpr-sticky-section-no\" data-id=\"84978e0\" data-element_type=\"section\">\n\t\t\t\t\t\t<div class=\"elementor-container elementor-column-gap-default\">\n\t\t\t\t\t<div class=\"elementor-column elementor-col-50 elementor-top-column elementor-element elementor-element-c8389d6\" data-id=\"c8389d6\" data-element_type=\"column\">\n\t\t\t<div class=\"elementor-widget-wrap elementor-element-populated\">\n\t\t\t\t\t\t<div class=\"elementor-element elementor-element-bd381d2 elementor-widget elementor-widget-heading\" data-id=\"bd381d2\" data-element_type=\"widget\" data-widget_type=\"heading.default\">\n\t\t\t\t<div class=\"elementor-widget-container\">\n\t\t\t\t\t<h4 class=\"elementor-heading-title elementor-size-default\">4. Hervorragende medizinische Versorgung<\/h4>\t\t\t\t<\/div>\n\t\t\t\t<\/div>\n\t\t\t\t\t<\/div>\n\t\t<\/div>\n\t\t\t\t<div class=\"elementor-column elementor-col-50 elementor-top-column elementor-element elementor-element-5259393\" data-id=\"5259393\" data-element_type=\"column\">\n\t\t\t<div class=\"elementor-widget-wrap elementor-element-populated\">\n\t\t\t\t\t\t<div class=\"elementor-element elementor-element-7a30f9a elementor-widget elementor-widget-text-editor\" data-id=\"7a30f9a\" data-element_type=\"widget\" data-widget_type=\"text-editor.default\">\n\t\t\t\t<div class=\"elementor-widget-container\">\n\t\t\t\t\t\t\t\t\t<p data-wp-editing=\"1\"><strong data-wp-editing=\"1\"><img decoding=\"async\" class=\"alignleft wp-image-3925\" src=\"https:\/\/www.idamargroup.com\/wp-content\/uploads\/2022\/10\/idamar-dominican-republic-health-300x200.webp\" alt=\"Gesundheitsystem in der Dominikanischen Republik\" width=\"250\" height=\"167\" srcset=\"https:\/\/www.idamargroup.com\/wp-content\/uploads\/2022\/10\/idamar-dominican-republic-health-300x200.webp 300w, https:\/\/www.idamargroup.com\/wp-content\/uploads\/2022\/10\/idamar-dominican-republic-health-768x512.webp 768w, https:\/\/www.idamargroup.com\/wp-content\/uploads\/2022\/10\/idamar-dominican-republic-health-450x300.webp 450w, https:\/\/www.idamargroup.com\/wp-content\/uploads\/2022\/10\/idamar-dominican-republic-health.webp 1000w\" sizes=\"(max-width: 250px) 100vw, 250px\" \/><\/strong>V\u00f6llig untersch\u00e4tzt wird oft die sehr professionelle medizinische Versorgung vor Ort. Gerade die Tatsache, dass die Anforderungen der aus aller Welt ans\u00e4ssigen ausl\u00e4ndischen B\u00fcrger an eine medizinische Versorgung sehr hoch sind, sorgen f\u00fcr eine st\u00e4ndige Anpassung an die h\u00f6chsten weltweiten Standards, auch verbunden mit alternativen Heilmethoden.<\/p>\n<div class=\"module--translations-translatedtext js-module--translations-translatedtext is-placeholder\" data-size=\"s\">Santo Domingo hat exzellente private Krankenh\u00e4user und Kliniken mit Technologie und Annehmlichkeiten auf Weltklasse-Niveau Dies gilt auch f\u00fcr die andere Gro\u00dfstadt der Dominikanischen Republik, Santiago. Ihre Mitarbeiter sind meist zweisprachig und genossen meist eine sehr gute Ausbildung in den USA. In diese Krankenh\u00e4user werden sogar Organtransplantationen und andere gr\u00f6\u00dfere Operationen durchf\u00fchren. Sie haben ebenso eine gute psychiatrische Versorgung. Viele wichtige touristische Gebiete, wie z.B. die Zona Colonial in Santo Domingo, Puerto Plata, Punta Cana und Sos\u00faa verf\u00fcgen \u00fcber erstklassige Einrichtungen. Sie bieten einige der besten Gesundheitsversorgung in der Dominikanischen Republik f\u00fcr Expats. Diese Einrichtungen sind zwar nicht so gro\u00df wie die in Santo Domingo und Santiago, noch verf\u00fcgen sie \u00fcber alle Annehmlichkeiten und Technologien. Sie bieten jedoch eine qualitativ hochwertige Pflege und das Personal spricht meistens Englisch.<\/div>\n\t\t\t\t\t\t\t\t<\/div>\n\t\t\t\t<\/div>\n\t\t\t\t\t<\/div>\n\t\t<\/div>\n\t\t\t\t\t<\/div>\n\t\t<\/section>\n\t\t\t\t<section class=\"elementor-section elementor-top-section elementor-element elementor-element-f8b4d4d elementor-section-boxed elementor-section-height-default elementor-section-height-default wpr-particle-no wpr-jarallax-no wpr-parallax-no wpr-sticky-section-no\" data-id=\"f8b4d4d\" data-element_type=\"section\">\n\t\t\t\t\t\t<div class=\"elementor-container elementor-column-gap-default\">\n\t\t\t\t\t<div class=\"elementor-column elementor-col-50 elementor-top-column elementor-element elementor-element-36a7340\" data-id=\"36a7340\" data-element_type=\"column\">\n\t\t\t<div class=\"elementor-widget-wrap elementor-element-populated\">\n\t\t\t\t\t\t<div class=\"elementor-element elementor-element-ef9ee06 elementor-widget elementor-widget-heading\" data-id=\"ef9ee06\" data-element_type=\"widget\" data-widget_type=\"heading.default\">\n\t\t\t\t<div class=\"elementor-widget-container\">\n\t\t\t\t\t<h4 class=\"elementor-heading-title elementor-size-default\">5. Geringe Lebenshaltungskosten<\/h4>\t\t\t\t<\/div>\n\t\t\t\t<\/div>\n\t\t\t\t\t<\/div>\n\t\t<\/div>\n\t\t\t\t<div class=\"elementor-column elementor-col-50 elementor-top-column elementor-element elementor-element-a96a947\" data-id=\"a96a947\" data-element_type=\"column\">\n\t\t\t<div class=\"elementor-widget-wrap elementor-element-populated\">\n\t\t\t\t\t\t<div class=\"elementor-element elementor-element-752701e elementor-widget elementor-widget-text-editor\" data-id=\"752701e\" data-element_type=\"widget\" data-widget_type=\"text-editor.default\">\n\t\t\t\t<div class=\"elementor-widget-container\">\n\t\t\t\t\t\t\t\t\t<p>Wu\u00dften Sie, dass der Lebenshaltungskostenindex sich an den Werten der Stadt NewYork-City orientiert? Diese Stadt stellt also im internationalen Vergleich den Wert 100 (%) dar. Der Lebenshaltungskostenindex (ohne Miete) der Dominikanische Republik liegt (Stand: 09.2022) demzufolge bei 42,53<sup>%<\/sup><span id='easy-footnote-1-3875' class='easy-footnote-margin-adjust'><\/span><span class='easy-footnote'><a href='https:\/\/www.idamargroup.com\/de\/5-gruende-leben-dominikanische-republik\/#easy-footnote-bottom-1-3875' title='&lt;a href=&quot;https:\/\/de.numbeo.com\/lebenshaltungskosten\/land\/Dominikanische-Republik&quot;&gt;https:\/\/de.numbeo.com\/lebenshaltungskosten\/land\/Dominikanische-Republik&lt;\/a&gt;'><sup>1<\/sup><\/a><\/span>, was ungef\u00e4hr mit Portugal vergleichbar ist. Zum Vergleich<span id='easy-footnote-2-3875' class='easy-footnote-margin-adjust'><\/span><span class='easy-footnote'><a href='https:\/\/www.idamargroup.com\/de\/5-gruende-leben-dominikanische-republik\/#easy-footnote-bottom-2-3875' title='&lt;a href=&quot;https:\/\/de.numbeo.com\/lebenshaltungskosten\/ranking-nach-land?region=150&amp;amp;title=2022-mid&quot;&gt;https:\/\/de.numbeo.com\/lebenshaltungskosten\/ranking-nach-land?region=150&amp;amp;title=2022-mid&lt;\/a&gt;'><sup>2<\/sup><\/a><\/span>:<\/p>\n<ol>\n<li style=\"list-style-type: none;\">\n<ol>\n<li>Spanien: 47.51%<\/li>\n<li>Frankreich: 65.5%<\/li>\n<li>Deutschland: 59.62% (strong upward trend)<\/li>\n<li>Schweiz: 110%<\/li>\n<\/ol>\n<\/li>\n<\/ol>\n<p>Der letzte <a href=\"https:\/\/www.mercer.us\/newsroom\/cost-of-living-survey-2022.html\" target=\"_blank\" rel=\"noopener\">Mercer Cost of Living<\/a> survey 2022 <span id='easy-footnote-3-3875' class='easy-footnote-margin-adjust'><\/span><span class='easy-footnote'><a href=\"https:\/\/www.idamargroup.com\/de\/5-gruende-leben-dominikanische-republik\/#easy-footnote-bottom-3-3875\" title=\"&lt;a href=&quot;https:\/\/www.mercer.us\/newsroom\/cost-of-living-survey-2022.html&quot;&gt;https:\/\/www.mercer.us\/newsroom\/cost-of-living-survey-2022.html&lt;\/a&gt;\"><sup>3<\/sup><\/a><\/span> zeigt die Dominikanische Republik auf Rang 173 of 227. Sie k\u00f6nnen davon profitieren.<\/p>\n<p>Die Insel hat auch viele Besch\u00e4ftigungsm\u00f6glichkeiten. Diejenigen, die auf die Insel kommen, um zu arbeiten, nehmen oft Arbeitspl\u00e4tze in Botschaften, NGOs, internationalen Schulen und Freizonenfabriken an.<\/p>\n<p>:<\/p>\n\t\t\t\t\t\t\t\t<\/div>\n\t\t\t\t<\/div>\n\t\t\t\t\t<\/div>\n\t\t<\/div>\n\t\t\t\t\t<\/div>\n\t\t<\/section>\n\t\t\t\t<section class=\"elementor-section elementor-top-section elementor-element elementor-element-53774d1 elementor-section-boxed elementor-section-height-default elementor-section-height-default wpr-particle-no wpr-jarallax-no wpr-parallax-no wpr-sticky-section-no\" data-id=\"53774d1\" data-element_type=\"section\">\n\t\t\t\t\t\t<div class=\"elementor-container elementor-column-gap-default\">\n\t\t\t\t\t<div class=\"elementor-column elementor-col-100 elementor-top-column elementor-element elementor-element-e90296b\" data-id=\"e90296b\" data-element_type=\"column\">\n\t\t\t<div class=\"elementor-widget-wrap elementor-element-populated\">\n\t\t\t\t\t\t<div class=\"elementor-element elementor-element-49f7794 wpr-main-menu-align-center wpr-pointer-none wpr-main-menu-align--tabletleft wpr-main-menu-align--mobileleft wpr-sub-icon-caret-down wpr-sub-menu-fx-fade wpr-nav-menu-bp-mobile wpr-mobile-menu-full-width wpr-mobile-menu-item-align-center wpr-mobile-toggle-v1 wpr-sub-divider-yes wpr-mobile-divider-yes elementor-widget elementor-widget-wpr-nav-menu\" data-id=\"49f7794\" data-element_type=\"widget\" data-settings=\"{&quot;menu_layout&quot;:&quot;horizontal&quot;}\" data-widget_type=\"wpr-nav-menu.default\">\n\t\t\t\t<div class=\"elementor-widget-container\">\n\t\t\t\t\t<nav class=\"wpr-nav-menu-container wpr-nav-menu-horizontal\" data-trigger=\"hover\"><ul id=\"menu-1-49f7794\" class=\"wpr-nav-menu\"><li class=\"menu-item menu-item-type-post_type menu-item-object-page menu-item-4035\"><a href=\"https:\/\/www.idamargroup.com\/5-reasons-investing-in-the-dominican-republic\/\" class=\"wpr-menu-item wpr-pointer-item\">5 Gr\u00fcnde f\u00fcr ein Investment in der Dominikanischen Republik<\/a><\/li>\n<li class=\"menu-item menu-item-type-post_type menu-item-object-page menu-item-4034\"><a href=\"https:\/\/www.idamargroup.com\/5-reasons-for-living-in-the-dominican-republic\/\" class=\"wpr-menu-item wpr-pointer-item\">5 Gr\u00fcnde f\u00fcr ein Leben in der Dominikanischen Republik<\/a><\/li>\n<li class=\"menu-item menu-item-type-post_type menu-item-object-page menu-item-4033\"><a href=\"https:\/\/www.idamargroup.com\/5-reasons-for-collaboration-with-idamar\/\" class=\"wpr-menu-item wpr-pointer-item\">5 Gr\u00fcnde f\u00fcr eine Zusammenarbeit mit IDAMAR<\/a><\/li>\n<\/ul><\/nav><nav class=\"wpr-mobile-nav-menu-container\"><div class=\"wpr-mobile-toggle-wrap\"><div class=\"wpr-mobile-toggle\"><span class=\"wpr-mobile-toggle-line\"><\/span><span class=\"wpr-mobile-toggle-line\"><\/span><span class=\"wpr-mobile-toggle-line\"><\/span><\/div><\/div><ul id=\"mobile-menu-2-49f7794\" class=\"wpr-mobile-nav-menu\"><li class=\"menu-item menu-item-type-post_type menu-item-object-page menu-item-4035\"><a href=\"https:\/\/www.idamargroup.com\/5-reasons-investing-in-the-dominican-republic\/\" class=\"wpr-mobile-menu-item\">5 Gr\u00fcnde f\u00fcr ein Investment in der Dominikanischen Republik<\/a><\/li>\n<li class=\"menu-item menu-item-type-post_type menu-item-object-page menu-item-4034\"><a href=\"https:\/\/www.idamargroup.com\/5-reasons-for-living-in-the-dominican-republic\/\" class=\"wpr-mobile-menu-item\">5 Gr\u00fcnde f\u00fcr ein Leben in der Dominikanischen Republik<\/a><\/li>\n<li class=\"menu-item menu-item-type-post_type menu-item-object-page menu-item-4033\"><a href=\"https:\/\/www.idamargroup.com\/5-reasons-for-collaboration-with-idamar\/\" class=\"wpr-mobile-menu-item\">5 Gr\u00fcnde f\u00fcr eine Zusammenarbeit mit IDAMAR<\/a><\/li>\n<\/ul><\/nav>\t\t\t\t<\/div>\n\t\t\t\t<\/div>\n\t\t\t\t\t<\/div>\n\t\t<\/div>\n\t\t\t\t\t<\/div>\n\t\t<\/section>\n\t\t\t\t<\/div>\n\t\t","protected":false},"excerpt":{"rendered":"<p>5 reasons for investing in the Dominican Republic 5 reasons for living in the Dominican Republic 5 reasons for a collaboration with IDAMAR 5 reasons &hellip;<\/p>\n","protected":false},"author":1,"featured_media":58307,"parent":0,"menu_order":0,"comment_status":"closed","ping_status":"closed","template":"","meta":{"footnotes":""},"categories":[158],"tags":[],"class_list":["post-3875","page","type-page","status-publish","has-post-thumbnail","hentry","category-5-grunde"],"featured_image_src":"https:\/\/www.idamargroup.com\/wp-content\/uploads\/2023\/08\/IDAMAR-Leben-in-der-dominikanischen-republik.webp","_links":{"self":[{"href":"https:\/\/www.idamargroup.com\/de\/wp-json\/wp\/v2\/pages\/3875","targetHints":{"allow":["GET"]}}],"collection":[{"href":"https:\/\/www.idamargroup.com\/de\/wp-json\/wp\/v2\/pages"}],"about":[{"href":"https:\/\/www.idamargroup.com\/de\/wp-json\/wp\/v2\/types\/page"}],"author":[{"embeddable":true,"href":"https:\/\/www.idamargroup.com\/de\/wp-json\/wp\/v2\/users\/1"}],"replies":[{"embeddable":true,"href":"https:\/\/www.idamargroup.com\/de\/wp-json\/wp\/v2\/comments?post=3875"}],"version-history":[{"count":46,"href":"https:\/\/www.idamargroup.com\/de\/wp-json\/wp\/v2\/pages\/3875\/revisions"}],"predecessor-version":[{"id":58498,"href":"https:\/\/www.idamargroup.com\/de\/wp-json\/wp\/v2\/pages\/3875\/revisions\/58498"}],"wp:featuredmedia":[{"embeddable":true,"href":"https:\/\/www.idamargroup.com\/de\/wp-json\/wp\/v2\/media\/58307"}],"wp:attachment":[{"href":"https:\/\/www.idamargroup.com\/de\/wp-json\/wp\/v2\/media?parent=3875"}],"wp:term":[{"taxonomy":"category","embeddable":true,"href":"https:\/\/www.idamargroup.com\/de\/wp-json\/wp\/v2\/categories?post=3875"},{"taxonomy":"post_tag","embeddable":true,"href":"https:\/\/www.idamargroup.com\/de\/wp-json\/wp\/v2\/tags?post=3875"}],"curies":[{"name":"wp","href":"https:\/\/api.w.org\/{rel}","templated":true}]}}