{"id":3405,"date":"2022-09-04T08:19:38","date_gmt":"2022-09-04T08:19:38","guid":{"rendered":"http:\/\/www.idamargroup.com\/?page_id=3405"},"modified":"2023-08-31T20:40:20","modified_gmt":"2023-08-31T20:40:20","slug":"wirtschaft","status":"publish","type":"page","link":"https:\/\/www.idamargroup.com\/de\/wirtschaft\/","title":{"rendered":"Wirtschaft"},"content":{"rendered":"\n<p>Ein wichtiger Aspekt f\u00fcr die Entscheidung sich in ein neues Land zu begeben, ist dessen aktuelle wirtschaftliche Situation, aber vor alle auch die prognostizierte Entwicklung. Um Ihnen hier einen informativen \u00dcberblick zu geben, haben wir ein paar valide Fakten zusammengestellt, jeweils verlinkt mit den Quellen.<\/p>\n\n\n\n<h3 class=\"wp-block-heading has-text-align-center\">W\u00e4hrung<\/h3>\n\n\n\n<div class=\"wp-block-media-text alignwide has-media-on-the-right is-stacked-on-mobile\"><div class=\"wp-block-media-text__content\">\n<p>Die W\u00e4hrung dieses Landes ist der Dominikanische Peso, jedoch ist der US-Dollar ein geduldetes Zahlungsmittel. Und genau hier liegt ein gro\u00dfer Vorteil, vor allem f\u00fcr Personen die aus dem Euro-Raum kommen.<\/p>\n\n\n\n<p>Die aktuelle Entwicklung des Euro l\u00e4sst auch f\u00fcr die kommenden Jahre keine positive Tendenz erkennen. Dies hat zur Folge, dass sich der Euro gegen\u00fcber dem Dollar zunehmend schw\u00e4cher zeigt. Wer also seine Gesch\u00e4fte in Zukunft auf Dollarbasis abwickeln kann, oder Investitionen in der Dominikanischen Republik selbst t\u00e4tigt, kann der negativen Euroentwicklung auf dieser Weise entgehen. Dies gilt besonders f\u00fcr Immobilien als Investment, aber auch zur Eigennutzung. Mehr dazu weiter unten. <\/p>\n<\/div><figure class=\"wp-block-media-text__media\"><img fetchpriority=\"high\" decoding=\"async\" width=\"695\" height=\"554\" src=\"http:\/\/www.idamargroup.com\/wp-content\/uploads\/2022\/09\/Peso_Dollar_5years.webp\" alt=\"Wirtschaft: Entwicklung des Peso im Vergleich zum Dollar in den letzten 5 Jahren\" class=\"wp-image-3423 size-full\" srcset=\"https:\/\/www.idamargroup.com\/wp-content\/uploads\/2022\/09\/Peso_Dollar_5years.webp 695w, https:\/\/www.idamargroup.com\/wp-content\/uploads\/2022\/09\/Peso_Dollar_5years-300x239.webp 300w, https:\/\/www.idamargroup.com\/wp-content\/uploads\/2022\/09\/Peso_Dollar_5years-376x300.webp 376w, https:\/\/www.idamargroup.com\/wp-content\/uploads\/2022\/09\/Peso_Dollar_5years-375x300.webp 375w\" sizes=\"(max-width: 695px) 100vw, 695px\" \/><\/figure><\/div>\n\n\n\n<h3 class=\"wp-block-heading has-text-align-center\">BIP<\/h3>\n\n\n\n<div class=\"wp-block-media-text alignwide is-stacked-on-mobile\"><figure class=\"wp-block-media-text__media\"><img decoding=\"async\" width=\"1000\" height=\"563\" src=\"http:\/\/www.idamargroup.com\/wp-content\/uploads\/2022\/09\/BIP-Dominican-Republic_s-2.webp\" alt=\"BIP Dominikanische Republik seit 2002\" class=\"wp-image-3481 size-full\" srcset=\"https:\/\/www.idamargroup.com\/wp-content\/uploads\/2022\/09\/BIP-Dominican-Republic_s-2.webp 1000w, https:\/\/www.idamargroup.com\/wp-content\/uploads\/2022\/09\/BIP-Dominican-Republic_s-2-300x169.webp 300w, https:\/\/www.idamargroup.com\/wp-content\/uploads\/2022\/09\/BIP-Dominican-Republic_s-2-768x432.webp 768w, https:\/\/www.idamargroup.com\/wp-content\/uploads\/2022\/09\/BIP-Dominican-Republic_s-2-470x265.webp 470w\" sizes=\"(max-width: 1000px) 100vw, 1000px\" \/><\/figure><div class=\"wp-block-media-text__content\">\n<p>Allein innerhalb der letzten 10 Jahre hat er sich von 2011 (58,1 Mrd. US $) bis 2021 (94,7 Mrd. US $) mehr als verdoppelt ((<a href=\"https:\/\/de.statista.com\/statistik\/daten\/studie\/328490\/umfrage\/bruttoinlandsprodukt-bip-der-dominikanischen-republik\/#professional\" target=\"_blank\" rel=\"noreferrer noopener\">https:\/\/de.statista.com\/statistik\/daten\/studie\/328490\/umfrage\/bruttoinlandsprodukt-bip-der-dominikanischen-republik\/#professional<\/a>)). Der BIP pro Kopf (kaufkraftbereinigt) liegt bei 18.620 US $, womit sich das Land inzwischen auf Platz 74 (Stand 2020) ((<\/p>\n\n\n\n<p><a href=\"https:\/\/de.wikipedia.org\/wiki\/Liste_der_L%C3%A4nder_nach_Bruttoinlandsprodukt_pro_Kopf\" target=\"_blank\" rel=\"noopener\">https:\/\/de.wikipedia.org\/wiki\/Liste_der_L%C3%A4nder_nach_Bruttoinlandsprodukt_pro_Kopf<\/a><\/p>\n\n\n\n<p>)) von 194 hochgearbeitet hat, noch vor China, Thailand, Bosnien und Brasilien.<\/p>\n\n\n\n<p>Die Prognosen zeigen ein exponentielles Wachstum an. Mit ein Grund ist das Projekt \u201eManzanillo Port\u201c. Hierzu mehr im folgenden Absatz.<\/p>\n<\/div><\/div>\n\n\n\n<h3 class=\"wp-block-heading has-text-align-center\">Projekt &#8222;Manzanillo Port&#8220;<\/h3>\n\n\n\n<figure class=\"wp-block-image alignwide size-full\"><img decoding=\"async\" width=\"1000\" height=\"450\" src=\"http:\/\/www.idamargroup.com\/wp-content\/uploads\/2022\/09\/Puerto_de_Manzanillo_s.webp\" alt=\"\" class=\"wp-image-3410\" srcset=\"https:\/\/www.idamargroup.com\/wp-content\/uploads\/2022\/09\/Puerto_de_Manzanillo_s.webp 1000w, https:\/\/www.idamargroup.com\/wp-content\/uploads\/2022\/09\/Puerto_de_Manzanillo_s-300x135.webp 300w, https:\/\/www.idamargroup.com\/wp-content\/uploads\/2022\/09\/Puerto_de_Manzanillo_s-768x346.webp 768w, https:\/\/www.idamargroup.com\/wp-content\/uploads\/2022\/09\/Puerto_de_Manzanillo_s-470x212.webp 470w\" sizes=\"(max-width: 1000px) 100vw, 1000px\" \/><figcaption class=\"wp-element-caption\">Quelle: Puerto de Manzanillo, CC BY-SA 4.0 <a href=\"https:\/\/creativecommons.org\/licenses\/by-sa\/4.0\" target=\"_blank\" rel=\"noopener\">https:\/\/creativecommons.org\/licenses\/by-sa\/4.0<\/a>, via Wikimedia Commons<\/figcaption><\/figure>\n\n\n\n<p>Ein wichtiger Arm der wirtschaftlichen Entwicklung wird die aktuelle Erweiterung des Hafens \u201eManzanillo Port\u201c an der Grenze zu Haiti, zu einem der wichtigsten Umschlagh\u00e4fen in der Karibik sein ((<\/p>\n\n\n\n<p><a href=\"https:\/\/www.trade.gov\/market-intelligence\/dominican-republic-rehabilitation-project-manzanillo-port\" target=\"_blank\" rel=\"noopener\">https:\/\/www.trade.gov\/market-intelligence\/dominican-republic-rehabilitation-project-manzanillo-port<\/a><\/p>\n\n\n\n<p>)). Das Umschlagsvolumen soll sich in der Zeit bis 2045 um den Faktor 9 erh\u00f6hen. Aus der Menge der exponierten Nachfragesegmente wird f\u00fcr das Jahr 2045 ein Gesamtpotenzial des Hafenverkehrs von bis zu 13,0 Millionen Tonnen und 1,5 Millionen TEU gesch\u00e4tzt.<\/p>\n\n\n\n<p>Im Kern geht es dabei um den Ausbau als Container Hub Port sowie als logistischer und produktiver Knoten. Die Entwicklung neuer Freihandelszonen in der N\u00e4he (RD, Haiti), von Logistikparks sowie die Entwicklung anderer zusammenh\u00e4ngender Aktivit\u00e4ten (Werften, \u2026) hat massiven Einfluss auf die wirtschaftliche Entwicklung und damit auch auf Investitionsm\u00f6glichkeiten im Land haben.<\/p>\n\n\n\n<h3 class=\"wp-block-heading has-text-align-center\">Tourismus<\/h3>\n\n\n\n<div class=\"wp-block-media-text alignwide has-media-on-the-right is-stacked-on-mobile\"><div class=\"wp-block-media-text__content\">\n<p>Einer der wohl wichtigsten Hauptstandbeine der Dominikanischen Wirtschaft bleibt der Tourismus. Von 2009 bis 2019 hat sich die Anzahl der Besucher von 4,49 Mio. kontinuierlich auf 7,55 Mio. erh\u00f6ht. (( <\/p>\n\n\n\n<p><a href=\"https:\/\/www.laenderdaten.info\/Amerika\/Dominikanische-Republik\/tourismus.php\" target=\"_blank\" rel=\"noopener\">https:\/\/www.laenderdaten.info\/Amerika\/Dominikanische-Republik\/tourismus.php<\/a><\/p>\n\n\n\n<p>))<\/p>\n\n\n\n<p>Wie nahezu jedes Urlaubsland litt auch die Republik unter der Pandemie. Jedoch wurde bereits 2021 mit 5,3 Mio. Besuchern wieder das Niveau von 2013 erreicht und f\u00fcr 2022 wurde auf Basis der bis August 2022 vorliegenden Zahlen mit 8,4 Mio. Touristen ((<a href=\"http:\/\/www.domreptotal.com\/bank-of-america-der-tourismus-in-der-dominikanischen-republik-hat-sein-niveau-von-vor-der-pandemie-wieder-erreicht\/\" target=\"_blank\" rel=\"noreferrer noopener\">http:\/\/www.domreptotal.com\/bank-of-america-der-tourismus-in-der-dominikanischen-republik-hat-sein-niveau-von-vor-der-pandemie-wieder-erreicht\/<\/a>)) ein Rekordwert prognostiziert.<\/p>\n<\/div><figure class=\"wp-block-media-text__media\"><img loading=\"lazy\" decoding=\"async\" width=\"1000\" height=\"563\" src=\"http:\/\/www.idamargroup.com\/wp-content\/uploads\/2022\/09\/IDAMAR-Tourits-DomRep_s.webp\" alt=\"\" class=\"wp-image-3441 size-full\" srcset=\"https:\/\/www.idamargroup.com\/wp-content\/uploads\/2022\/09\/IDAMAR-Tourits-DomRep_s.webp 1000w, https:\/\/www.idamargroup.com\/wp-content\/uploads\/2022\/09\/IDAMAR-Tourits-DomRep_s-300x169.webp 300w, https:\/\/www.idamargroup.com\/wp-content\/uploads\/2022\/09\/IDAMAR-Tourits-DomRep_s-768x432.webp 768w, https:\/\/www.idamargroup.com\/wp-content\/uploads\/2022\/09\/IDAMAR-Tourits-DomRep_s-470x265.webp 470w\" sizes=\"(max-width: 1000px) 100vw, 1000px\" \/><\/figure><\/div>\n\n\n\n<h3 class=\"wp-block-heading has-text-align-center\">Europa<\/h3>\n\n\n\n<div class=\"wp-block-media-text alignwide is-stacked-on-mobile\"><figure class=\"wp-block-media-text__media\"><img loading=\"lazy\" decoding=\"async\" width=\"1000\" height=\"563\" src=\"http:\/\/www.idamargroup.com\/wp-content\/uploads\/2022\/09\/Eurozone-Inflation_s.webp\" alt=\"Inflationsrate Eurozone seit 2009\" class=\"wp-image-3427 size-full\" srcset=\"https:\/\/www.idamargroup.com\/wp-content\/uploads\/2022\/09\/Eurozone-Inflation_s.webp 1000w, https:\/\/www.idamargroup.com\/wp-content\/uploads\/2022\/09\/Eurozone-Inflation_s-300x169.webp 300w, https:\/\/www.idamargroup.com\/wp-content\/uploads\/2022\/09\/Eurozone-Inflation_s-768x432.webp 768w, https:\/\/www.idamargroup.com\/wp-content\/uploads\/2022\/09\/Eurozone-Inflation_s-470x265.webp 470w\" sizes=\"(max-width: 1000px) 100vw, 1000px\" \/><\/figure><div class=\"wp-block-media-text__content\">\n<p>Die aktuelle Entwicklung in Europa ist sehr komplex, aber in der Tendenz zumindest mittelfristig negativ. Schon vor der Pandemie ging die Wachstumsraten des BIP kontinuierlich abw\u00e4rts ((<\/p>\n\n\n\n<p><a href=\"https:\/\/de.statista.com\/statistik\/daten\/studie\/156282\/umfrage\/entwicklung-des-bruttoinlandsprodukts-bip-in-der-eu-und-der-eurozone\/\" target=\"_blank\" rel=\"noopener\">https:\/\/de.statista.com\/statistik\/daten\/studie\/156282\/umfrage\/entwicklung-des-bruttoinlandsprodukts-bip-in-der-eu-und-der-eurozone\/<\/a><\/p>\n\n\n\n<p>)). Dramatisch sieht aktuell (03.09.2022) die Entwicklung der Inflationsrate aus, verbunden mit der Entwicklung des Euro ist in den letzten Monaten (Stand. 03.09.2022) die Inflation in der Eurozone auf 9,1 geradezu explodiert. Ein intelligenter Invest in der Dominikanischen Republik kann also den Wert Ihrer Finanzen stabilisieren bzw. ab dem Zeitpunkt des Invests doppelt f\u00f6rdern. Zum einen gepuscht durch die Entwicklung der Wirtschaft in der DomRep selbst, zum anderen dadurch, dass Sie sich der negativen Entwicklung Europas entziehen.<\/p>\n<\/div><\/div>\n\n\n\n<p>Allerdings hat die positive Entwicklung der Wirtschaft in der Dominikanischen Republik auch zur Folge, dass dort die Preise weiter steigen. Insofern ist der aktuelle Zeitpunkt ideal, um den exponentiellen Trend mit zu nehmen. Je schneller man sich entscheidet, desto st\u00e4rker rentiert sich das Investment.<\/p>\n\n\n\n<p>Sie haben Fragen dazu? Z\u00f6gern Sie nicht uns zu <a href=\"https:\/\/www.idamargroup.com\/de\/impressum\/\" data-type=\"page\" data-id=\"3373\">kontaktieren<\/a>.<\/p>\n\n\n\n<hr class=\"wp-block-separator has-alpha-channel-opacity is-style-wide\"\/>\n\n\n\n<p>Quellen:<\/p>\n","protected":false},"excerpt":{"rendered":"<p>Ein wichtiger Aspekt f\u00fcr die Entscheidung sich in ein neues Land zu begeben, ist dessen aktuelle wirtschaftliche Situation, aber vor alle auch die prognostizierte Entwicklung. &hellip;<\/p>\n","protected":false},"author":1,"featured_media":58263,"parent":0,"menu_order":0,"comment_status":"closed","ping_status":"closed","template":"","meta":{"footnotes":""},"categories":[],"tags":[],"class_list":["post-3405","page","type-page","status-publish","has-post-thumbnail","hentry"],"featured_image_src":"https:\/\/www.idamargroup.com\/wp-content\/uploads\/2023\/08\/IDAMAR-Dominikanische-Republik-Wirtschaft.webp","_links":{"self":[{"href":"https:\/\/www.idamargroup.com\/de\/wp-json\/wp\/v2\/pages\/3405","targetHints":{"allow":["GET"]}}],"collection":[{"href":"https:\/\/www.idamargroup.com\/de\/wp-json\/wp\/v2\/pages"}],"about":[{"href":"https:\/\/www.idamargroup.com\/de\/wp-json\/wp\/v2\/types\/page"}],"author":[{"embeddable":true,"href":"https:\/\/www.idamargroup.com\/de\/wp-json\/wp\/v2\/users\/1"}],"replies":[{"embeddable":true,"href":"https:\/\/www.idamargroup.com\/de\/wp-json\/wp\/v2\/comments?post=3405"}],"version-history":[{"count":54,"href":"https:\/\/www.idamargroup.com\/de\/wp-json\/wp\/v2\/pages\/3405\/revisions"}],"predecessor-version":[{"id":58349,"href":"https:\/\/www.idamargroup.com\/de\/wp-json\/wp\/v2\/pages\/3405\/revisions\/58349"}],"wp:featuredmedia":[{"embeddable":true,"href":"https:\/\/www.idamargroup.com\/de\/wp-json\/wp\/v2\/media\/58263"}],"wp:attachment":[{"href":"https:\/\/www.idamargroup.com\/de\/wp-json\/wp\/v2\/media?parent=3405"}],"wp:term":[{"taxonomy":"category","embeddable":true,"href":"https:\/\/www.idamargroup.com\/de\/wp-json\/wp\/v2\/categories?post=3405"},{"taxonomy":"post_tag","embeddable":true,"href":"https:\/\/www.idamargroup.com\/de\/wp-json\/wp\/v2\/tags?post=3405"}],"curies":[{"name":"wp","href":"https:\/\/api.w.org\/{rel}","templated":true}]}}