{"id":2981,"date":"2022-06-10T16:43:12","date_gmt":"2022-06-10T16:43:12","guid":{"rendered":"http:\/\/www.idamargroup.com\/?page_id=2981"},"modified":"2022-06-13T14:45:57","modified_gmt":"2022-06-13T14:45:57","slug":"immobilien","status":"publish","type":"page","link":"https:\/\/www.idamargroup.com\/de\/immobilien\/","title":{"rendered":"Immobilien"},"content":{"rendered":"\n<p>Von Appartements bis High-End Luxusvillen bieten wir eine gro\u00dfe Bandbreite an Immobilien in der Dominikanischen Republik. Die komplette Abwicklung erfolgt nat\u00fcrlich mit schweizerisch\/deutscher Zuverl\u00e4ssigkeit und Gr\u00fcndlichkeit. Wir arbeiten ausschlie\u00dflich mit renomierten Unternehmen zusammen.<\/p>\n\n\n\n<!--more-->\n\n\n\n<p>Neben bezugsfertigen Immobilien pr\u00e4sentieren wir eine Auswahl an bereits fertig geplanten Musterh\u00e4usern, die auch noch an Ihre Bed\u00fcrfnisse angepasst werden k\u00f6nnen. Wir k\u00f6nnen Ihnen Ihr Haus aber auch komplett nach Ihren eigenen W\u00fcnschen designen und bauen. <\/p>\n\n\n\n<p>Wenn sie Fragen zu den einzelnen Objekten haben, schreiben Sie uns eine Mail an management@idamargroup.com. <\/p>\n\n\n\n<div class=\"wp-block-columns is-layout-flex wp-container-core-columns-is-layout-9d6595d7 wp-block-columns-is-layout-flex\">\n<div class=\"wp-block-column is-layout-flow wp-block-column-is-layout-flow\">\n<h2 class=\"has-text-color wp-block-heading\" style=\"color:#f91900;font-style:normal;font-weight:600;text-transform:uppercase\">HOT<\/h2>\n\n\n\n<p>Einmalige Gelegenheiten f\u00fcr Menschen die sich schnell entscheiden!<\/p>\n\n\n<p>[es_my_listing status=&#8220;hot&#8220;]<\/p>\n<\/div>\n\n\n\n<div class=\"wp-block-column is-layout-flow wp-block-column-is-layout-flow\">\n<h2 class=\"wp-block-heading\">Preiswert, fertig geplant<\/h2>\n\n\n\n<p>Hochwertig designed und trotzdem sofort g\u00fcnstig umsetzbar. <\/p>\n\n\n<p>[es_my_listing status=&#8220;cheap&#8220;]<\/p>\n<\/div>\n<\/div>\n\n\n\n<hr class=\"wp-block-separator has-alpha-channel-opacity\"\/>\n\n\n\n<h2 class=\"wp-block-heading\">Fertig geplant<\/h2>\n\n\n\n<p>Diese Immobilien sind bereits hochwertig fertig designed, k\u00f6nnen jedoch noch nach individuellen W\u00fcnschen angepasst werden. <\/p>\n\n\n<p>[es_my_listing type=&#8220;Villa&#8220;]<\/p>\n\n\n<p>[es_my_listing type=&#8220;Appartement&#8220;]<\/p>\n","protected":false},"excerpt":{"rendered":"<p>Von Appartements bis High-End Luxusvillen bieten wir eine gro\u00dfe Bandbreite an Immobilien in der Dominikanischen Republik. Die komplette Abwicklung erfolgt nat\u00fcrlich mit schweizerisch\/deutscher Zuverl\u00e4ssigkeit und &hellip;<\/p>\n","protected":false},"author":1,"featured_media":164,"parent":0,"menu_order":0,"comment_status":"closed","ping_status":"closed","template":"","meta":{"footnotes":""},"categories":[],"tags":[],"class_list":["post-2981","page","type-page","status-publish","has-post-thumbnail","hentry"],"featured_image_src":"https:\/\/www.idamargroup.com\/wp-content\/uploads\/2022\/06\/Idamar_Sensation_Vista-1-Vivienda-4_s.jpg","_links":{"self":[{"href":"https:\/\/www.idamargroup.com\/de\/wp-json\/wp\/v2\/pages\/2981","targetHints":{"allow":["GET"]}}],"collection":[{"href":"https:\/\/www.idamargroup.com\/de\/wp-json\/wp\/v2\/pages"}],"about":[{"href":"https:\/\/www.idamargroup.com\/de\/wp-json\/wp\/v2\/types\/page"}],"author":[{"embeddable":true,"href":"https:\/\/www.idamargroup.com\/de\/wp-json\/wp\/v2\/users\/1"}],"replies":[{"embeddable":true,"href":"https:\/\/www.idamargroup.com\/de\/wp-json\/wp\/v2\/comments?post=2981"}],"version-history":[{"count":21,"href":"https:\/\/www.idamargroup.com\/de\/wp-json\/wp\/v2\/pages\/2981\/revisions"}],"predecessor-version":[{"id":3331,"href":"https:\/\/www.idamargroup.com\/de\/wp-json\/wp\/v2\/pages\/2981\/revisions\/3331"}],"wp:featuredmedia":[{"embeddable":true,"href":"https:\/\/www.idamargroup.com\/de\/wp-json\/wp\/v2\/media\/164"}],"wp:attachment":[{"href":"https:\/\/www.idamargroup.com\/de\/wp-json\/wp\/v2\/media?parent=2981"}],"wp:term":[{"taxonomy":"category","embeddable":true,"href":"https:\/\/www.idamargroup.com\/de\/wp-json\/wp\/v2\/categories?post=2981"},{"taxonomy":"post_tag","embeddable":true,"href":"https:\/\/www.idamargroup.com\/de\/wp-json\/wp\/v2\/tags?post=2981"}],"curies":[{"name":"wp","href":"https:\/\/api.w.org\/{rel}","templated":true}]}}